{"id":1926,"date":"2020-10-27T16:26:32","date_gmt":"2020-10-27T15:26:32","guid":{"rendered":"https:\/\/repair.eu\/?page_id=1926"},"modified":"2025-10-28T10:27:15","modified_gmt":"2025-10-28T09:27:15","slug":"pagina-dinici","status":"publish","type":"page","link":"https:\/\/repair.eu\/ca\/","title":{"rendered":"Inici"},"content":{"rendered":"\n<section class=\"block block__cta-strip block__full-width--smaller-screens\" >\n\n\t<div class=\"block__inner block__cta-strip--inner\" >\n\n\t\t<p>Exploreu la nostra <a href=\"https:\/\/repair.eu\/whats-my-right-to-repair\/\">visi\u00f3 general de l&#8217;estat actual del dret de reparaci\u00f3 de la UE<\/a>!<\/p>\n\n\t<\/div>\t\n\n<\/section>\n\n\n\n\n<section class=\"block block__hero block__full-width \" style=\"background-color: #42389E;\">\n\n\t<div class=\"block__inner block__hero--inner\">\n\n\t\t\n\t\t\t<picture class=\"block__hero--image\">\n\t\t\t\t<source media=\"(min-width: 768px)\" srcset=\"https:\/\/repair.eu\/wp-content\/uploads\/2025\/10\/Hero-home-desktop-cat.png\">\n\t\t\t\t<source srcset=\"https:\/\/repair.eu\/wp-content\/uploads\/2025\/10\/Hero-home-mobile-cat.png\">\t\t\t\n\t\t\t\t\n\t\t\t\t<img decoding=\"async\" src=\"https:\/\/repair.eu\/wp-content\/uploads\/2025\/10\/Hero-home-desktop-cat.png\" alt=\"We believe in the right to repair\">\n\t\t\t<\/picture>\n\n\t\t\t\n\t<\/div>\t\n\n<\/section>\n\n\n\n\n<p><strong>Som persones, som reparadores, som activistes de sostenibilitat, som una comunitat.<\/strong><\/p>\n\n\n\n<p>Creiem que els productes haurien de durar m\u00e9s, i que quan s\u2019espatllen s\u2019haurien de poder arreglar. Aix\u00f2 requereix uns productes dissenyats pensant en la reparaci\u00f3 i un suport per a tot tipus de reparadors.<\/p>\n\n\n\n<p><strong>Exigim el dret a reparar.<\/strong><\/p>\n\n\n\n<figure class=\"wp-block-embed is-type-video is-provider-youtube wp-block-embed-youtube wp-embed-aspect-16-9 wp-has-aspect-ratio\"><div class=\"wp-block-embed__wrapper\">\n<iframe loading=\"lazy\" title=\"Planned obsolescence? It&#039;s gone too far!\" width=\"640\" height=\"360\" src=\"https:\/\/www.youtube.com\/embed\/LFNxyDjrpNE?feature=oembed\" frameborder=\"0\" allow=\"accelerometer; autoplay; clipboard-write; encrypted-media; gyroscope; picture-in-picture; web-share\" referrerpolicy=\"strict-origin-when-cross-origin\" allowfullscreen><\/iframe>\n<\/div><\/figure>\n\n\n\n<section class=\"block block__action-network-form block__full-width bgcolor-green\" id=\"take-action\">\n\n\t<div class=\"block__inner block__action-network-form--inner\">\n\n\t\t\n\t\t\t\t<h2 class=\"block_title block__action-network-form--title\">Ves per davant! Apunta\u2019t al moviment per un dret universal a reparar<\/h2>\n\n\t\t\t\n\t\t\n\t\t\t\t<div class=\"block__action-network-form--shortcode\">\n\t\t\t\t\t<link href='https:\/\/actionnetwork.org\/css\/style-embed-whitelabel-v3.css' rel='stylesheet' type='text\/css' \/><script src='https:\/\/actionnetwork.org\/widgets\/v3\/form\/apuntat-al-moviment-per-un-dret-universal-a-reparar?format=js&#038;source=widget'><\/script><div id='can-form-area-apuntat-al-moviment-per-un-dret-universal-a-reparar' style='width: 100%'><!-- this div is the target for our HTML insertion --><\/div>\t\t\t\t<\/div>\n\n\t\t\t\n\t<\/div>\n\n<\/section>\n\n\n\n\n<div class=\"wp-block-cover alignfull bottom-aligned-content eightypercent-screenheight smaller-h3-on-mobile\"><img loading=\"lazy\" decoding=\"async\" width=\"2000\" height=\"1178\" class=\"wp-block-cover__image-background wp-image-376\" alt=\"\" src=\"https:\/\/repair.eu\/wp-content\/uploads\/2019\/11\/Homepage-who-we-are.jpg\" data-object-fit=\"cover\" srcset=\"https:\/\/repair.eu\/wp-content\/uploads\/2019\/11\/Homepage-who-we-are.jpg 2000w, https:\/\/repair.eu\/wp-content\/uploads\/2019\/11\/Homepage-who-we-are-300x177.jpg 300w, https:\/\/repair.eu\/wp-content\/uploads\/2019\/11\/Homepage-who-we-are-768x452.jpg 768w, https:\/\/repair.eu\/wp-content\/uploads\/2019\/11\/Homepage-who-we-are-1024x603.jpg 1024w, https:\/\/repair.eu\/wp-content\/uploads\/2019\/11\/Homepage-who-we-are-1568x924.jpg 1568w\" sizes=\"auto, (max-width: 2000px) 100vw, 2000px\" \/><span aria-hidden=\"true\" class=\"wp-block-cover__background has-background-dim-0 has-background-dim\"><\/span><div class=\"wp-block-cover__inner-container is-layout-flow wp-block-cover-is-layout-flow\">\n<div class=\"wp-block-columns is-layout-flex wp-container-core-columns-is-layout-9d6595d7 wp-block-columns-is-layout-flex\">\n<div class=\"wp-block-column is-layout-flow wp-block-column-is-layout-flow\" style=\"flex-basis:66.66%\">\n<h3 class=\"wp-block-heading bgcolor-black-opacity50\">Som una coalici\u00f3 d\u2019organitzacions europees que lluiten per un canvi de sistemaen la reparaci\u00f3.<\/h3>\n\n\n\n<h3 class=\"wp-block-heading bgcolor-black-opacity50 has-white-color has-text-color\"><a style=\"color: white;\" href=\"https:\/\/repair.eu\/join-the-campaign\/\">Uneix-tea la campanya.<\/a><\/h3>\n<\/div>\n\n\n\n<div class=\"wp-block-column is-layout-flow wp-block-column-is-layout-flow\" style=\"flex-basis:33.33%\"><\/div>\n<\/div>\n<\/div><\/div>\n\n\n\n<section class=\"block block__icon-text block__full-width\" style=\"background-color: #42389E;\">\n\n\t<div class=\"block__inner block__icon-text--inner\">\n\n\t\t\n\t\t\t<div class=\"block__icon-text--columns\">\n\n\t\t\t\t\t\t\t\t\t<div class=\"block__icon-text--column\">\n\n\t\t\t\t\t\t<div class=\"block__icon-text--image\">\n\t\t\t\t\t\t\t<img decoding=\"async\" src=\"https:\/\/repair.eu\/wp-content\/uploads\/2019\/09\/Broken-phone.png\">\n\t\t\t\t\t\t<\/div>\n\t\t\t\t\t\t\n\t\t\t\t\t\t<div class=\"block__icon-text--text\">\n\t\t\t\t\t\t\tEls residus electr\u00f2nics s\u00f3n el flux de residus que creix m\u00e9s a escala global; nom\u00e9s se\u2019n recicla un 15-20%\t\t\t\t\t\t<\/div>\n\n\t\t\t\t\t<\/div>\n\n\t\t\t\t\t\t\t\t\t\t<div class=\"block__icon-text--column\">\n\n\t\t\t\t\t\t<div class=\"block__icon-text--image\">\n\t\t\t\t\t\t\t<img decoding=\"async\" src=\"https:\/\/repair.eu\/wp-content\/uploads\/2019\/09\/Frustrated-face.png\">\n\t\t\t\t\t\t<\/div>\n\t\t\t\t\t\t\n\t\t\t\t\t\t<div class=\"block__icon-text--text\">\n\t\t\t\t\t\t\tCada any, es produeixen 50 milions de tones de residus electr\u00f2nics. Aix\u00f2 \u00e9s l\u2019equivalent a m\u00e9s de 4.500 Torres Eiffel\t\t\t\t\t\t<\/div>\n\n\t\t\t\t\t<\/div>\n\n\t\t\t\t\t\t\t\t\t\t<div class=\"block__icon-text--column\">\n\n\t\t\t\t\t\t<div class=\"block__icon-text--image\">\n\t\t\t\t\t\t\t<img decoding=\"async\" src=\"https:\/\/repair.eu\/wp-content\/uploads\/2019\/09\/Happy-face.png\">\n\t\t\t\t\t\t<\/div>\n\t\t\t\t\t\t\n\t\t\t\t\t\t<div class=\"block__icon-text--text\">\n\t\t\t\t\t\t\tLa reparaci\u00f3 local evita els residus, estalvia CO2i ens alegra la vida\t\t\t\t\t\t<\/div>\n\n\t\t\t\t\t<\/div>\n\n\t\t\t\t\t\t\t\t<\/div>\n\n\t\t\t\t\t\n\t<\/div>\t\n\n<\/section>\n\n\n\n\n<section class=\"block block__icon-text block__full-width\" style=\"background-color: ;\">\n\n\t<div class=\"block__inner block__icon-text--inner\">\n\n\t\t\t\t\n\t<\/div>\t\n\n<\/section>\n\n\n\n\n<section class=\"block block__latest-posts\">\n\n\t\n\t\t\t\t<h2 class=\"block_title block__latest-posts--title\">News<\/h2>\n\n\t\t\t\n<article class=\"block__latest-posts--teaser\">\n\n\t<div class=\"block__latest-posts--image\">\n\t\t<a href=\"https:\/\/repair.eu\/ca\/news\/a-smarter-way-to-drill-cutting-the-carbon-emissions-from-power-tools\/\" class=\"post__teaser-image-link\">\n\t\t\t<img loading=\"lazy\" decoding=\"async\" width=\"700\" height=\"440\" src=\"https:\/\/repair.eu\/wp-content\/uploads\/2026\/03\/smarter-way-to-drill-2-700x440.png\" class=\"attachment-rtr-post-teaser-img size-rtr-post-teaser-img wp-post-image\" alt=\"\" srcset=\"https:\/\/repair.eu\/wp-content\/uploads\/2026\/03\/smarter-way-to-drill-2-700x440.png 700w, https:\/\/repair.eu\/wp-content\/uploads\/2026\/03\/smarter-way-to-drill-2-300x190.png 300w\" sizes=\"auto, (max-width: 34.9rem) calc(100vw - 2rem), (max-width: 53rem) calc(8 * (100vw \/ 12)), (min-width: 53rem) calc(6 * (100vw \/ 12)), 100vw\" \/>\t\t<\/a>\n\t<\/div>\n\n\t<div class=\"block__latest-posts--details\">\n\n\t\t27 de mar\u00e7 de 2026\n\t\t<a class=\"block__latest-posts--link\" href=\"https:\/\/repair.eu\/ca\/news\/a-smarter-way-to-drill-cutting-the-carbon-emissions-from-power-tools\/\">\n\t\t\t<h3 class=\"block__latest-posts--teaser-title post__teaser-title\">A Smarter Way to Drill: Cutting the Carbon Emissions from Power Tools<\/h3>\n\t\t<\/a>\n\n\t\t<div class=\"block__latest-posts--excerpt\">\n\n\t\t\t<p>Tournevie is the only tool library in Brussels. Co-founder, Thomas Opsomer talked to us about their work and power tool repairability labelling.<\/p>\n\n\t\t<\/div>\n\n\t<\/div>\n\n<\/article>\n\n<article class=\"block__latest-posts--teaser\">\n\n\t<div class=\"block__latest-posts--image\">\n\t\t<a href=\"https:\/\/repair.eu\/ca\/news\/introducing-our-new-campaign-manager-ines-alberico\/\" class=\"post__teaser-image-link\">\n\t\t\t<img loading=\"lazy\" decoding=\"async\" width=\"700\" height=\"440\" src=\"https:\/\/repair.eu\/wp-content\/uploads\/2026\/03\/Ines-intro-700x440.png\" class=\"attachment-rtr-post-teaser-img size-rtr-post-teaser-img wp-post-image\" alt=\"\" srcset=\"https:\/\/repair.eu\/wp-content\/uploads\/2026\/03\/Ines-intro-700x440.png 700w, https:\/\/repair.eu\/wp-content\/uploads\/2026\/03\/Ines-intro-300x190.png 300w\" sizes=\"auto, (max-width: 34.9rem) calc(100vw - 2rem), (max-width: 53rem) calc(8 * (100vw \/ 12)), (min-width: 53rem) calc(6 * (100vw \/ 12)), 100vw\" \/>\t\t<\/a>\n\t<\/div>\n\n\t<div class=\"block__latest-posts--details\">\n\n\t\t2 de mar\u00e7 de 2026\n\t\t<a class=\"block__latest-posts--link\" href=\"https:\/\/repair.eu\/ca\/news\/introducing-our-new-campaign-manager-ines-alberico\/\">\n\t\t\t<h3 class=\"block__latest-posts--teaser-title post__teaser-title\">Introducing our new Campaign Manager, In\u00e9s Alberico<\/h3>\n\t\t<\/a>\n\n\t\t<div class=\"block__latest-posts--excerpt\">\n\n\t\t\t<p>Say hello to the new Campaign Manager for Right to Repair Europe, In\u00e9s Alberico. <\/p>\n\n\t\t<\/div>\n\n\t<\/div>\n\n<\/article>\n\n<article class=\"block__latest-posts--teaser\">\n\n\t<div class=\"block__latest-posts--image\">\n\t\t<a href=\"https:\/\/repair.eu\/ca\/news\/the-state-of-right-to-repair-in-2026\/\" class=\"post__teaser-image-link\">\n\t\t\t<img loading=\"lazy\" decoding=\"async\" width=\"700\" height=\"440\" src=\"https:\/\/repair.eu\/wp-content\/uploads\/2026\/02\/R2R-wrapped-blog-700x440.png\" class=\"attachment-rtr-post-teaser-img size-rtr-post-teaser-img wp-post-image\" alt=\"\" srcset=\"https:\/\/repair.eu\/wp-content\/uploads\/2026\/02\/R2R-wrapped-blog-700x440.png 700w, https:\/\/repair.eu\/wp-content\/uploads\/2026\/02\/R2R-wrapped-blog-300x190.png 300w\" sizes=\"auto, (max-width: 34.9rem) calc(100vw - 2rem), (max-width: 53rem) calc(8 * (100vw \/ 12)), (min-width: 53rem) calc(6 * (100vw \/ 12)), 100vw\" \/>\t\t<\/a>\n\t<\/div>\n\n\t<div class=\"block__latest-posts--details\">\n\n\t\t16 de febrer de 2026\n\t\t<a class=\"block__latest-posts--link\" href=\"https:\/\/repair.eu\/ca\/news\/the-state-of-right-to-repair-in-2026\/\">\n\t\t\t<h3 class=\"block__latest-posts--teaser-title post__teaser-title\">The state of Right to Repair in 2026\u00a0(and a recap of our work last year)<\/h3>\n\t\t<\/a>\n\n\t\t<div class=\"block__latest-posts--excerpt\">\n\n\t\t\t<p>As a campaign, we look ahead to the challenges and opportunities for right to repair in 2026, as well as celebrating some of the work we did last year. <\/p>\n\n\t\t<\/div>\n\n\t<\/div>\n\n<\/article>\n\n\t<p style=\"margin: 3rem auto; text-align: center\"><a href=\"\/news\"><button>Read more news updates<\/button><\/a><\/p>\n\n<\/section>\n\n","protected":false},"excerpt":{"rendered":"<p>Som persones, som reparadores, som activistes de sostenibilitat, som una comunitat. Creiem que els productes haurien de durar m\u00e9s, i que quan s\u2019espatllen s\u2019haurien de poder arreglar. Aix\u00f2 requereix uns productes dissenyats pensant en la reparaci\u00f3 i un suport per a tot tipus de reparadors. Exigim el dret a reparar.<\/p>\n","protected":false},"author":2,"featured_media":0,"parent":0,"menu_order":0,"comment_status":"closed","ping_status":"closed","template":"","meta":{"_acf_changed":false,"footnotes":""},"class_list":["post-1926","page","type-page","status-publish","hentry","entry"],"acf":[],"yoast_head":"<!-- This site is optimized with the Yoast SEO plugin v27.4 - https:\/\/yoast.com\/product\/yoast-seo-wordpress\/ -->\n<title>Inici - Right to Repair Europe<\/title>\n<meta name=\"robots\" content=\"index, follow, max-snippet:-1, max-image-preview:large, max-video-preview:-1\" \/>\n<link rel=\"canonical\" href=\"https:\/\/repair.eu\/ca\/\" \/>\n<meta property=\"og:locale\" content=\"ca_ES\" \/>\n<meta property=\"og:type\" content=\"article\" \/>\n<meta property=\"og:title\" content=\"Inici - Right to Repair Europe\" \/>\n<meta property=\"og:description\" content=\"Som persones, som reparadores, som activistes de sostenibilitat, som una comunitat. Creiem que els productes haurien de durar m\u00e9s, i que quan s\u2019espatllen s\u2019haurien de poder arreglar. Aix\u00f2 requereix uns productes dissenyats pensant en la reparaci\u00f3 i un suport per a tot tipus de reparadors. Exigim el dret a reparar.\" \/>\n<meta property=\"og:url\" content=\"https:\/\/repair.eu\/ca\/\" \/>\n<meta property=\"og:site_name\" content=\"Right to Repair Europe\" \/>\n<meta property=\"article:publisher\" content=\"https:\/\/www.facebook.com\/righttorepaireurope\/\" \/>\n<meta property=\"article:modified_time\" content=\"2025-10-28T09:27:15+00:00\" \/>\n<meta property=\"og:image\" content=\"https:\/\/repair.eu\/wp-content\/uploads\/2019\/11\/Homepage-who-we-are.jpg\" \/>\n<meta name=\"twitter:card\" content=\"summary_large_image\" \/>\n<meta name=\"twitter:site\" content=\"@R2REurope\" \/>\n<meta name=\"twitter:label1\" content=\"Temps estimat de lectura\" \/>\n\t<meta name=\"twitter:data1\" content=\"1 minut\" \/>\n<script type=\"application\/ld+json\" class=\"yoast-schema-graph\">{\"@context\":\"https:\\\/\\\/schema.org\",\"@graph\":[{\"@type\":\"WebPage\",\"@id\":\"https:\\\/\\\/repair.eu\\\/ca\\\/\",\"url\":\"https:\\\/\\\/repair.eu\\\/ca\\\/\",\"name\":\"Inici - Right to Repair Europe\",\"isPartOf\":{\"@id\":\"https:\\\/\\\/repair.eu\\\/ca\\\/#website\"},\"primaryImageOfPage\":{\"@id\":\"https:\\\/\\\/repair.eu\\\/ca\\\/#primaryimage\"},\"image\":{\"@id\":\"https:\\\/\\\/repair.eu\\\/ca\\\/#primaryimage\"},\"thumbnailUrl\":\"https:\\\/\\\/repair.eu\\\/wp-content\\\/uploads\\\/2019\\\/11\\\/Homepage-who-we-are.jpg\",\"datePublished\":\"2020-10-27T15:26:32+00:00\",\"dateModified\":\"2025-10-28T09:27:15+00:00\",\"breadcrumb\":{\"@id\":\"https:\\\/\\\/repair.eu\\\/ca\\\/#breadcrumb\"},\"inLanguage\":\"ca\",\"potentialAction\":[{\"@type\":\"ReadAction\",\"target\":[\"https:\\\/\\\/repair.eu\\\/ca\\\/\"]}]},{\"@type\":\"ImageObject\",\"inLanguage\":\"ca\",\"@id\":\"https:\\\/\\\/repair.eu\\\/ca\\\/#primaryimage\",\"url\":\"https:\\\/\\\/repair.eu\\\/wp-content\\\/uploads\\\/2019\\\/11\\\/Homepage-who-we-are.jpg\",\"contentUrl\":\"https:\\\/\\\/repair.eu\\\/wp-content\\\/uploads\\\/2019\\\/11\\\/Homepage-who-we-are.jpg\"},{\"@type\":\"BreadcrumbList\",\"@id\":\"https:\\\/\\\/repair.eu\\\/ca\\\/#breadcrumb\",\"itemListElement\":[{\"@type\":\"ListItem\",\"position\":1,\"name\":\"Home\",\"item\":\"https:\\\/\\\/repair.eu\\\/ca\\\/\"},{\"@type\":\"ListItem\",\"position\":2,\"name\":\"Inici\"}]},{\"@type\":\"WebSite\",\"@id\":\"https:\\\/\\\/repair.eu\\\/ca\\\/#website\",\"url\":\"https:\\\/\\\/repair.eu\\\/ca\\\/\",\"name\":\"Right to Repair Europe\",\"description\":\"\",\"publisher\":{\"@id\":\"https:\\\/\\\/repair.eu\\\/ca\\\/#organization\"},\"potentialAction\":[{\"@type\":\"SearchAction\",\"target\":{\"@type\":\"EntryPoint\",\"urlTemplate\":\"https:\\\/\\\/repair.eu\\\/ca\\\/?s={search_term_string}\"},\"query-input\":{\"@type\":\"PropertyValueSpecification\",\"valueRequired\":true,\"valueName\":\"search_term_string\"}}],\"inLanguage\":\"ca\"},{\"@type\":\"Organization\",\"@id\":\"https:\\\/\\\/repair.eu\\\/ca\\\/#organization\",\"name\":\"Right to Repair Europe\",\"url\":\"https:\\\/\\\/repair.eu\\\/ca\\\/\",\"logo\":{\"@type\":\"ImageObject\",\"inLanguage\":\"ca\",\"@id\":\"https:\\\/\\\/repair.eu\\\/ca\\\/#\\\/schema\\\/logo\\\/image\\\/\",\"url\":\"https:\\\/\\\/repair.eu\\\/wp-content\\\/uploads\\\/2019\\\/09\\\/Right-to-repair-logo.png\",\"contentUrl\":\"https:\\\/\\\/repair.eu\\\/wp-content\\\/uploads\\\/2019\\\/09\\\/Right-to-repair-logo.png\",\"width\":451,\"height\":62,\"caption\":\"Right to Repair Europe\"},\"image\":{\"@id\":\"https:\\\/\\\/repair.eu\\\/ca\\\/#\\\/schema\\\/logo\\\/image\\\/\"},\"sameAs\":[\"https:\\\/\\\/www.facebook.com\\\/righttorepaireurope\\\/\",\"https:\\\/\\\/x.com\\\/R2REurope\",\"https:\\\/\\\/www.instagram.com\\\/R2REurope\\\/\"]}]}<\/script>\n<!-- \/ Yoast SEO plugin. -->","yoast_head_json":{"title":"Inici - Right to Repair Europe","robots":{"index":"index","follow":"follow","max-snippet":"max-snippet:-1","max-image-preview":"max-image-preview:large","max-video-preview":"max-video-preview:-1"},"canonical":"https:\/\/repair.eu\/ca\/","og_locale":"ca_ES","og_type":"article","og_title":"Inici - Right to Repair Europe","og_description":"Som persones, som reparadores, som activistes de sostenibilitat, som una comunitat. Creiem que els productes haurien de durar m\u00e9s, i que quan s\u2019espatllen s\u2019haurien de poder arreglar. Aix\u00f2 requereix uns productes dissenyats pensant en la reparaci\u00f3 i un suport per a tot tipus de reparadors. Exigim el dret a reparar.","og_url":"https:\/\/repair.eu\/ca\/","og_site_name":"Right to Repair Europe","article_publisher":"https:\/\/www.facebook.com\/righttorepaireurope\/","article_modified_time":"2025-10-28T09:27:15+00:00","og_image":[{"url":"https:\/\/repair.eu\/wp-content\/uploads\/2019\/11\/Homepage-who-we-are.jpg","type":"","width":"","height":""}],"twitter_card":"summary_large_image","twitter_site":"@R2REurope","twitter_misc":{"Temps estimat de lectura":"1 minut"},"schema":{"@context":"https:\/\/schema.org","@graph":[{"@type":"WebPage","@id":"https:\/\/repair.eu\/ca\/","url":"https:\/\/repair.eu\/ca\/","name":"Inici - Right to Repair Europe","isPartOf":{"@id":"https:\/\/repair.eu\/ca\/#website"},"primaryImageOfPage":{"@id":"https:\/\/repair.eu\/ca\/#primaryimage"},"image":{"@id":"https:\/\/repair.eu\/ca\/#primaryimage"},"thumbnailUrl":"https:\/\/repair.eu\/wp-content\/uploads\/2019\/11\/Homepage-who-we-are.jpg","datePublished":"2020-10-27T15:26:32+00:00","dateModified":"2025-10-28T09:27:15+00:00","breadcrumb":{"@id":"https:\/\/repair.eu\/ca\/#breadcrumb"},"inLanguage":"ca","potentialAction":[{"@type":"ReadAction","target":["https:\/\/repair.eu\/ca\/"]}]},{"@type":"ImageObject","inLanguage":"ca","@id":"https:\/\/repair.eu\/ca\/#primaryimage","url":"https:\/\/repair.eu\/wp-content\/uploads\/2019\/11\/Homepage-who-we-are.jpg","contentUrl":"https:\/\/repair.eu\/wp-content\/uploads\/2019\/11\/Homepage-who-we-are.jpg"},{"@type":"BreadcrumbList","@id":"https:\/\/repair.eu\/ca\/#breadcrumb","itemListElement":[{"@type":"ListItem","position":1,"name":"Home","item":"https:\/\/repair.eu\/ca\/"},{"@type":"ListItem","position":2,"name":"Inici"}]},{"@type":"WebSite","@id":"https:\/\/repair.eu\/ca\/#website","url":"https:\/\/repair.eu\/ca\/","name":"Right to Repair Europe","description":"","publisher":{"@id":"https:\/\/repair.eu\/ca\/#organization"},"potentialAction":[{"@type":"SearchAction","target":{"@type":"EntryPoint","urlTemplate":"https:\/\/repair.eu\/ca\/?s={search_term_string}"},"query-input":{"@type":"PropertyValueSpecification","valueRequired":true,"valueName":"search_term_string"}}],"inLanguage":"ca"},{"@type":"Organization","@id":"https:\/\/repair.eu\/ca\/#organization","name":"Right to Repair Europe","url":"https:\/\/repair.eu\/ca\/","logo":{"@type":"ImageObject","inLanguage":"ca","@id":"https:\/\/repair.eu\/ca\/#\/schema\/logo\/image\/","url":"https:\/\/repair.eu\/wp-content\/uploads\/2019\/09\/Right-to-repair-logo.png","contentUrl":"https:\/\/repair.eu\/wp-content\/uploads\/2019\/09\/Right-to-repair-logo.png","width":451,"height":62,"caption":"Right to Repair Europe"},"image":{"@id":"https:\/\/repair.eu\/ca\/#\/schema\/logo\/image\/"},"sameAs":["https:\/\/www.facebook.com\/righttorepaireurope\/","https:\/\/x.com\/R2REurope","https:\/\/www.instagram.com\/R2REurope\/"]}]}},"_links":{"self":[{"href":"https:\/\/repair.eu\/ca\/wp-json\/wp\/v2\/pages\/1926","targetHints":{"allow":["GET"]}}],"collection":[{"href":"https:\/\/repair.eu\/ca\/wp-json\/wp\/v2\/pages"}],"about":[{"href":"https:\/\/repair.eu\/ca\/wp-json\/wp\/v2\/types\/page"}],"author":[{"embeddable":true,"href":"https:\/\/repair.eu\/ca\/wp-json\/wp\/v2\/users\/2"}],"replies":[{"embeddable":true,"href":"https:\/\/repair.eu\/ca\/wp-json\/wp\/v2\/comments?post=1926"}],"version-history":[{"count":18,"href":"https:\/\/repair.eu\/ca\/wp-json\/wp\/v2\/pages\/1926\/revisions"}],"predecessor-version":[{"id":8920,"href":"https:\/\/repair.eu\/ca\/wp-json\/wp\/v2\/pages\/1926\/revisions\/8920"}],"wp:attachment":[{"href":"https:\/\/repair.eu\/ca\/wp-json\/wp\/v2\/media?parent=1926"}],"curies":[{"name":"wp","href":"https:\/\/api.w.org\/{rel}","templated":true}]}}