{"id":1929,"date":"2020-10-27T16:32:13","date_gmt":"2020-10-27T15:32:13","guid":{"rendered":"https:\/\/repair.eu\/?page_id=1929"},"modified":"2025-10-13T18:22:35","modified_gmt":"2025-10-13T16:22:35","slug":"qui-som","status":"publish","type":"page","link":"https:\/\/repair.eu\/ca\/qui-som\/","title":{"rendered":"Qui som?"},"content":{"rendered":"\n<section class=\"block block__hero block__full-width block__hero--image-full-width\" style=\"background-color: ;\">\n\n\t<div class=\" block__hero--inner\">\n\n\t\t\n\t\t\t<picture class=\"block__hero--image\">\n\t\t\t\t<source media=\"(min-width: 768px)\" srcset=\"https:\/\/repair.eu\/wp-content\/uploads\/2020\/03\/SmartphoneCrimeScene@x2-scaled.jpg\">\n\t\t\t\t<source srcset=\"https:\/\/repair.eu\/wp-content\/uploads\/2020\/03\/SmartphoneCrimeSceneMOB@x2.jpg\">\t\t\t\n\t\t\t\t\n\t\t\t\t<img decoding=\"async\" src=\"https:\/\/repair.eu\/wp-content\/uploads\/2020\/03\/SmartphoneCrimeScene@x2-scaled.jpg\" alt=\"We believe in the right to repair\">\n\t\t\t<\/picture>\n\n\t\t\t\n\t<\/div>\t\n\n<\/section>\n\n\n\n\n<h1 class=\"wp-block-heading entry-title\"><strong>Qui som?<\/strong><\/h1>\n\n\n\n<p><strong>Som persones, som reparadors, som activistes per la sostenibilitat, som comunitat.<\/strong><\/p>\n\n\n\n<p>La coalici\u00f3 Right to Repair Europe representa m\u00e9s de 180 organitzacions de 30 pa\u00efsos europeus. Inclou ONG mediambientals i actors de la reparaci\u00f3, com ara grups comunitaris de reparaci\u00f3, entitats de l&#8217;economia social, distribu\u00efdors de peces de recanvi, aut\u00f2noms de l&#8217;autoreparaci\u00f3, empreses de reparaci\u00f3 i reacondicionament, aix\u00ed com qualsevol ciutad\u00e0 que vulgui defensar el seu dret a reparar. Aquest moviment est\u00e0 creixent r\u00e0pidament, i el seu objectiu de fer que la reparaci\u00f3 sigui assequible, accessible i habitual est\u00e0 alineat amb els objectius del Green Deal Europeu i el Pla d&#8217;Acci\u00f3 per a l\u2019Economia Circular. Pots consultar totes les nostres organitzacions membres per pa\u00eds <a href=\"https:\/\/repair.eu\/ca\/els-nostres-membres\/\">aqu\u00ed<\/a>.<\/p>\n\n\n\n<p>Des del 2019, la nostra coalici\u00f3 ha estat lluitant per eliminar les barreres que impedeixen reparar els nostres productes, perqu\u00e8 puguin durar m\u00e9s temps. Per qu\u00e8?<\/p>\n\n\n\n<p>El problema \u00e9s senzill. Els productes que utilitzem cada dia s\u00f3n cada cop m\u00e9s dif\u00edcils de reparar. Els residus electr\u00f2nics s\u00f3n el flux de deixalles que m\u00e9s r\u00e0pidament creix al m\u00f3n, amb fabricants de tel\u00e8fons i ordinadors port\u00e0tils que fan que els seus productes siguin m\u00e9s dif\u00edcils d\u2019arreglar. I no es tracta nom\u00e9s de dispositius digitals: el nombre d\u2019electrodom\u00e8stics que fallen en menys de cinc anys despr\u00e9s de la seva compra tamb\u00e9 est\u00e0 augmentant vertiginosament.<\/p>\n\n\n\n<p>Ja n\u2019hem tingut prou. En tots els aspectes \u2013emissions, impacte social, residus, recursos\u2013, aix\u00f2 no pot continuar aix\u00ed. Per aix\u00f2 ens comprometem a fer-hi alguna cosa. Volem el Dret a Reparar.<\/p>\n\n\n\n<p><strong>Som una coalici\u00f3 d\u2019organitzacions europees que lluiten a favor de la reparaci\u00f3<\/strong>.<\/p>\n\n\n\n<p>Amb seus a diferents pa\u00efsos europeus, representem grups de reparaci\u00f3 local, actors de l\u2019economia social, l\u2019autoreparaci\u00f3 i qualsevol persona que exigeixi el seu dret a reparar.<\/p>\n\n\n\n<div style=\"height:30px\" aria-hidden=\"true\" class=\"wp-block-spacer\"><\/div>\n\n\n\n<h2 class=\"wp-block-heading\">Membres del grup directiu<\/h2>\n\n\n\n<div class=\"wp-block-columns has-2-columns one-third-two-thirds is-layout-flex wp-container-core-columns-is-layout-9d6595d7 wp-block-columns-is-layout-flex\">\n<div class=\"wp-block-column is-layout-flow wp-block-column-is-layout-flow\"><div class=\"wp-block-image\">\n<figure class=\"alignleft size-full\"><a href=\"https:\/\/ecostandard.org\/\" target=\"_blank\" rel=\"noreferrer noopener\"><img loading=\"lazy\" decoding=\"async\" width=\"842\" height=\"688\" src=\"https:\/\/repair.eu\/wp-content\/uploads\/2025\/10\/Logo-ECOS.png\" alt=\"\" class=\"wp-image-8031\" srcset=\"https:\/\/repair.eu\/wp-content\/uploads\/2025\/10\/Logo-ECOS.png 842w, https:\/\/repair.eu\/wp-content\/uploads\/2025\/10\/Logo-ECOS-300x245.png 300w, https:\/\/repair.eu\/wp-content\/uploads\/2025\/10\/Logo-ECOS-768x628.png 768w\" sizes=\"auto, (max-width: 842px) 100vw, 842px\" \/><\/a><\/figure>\n<\/div><\/div>\n\n\n\n<div class=\"wp-block-column is-layout-flow wp-block-column-is-layout-flow\">\n<p><br>ECOS \u00e9s una ONG internacional amb una xarxa de membres i experts que defensen est\u00e0ndards t\u00e8cnics, pol\u00edtiques i lleis respectuoses amb el medi ambient. Ens assegurem que la veu ambiental sigui escoltada quan es desenvolupen aquestes normes i impulsem el canvi proporcionant expertesa a responsables pol\u00edtics i empreses, per tal de fomentar la implementaci\u00f3 de principis ambientals s\u00f2lids.<\/p>\n\n\n\n<p>Ubicaci\u00f3: B\u00e8lgica<\/p>\n<\/div>\n<\/div>\n\n\n\n<div class=\"wp-block-columns has-2-columns one-third-two-thirds is-layout-flex wp-container-core-columns-is-layout-9d6595d7 wp-block-columns-is-layout-flex\">\n<div class=\"wp-block-column is-layout-flow wp-block-column-is-layout-flow\"><div class=\"wp-block-image\">\n<figure class=\"alignleft\"><a href=\"https:\/\/eeb.org\/\" target=\"_blank\" rel=\"noreferrer noopener\"><img loading=\"lazy\" decoding=\"async\" width=\"300\" height=\"215\" src=\"https:\/\/repair.eu\/wp-content\/uploads\/2019\/09\/EEB-logo-on-white-blue-text-rgb.jpg\" alt=\"\" class=\"wp-image-1934\"\/><\/a><\/figure>\n<\/div><\/div>\n\n\n\n<div class=\"wp-block-column is-layout-flow wp-block-column-is-layout-flow\">\n<p><br>El Bureau Europ\u00e9en de l&#8217;Environnement (EEB) \u00e9s la xarxa m\u00e9s gran d&#8217;organitzacions ambientals ciutadanes a Europa, amb unes 140 organitzacions en m\u00e9s de 30 pa\u00efsos.<\/p>\n\n\n\n<p>Ubicaci\u00f3: B\u00e8lgica<\/p>\n<\/div>\n<\/div>\n\n\n\n<div class=\"wp-block-columns has-2-columns one-third-two-thirds is-layout-flex wp-container-core-columns-is-layout-9d6595d7 wp-block-columns-is-layout-flex\">\n<div class=\"wp-block-column is-layout-flow wp-block-column-is-layout-flow\"><div class=\"wp-block-image\">\n<figure class=\"alignleft size-full\"><a href=\"https:\/\/www.halteobsolescence.org\/\" target=\"_blank\" rel=\"noreferrer noopener\"><img loading=\"lazy\" decoding=\"async\" width=\"1024\" height=\"344\" src=\"https:\/\/repair.eu\/wp-content\/uploads\/2025\/10\/LOGO-HOP.png\" alt=\"\" class=\"wp-image-8039\" srcset=\"https:\/\/repair.eu\/wp-content\/uploads\/2025\/10\/LOGO-HOP.png 1024w, https:\/\/repair.eu\/wp-content\/uploads\/2025\/10\/LOGO-HOP-300x101.png 300w, https:\/\/repair.eu\/wp-content\/uploads\/2025\/10\/LOGO-HOP-768x258.png 768w\" sizes=\"auto, (max-width: 1024px) 100vw, 1024px\" \/><\/a><\/figure>\n<\/div><\/div>\n\n\n\n<div class=\"wp-block-column is-layout-flow wp-block-column-is-layout-flow\">\n<p><br>HOP (Halte \u00e0 l\u2019obsolescence programm\u00e9e) \u00e9s una ONG francesa que fa campanya per a productes duradors i reparables, mitjan\u00e7ant la sensibilitzaci\u00f3, l&#8217;advocacia i accions legals. Va ser creada el 2015 per defensar els consumidors i el medi ambient en q\u00fcestions de producci\u00f3 i consum sostenible.<\/p>\n\n\n\n<p>Ubicaci\u00f3: Fran\u00e7a<\/p>\n<\/div>\n<\/div>\n\n\n\n<div class=\"wp-block-columns has-2-columns one-third-two-thirds is-layout-flex wp-container-core-columns-is-layout-9d6595d7 wp-block-columns-is-layout-flex\">\n<div class=\"wp-block-column is-layout-flow wp-block-column-is-layout-flow\"><div class=\"wp-block-image\">\n<figure class=\"alignleft\"><a href=\"https:\/\/www.ifixit.com\/\" target=\"_blank\" rel=\"noreferrer noopener\"><img loading=\"lazy\" decoding=\"async\" width=\"300\" height=\"108\" src=\"https:\/\/repair.eu\/wp-content\/uploads\/2019\/09\/iFixit-logo.jpg\" alt=\"\" class=\"wp-image-1936\"\/><\/a><\/figure>\n<\/div><\/div>\n\n\n\n<div class=\"wp-block-column is-layout-flow wp-block-column-is-layout-flow\">\n<p>iFixit Europe \u00e9s el manual de reparaci\u00f3 en l\u00ednia, gratu\u00eft i editat col\u00b7lectivament, per a gaireb\u00e9 qualsevol cosa. Amb m\u00e9s de 50.000 manuals, empoderem 10 milions de visitants mensuals perqu\u00e8 puguin arreglar les seves coses. La nostra missi\u00f3 \u00e9s capacitar les persones perqu\u00e8 puguin reparar els seus productes i estalviar diners, mentre evitem que els aparells electr\u00f2nics acabin als abocadors.<\/p>\n\n\n\n<p>Ubicaci\u00f3: Alemanya<\/p>\n<\/div>\n<\/div>\n\n\n\n<div class=\"wp-block-columns has-2-columns one-third-two-thirds is-layout-flex wp-container-core-columns-is-layout-9d6595d7 wp-block-columns-is-layout-flex\">\n<div class=\"wp-block-column is-layout-flow wp-block-column-is-layout-flow\"><div class=\"wp-block-image\">\n<figure class=\"alignleft\"><a href=\"https:\/\/runder-tisch-reparatur.de\/\" target=\"_blank\" rel=\"noreferrer noopener\"><img loading=\"lazy\" decoding=\"async\" width=\"300\" height=\"126\" src=\"https:\/\/repair.eu\/wp-content\/uploads\/2019\/09\/RTR1_300dpi.jpg\" alt=\"\" class=\"wp-image-1937\"\/><\/a><\/figure>\n<\/div><\/div>\n\n\n\n<div class=\"wp-block-column is-layout-flow wp-block-column-is-layout-flow\">\n<p>Runder Tisch Reparatur, actiu des del 2015, est\u00e0 format per membres de la ind\u00fastria de la reparaci\u00f3, organitzacions de protecci\u00f3 ambiental i de consumidors, cient\u00edfics i iniciatives locals. Discutim el futur de la reparaci\u00f3 i com podem donar suport a la ind\u00fastria de la reparaci\u00f3 i als consumidors que desitgen productes reparables.<\/p>\n\n\n\n<p>Ubicaci\u00f3: Alemanya<\/p>\n<\/div>\n<\/div>\n\n\n\n<div class=\"wp-block-columns has-2-columns one-third-two-thirds is-layout-flex wp-container-core-columns-is-layout-9d6595d7 wp-block-columns-is-layout-flex\">\n<div class=\"wp-block-column is-layout-flow wp-block-column-is-layout-flow\"><div class=\"wp-block-image\">\n<figure class=\"alignleft\"><a href=\"https:\/\/therestartproject.org\" target=\"_blank\" rel=\"noreferrer noopener\"><img loading=\"lazy\" decoding=\"async\" width=\"300\" height=\"108\" src=\"https:\/\/repair.eu\/wp-content\/uploads\/2019\/09\/restart.jpg\" alt=\"\" class=\"wp-image-1938\"\/><\/a><\/figure>\n<\/div><\/div>\n\n\n\n<div class=\"wp-block-column is-layout-flow wp-block-column-is-layout-flow\">\n<p><br>The Restart Project \u00e9s una empresa social impulsada per la comunitat que vol reparar la nostra relaci\u00f3 amb l&#8217;electr\u00f2nica. Organitzem Restart Parties on la gent s&#8217;ensenya m\u00fatuament a reparar els seus dispositius trencats o lents. A m\u00e9s, utilitzem les dades i hist\u00f2ries que recollim per exigir electr\u00f2nica millor i m\u00e9s sostenible per a tothom.<\/p>\n\n\n\n<p>Ubicaci\u00f3: Regne Unit<\/p>\n<\/div>\n<\/div>\n\n\n\n<div class=\"wp-block-columns has-2-columns one-third-two-thirds is-layout-flex wp-container-core-columns-is-layout-9d6595d7 wp-block-columns-is-layout-flex\">\n<div class=\"wp-block-column is-layout-flow wp-block-column-is-layout-flow\"><div class=\"wp-block-image\">\n<figure class=\"alignleft size-full\"><a href=\"https:\/\/www.backmarket.es\/es-es\" target=\"_blank\" rel=\"noreferrer noopener\"><img loading=\"lazy\" decoding=\"async\" width=\"299\" height=\"96\" src=\"https:\/\/repair.eu\/wp-content\/uploads\/2025\/06\/back_market_logo1.png\" alt=\"\" class=\"wp-image-7744\"\/><\/a><\/figure>\n<\/div><\/div>\n\n\n\n<div class=\"wp-block-column is-layout-flow wp-block-column-is-layout-flow\">\n<p><br>Back Market \u00e9s el principal mercat especialitzat en electr\u00f2nica reacondicionada. Actualment opera a Europa, Am\u00e8rica del Nord i \u00c0sia, i la seva missi\u00f3 \u00e9s fomentar l&#8217;economia circular i la reparaci\u00f3 per salvar tecnologia. Back Market defensa regulacions que donin suport i permetin l\u2019economia circular, incl\u00f2s el Dret a Reparar.<\/p>\n\n\n\n<p>Ubicaci\u00f3: Fran\u00e7a<\/p>\n<\/div>\n<\/div>\n\n\n\n<div class=\"wp-block-columns has-2-columns one-third-two-thirds is-layout-flex wp-container-core-columns-is-layout-9d6595d7 wp-block-columns-is-layout-flex\">\n<div class=\"wp-block-column is-layout-flow wp-block-column-is-layout-flow\"><div class=\"wp-block-image\">\n<figure class=\"alignleft size-large\"><a href=\"https:\/\/swappie.com\/\" target=\"_blank\" rel=\"noreferrer noopener\"><img loading=\"lazy\" decoding=\"async\" width=\"1024\" height=\"389\" src=\"https:\/\/repair.eu\/wp-content\/uploads\/2025\/06\/001_Swappie_Logo_Black-1-2048x777-1-1024x389.png\" alt=\"\" class=\"wp-image-7751\"\/><\/a><\/figure>\n<\/div><\/div>\n\n\n\n<div class=\"wp-block-column is-layout-flow wp-block-column-is-layout-flow\">\n<p><br>Swappie \u00e9s una scale-up europea amb la missi\u00f3 de fer que els productes reacondicionats siguin la norma. \u00c9s la principal plataforma en l\u00ednia per comprar i vendre iPhones reacondicionats a Europa. El 2022, el Financial Times la va nomenar l&#8217;empresa de m\u00e9s r\u00e0pid creixement a Europa. Swappie creu en un dret a reparar fort i independent per garantir dispositius de llarga durada i reparacions d&#8217;alta qualitat i assequibles per a tothom.<\/p>\n\n\n\n<p>Ubicaci\u00f3: Finl\u00e0ndia<\/p>\n<\/div>\n<\/div>\n\n\n\n<div style=\"height:60px\" aria-hidden=\"true\" class=\"wp-block-spacer\"><\/div>\n\n\n\n<h2 class=\"wp-block-heading\"><strong>La nostra visi\u00f3 i la nostra missi\u00f3<\/strong><\/h2>\n\n\n\n<p><strong>Amb la campanya pel dret a reparar, volem:<\/strong><\/p>\n\n\n\n<p><strong>Fer que el dret a reparar sigui tan generalitzat i inclusiu com sigui possible. Com?<\/strong><\/p>\n\n\n\n<ul class=\"wp-block-list\">\n<li>Informem la ciutadania i les persones consumidoressobre les oportunitats i els obstacles pel que fa al seu dret a reparar<\/li>\n\n\n\n<li>Incloem la ciutadaniaa la campanya i l\u2019ajudem a recon\u00e8ixer que t\u00e9el poder d\u2019impulsar canvis positius per al planeta i per a les comunitats<\/li>\n<\/ul>\n\n\n\n<p><strong>Exigir el dret universal a reparar i unes mesures pol\u00edtiques ambicioses per aconseguir-lo. Com?<\/strong><\/p>\n\n\n\n<ul class=\"wp-block-list\">\n<li>Exigim l\u2019acc\u00e9s a informaci\u00f3 sobre la reparaci\u00f3 i a peces de recanvi per a tothom, no nom\u00e9sper a qui s\u2019hi dedica professionalment<\/li>\n\n\n\n<li>Transmetem als legisladorsla urg\u00e8ncia d\u2019assegurar productes m\u00e9s duradors i reparables a escala nacional i europea<\/li>\n\n\n\n<li>Demanem un sistema d\u2019etiquetatge d\u2019abast europeu que indiqui als consumidors i consumidores quins productes s\u00f3n m\u00e9s duradors i reparables<\/li>\n\n\n\n<li>Reforcem la nostra xarxa d\u2019estats membres col\u00b7laboradors i empreses s\u00f2cies<\/li>\n\n\n\n<li>Promovem la reparaci\u00f3 m\u00e9s enll\u00e0 de la Uni\u00f3 Europea per accelerar les transformacions del mercat a escala global<\/li>\n<\/ul>\n\n\n\n<p><strong>Elevar el perfil de la reparaci\u00f3 i incloure-la en debats m\u00e9s amplis, com ara<\/strong>:<\/p>\n\n\n\n<ul class=\"wp-block-list\">\n<li>La reducci\u00f3 del canvi clim\u00e0tic, la transici\u00f3 a una economiacircular, la just\u00edcia mediambiental, la desigualtat socioecon\u00f2mica i els Objectius de Desenvolupament Sostenible<\/li>\n\n\n\n<li>El potencial de la creaci\u00f3 d\u2019ocupaci\u00f3 verda tant a l\u2019economia social com a la convencional<\/li>\n<\/ul>\n\n\n\n<div style=\"height:30px\" aria-hidden=\"true\" class=\"wp-block-spacer\"><\/div>\n","protected":false},"excerpt":{"rendered":"<p>Qui som? Som persones, som reparadors, som activistes per la sostenibilitat, som comunitat. La coalici\u00f3 Right to Repair Europe representa m\u00e9s de 180 organitzacions de 30 pa\u00efsos europeus. Inclou ONG mediambientals i actors de la reparaci\u00f3, com ara grups comunitaris de reparaci\u00f3, entitats de l&#8217;economia social, distribu\u00efdors de peces de recanvi, aut\u00f2noms de l&#8217;autoreparaci\u00f3, empreses &hellip; <\/p>\n<p class=\"link-more\"><a href=\"https:\/\/repair.eu\/ca\/qui-som\/\" class=\"more-link\">Continua llegint <span class=\"screen-reader-text\">\u00abQui som?\u00bb<\/span><\/a><\/p>\n","protected":false},"author":2,"featured_media":4257,"parent":0,"menu_order":0,"comment_status":"closed","ping_status":"closed","template":"","meta":{"_acf_changed":false,"footnotes":""},"class_list":["post-1929","page","type-page","status-publish","has-post-thumbnail","hentry","entry"],"acf":[],"yoast_head":"<!-- This site is optimized with the Yoast SEO plugin v27.3 - https:\/\/yoast.com\/product\/yoast-seo-wordpress\/ -->\n<title>Qui som? - Right to Repair Europe<\/title>\n<meta name=\"robots\" content=\"index, follow, max-snippet:-1, max-image-preview:large, max-video-preview:-1\" \/>\n<link rel=\"canonical\" href=\"https:\/\/repair.eu\/ca\/qui-som\/\" \/>\n<meta property=\"og:locale\" content=\"ca_ES\" \/>\n<meta property=\"og:type\" content=\"article\" \/>\n<meta property=\"og:title\" content=\"Qui som? - Right to Repair Europe\" \/>\n<meta property=\"og:description\" content=\"Qui som? Som persones, som reparadors, som activistes per la sostenibilitat, som comunitat. La coalici\u00f3 Right to Repair Europe representa m\u00e9s de 180 organitzacions de 30 pa\u00efsos europeus. Inclou ONG mediambientals i actors de la reparaci\u00f3, com ara grups comunitaris de reparaci\u00f3, entitats de l&#8217;economia social, distribu\u00efdors de peces de recanvi, aut\u00f2noms de l&#8217;autoreparaci\u00f3, empreses &hellip; Continua llegint \u00abQui som?\u00bb\" \/>\n<meta property=\"og:url\" content=\"https:\/\/repair.eu\/ca\/qui-som\/\" \/>\n<meta property=\"og:site_name\" content=\"Right to Repair Europe\" \/>\n<meta property=\"article:publisher\" content=\"https:\/\/www.facebook.com\/righttorepaireurope\/\" \/>\n<meta property=\"article:modified_time\" content=\"2025-10-13T16:22:35+00:00\" \/>\n<meta property=\"og:image\" content=\"https:\/\/repair.eu\/wp-content\/uploads\/2022\/12\/Logo-HOP-carre2-4.png\" \/>\n\t<meta property=\"og:image:width\" content=\"566\" \/>\n\t<meta property=\"og:image:height\" content=\"566\" \/>\n\t<meta property=\"og:image:type\" content=\"image\/png\" \/>\n<meta name=\"twitter:card\" content=\"summary_large_image\" \/>\n<meta name=\"twitter:site\" content=\"@R2REurope\" \/>\n<meta name=\"twitter:label1\" content=\"Temps estimat de lectura\" \/>\n\t<meta name=\"twitter:data1\" content=\"6 minuts\" \/>\n<script type=\"application\/ld+json\" class=\"yoast-schema-graph\">{\"@context\":\"https:\\\/\\\/schema.org\",\"@graph\":[{\"@type\":\"WebPage\",\"@id\":\"https:\\\/\\\/repair.eu\\\/ca\\\/qui-som\\\/\",\"url\":\"https:\\\/\\\/repair.eu\\\/ca\\\/qui-som\\\/\",\"name\":\"Qui som? - Right to Repair Europe\",\"isPartOf\":{\"@id\":\"https:\\\/\\\/repair.eu\\\/ca\\\/#website\"},\"primaryImageOfPage\":{\"@id\":\"https:\\\/\\\/repair.eu\\\/ca\\\/qui-som\\\/#primaryimage\"},\"image\":{\"@id\":\"https:\\\/\\\/repair.eu\\\/ca\\\/qui-som\\\/#primaryimage\"},\"thumbnailUrl\":\"https:\\\/\\\/repair.eu\\\/wp-content\\\/uploads\\\/2022\\\/12\\\/Logo-HOP-carre2-4.png\",\"datePublished\":\"2020-10-27T15:32:13+00:00\",\"dateModified\":\"2025-10-13T16:22:35+00:00\",\"breadcrumb\":{\"@id\":\"https:\\\/\\\/repair.eu\\\/ca\\\/qui-som\\\/#breadcrumb\"},\"inLanguage\":\"ca\",\"potentialAction\":[{\"@type\":\"ReadAction\",\"target\":[\"https:\\\/\\\/repair.eu\\\/ca\\\/qui-som\\\/\"]}]},{\"@type\":\"ImageObject\",\"inLanguage\":\"ca\",\"@id\":\"https:\\\/\\\/repair.eu\\\/ca\\\/qui-som\\\/#primaryimage\",\"url\":\"https:\\\/\\\/repair.eu\\\/wp-content\\\/uploads\\\/2022\\\/12\\\/Logo-HOP-carre2-4.png\",\"contentUrl\":\"https:\\\/\\\/repair.eu\\\/wp-content\\\/uploads\\\/2022\\\/12\\\/Logo-HOP-carre2-4.png\",\"width\":566,\"height\":566},{\"@type\":\"BreadcrumbList\",\"@id\":\"https:\\\/\\\/repair.eu\\\/ca\\\/qui-som\\\/#breadcrumb\",\"itemListElement\":[{\"@type\":\"ListItem\",\"position\":1,\"name\":\"Home\",\"item\":\"https:\\\/\\\/repair.eu\\\/ca\\\/\"},{\"@type\":\"ListItem\",\"position\":2,\"name\":\"Qui som?\"}]},{\"@type\":\"WebSite\",\"@id\":\"https:\\\/\\\/repair.eu\\\/ca\\\/#website\",\"url\":\"https:\\\/\\\/repair.eu\\\/ca\\\/\",\"name\":\"Right to Repair Europe\",\"description\":\"\",\"publisher\":{\"@id\":\"https:\\\/\\\/repair.eu\\\/ca\\\/#organization\"},\"potentialAction\":[{\"@type\":\"SearchAction\",\"target\":{\"@type\":\"EntryPoint\",\"urlTemplate\":\"https:\\\/\\\/repair.eu\\\/ca\\\/?s={search_term_string}\"},\"query-input\":{\"@type\":\"PropertyValueSpecification\",\"valueRequired\":true,\"valueName\":\"search_term_string\"}}],\"inLanguage\":\"ca\"},{\"@type\":\"Organization\",\"@id\":\"https:\\\/\\\/repair.eu\\\/ca\\\/#organization\",\"name\":\"Right to Repair Europe\",\"url\":\"https:\\\/\\\/repair.eu\\\/ca\\\/\",\"logo\":{\"@type\":\"ImageObject\",\"inLanguage\":\"ca\",\"@id\":\"https:\\\/\\\/repair.eu\\\/ca\\\/#\\\/schema\\\/logo\\\/image\\\/\",\"url\":\"https:\\\/\\\/repair.eu\\\/wp-content\\\/uploads\\\/2019\\\/09\\\/Right-to-repair-logo.png\",\"contentUrl\":\"https:\\\/\\\/repair.eu\\\/wp-content\\\/uploads\\\/2019\\\/09\\\/Right-to-repair-logo.png\",\"width\":451,\"height\":62,\"caption\":\"Right to Repair Europe\"},\"image\":{\"@id\":\"https:\\\/\\\/repair.eu\\\/ca\\\/#\\\/schema\\\/logo\\\/image\\\/\"},\"sameAs\":[\"https:\\\/\\\/www.facebook.com\\\/righttorepaireurope\\\/\",\"https:\\\/\\\/x.com\\\/R2REurope\",\"https:\\\/\\\/www.instagram.com\\\/R2REurope\\\/\"]}]}<\/script>\n<!-- \/ Yoast SEO plugin. -->","yoast_head_json":{"title":"Qui som? - Right to Repair Europe","robots":{"index":"index","follow":"follow","max-snippet":"max-snippet:-1","max-image-preview":"max-image-preview:large","max-video-preview":"max-video-preview:-1"},"canonical":"https:\/\/repair.eu\/ca\/qui-som\/","og_locale":"ca_ES","og_type":"article","og_title":"Qui som? - Right to Repair Europe","og_description":"Qui som? Som persones, som reparadors, som activistes per la sostenibilitat, som comunitat. La coalici\u00f3 Right to Repair Europe representa m\u00e9s de 180 organitzacions de 30 pa\u00efsos europeus. Inclou ONG mediambientals i actors de la reparaci\u00f3, com ara grups comunitaris de reparaci\u00f3, entitats de l&#8217;economia social, distribu\u00efdors de peces de recanvi, aut\u00f2noms de l&#8217;autoreparaci\u00f3, empreses &hellip; Continua llegint \u00abQui som?\u00bb","og_url":"https:\/\/repair.eu\/ca\/qui-som\/","og_site_name":"Right to Repair Europe","article_publisher":"https:\/\/www.facebook.com\/righttorepaireurope\/","article_modified_time":"2025-10-13T16:22:35+00:00","og_image":[{"width":566,"height":566,"url":"https:\/\/repair.eu\/wp-content\/uploads\/2022\/12\/Logo-HOP-carre2-4.png","type":"image\/png"}],"twitter_card":"summary_large_image","twitter_site":"@R2REurope","twitter_misc":{"Temps estimat de lectura":"6 minuts"},"schema":{"@context":"https:\/\/schema.org","@graph":[{"@type":"WebPage","@id":"https:\/\/repair.eu\/ca\/qui-som\/","url":"https:\/\/repair.eu\/ca\/qui-som\/","name":"Qui som? - Right to Repair Europe","isPartOf":{"@id":"https:\/\/repair.eu\/ca\/#website"},"primaryImageOfPage":{"@id":"https:\/\/repair.eu\/ca\/qui-som\/#primaryimage"},"image":{"@id":"https:\/\/repair.eu\/ca\/qui-som\/#primaryimage"},"thumbnailUrl":"https:\/\/repair.eu\/wp-content\/uploads\/2022\/12\/Logo-HOP-carre2-4.png","datePublished":"2020-10-27T15:32:13+00:00","dateModified":"2025-10-13T16:22:35+00:00","breadcrumb":{"@id":"https:\/\/repair.eu\/ca\/qui-som\/#breadcrumb"},"inLanguage":"ca","potentialAction":[{"@type":"ReadAction","target":["https:\/\/repair.eu\/ca\/qui-som\/"]}]},{"@type":"ImageObject","inLanguage":"ca","@id":"https:\/\/repair.eu\/ca\/qui-som\/#primaryimage","url":"https:\/\/repair.eu\/wp-content\/uploads\/2022\/12\/Logo-HOP-carre2-4.png","contentUrl":"https:\/\/repair.eu\/wp-content\/uploads\/2022\/12\/Logo-HOP-carre2-4.png","width":566,"height":566},{"@type":"BreadcrumbList","@id":"https:\/\/repair.eu\/ca\/qui-som\/#breadcrumb","itemListElement":[{"@type":"ListItem","position":1,"name":"Home","item":"https:\/\/repair.eu\/ca\/"},{"@type":"ListItem","position":2,"name":"Qui som?"}]},{"@type":"WebSite","@id":"https:\/\/repair.eu\/ca\/#website","url":"https:\/\/repair.eu\/ca\/","name":"Right to Repair Europe","description":"","publisher":{"@id":"https:\/\/repair.eu\/ca\/#organization"},"potentialAction":[{"@type":"SearchAction","target":{"@type":"EntryPoint","urlTemplate":"https:\/\/repair.eu\/ca\/?s={search_term_string}"},"query-input":{"@type":"PropertyValueSpecification","valueRequired":true,"valueName":"search_term_string"}}],"inLanguage":"ca"},{"@type":"Organization","@id":"https:\/\/repair.eu\/ca\/#organization","name":"Right to Repair Europe","url":"https:\/\/repair.eu\/ca\/","logo":{"@type":"ImageObject","inLanguage":"ca","@id":"https:\/\/repair.eu\/ca\/#\/schema\/logo\/image\/","url":"https:\/\/repair.eu\/wp-content\/uploads\/2019\/09\/Right-to-repair-logo.png","contentUrl":"https:\/\/repair.eu\/wp-content\/uploads\/2019\/09\/Right-to-repair-logo.png","width":451,"height":62,"caption":"Right to Repair Europe"},"image":{"@id":"https:\/\/repair.eu\/ca\/#\/schema\/logo\/image\/"},"sameAs":["https:\/\/www.facebook.com\/righttorepaireurope\/","https:\/\/x.com\/R2REurope","https:\/\/www.instagram.com\/R2REurope\/"]}]}},"_links":{"self":[{"href":"https:\/\/repair.eu\/ca\/wp-json\/wp\/v2\/pages\/1929","targetHints":{"allow":["GET"]}}],"collection":[{"href":"https:\/\/repair.eu\/ca\/wp-json\/wp\/v2\/pages"}],"about":[{"href":"https:\/\/repair.eu\/ca\/wp-json\/wp\/v2\/types\/page"}],"author":[{"embeddable":true,"href":"https:\/\/repair.eu\/ca\/wp-json\/wp\/v2\/users\/2"}],"replies":[{"embeddable":true,"href":"https:\/\/repair.eu\/ca\/wp-json\/wp\/v2\/comments?post=1929"}],"version-history":[{"count":27,"href":"https:\/\/repair.eu\/ca\/wp-json\/wp\/v2\/pages\/1929\/revisions"}],"predecessor-version":[{"id":8111,"href":"https:\/\/repair.eu\/ca\/wp-json\/wp\/v2\/pages\/1929\/revisions\/8111"}],"wp:featuredmedia":[{"embeddable":true,"href":"https:\/\/repair.eu\/ca\/wp-json\/wp\/v2\/media\/4257"}],"wp:attachment":[{"href":"https:\/\/repair.eu\/ca\/wp-json\/wp\/v2\/media?parent=1929"}],"curies":[{"name":"wp","href":"https:\/\/api.w.org\/{rel}","templated":true}]}}