{"id":1960,"date":"2020-10-28T09:31:41","date_gmt":"2020-10-28T08:31:41","guid":{"rendered":"https:\/\/repair.eu\/?page_id=1960"},"modified":"2025-10-13T19:37:25","modified_gmt":"2025-10-13T17:37:25","slug":"donar","status":"publish","type":"page","link":"https:\/\/repair.eu\/ca\/donar\/","title":{"rendered":"Donar"},"content":{"rendered":"\n<h3 class=\"wp-block-heading\">Ajuda\u2019ns a portar el Dret a Reparar a Europa!<\/h3>\n\n\n\n<p>Gr\u00e0cies al vostre suport, la nostra campanya ha fet grans aven\u00e7os. Hem aconseguit normes europees m\u00e9s s\u00f2lides en mat\u00e8ria de reparaci\u00f3, incloent-hi:<\/p>\n\n\n\n<ul class=\"wp-block-list\">\n<li>Una Directiva de la UE sobre el Dret a Reparar, amb disposicions sobre l\u2019accessibilitat i l\u2019assequibilitat de la reparaci\u00f3, la prohibici\u00f3 de pr\u00e0ctiques anti-reparaci\u00f3, l\u2019acc\u00e9s a informaci\u00f3 de reparaci\u00f3 i incentius nacionals.<\/li>\n\n\n\n<li>M\u00e9s bateries reempla\u00e7ables per l\u2019usuari en dispositius futurs (a partir del 2027) i l\u2019obligaci\u00f3 de vendre-les a preus \u201cjustos\u201d.<\/li>\n\n\n\n<li>n \u00edndex de reparaci\u00f3 per a tel\u00e8fons intel\u00b7ligents, 5 anys de suport de programari i 7 anys de disponibilitat de peces de recanvi per a dispositius futurs (a partir del 2025).<\/li>\n<\/ul>\n\n\n\n<p><strong>Per\u00f2 la lluita encara no ha acabat! La teva donaci\u00f3 ens ajudar\u00e0 a continuar treballant perqu\u00e8 la UE segueixi avan\u00e7ant cap a l\u2019economia circular<\/strong> i perqu\u00e8 aconseguim productes totalment reparables a Europa.<\/p>\n\n\n\n<p>Contacta amb nosaltres si prefereixes fer una donaci\u00f3 mitjan\u00e7ant transfer\u00e8ncia banc\u00e0ria.<\/p>\n\n\n\n<p>Si us plau, <a href=\"info@repair.eu\">posa&#8217;t en contacte amb nosaltres<\/a> si prefereixes fer una transfer\u00e8ncia banc\u00e0ria. Els usuaris de PayPal poden iniciar sessi\u00f3 al seu compte i fer una transfer\u00e8ncia a <a href=\"mailto:info@repair.eu\">info@repair.eu<\/a>. Si representeu una empresa o una altra organitzaci\u00f3 disposada a patrocinar la feina de la campanya, si us plau, <a href=\"mailto:info@repair.eu\">contacteu amb nosaltres<\/a>.<\/p>\n\n\n\n<div style=\"height:60px\" aria-hidden=\"true\" class=\"wp-block-spacer\"><\/div>\n\n\n\n<script src=\"https:\/\/actionnetwork.org\/widgets\/v3\/fundraising\/test-donate-to-right-to-repair-europe?format=js&amp;source=widget&amp;css=whitelabel&amp;style=full\"><\/script><div id=\"can-fundraising-area-test-donate-to-right-to-repair-europe\" style=\"width: 100%\"><!-- this div is the target for our HTML insertion --><\/div>\n\n\n\n<p><\/p>\n","protected":false},"excerpt":{"rendered":"<p>Ajuda\u2019ns a portar el Dret a Reparar a Europa! Gr\u00e0cies al vostre suport, la nostra campanya ha fet grans aven\u00e7os. Hem aconseguit normes europees m\u00e9s s\u00f2lides en mat\u00e8ria de reparaci\u00f3, incloent-hi: Per\u00f2 la lluita encara no ha acabat! La teva donaci\u00f3 ens ajudar\u00e0 a continuar treballant perqu\u00e8 la UE segueixi avan\u00e7ant cap a l\u2019economia circular &hellip; <\/p>\n<p class=\"link-more\"><a href=\"https:\/\/repair.eu\/ca\/donar\/\" class=\"more-link\">Continua llegint <span class=\"screen-reader-text\">\u00abDonar\u00bb<\/span><\/a><\/p>\n","protected":false},"author":2,"featured_media":0,"parent":0,"menu_order":0,"comment_status":"closed","ping_status":"closed","template":"","meta":{"_acf_changed":false,"footnotes":""},"class_list":["post-1960","page","type-page","status-publish","hentry","entry"],"acf":[],"yoast_head":"<!-- This site is optimized with the Yoast SEO plugin v27.4 - https:\/\/yoast.com\/product\/yoast-seo-wordpress\/ -->\n<title>Donar - Right to Repair Europe<\/title>\n<meta name=\"robots\" content=\"index, follow, max-snippet:-1, max-image-preview:large, max-video-preview:-1\" \/>\n<link rel=\"canonical\" href=\"https:\/\/repair.eu\/ca\/donar\/\" \/>\n<meta property=\"og:locale\" content=\"ca_ES\" \/>\n<meta property=\"og:type\" content=\"article\" \/>\n<meta property=\"og:title\" content=\"Donar - Right to Repair Europe\" \/>\n<meta property=\"og:description\" content=\"Ajuda\u2019ns a portar el Dret a Reparar a Europa! Gr\u00e0cies al vostre suport, la nostra campanya ha fet grans aven\u00e7os. Hem aconseguit normes europees m\u00e9s s\u00f2lides en mat\u00e8ria de reparaci\u00f3, incloent-hi: Per\u00f2 la lluita encara no ha acabat! La teva donaci\u00f3 ens ajudar\u00e0 a continuar treballant perqu\u00e8 la UE segueixi avan\u00e7ant cap a l\u2019economia circular &hellip; Continua llegint \u00abDonar\u00bb\" \/>\n<meta property=\"og:url\" content=\"https:\/\/repair.eu\/ca\/donar\/\" \/>\n<meta property=\"og:site_name\" content=\"Right to Repair Europe\" \/>\n<meta property=\"article:publisher\" content=\"https:\/\/www.facebook.com\/righttorepaireurope\/\" \/>\n<meta property=\"article:modified_time\" content=\"2025-10-13T17:37:25+00:00\" \/>\n<meta property=\"og:image\" content=\"https:\/\/repair.eu\/wp-content\/uploads\/2019\/09\/R2RFacebookImage.png\" \/>\n\t<meta property=\"og:image:width\" content=\"1200\" \/>\n\t<meta property=\"og:image:height\" content=\"630\" \/>\n\t<meta property=\"og:image:type\" content=\"image\/png\" \/>\n<meta name=\"twitter:card\" content=\"summary_large_image\" \/>\n<meta name=\"twitter:site\" content=\"@R2REurope\" \/>\n<meta name=\"twitter:label1\" content=\"Temps estimat de lectura\" \/>\n\t<meta name=\"twitter:data1\" content=\"1 minut\" \/>\n<script type=\"application\/ld+json\" class=\"yoast-schema-graph\">{\"@context\":\"https:\\\/\\\/schema.org\",\"@graph\":[{\"@type\":\"WebPage\",\"@id\":\"https:\\\/\\\/repair.eu\\\/ca\\\/donar\\\/\",\"url\":\"https:\\\/\\\/repair.eu\\\/ca\\\/donar\\\/\",\"name\":\"Donar - Right to Repair Europe\",\"isPartOf\":{\"@id\":\"https:\\\/\\\/repair.eu\\\/ca\\\/#website\"},\"datePublished\":\"2020-10-28T08:31:41+00:00\",\"dateModified\":\"2025-10-13T17:37:25+00:00\",\"breadcrumb\":{\"@id\":\"https:\\\/\\\/repair.eu\\\/ca\\\/donar\\\/#breadcrumb\"},\"inLanguage\":\"ca\",\"potentialAction\":[{\"@type\":\"ReadAction\",\"target\":[\"https:\\\/\\\/repair.eu\\\/ca\\\/donar\\\/\"]}]},{\"@type\":\"BreadcrumbList\",\"@id\":\"https:\\\/\\\/repair.eu\\\/ca\\\/donar\\\/#breadcrumb\",\"itemListElement\":[{\"@type\":\"ListItem\",\"position\":1,\"name\":\"Home\",\"item\":\"https:\\\/\\\/repair.eu\\\/ca\\\/\"},{\"@type\":\"ListItem\",\"position\":2,\"name\":\"Donar\"}]},{\"@type\":\"WebSite\",\"@id\":\"https:\\\/\\\/repair.eu\\\/ca\\\/#website\",\"url\":\"https:\\\/\\\/repair.eu\\\/ca\\\/\",\"name\":\"Right to Repair Europe\",\"description\":\"\",\"publisher\":{\"@id\":\"https:\\\/\\\/repair.eu\\\/ca\\\/#organization\"},\"potentialAction\":[{\"@type\":\"SearchAction\",\"target\":{\"@type\":\"EntryPoint\",\"urlTemplate\":\"https:\\\/\\\/repair.eu\\\/ca\\\/?s={search_term_string}\"},\"query-input\":{\"@type\":\"PropertyValueSpecification\",\"valueRequired\":true,\"valueName\":\"search_term_string\"}}],\"inLanguage\":\"ca\"},{\"@type\":\"Organization\",\"@id\":\"https:\\\/\\\/repair.eu\\\/ca\\\/#organization\",\"name\":\"Right to Repair Europe\",\"url\":\"https:\\\/\\\/repair.eu\\\/ca\\\/\",\"logo\":{\"@type\":\"ImageObject\",\"inLanguage\":\"ca\",\"@id\":\"https:\\\/\\\/repair.eu\\\/ca\\\/#\\\/schema\\\/logo\\\/image\\\/\",\"url\":\"https:\\\/\\\/repair.eu\\\/wp-content\\\/uploads\\\/2019\\\/09\\\/Right-to-repair-logo.png\",\"contentUrl\":\"https:\\\/\\\/repair.eu\\\/wp-content\\\/uploads\\\/2019\\\/09\\\/Right-to-repair-logo.png\",\"width\":451,\"height\":62,\"caption\":\"Right to Repair Europe\"},\"image\":{\"@id\":\"https:\\\/\\\/repair.eu\\\/ca\\\/#\\\/schema\\\/logo\\\/image\\\/\"},\"sameAs\":[\"https:\\\/\\\/www.facebook.com\\\/righttorepaireurope\\\/\",\"https:\\\/\\\/x.com\\\/R2REurope\",\"https:\\\/\\\/www.instagram.com\\\/R2REurope\\\/\"]}]}<\/script>\n<!-- \/ Yoast SEO plugin. -->","yoast_head_json":{"title":"Donar - Right to Repair Europe","robots":{"index":"index","follow":"follow","max-snippet":"max-snippet:-1","max-image-preview":"max-image-preview:large","max-video-preview":"max-video-preview:-1"},"canonical":"https:\/\/repair.eu\/ca\/donar\/","og_locale":"ca_ES","og_type":"article","og_title":"Donar - Right to Repair Europe","og_description":"Ajuda\u2019ns a portar el Dret a Reparar a Europa! Gr\u00e0cies al vostre suport, la nostra campanya ha fet grans aven\u00e7os. Hem aconseguit normes europees m\u00e9s s\u00f2lides en mat\u00e8ria de reparaci\u00f3, incloent-hi: Per\u00f2 la lluita encara no ha acabat! La teva donaci\u00f3 ens ajudar\u00e0 a continuar treballant perqu\u00e8 la UE segueixi avan\u00e7ant cap a l\u2019economia circular &hellip; Continua llegint \u00abDonar\u00bb","og_url":"https:\/\/repair.eu\/ca\/donar\/","og_site_name":"Right to Repair Europe","article_publisher":"https:\/\/www.facebook.com\/righttorepaireurope\/","article_modified_time":"2025-10-13T17:37:25+00:00","og_image":[{"width":1200,"height":630,"url":"https:\/\/repair.eu\/wp-content\/uploads\/2019\/09\/R2RFacebookImage.png","type":"image\/png"}],"twitter_card":"summary_large_image","twitter_site":"@R2REurope","twitter_misc":{"Temps estimat de lectura":"1 minut"},"schema":{"@context":"https:\/\/schema.org","@graph":[{"@type":"WebPage","@id":"https:\/\/repair.eu\/ca\/donar\/","url":"https:\/\/repair.eu\/ca\/donar\/","name":"Donar - Right to Repair Europe","isPartOf":{"@id":"https:\/\/repair.eu\/ca\/#website"},"datePublished":"2020-10-28T08:31:41+00:00","dateModified":"2025-10-13T17:37:25+00:00","breadcrumb":{"@id":"https:\/\/repair.eu\/ca\/donar\/#breadcrumb"},"inLanguage":"ca","potentialAction":[{"@type":"ReadAction","target":["https:\/\/repair.eu\/ca\/donar\/"]}]},{"@type":"BreadcrumbList","@id":"https:\/\/repair.eu\/ca\/donar\/#breadcrumb","itemListElement":[{"@type":"ListItem","position":1,"name":"Home","item":"https:\/\/repair.eu\/ca\/"},{"@type":"ListItem","position":2,"name":"Donar"}]},{"@type":"WebSite","@id":"https:\/\/repair.eu\/ca\/#website","url":"https:\/\/repair.eu\/ca\/","name":"Right to Repair Europe","description":"","publisher":{"@id":"https:\/\/repair.eu\/ca\/#organization"},"potentialAction":[{"@type":"SearchAction","target":{"@type":"EntryPoint","urlTemplate":"https:\/\/repair.eu\/ca\/?s={search_term_string}"},"query-input":{"@type":"PropertyValueSpecification","valueRequired":true,"valueName":"search_term_string"}}],"inLanguage":"ca"},{"@type":"Organization","@id":"https:\/\/repair.eu\/ca\/#organization","name":"Right to Repair Europe","url":"https:\/\/repair.eu\/ca\/","logo":{"@type":"ImageObject","inLanguage":"ca","@id":"https:\/\/repair.eu\/ca\/#\/schema\/logo\/image\/","url":"https:\/\/repair.eu\/wp-content\/uploads\/2019\/09\/Right-to-repair-logo.png","contentUrl":"https:\/\/repair.eu\/wp-content\/uploads\/2019\/09\/Right-to-repair-logo.png","width":451,"height":62,"caption":"Right to Repair Europe"},"image":{"@id":"https:\/\/repair.eu\/ca\/#\/schema\/logo\/image\/"},"sameAs":["https:\/\/www.facebook.com\/righttorepaireurope\/","https:\/\/x.com\/R2REurope","https:\/\/www.instagram.com\/R2REurope\/"]}]}},"_links":{"self":[{"href":"https:\/\/repair.eu\/ca\/wp-json\/wp\/v2\/pages\/1960","targetHints":{"allow":["GET"]}}],"collection":[{"href":"https:\/\/repair.eu\/ca\/wp-json\/wp\/v2\/pages"}],"about":[{"href":"https:\/\/repair.eu\/ca\/wp-json\/wp\/v2\/types\/page"}],"author":[{"embeddable":true,"href":"https:\/\/repair.eu\/ca\/wp-json\/wp\/v2\/users\/2"}],"replies":[{"embeddable":true,"href":"https:\/\/repair.eu\/ca\/wp-json\/wp\/v2\/comments?post=1960"}],"version-history":[{"count":7,"href":"https:\/\/repair.eu\/ca\/wp-json\/wp\/v2\/pages\/1960\/revisions"}],"predecessor-version":[{"id":8115,"href":"https:\/\/repair.eu\/ca\/wp-json\/wp\/v2\/pages\/1960\/revisions\/8115"}],"wp:attachment":[{"href":"https:\/\/repair.eu\/ca\/wp-json\/wp\/v2\/media?parent=1960"}],"curies":[{"name":"wp","href":"https:\/\/api.w.org\/{rel}","templated":true}]}}