{"id":1962,"date":"2020-10-28T10:08:31","date_gmt":"2020-10-28T09:08:31","guid":{"rendered":"https:\/\/repair.eu\/?page_id=1962"},"modified":"2025-10-13T19:36:04","modified_gmt":"2025-10-13T17:36:04","slug":"uneix-te","status":"publish","type":"page","link":"https:\/\/repair.eu\/ca\/uneix-te\/","title":{"rendered":"Uneix-te a la coalici\u00f3"},"content":{"rendered":"\n<figure class=\"wp-block-image size-large\"><a href=\"https:\/\/repair.eu\/wp-content\/uploads\/2021\/07\/image-1024x768.jpeg\"><img loading=\"lazy\" decoding=\"async\" width=\"1024\" height=\"768\" src=\"https:\/\/repair.eu\/wp-content\/uploads\/2021\/07\/image-1024x768.jpeg\" alt=\"\" class=\"wp-image-2976\" srcset=\"https:\/\/repair.eu\/wp-content\/uploads\/2021\/07\/image-1024x768.jpeg 1024w, https:\/\/repair.eu\/wp-content\/uploads\/2021\/07\/image-300x225.jpeg 300w, https:\/\/repair.eu\/wp-content\/uploads\/2021\/07\/image-768x576.jpeg 768w, https:\/\/repair.eu\/wp-content\/uploads\/2021\/07\/image-1536x1152.jpeg 1536w, https:\/\/repair.eu\/wp-content\/uploads\/2021\/07\/image-2048x1536.jpeg 2048w, https:\/\/repair.eu\/wp-content\/uploads\/2021\/07\/image-1300x975.jpeg 1300w, https:\/\/repair.eu\/wp-content\/uploads\/2021\/07\/image-1568x1176.jpeg 1568w\" sizes=\"auto, (max-width: 1024px) 100vw, 1024px\" \/><\/a><\/figure>\n\n\n\n<p><strong>Gr\u00e0cies pel vostre inter\u00e8s a participar en la campanya Dret a Reparar a Europa!<\/strong><\/p>\n\n\n\n<p>La coalici\u00f3 est\u00e0 oberta a grups i organitzacions d\u2019arreu d\u2019Europa que donin suport i estiguin compromesos amb la causa d\u2019un Dret Universal a Reparar. Entre aquests s\u2019hi inclouen, entre d\u2019altres: organitzacions sense \u00e0nim de lucre, xarxes d\u2019iniciatives comunit\u00e0ries de reparaci\u00f3 o reparadors professionals, iniciatives individuals de reparaci\u00f3 i repair caf\u00e9s, institucions acad\u00e8miques, empreses de reparaci\u00f3 i altres negocis, empreses de consultoria, i m\u00e9s.<\/p>\n\n\n\n<p><strong>Afiliaci\u00f3 per organitzacions sense \u00e0nim de lucre:<\/strong> les iniciatives de reparaci\u00f3 comunit\u00e0ria i petites ONG mediambientals poden unir-se de forma gratu\u00efta.<\/p>\n\n\n\n<p><strong>Afiliaci\u00f3 per organitzacions amb \u00e0nim de lucre: <\/strong>demanem a les organitzacions amb \u00e0nim de lucre que contribueixin financerament amb una quota anual d&#8217;adhesi\u00f3 en funci\u00f3 de la mida de l&#8217;organitzaci\u00f3.<\/p>\n\n\n\n<p>La quota per unir-se com a organitzaci\u00f3 amb \u00e0nim de lucre comen\u00e7a en 250 \u20ac l&#8217;any. En funci\u00f3 del tipus d&#8217;organitzaci\u00f3\/mida, se us aprovar\u00e0 autom\u00e0ticament per unir-vos a la coalici\u00f3, o la vostra sol\u00b7licitud requerir\u00e0 una revisi\u00f3 per part del Grup Directiu, que pot trigar fins a 4 setmanes.<\/p>\n\n\n\n<p>Si ets una persona que vol donar suport a la campanya, si us plau, apunta&#8217;t al nostre butllet\u00ed peri\u00f2dic i pots donar a la campanya <a href=\"https:\/\/repair.eu\/ca\/donar\/\">aqu\u00ed<\/a>, el formulari de sol\u00b7licitud a continuaci\u00f3 \u00e9s nom\u00e9s per a organitzacions. Gr\u00e0cies.<\/p>\n\n\n\n<p><a href=\"https:\/\/repair.eu\/wp-content\/uploads\/2025\/04\/R2R-Join-the-coalition-benefits-table.pdf\" target=\"_blank\" rel=\"noreferrer noopener sponsored nofollow\">M\u00e9s informaci\u00f3 sobre les diferents opcions de membres descarregant la nostra taula (nom\u00e9s disponible en angl\u00e8s).<\/a><br><br><strong>Els membres de la nostra coalici\u00f3 poden esperar:<\/strong><br>Uneix-te a Right to Repair Europe per impulsar un dret universal a reparar, on tothom qui vulgui reparar tingui acc\u00e9s a la informaci\u00f3, eines i peces de recanvi assequibles, es prohibeixin les pr\u00e0ctiques anti-reparaci\u00f3 i els productes estiguin dissenyats per a la durabilitat i la reparabilitat.<\/p>\n\n\n\n<div class=\"wp-block-buttons is-layout-flex wp-block-buttons-is-layout-flex\">\n<div class=\"wp-block-button\"><a class=\"wp-block-button__link has-dark-gray-color has-text-color has-background wp-element-button\" href=\"https:\/\/repair.eu\/ca\/uneix-te-a-la-campanya-com-a-organitzacio\/\" style=\"background-color:#ffcd00\" rel=\"https:\/\/repair.eu\/join-the-campaign-as-an-organisation\/\">Uneix la teva organitzaci\u00f3 omplint el formulari!<\/a><\/div>\n<\/div>\n\n\n\n<div class=\"wp-block-group\"><div class=\"wp-block-group__inner-container is-layout-flow wp-block-group-is-layout-flow\">\n<div class=\"wp-block-group make-one-col\"><div class=\"wp-block-group__inner-container is-layout-flow wp-block-group-is-layout-flow\">\n<div class=\"wp-block-group make-one-col\"><div class=\"wp-block-group__inner-container is-layout-flow wp-block-group-is-layout-flow\">\n<div class=\"wp-block-group\"><div class=\"wp-block-group__inner-container is-layout-flow wp-block-group-is-layout-flow\">\n<div class=\"wp-block-group make-one-col\"><div class=\"wp-block-group__inner-container is-layout-flow wp-block-group-is-layout-flow\">\n<div class=\"wp-block-group\"><div class=\"wp-block-group__inner-container is-layout-flow wp-block-group-is-layout-flow\">\n<div class=\"wp-block-group\"><div class=\"wp-block-group__inner-container is-layout-flow wp-block-group-is-layout-flow\">\n<div class=\"wp-block-group\"><div class=\"wp-block-group__inner-container is-layout-flow wp-block-group-is-layout-flow\">\n<div class=\"wp-block-group make-one-col\"><div class=\"wp-block-group__inner-container is-layout-flow wp-block-group-is-layout-flow\"><link href='https:\/\/actionnetwork.org\/css\/style-embed-whitelabel-v3.css' rel='stylesheet' type='text\/css' \/><script src='https:\/\/actionnetwork.org\/widgets\/v3\/form\/apuntat-al-moviment-per-un-dret-universal-a-reparar?format=js&source=widget&style=full'><\/script><div id='can-form-area-apuntat-al-moviment-per-un-dret-universal-a-reparar' style='width: 100%'><!-- this div is the target for our HTML insertion --><\/div>\n<\/div><\/div>\n<\/div><\/div>\n<\/div><\/div>\n<\/div><\/div>\n<\/div><\/div>\n<\/div><\/div>\n<\/div><\/div>\n<\/div><\/div>\n<\/div><\/div>\n","protected":false},"excerpt":{"rendered":"<p>Gr\u00e0cies pel vostre inter\u00e8s a participar en la campanya Dret a Reparar a Europa! La coalici\u00f3 est\u00e0 oberta a grups i organitzacions d\u2019arreu d\u2019Europa que donin suport i estiguin compromesos amb la causa d\u2019un Dret Universal a Reparar. Entre aquests s\u2019hi inclouen, entre d\u2019altres: organitzacions sense \u00e0nim de lucre, xarxes d\u2019iniciatives comunit\u00e0ries de reparaci\u00f3 o &hellip; <\/p>\n<p class=\"link-more\"><a href=\"https:\/\/repair.eu\/ca\/uneix-te\/\" class=\"more-link\">Continua llegint <span class=\"screen-reader-text\">\u00abUneix-te a la coalici\u00f3\u00bb<\/span><\/a><\/p>\n","protected":false},"author":2,"featured_media":0,"parent":0,"menu_order":0,"comment_status":"closed","ping_status":"closed","template":"","meta":{"_acf_changed":false,"footnotes":""},"class_list":["post-1962","page","type-page","status-publish","hentry","entry"],"acf":[],"yoast_head":"<!-- This site is optimized with the Yoast SEO plugin v27.3 - https:\/\/yoast.com\/product\/yoast-seo-wordpress\/ -->\n<title>Uneix-te a la coalici\u00f3 - Right to Repair Europe<\/title>\n<meta name=\"robots\" content=\"index, follow, max-snippet:-1, max-image-preview:large, max-video-preview:-1\" \/>\n<link rel=\"canonical\" href=\"https:\/\/repair.eu\/ca\/uneix-te\/\" \/>\n<meta property=\"og:locale\" content=\"ca_ES\" \/>\n<meta property=\"og:type\" content=\"article\" \/>\n<meta property=\"og:title\" content=\"Uneix-te a la coalici\u00f3 - Right to Repair Europe\" \/>\n<meta property=\"og:description\" content=\"Gr\u00e0cies pel vostre inter\u00e8s a participar en la campanya Dret a Reparar a Europa! La coalici\u00f3 est\u00e0 oberta a grups i organitzacions d\u2019arreu d\u2019Europa que donin suport i estiguin compromesos amb la causa d\u2019un Dret Universal a Reparar. Entre aquests s\u2019hi inclouen, entre d\u2019altres: organitzacions sense \u00e0nim de lucre, xarxes d\u2019iniciatives comunit\u00e0ries de reparaci\u00f3 o &hellip; Continua llegint \u00abUneix-te a la coalici\u00f3\u00bb\" \/>\n<meta property=\"og:url\" content=\"https:\/\/repair.eu\/ca\/uneix-te\/\" \/>\n<meta property=\"og:site_name\" content=\"Right to Repair Europe\" \/>\n<meta property=\"article:publisher\" content=\"https:\/\/www.facebook.com\/righttorepaireurope\/\" \/>\n<meta property=\"article:modified_time\" content=\"2025-10-13T17:36:04+00:00\" \/>\n<meta property=\"og:image\" content=\"https:\/\/repair.eu\/wp-content\/uploads\/2021\/07\/image.jpeg\" \/>\n\t<meta property=\"og:image:width\" content=\"2600\" \/>\n\t<meta property=\"og:image:height\" content=\"1950\" \/>\n\t<meta property=\"og:image:type\" content=\"image\/jpeg\" \/>\n<meta name=\"twitter:card\" content=\"summary_large_image\" \/>\n<meta name=\"twitter:site\" content=\"@R2REurope\" \/>\n<meta name=\"twitter:label1\" content=\"Temps estimat de lectura\" \/>\n\t<meta name=\"twitter:data1\" content=\"2 minuts\" \/>\n<script type=\"application\/ld+json\" class=\"yoast-schema-graph\">{\"@context\":\"https:\\\/\\\/schema.org\",\"@graph\":[{\"@type\":\"WebPage\",\"@id\":\"https:\\\/\\\/repair.eu\\\/ca\\\/uneix-te\\\/\",\"url\":\"https:\\\/\\\/repair.eu\\\/ca\\\/uneix-te\\\/\",\"name\":\"Uneix-te a la coalici\u00f3 - Right to Repair Europe\",\"isPartOf\":{\"@id\":\"https:\\\/\\\/repair.eu\\\/ca\\\/#website\"},\"primaryImageOfPage\":{\"@id\":\"https:\\\/\\\/repair.eu\\\/ca\\\/uneix-te\\\/#primaryimage\"},\"image\":{\"@id\":\"https:\\\/\\\/repair.eu\\\/ca\\\/uneix-te\\\/#primaryimage\"},\"thumbnailUrl\":\"https:\\\/\\\/repair.eu\\\/wp-content\\\/uploads\\\/2021\\\/07\\\/image-1024x768.jpeg\",\"datePublished\":\"2020-10-28T09:08:31+00:00\",\"dateModified\":\"2025-10-13T17:36:04+00:00\",\"breadcrumb\":{\"@id\":\"https:\\\/\\\/repair.eu\\\/ca\\\/uneix-te\\\/#breadcrumb\"},\"inLanguage\":\"ca\",\"potentialAction\":[{\"@type\":\"ReadAction\",\"target\":[\"https:\\\/\\\/repair.eu\\\/ca\\\/uneix-te\\\/\"]}]},{\"@type\":\"ImageObject\",\"inLanguage\":\"ca\",\"@id\":\"https:\\\/\\\/repair.eu\\\/ca\\\/uneix-te\\\/#primaryimage\",\"url\":\"https:\\\/\\\/repair.eu\\\/wp-content\\\/uploads\\\/2021\\\/07\\\/image-1024x768.jpeg\",\"contentUrl\":\"https:\\\/\\\/repair.eu\\\/wp-content\\\/uploads\\\/2021\\\/07\\\/image-1024x768.jpeg\"},{\"@type\":\"BreadcrumbList\",\"@id\":\"https:\\\/\\\/repair.eu\\\/ca\\\/uneix-te\\\/#breadcrumb\",\"itemListElement\":[{\"@type\":\"ListItem\",\"position\":1,\"name\":\"Home\",\"item\":\"https:\\\/\\\/repair.eu\\\/ca\\\/\"},{\"@type\":\"ListItem\",\"position\":2,\"name\":\"Uneix-te a la coalici\u00f3\"}]},{\"@type\":\"WebSite\",\"@id\":\"https:\\\/\\\/repair.eu\\\/ca\\\/#website\",\"url\":\"https:\\\/\\\/repair.eu\\\/ca\\\/\",\"name\":\"Right to Repair Europe\",\"description\":\"\",\"publisher\":{\"@id\":\"https:\\\/\\\/repair.eu\\\/ca\\\/#organization\"},\"potentialAction\":[{\"@type\":\"SearchAction\",\"target\":{\"@type\":\"EntryPoint\",\"urlTemplate\":\"https:\\\/\\\/repair.eu\\\/ca\\\/?s={search_term_string}\"},\"query-input\":{\"@type\":\"PropertyValueSpecification\",\"valueRequired\":true,\"valueName\":\"search_term_string\"}}],\"inLanguage\":\"ca\"},{\"@type\":\"Organization\",\"@id\":\"https:\\\/\\\/repair.eu\\\/ca\\\/#organization\",\"name\":\"Right to Repair Europe\",\"url\":\"https:\\\/\\\/repair.eu\\\/ca\\\/\",\"logo\":{\"@type\":\"ImageObject\",\"inLanguage\":\"ca\",\"@id\":\"https:\\\/\\\/repair.eu\\\/ca\\\/#\\\/schema\\\/logo\\\/image\\\/\",\"url\":\"https:\\\/\\\/repair.eu\\\/wp-content\\\/uploads\\\/2019\\\/09\\\/Right-to-repair-logo.png\",\"contentUrl\":\"https:\\\/\\\/repair.eu\\\/wp-content\\\/uploads\\\/2019\\\/09\\\/Right-to-repair-logo.png\",\"width\":451,\"height\":62,\"caption\":\"Right to Repair Europe\"},\"image\":{\"@id\":\"https:\\\/\\\/repair.eu\\\/ca\\\/#\\\/schema\\\/logo\\\/image\\\/\"},\"sameAs\":[\"https:\\\/\\\/www.facebook.com\\\/righttorepaireurope\\\/\",\"https:\\\/\\\/x.com\\\/R2REurope\",\"https:\\\/\\\/www.instagram.com\\\/R2REurope\\\/\"]}]}<\/script>\n<!-- \/ Yoast SEO plugin. -->","yoast_head_json":{"title":"Uneix-te a la coalici\u00f3 - Right to Repair Europe","robots":{"index":"index","follow":"follow","max-snippet":"max-snippet:-1","max-image-preview":"max-image-preview:large","max-video-preview":"max-video-preview:-1"},"canonical":"https:\/\/repair.eu\/ca\/uneix-te\/","og_locale":"ca_ES","og_type":"article","og_title":"Uneix-te a la coalici\u00f3 - Right to Repair Europe","og_description":"Gr\u00e0cies pel vostre inter\u00e8s a participar en la campanya Dret a Reparar a Europa! La coalici\u00f3 est\u00e0 oberta a grups i organitzacions d\u2019arreu d\u2019Europa que donin suport i estiguin compromesos amb la causa d\u2019un Dret Universal a Reparar. Entre aquests s\u2019hi inclouen, entre d\u2019altres: organitzacions sense \u00e0nim de lucre, xarxes d\u2019iniciatives comunit\u00e0ries de reparaci\u00f3 o &hellip; Continua llegint \u00abUneix-te a la coalici\u00f3\u00bb","og_url":"https:\/\/repair.eu\/ca\/uneix-te\/","og_site_name":"Right to Repair Europe","article_publisher":"https:\/\/www.facebook.com\/righttorepaireurope\/","article_modified_time":"2025-10-13T17:36:04+00:00","og_image":[{"width":2600,"height":1950,"url":"https:\/\/repair.eu\/wp-content\/uploads\/2021\/07\/image.jpeg","type":"image\/jpeg"}],"twitter_card":"summary_large_image","twitter_site":"@R2REurope","twitter_misc":{"Temps estimat de lectura":"2 minuts"},"schema":{"@context":"https:\/\/schema.org","@graph":[{"@type":"WebPage","@id":"https:\/\/repair.eu\/ca\/uneix-te\/","url":"https:\/\/repair.eu\/ca\/uneix-te\/","name":"Uneix-te a la coalici\u00f3 - Right to Repair Europe","isPartOf":{"@id":"https:\/\/repair.eu\/ca\/#website"},"primaryImageOfPage":{"@id":"https:\/\/repair.eu\/ca\/uneix-te\/#primaryimage"},"image":{"@id":"https:\/\/repair.eu\/ca\/uneix-te\/#primaryimage"},"thumbnailUrl":"https:\/\/repair.eu\/wp-content\/uploads\/2021\/07\/image-1024x768.jpeg","datePublished":"2020-10-28T09:08:31+00:00","dateModified":"2025-10-13T17:36:04+00:00","breadcrumb":{"@id":"https:\/\/repair.eu\/ca\/uneix-te\/#breadcrumb"},"inLanguage":"ca","potentialAction":[{"@type":"ReadAction","target":["https:\/\/repair.eu\/ca\/uneix-te\/"]}]},{"@type":"ImageObject","inLanguage":"ca","@id":"https:\/\/repair.eu\/ca\/uneix-te\/#primaryimage","url":"https:\/\/repair.eu\/wp-content\/uploads\/2021\/07\/image-1024x768.jpeg","contentUrl":"https:\/\/repair.eu\/wp-content\/uploads\/2021\/07\/image-1024x768.jpeg"},{"@type":"BreadcrumbList","@id":"https:\/\/repair.eu\/ca\/uneix-te\/#breadcrumb","itemListElement":[{"@type":"ListItem","position":1,"name":"Home","item":"https:\/\/repair.eu\/ca\/"},{"@type":"ListItem","position":2,"name":"Uneix-te a la coalici\u00f3"}]},{"@type":"WebSite","@id":"https:\/\/repair.eu\/ca\/#website","url":"https:\/\/repair.eu\/ca\/","name":"Right to Repair Europe","description":"","publisher":{"@id":"https:\/\/repair.eu\/ca\/#organization"},"potentialAction":[{"@type":"SearchAction","target":{"@type":"EntryPoint","urlTemplate":"https:\/\/repair.eu\/ca\/?s={search_term_string}"},"query-input":{"@type":"PropertyValueSpecification","valueRequired":true,"valueName":"search_term_string"}}],"inLanguage":"ca"},{"@type":"Organization","@id":"https:\/\/repair.eu\/ca\/#organization","name":"Right to Repair Europe","url":"https:\/\/repair.eu\/ca\/","logo":{"@type":"ImageObject","inLanguage":"ca","@id":"https:\/\/repair.eu\/ca\/#\/schema\/logo\/image\/","url":"https:\/\/repair.eu\/wp-content\/uploads\/2019\/09\/Right-to-repair-logo.png","contentUrl":"https:\/\/repair.eu\/wp-content\/uploads\/2019\/09\/Right-to-repair-logo.png","width":451,"height":62,"caption":"Right to Repair Europe"},"image":{"@id":"https:\/\/repair.eu\/ca\/#\/schema\/logo\/image\/"},"sameAs":["https:\/\/www.facebook.com\/righttorepaireurope\/","https:\/\/x.com\/R2REurope","https:\/\/www.instagram.com\/R2REurope\/"]}]}},"_links":{"self":[{"href":"https:\/\/repair.eu\/ca\/wp-json\/wp\/v2\/pages\/1962","targetHints":{"allow":["GET"]}}],"collection":[{"href":"https:\/\/repair.eu\/ca\/wp-json\/wp\/v2\/pages"}],"about":[{"href":"https:\/\/repair.eu\/ca\/wp-json\/wp\/v2\/types\/page"}],"author":[{"embeddable":true,"href":"https:\/\/repair.eu\/ca\/wp-json\/wp\/v2\/users\/2"}],"replies":[{"embeddable":true,"href":"https:\/\/repair.eu\/ca\/wp-json\/wp\/v2\/comments?post=1962"}],"version-history":[{"count":18,"href":"https:\/\/repair.eu\/ca\/wp-json\/wp\/v2\/pages\/1962\/revisions"}],"predecessor-version":[{"id":8114,"href":"https:\/\/repair.eu\/ca\/wp-json\/wp\/v2\/pages\/1962\/revisions\/8114"}],"wp:attachment":[{"href":"https:\/\/repair.eu\/ca\/wp-json\/wp\/v2\/media?parent=1962"}],"curies":[{"name":"wp","href":"https:\/\/api.w.org\/{rel}","templated":true}]}}