{"id":7765,"date":"2025-06-05T10:47:11","date_gmt":"2025-06-05T08:47:11","guid":{"rendered":"https:\/\/repair.eu\/?page_id=7765"},"modified":"2025-10-09T12:08:45","modified_gmt":"2025-10-09T10:08:45","slug":"que-volem","status":"publish","type":"page","link":"https:\/\/repair.eu\/ca\/que-volem\/","title":{"rendered":"Qu\u00e8\u00a0volem"},"content":{"rendered":"\n<h2 class=\"wp-block-heading\">Defensa el teu dret universal a reparar!<\/h2>\n\n\n\n<p><strong>Qu\u00e8 esperem dels responsables pol\u00edtics?<\/strong><\/p>\n\n\n\n<p>Moltes coses. De fet, tenim grans expectatives. Al cap i a la fi, estem parlant del futur del planeta! En aquesta p\u00e0gina trobar\u00e0s els nostres punts clau principals. Si, en canvi, cerques les nostres posicions detallades, les trobar\u00e0s&nbsp;<a href=\"https:\/\/repair.eu\/ca\/arxius\/\">aqu\u00ed<\/a>!<\/p>\n\n\n\n<h4 class=\"wp-block-heading\">Un&nbsp;bon&nbsp;disseny<\/h4>\n\n\n\n<p>Els productes no nom\u00e9s han de ser dissenyats per funcionar, sin\u00f3 tamb\u00e9 per durar i per ser reparats sempre que sigui necessari. Per aconseguir productes f\u00e0cils de reparar, cal que el seu disseny permeti un desmuntatge senzill.<\/p>\n\n\n\n<p><em>Objectiu a curt termini: la legislaci\u00f3 de la UE ha d&#8217;establir requisits m\u00ednims horitzontals de disseny per garantir el desmuntatge f\u00e0cil i la substituci\u00f3 dels components clau de tots els productes.<\/em><\/p>\n\n\n\n<h4 class=\"wp-block-heading\">Acc\u00e9s universal i just a peces de recanvi, manuals de reparaci\u00f3 i eines de diagn\u00f2stic<\/h4>\n\n\n\n<p>Reparar ha de ser accessible, assequible i habitual. Aix\u00f2 vol dir que arreglar un producte no hauria de costar m\u00e9s que comprar-ne un de nou. Les barreres legals no han d&#8217;impedir que persones individuals, reparadors independents o grups comunitaris de reparaci\u00f3 puguin arreglar productes trencats. Volem un Dret universal a reparar: que tothom tingui acc\u00e9s a peces de recanvi i manuals de reparaci\u00f3 durant tota la vida \u00fatil d\u2019un producte.<\/p>\n\n\n\n<p><em>Objectiu a curt termini: el marc legal de la UE ha de garantir l\u2019acc\u00e9s a peces de recanvi, informaci\u00f3 de reparaci\u00f3 i eines de diagn\u00f2stic per a qualsevol persona que vulgui reparar, i per a totes les categories de productes.<\/em><\/p>\n\n\n\n<h4 class=\"wp-block-heading\">Consumidors&nbsp;informats<\/h4>\n\n\n\n<p>Els ciutadans volen saber si els seus productes estan dissenyats per ser reparats o si, en canvi, estan destinats a ser rebutjats quan es trenquen. La informaci\u00f3 sobre la reparabilitat dels productes ha d&#8217;estar disponible en el moment de la compra, tant per als ciutadans com per als reparadors.<\/p>\n\n\n\n<p><em>Objectiu a curt termini: la UE ha d\u2019introduir un sistema de puntuaci\u00f3 de reparabilitat com a part de l\u2019etiquetatge energ\u00e8tic existent per a tots els productes que consumeixen energia.<\/em><\/p>\n\n\n\n<h4 class=\"wp-block-heading\">Assequibilitat&nbsp;i&nbsp;transpar\u00e8ncia&nbsp;de&nbsp;la&nbsp;reparaci\u00f3<\/h4>\n\n\n\n<p>Amb l\u2019augment del cost de la vida i anys de demandes ciutadanes per a un acc\u00e9s m\u00e9s just a la reparaci\u00f3 d\u2019electr\u00f2nica, garantir l\u2019assequibilitat de la reparaci\u00f3 \u00e9s una q\u00fcesti\u00f3 urgent. L\u2019acc\u00e9s assequible a la reparaci\u00f3 faria que aquesta fos una opci\u00f3 m\u00e9s atractiva i, de fet, viable per als consumidors. Concretament, necessitem acc\u00e9s a peces de recanvi en un termini raonable i a un cost just, durant un per\u00edode que correspongui almenys a la vida \u00fatil esperada del producte.<\/p>\n\n\n\n<p><em>Objectiu a curt termini: la legislaci\u00f3 de la UE ha de garantir un mercat de reparaci\u00f3 competitiu, permetent l\u2019\u00fas de peces de segona m\u00e0 i de tercers, fent que les peces de recanvi siguin assequibles i incorporant el preu com a criteri dins de l\u2019\u00edndex de reparaci\u00f3 de la UE.<\/em><\/p>\n\n\n\n<p>Les institucions europees tamb\u00e9 podrien garantir la reparaci\u00f3 assequible mitjan\u00e7ant incentius financers per reduir els preus. <a href=\"https:\/\/repair.eu\/ca\/news\/there-is-life-on-mars-financial-incentives-to-make-repair-affordable\/\">Hem escrit<\/a> \u00e0mpliament sobre hist\u00f2ries d&#8217;\u00e8xit a Europa de pa\u00efsos membres que han decidit fomentar la reparaci\u00f3 amb mesures econ\u00f2miques.<\/p>\n\n\n\n<h4 class=\"wp-block-heading\">Prohibici\u00f3 d&#8217;una \u00e0mplia gamma de pr\u00e0ctiques anti-reparaci\u00f3<\/h4>\n\n\n\n<p>Les t\u00e8cniques que impedeixen o limiten la reparaci\u00f3 m\u00e9s enll\u00e0 de les xarxes autoritzades pels fabricants han de ser prohibides. Aix\u00f2 inclou especialment els dissenys on el fabricant ha d\u2019autoritzar remotament la substituci\u00f3 d\u2019una pe\u00e7a abans que el producte recuperi totes les seves funcionalitats (<a href=\"https:\/\/repair.eu\/ca\/news\/part-pairing-a-major-threat-to-independent-repair\/\">part pairing\/serialitzaci\u00f3<\/a>).<\/p>\n\n\n\n<p><em>Objectiu a curt termini: prohibici\u00f3 de pr\u00e0ctiques anti-reparaci\u00f3 basades en contractes, maquinari, programari i firmware dins del mercat de la UE.<\/em><\/p>\n","protected":false},"excerpt":{"rendered":"<p>Defensa el teu dret universal a reparar! Qu\u00e8 esperem dels responsables pol\u00edtics? Moltes coses. De fet, tenim grans expectatives. Al cap i a la fi, estem parlant del futur del planeta! En aquesta p\u00e0gina trobar\u00e0s els nostres punts clau principals. Si, en canvi, cerques les nostres posicions detallades, les trobar\u00e0s&nbsp;aqu\u00ed! Un&nbsp;bon&nbsp;disseny Els productes no nom\u00e9s &hellip; <\/p>\n<p class=\"link-more\"><a href=\"https:\/\/repair.eu\/ca\/que-volem\/\" class=\"more-link\">Continua llegint <span class=\"screen-reader-text\">\u00abQu\u00e8\u00a0volem\u00bb<\/span><\/a><\/p>\n","protected":false},"author":22,"featured_media":0,"parent":0,"menu_order":0,"comment_status":"closed","ping_status":"closed","template":"","meta":{"_acf_changed":false,"footnotes":""},"class_list":["post-7765","page","type-page","status-publish","hentry","entry"],"acf":[],"yoast_head":"<!-- This site is optimized with the Yoast SEO plugin v27.3 - https:\/\/yoast.com\/product\/yoast-seo-wordpress\/ -->\n<title>Qu\u00e8\u00a0volem - Right to Repair Europe<\/title>\n<meta name=\"robots\" content=\"index, follow, max-snippet:-1, max-image-preview:large, max-video-preview:-1\" \/>\n<link rel=\"canonical\" href=\"https:\/\/repair.eu\/ca\/que-volem\/\" \/>\n<meta property=\"og:locale\" content=\"ca_ES\" \/>\n<meta property=\"og:type\" content=\"article\" \/>\n<meta property=\"og:title\" content=\"Qu\u00e8\u00a0volem - Right to Repair Europe\" \/>\n<meta property=\"og:description\" content=\"Defensa el teu dret universal a reparar! Qu\u00e8 esperem dels responsables pol\u00edtics? Moltes coses. De fet, tenim grans expectatives. Al cap i a la fi, estem parlant del futur del planeta! En aquesta p\u00e0gina trobar\u00e0s els nostres punts clau principals. Si, en canvi, cerques les nostres posicions detallades, les trobar\u00e0s&nbsp;aqu\u00ed! Un&nbsp;bon&nbsp;disseny Els productes no nom\u00e9s &hellip; Continua llegint \u00abQu\u00e8\u00a0volem\u00bb\" \/>\n<meta property=\"og:url\" content=\"https:\/\/repair.eu\/ca\/que-volem\/\" \/>\n<meta property=\"og:site_name\" content=\"Right to Repair Europe\" \/>\n<meta property=\"article:publisher\" content=\"https:\/\/www.facebook.com\/righttorepaireurope\/\" \/>\n<meta property=\"article:modified_time\" content=\"2025-10-09T10:08:45+00:00\" \/>\n<meta property=\"og:image\" content=\"https:\/\/repair.eu\/wp-content\/uploads\/2019\/09\/R2RFacebookImage.png\" \/>\n\t<meta property=\"og:image:width\" content=\"1200\" \/>\n\t<meta property=\"og:image:height\" content=\"630\" \/>\n\t<meta property=\"og:image:type\" content=\"image\/png\" \/>\n<meta name=\"twitter:card\" content=\"summary_large_image\" \/>\n<meta name=\"twitter:site\" content=\"@R2REurope\" \/>\n<meta name=\"twitter:label1\" content=\"Temps estimat de lectura\" \/>\n\t<meta name=\"twitter:data1\" content=\"3 minuts\" \/>\n<script type=\"application\/ld+json\" class=\"yoast-schema-graph\">{\"@context\":\"https:\\\/\\\/schema.org\",\"@graph\":[{\"@type\":\"WebPage\",\"@id\":\"https:\\\/\\\/repair.eu\\\/ca\\\/que-volem\\\/\",\"url\":\"https:\\\/\\\/repair.eu\\\/ca\\\/que-volem\\\/\",\"name\":\"Qu\u00e8\u00a0volem - Right to Repair Europe\",\"isPartOf\":{\"@id\":\"https:\\\/\\\/repair.eu\\\/ca\\\/#website\"},\"datePublished\":\"2025-06-05T08:47:11+00:00\",\"dateModified\":\"2025-10-09T10:08:45+00:00\",\"breadcrumb\":{\"@id\":\"https:\\\/\\\/repair.eu\\\/ca\\\/que-volem\\\/#breadcrumb\"},\"inLanguage\":\"ca\",\"potentialAction\":[{\"@type\":\"ReadAction\",\"target\":[\"https:\\\/\\\/repair.eu\\\/ca\\\/que-volem\\\/\"]}]},{\"@type\":\"BreadcrumbList\",\"@id\":\"https:\\\/\\\/repair.eu\\\/ca\\\/que-volem\\\/#breadcrumb\",\"itemListElement\":[{\"@type\":\"ListItem\",\"position\":1,\"name\":\"Home\",\"item\":\"https:\\\/\\\/repair.eu\\\/ca\\\/\"},{\"@type\":\"ListItem\",\"position\":2,\"name\":\"Qu\u00e8\u00a0volem\"}]},{\"@type\":\"WebSite\",\"@id\":\"https:\\\/\\\/repair.eu\\\/ca\\\/#website\",\"url\":\"https:\\\/\\\/repair.eu\\\/ca\\\/\",\"name\":\"Right to Repair Europe\",\"description\":\"\",\"publisher\":{\"@id\":\"https:\\\/\\\/repair.eu\\\/ca\\\/#organization\"},\"potentialAction\":[{\"@type\":\"SearchAction\",\"target\":{\"@type\":\"EntryPoint\",\"urlTemplate\":\"https:\\\/\\\/repair.eu\\\/ca\\\/?s={search_term_string}\"},\"query-input\":{\"@type\":\"PropertyValueSpecification\",\"valueRequired\":true,\"valueName\":\"search_term_string\"}}],\"inLanguage\":\"ca\"},{\"@type\":\"Organization\",\"@id\":\"https:\\\/\\\/repair.eu\\\/ca\\\/#organization\",\"name\":\"Right to Repair Europe\",\"url\":\"https:\\\/\\\/repair.eu\\\/ca\\\/\",\"logo\":{\"@type\":\"ImageObject\",\"inLanguage\":\"ca\",\"@id\":\"https:\\\/\\\/repair.eu\\\/ca\\\/#\\\/schema\\\/logo\\\/image\\\/\",\"url\":\"https:\\\/\\\/repair.eu\\\/wp-content\\\/uploads\\\/2019\\\/09\\\/Right-to-repair-logo.png\",\"contentUrl\":\"https:\\\/\\\/repair.eu\\\/wp-content\\\/uploads\\\/2019\\\/09\\\/Right-to-repair-logo.png\",\"width\":451,\"height\":62,\"caption\":\"Right to Repair Europe\"},\"image\":{\"@id\":\"https:\\\/\\\/repair.eu\\\/ca\\\/#\\\/schema\\\/logo\\\/image\\\/\"},\"sameAs\":[\"https:\\\/\\\/www.facebook.com\\\/righttorepaireurope\\\/\",\"https:\\\/\\\/x.com\\\/R2REurope\",\"https:\\\/\\\/www.instagram.com\\\/R2REurope\\\/\"]}]}<\/script>\n<!-- \/ Yoast SEO plugin. -->","yoast_head_json":{"title":"Qu\u00e8\u00a0volem - Right to Repair Europe","robots":{"index":"index","follow":"follow","max-snippet":"max-snippet:-1","max-image-preview":"max-image-preview:large","max-video-preview":"max-video-preview:-1"},"canonical":"https:\/\/repair.eu\/ca\/que-volem\/","og_locale":"ca_ES","og_type":"article","og_title":"Qu\u00e8\u00a0volem - Right to Repair Europe","og_description":"Defensa el teu dret universal a reparar! Qu\u00e8 esperem dels responsables pol\u00edtics? Moltes coses. De fet, tenim grans expectatives. Al cap i a la fi, estem parlant del futur del planeta! En aquesta p\u00e0gina trobar\u00e0s els nostres punts clau principals. Si, en canvi, cerques les nostres posicions detallades, les trobar\u00e0s&nbsp;aqu\u00ed! Un&nbsp;bon&nbsp;disseny Els productes no nom\u00e9s &hellip; Continua llegint \u00abQu\u00e8\u00a0volem\u00bb","og_url":"https:\/\/repair.eu\/ca\/que-volem\/","og_site_name":"Right to Repair Europe","article_publisher":"https:\/\/www.facebook.com\/righttorepaireurope\/","article_modified_time":"2025-10-09T10:08:45+00:00","og_image":[{"width":1200,"height":630,"url":"https:\/\/repair.eu\/wp-content\/uploads\/2019\/09\/R2RFacebookImage.png","type":"image\/png"}],"twitter_card":"summary_large_image","twitter_site":"@R2REurope","twitter_misc":{"Temps estimat de lectura":"3 minuts"},"schema":{"@context":"https:\/\/schema.org","@graph":[{"@type":"WebPage","@id":"https:\/\/repair.eu\/ca\/que-volem\/","url":"https:\/\/repair.eu\/ca\/que-volem\/","name":"Qu\u00e8\u00a0volem - Right to Repair Europe","isPartOf":{"@id":"https:\/\/repair.eu\/ca\/#website"},"datePublished":"2025-06-05T08:47:11+00:00","dateModified":"2025-10-09T10:08:45+00:00","breadcrumb":{"@id":"https:\/\/repair.eu\/ca\/que-volem\/#breadcrumb"},"inLanguage":"ca","potentialAction":[{"@type":"ReadAction","target":["https:\/\/repair.eu\/ca\/que-volem\/"]}]},{"@type":"BreadcrumbList","@id":"https:\/\/repair.eu\/ca\/que-volem\/#breadcrumb","itemListElement":[{"@type":"ListItem","position":1,"name":"Home","item":"https:\/\/repair.eu\/ca\/"},{"@type":"ListItem","position":2,"name":"Qu\u00e8\u00a0volem"}]},{"@type":"WebSite","@id":"https:\/\/repair.eu\/ca\/#website","url":"https:\/\/repair.eu\/ca\/","name":"Right to Repair Europe","description":"","publisher":{"@id":"https:\/\/repair.eu\/ca\/#organization"},"potentialAction":[{"@type":"SearchAction","target":{"@type":"EntryPoint","urlTemplate":"https:\/\/repair.eu\/ca\/?s={search_term_string}"},"query-input":{"@type":"PropertyValueSpecification","valueRequired":true,"valueName":"search_term_string"}}],"inLanguage":"ca"},{"@type":"Organization","@id":"https:\/\/repair.eu\/ca\/#organization","name":"Right to Repair Europe","url":"https:\/\/repair.eu\/ca\/","logo":{"@type":"ImageObject","inLanguage":"ca","@id":"https:\/\/repair.eu\/ca\/#\/schema\/logo\/image\/","url":"https:\/\/repair.eu\/wp-content\/uploads\/2019\/09\/Right-to-repair-logo.png","contentUrl":"https:\/\/repair.eu\/wp-content\/uploads\/2019\/09\/Right-to-repair-logo.png","width":451,"height":62,"caption":"Right to Repair Europe"},"image":{"@id":"https:\/\/repair.eu\/ca\/#\/schema\/logo\/image\/"},"sameAs":["https:\/\/www.facebook.com\/righttorepaireurope\/","https:\/\/x.com\/R2REurope","https:\/\/www.instagram.com\/R2REurope\/"]}]}},"_links":{"self":[{"href":"https:\/\/repair.eu\/ca\/wp-json\/wp\/v2\/pages\/7765","targetHints":{"allow":["GET"]}}],"collection":[{"href":"https:\/\/repair.eu\/ca\/wp-json\/wp\/v2\/pages"}],"about":[{"href":"https:\/\/repair.eu\/ca\/wp-json\/wp\/v2\/types\/page"}],"author":[{"embeddable":true,"href":"https:\/\/repair.eu\/ca\/wp-json\/wp\/v2\/users\/22"}],"replies":[{"embeddable":true,"href":"https:\/\/repair.eu\/ca\/wp-json\/wp\/v2\/comments?post=7765"}],"version-history":[{"count":3,"href":"https:\/\/repair.eu\/ca\/wp-json\/wp\/v2\/pages\/7765\/revisions"}],"predecessor-version":[{"id":8048,"href":"https:\/\/repair.eu\/ca\/wp-json\/wp\/v2\/pages\/7765\/revisions\/8048"}],"wp:attachment":[{"href":"https:\/\/repair.eu\/ca\/wp-json\/wp\/v2\/media?parent=7765"}],"curies":[{"name":"wp","href":"https:\/\/api.w.org\/{rel}","templated":true}]}}