{"id":1768,"date":"2020-09-01T15:46:19","date_gmt":"2020-09-01T13:46:19","guid":{"rendered":"https:\/\/repair.eu\/?page_id=1768"},"modified":"2025-09-10T13:06:27","modified_gmt":"2025-09-10T11:06:27","slug":"mitglied-der-kampagne-werden","status":"publish","type":"page","link":"https:\/\/repair.eu\/de\/mitglied-der-kampagne-werden\/","title":{"rendered":"Mitglied werden"},"content":{"rendered":"\n<figure class=\"wp-block-image size-large\"><a href=\"https:\/\/repair.eu\/wp-content\/uploads\/2021\/07\/image-1024x768.jpeg\"><img loading=\"lazy\" decoding=\"async\" width=\"1024\" height=\"768\" src=\"https:\/\/repair.eu\/wp-content\/uploads\/2021\/07\/image-1024x768.jpeg\" alt=\"\" class=\"wp-image-2979\" srcset=\"https:\/\/repair.eu\/wp-content\/uploads\/2021\/07\/image-1024x768.jpeg 1024w, https:\/\/repair.eu\/wp-content\/uploads\/2021\/07\/image-300x225.jpeg 300w, https:\/\/repair.eu\/wp-content\/uploads\/2021\/07\/image-768x576.jpeg 768w, https:\/\/repair.eu\/wp-content\/uploads\/2021\/07\/image-1536x1152.jpeg 1536w, https:\/\/repair.eu\/wp-content\/uploads\/2021\/07\/image-2048x1536.jpeg 2048w, https:\/\/repair.eu\/wp-content\/uploads\/2021\/07\/image-1300x975.jpeg 1300w, https:\/\/repair.eu\/wp-content\/uploads\/2021\/07\/image-1568x1176.jpeg 1568w\" sizes=\"auto, (max-width: 1024px) 100vw, 1024px\" \/><\/a><\/figure>\n\n\n\n<p><strong>Vielen Dank f\u00fcr Ihr Interesse an einer Teilnahme an der Kampagne \u201eRight to Repair Europe\u201c!<\/strong><\/p>\n\n\n\n<p>Die Mitgliedschaft in der Koalition steht Gruppen und Organisationen aus ganz Europa offen, die sich f\u00fcr das universelle Recht auf Reparatur einsetzen. Dazu geh\u00f6ren unter anderem: gemeinn\u00fctzige Organisationen, Netzwerke von Reparaturinitiativen oder professionellen Reparaturbetrieben, einzelne Reparaturinitiativen und Repair Caf\u00e9s, akademische Einrichtungen, Reparaturbetriebe und andere Unternehmen, Beratungsfirmen und mehr.<\/p>\n\n\n\n<ul class=\"wp-block-list\">\n<li><strong>Mitgliedschaft f\u00fcr nicht-gewinnorientierte<\/strong> <strong>Organisationen<\/strong>: Organisationen wie Repair Caf\u00e9s und kleine Umwelt-NGOs k\u00f6nnen kostenlos beitreten. <\/li>\n\n\n\n<li><strong>Mitgliedschaft f\u00fcr gewinnorientierte Organisationen<\/strong>: Wir bitten gewinnorientierte Organisationen um einen j\u00e4hrlichen Mitgliedsbeitrag, dessen H\u00f6he sich nach der Gr\u00f6\u00dfe der Organisation richtet.<\/li>\n<\/ul>\n\n\n\n<p>Bitte f\u00fcllen Sie das untenstehende Formular aus. Je nach Art Ihrer Organisation werden Sie entweder automatisch als Mitglied der Koalition zugelassen oder Ihr Antrag muss von der Steering Group gepr\u00fcft werden, was bis zu 4 Wochen dauern kann.<\/p>\n\n\n\n<div class=\"block block__overview-table\">\n\n    \n    <div class=\"overview-table__intro-text overview-table__intro-text--shown-table\">\n            <\/div>\n\n            <div class=\"overview-table__intro-text--hidden-table\">\n            <p style=\"text-align: left\">Erfahren Sie mehr \u00fcber die verschiedenen Mitgliedschaftsoptionen, indem Sie unsere Tabelle herunterladen:<\/p>\n<p style=\"text-align: center\"><a href=\"\/wp-content\/uploads\/2025\/09\/R2R-Join-the-coalition-benefits-table_de.pdf\">Beitrittsoptionen und Vorteile<\/a> (PDF)<\/p>\n        <\/div>      \n        \n        <div class=\"overview-table--table large-screen-only  full-width-table\">\n        \n<table id=\"tablepress-6\" class=\"tablepress tablepress-id-6 table--black-border table--bold-first-column table--remove-header-highlight table--wrap-text table--inherit-font\">\n<thead>\n<tr class=\"row-1\">\n\t<th class=\"column-1\">Mitgliedsart<\/th><th class=\"column-2\">Unterst\u00fctzer<\/th><th class=\"column-3\">Mitglied<\/th><th class=\"column-4\">Champion<\/th>\n<\/tr>\n<\/thead>\n<tbody>\n<tr class=\"row-2\">\n\t<td class=\"column-1\">Benefits<\/td><td class=\"column-2\">&#8211; Pr\u00e4sentation auf unserer Website unter  \u201cour network\u201c<br \/>\n<br \/>\n&#8211; Kampagnen- ressourcen (Graphiken, Info toolkits, Policy- und Kampagnen- Materialien etc)<br \/>\n<br \/>\n&#8211; Interner Newsletter<br \/>\n<br \/>\n<\/td><td class=\"column-3\">Alle Unterst\u00fctzer benefits +<br \/>\n<br \/>\n&#8211; Zugang zur  Kampagnen Slack Plattform<br \/>\n&#8211; Allgemeine Kan\u00e4le: f\u00fcr Neuigkeiten, Kommunikation, Veranstaltungen und Diskussionen<br \/>\n&#8211; Spezifische Kan\u00e4le: f\u00fcr \u00d6kodesign-, Reparatur- und Abfallrichtlinien<br \/>\n&#8211; Erm\u00f6glicht Kommunikation, Austausch und Netzwerk mit \u00fcber 180 anderen Mitgliedsorganisationen.<br \/>\n<br \/>\n&#8211; Beteiligen Sie sich an der Gestaltung der EU- und internationalen Politik im Bereich Reparatur, z. B.: \u00d6kodesign-Anforderungen, Reparaturvorschriften (Preise und Verf\u00fcgbarkeit von Ersatzteilen, Zugang und Pflichten zur Reparatur, Verbote reparatur-feindlicher Praktiken), nationale Ma\u00dfnahmen (Reparaturfonds und -anreize, EPR, Umsetzung von EU Recht<br \/>\n<\/td><td class=\"column-4\">Alle Mitgliederbenefits +<br \/>\n<br \/>\n&#8211; M\u00f6glichkeit in Fallstudien und Blogbeitr\u00e4gen vorgestellt zu werden <br \/>\n&#8211; M\u00f6glichkeit, auf Webinars und Konferenzen zu sprechen u. Beitr\u00e4ge zu leisten<br \/>\n&#8211; M\u00f6glichkeiten Zitate f\u00fcr Pressemitteilungen beizusteuern und Interviews zu geben<br \/>\n&#8211; M\u00f6glichkeit an der Steuerungsgruppe teilzunehmen<br \/>\n<br \/>\n<\/td>\n<\/tr>\n<tr class=\"row-3\">\n\t<td class=\"column-1\">Auf unserer Website<\/td><td class=\"column-2\">Name + link<\/td><td class=\"column-3\">Logo + link<\/td><td class=\"column-4\">Logo + link<\/td>\n<\/tr>\n<tr class=\"row-4\">\n\t<td class=\"column-1\">J\u00e4hrliche Geb\u00fchr<\/td><td class=\"column-2\">250,- \u20ac<\/td><td class=\"column-3\">Beginnend mit  500,- \u20ac <br \/>\n<em>steigend je nach Gr\u00f6\u00dfe<\/em><br \/>\n<\/td><td class=\"column-4\">Beginnend mit 3500,-\u20ac<br \/>\n<em>Und steigend je nach Gr\u00f6\u00dfe<\/em><br \/>\n(die Geb\u00fchr verdoppelt sich, wenn man Teil der Steuerungsgruppe sein m\u00f6chte)<br \/>\n<br \/>\n<\/td>\n<\/tr>\n<tr class=\"row-5\">\n\t<td class=\"column-1\">Empfohlen f\u00fcr<\/td><td class=\"column-2\">Reparaturwerkst\u00e4tten und kleine Startups (bis 5 Mitarbeiter)<\/td><td class=\"column-3\">Kleine und mittlere Organisationen <\/td><td class=\"column-4\">Mittlere und gro\u00dfe Organisationen<\/td>\n<\/tr>\n<\/tbody>\n<\/table>\n<!-- #tablepress-6 from cache -->    <\/div>\n\n        \n<\/div>\n\n\n\n<div class=\"wp-block-buttons is-layout-flex wp-block-buttons-is-layout-flex\">\n<div class=\"wp-block-button\"><a class=\"wp-block-button__link has-dark-gray-color has-text-color has-background wp-element-button\" href=\"https:\/\/repair.eu\/de\/der-kampagne-als-organisation-beitreten\/\" style=\"background-color:#ffcd00\" rel=\"https:\/\/repair.eu\/join-the-campaign-as-an-organisation\/\">Der Kampagne als Organisation beitreten<\/a><\/div>\n<\/div>\n\n\n\n<div class=\"wp-block-group\"><div class=\"wp-block-group__inner-container is-layout-flow wp-block-group-is-layout-flow\">\n<div class=\"wp-block-group make-one-col\"><div class=\"wp-block-group__inner-container is-layout-flow wp-block-group-is-layout-flow\">\n<div class=\"wp-block-group make-one-col\"><div class=\"wp-block-group__inner-container is-layout-flow wp-block-group-is-layout-flow\">\n<div class=\"wp-block-group\"><div class=\"wp-block-group__inner-container is-layout-flow wp-block-group-is-layout-flow\">\n<div class=\"wp-block-group make-one-col\"><div class=\"wp-block-group__inner-container is-layout-flow wp-block-group-is-layout-flow\">\n<div class=\"wp-block-group\"><div class=\"wp-block-group__inner-container is-layout-flow wp-block-group-is-layout-flow\">\n<div class=\"wp-block-group\"><div class=\"wp-block-group__inner-container is-layout-flow wp-block-group-is-layout-flow\">\n<div class=\"wp-block-group\"><div class=\"wp-block-group__inner-container is-layout-flow wp-block-group-is-layout-flow\">\n<div class=\"wp-block-group make-one-col\"><div class=\"wp-block-group__inner-container is-layout-flow wp-block-group-is-layout-flow\"><link href='https:\/\/actionnetwork.org\/css\/style-embed-whitelabel-v3.css' rel='stylesheet' type='text\/css' \/><script src='https:\/\/actionnetwork.org\/widgets\/v3\/form\/der-kampagne-beitreten?format=js&source=widget&style=full'><\/script><div id='can-form-area-der-kampagne-beitreten' style='width: 100%'><!-- this div is the target for our HTML insertion --><\/div>\n<\/div><\/div>\n<\/div><\/div>\n<\/div><\/div>\n<\/div><\/div>\n<\/div><\/div>\n<\/div><\/div>\n<\/div><\/div>\n<\/div><\/div>\n<\/div><\/div>\n","protected":false},"excerpt":{"rendered":"<p>Vielen Dank f\u00fcr Ihr Interesse an einer Teilnahme an der Kampagne \u201eRight to Repair Europe\u201c! Die Mitgliedschaft in der Koalition steht Gruppen und Organisationen aus ganz Europa offen, die sich f\u00fcr das universelle Recht auf Reparatur einsetzen. Dazu geh\u00f6ren unter anderem: gemeinn\u00fctzige Organisationen, Netzwerke von Reparaturinitiativen oder professionellen Reparaturbetrieben, einzelne Reparaturinitiativen und Repair Caf\u00e9s, akademische &hellip; <\/p>\n<p class=\"link-more\"><a href=\"https:\/\/repair.eu\/de\/mitglied-der-kampagne-werden\/\" class=\"more-link\"><span class=\"screen-reader-text\">\u201eMitglied werden\u201c <\/span>weiterlesen<\/a><\/p>\n","protected":false},"author":2,"featured_media":0,"parent":0,"menu_order":0,"comment_status":"closed","ping_status":"closed","template":"","meta":{"_acf_changed":false,"footnotes":""},"class_list":["post-1768","page","type-page","status-publish","hentry","entry"],"acf":[],"yoast_head":"<!-- This site is optimized with the Yoast SEO plugin v27.3 - https:\/\/yoast.com\/product\/yoast-seo-wordpress\/ -->\n<title>Mitglied werden - Right to Repair Europe<\/title>\n<meta name=\"robots\" content=\"index, follow, max-snippet:-1, max-image-preview:large, max-video-preview:-1\" \/>\n<link rel=\"canonical\" href=\"https:\/\/repair.eu\/de\/mitglied-der-kampagne-werden\/\" \/>\n<meta property=\"og:locale\" content=\"de_DE\" \/>\n<meta property=\"og:type\" content=\"article\" \/>\n<meta property=\"og:title\" content=\"Mitglied werden - Right to Repair Europe\" \/>\n<meta property=\"og:description\" content=\"Vielen Dank f\u00fcr Ihr Interesse an einer Teilnahme an der Kampagne \u201eRight to Repair Europe\u201c! Die Mitgliedschaft in der Koalition steht Gruppen und Organisationen aus ganz Europa offen, die sich f\u00fcr das universelle Recht auf Reparatur einsetzen. Dazu geh\u00f6ren unter anderem: gemeinn\u00fctzige Organisationen, Netzwerke von Reparaturinitiativen oder professionellen Reparaturbetrieben, einzelne Reparaturinitiativen und Repair Caf\u00e9s, akademische &hellip; \u201eMitglied werden\u201c weiterlesen\" \/>\n<meta property=\"og:url\" content=\"https:\/\/repair.eu\/de\/mitglied-der-kampagne-werden\/\" \/>\n<meta property=\"og:site_name\" content=\"Right to Repair Europe\" \/>\n<meta property=\"article:publisher\" content=\"https:\/\/www.facebook.com\/righttorepaireurope\/\" \/>\n<meta property=\"article:modified_time\" content=\"2025-09-10T11:06:27+00:00\" \/>\n<meta property=\"og:image\" content=\"https:\/\/repair.eu\/wp-content\/uploads\/2021\/07\/image.jpeg\" \/>\n\t<meta property=\"og:image:width\" content=\"2600\" \/>\n\t<meta property=\"og:image:height\" content=\"1950\" \/>\n\t<meta property=\"og:image:type\" content=\"image\/jpeg\" \/>\n<meta name=\"twitter:card\" content=\"summary_large_image\" \/>\n<meta name=\"twitter:site\" content=\"@R2REurope\" \/>\n<meta name=\"twitter:label1\" content=\"Gesch\u00e4tzte Lesezeit\" \/>\n\t<meta name=\"twitter:data1\" content=\"1\u00a0Minute\" \/>\n<script type=\"application\/ld+json\" class=\"yoast-schema-graph\">{\"@context\":\"https:\\\/\\\/schema.org\",\"@graph\":[{\"@type\":\"WebPage\",\"@id\":\"https:\\\/\\\/repair.eu\\\/de\\\/mitglied-der-kampagne-werden\\\/\",\"url\":\"https:\\\/\\\/repair.eu\\\/de\\\/mitglied-der-kampagne-werden\\\/\",\"name\":\"Mitglied werden - Right to Repair Europe\",\"isPartOf\":{\"@id\":\"https:\\\/\\\/repair.eu\\\/de\\\/#website\"},\"primaryImageOfPage\":{\"@id\":\"https:\\\/\\\/repair.eu\\\/de\\\/mitglied-der-kampagne-werden\\\/#primaryimage\"},\"image\":{\"@id\":\"https:\\\/\\\/repair.eu\\\/de\\\/mitglied-der-kampagne-werden\\\/#primaryimage\"},\"thumbnailUrl\":\"https:\\\/\\\/repair.eu\\\/wp-content\\\/uploads\\\/2021\\\/07\\\/image-1024x768.jpeg\",\"datePublished\":\"2020-09-01T13:46:19+00:00\",\"dateModified\":\"2025-09-10T11:06:27+00:00\",\"breadcrumb\":{\"@id\":\"https:\\\/\\\/repair.eu\\\/de\\\/mitglied-der-kampagne-werden\\\/#breadcrumb\"},\"inLanguage\":\"de\",\"potentialAction\":[{\"@type\":\"ReadAction\",\"target\":[\"https:\\\/\\\/repair.eu\\\/de\\\/mitglied-der-kampagne-werden\\\/\"]}]},{\"@type\":\"ImageObject\",\"inLanguage\":\"de\",\"@id\":\"https:\\\/\\\/repair.eu\\\/de\\\/mitglied-der-kampagne-werden\\\/#primaryimage\",\"url\":\"https:\\\/\\\/repair.eu\\\/wp-content\\\/uploads\\\/2021\\\/07\\\/image-1024x768.jpeg\",\"contentUrl\":\"https:\\\/\\\/repair.eu\\\/wp-content\\\/uploads\\\/2021\\\/07\\\/image-1024x768.jpeg\"},{\"@type\":\"BreadcrumbList\",\"@id\":\"https:\\\/\\\/repair.eu\\\/de\\\/mitglied-der-kampagne-werden\\\/#breadcrumb\",\"itemListElement\":[{\"@type\":\"ListItem\",\"position\":1,\"name\":\"Home\",\"item\":\"https:\\\/\\\/repair.eu\\\/de\\\/\"},{\"@type\":\"ListItem\",\"position\":2,\"name\":\"Mitglied werden\"}]},{\"@type\":\"WebSite\",\"@id\":\"https:\\\/\\\/repair.eu\\\/de\\\/#website\",\"url\":\"https:\\\/\\\/repair.eu\\\/de\\\/\",\"name\":\"Right to Repair Europe\",\"description\":\"\",\"publisher\":{\"@id\":\"https:\\\/\\\/repair.eu\\\/de\\\/#organization\"},\"potentialAction\":[{\"@type\":\"SearchAction\",\"target\":{\"@type\":\"EntryPoint\",\"urlTemplate\":\"https:\\\/\\\/repair.eu\\\/de\\\/?s={search_term_string}\"},\"query-input\":{\"@type\":\"PropertyValueSpecification\",\"valueRequired\":true,\"valueName\":\"search_term_string\"}}],\"inLanguage\":\"de\"},{\"@type\":\"Organization\",\"@id\":\"https:\\\/\\\/repair.eu\\\/de\\\/#organization\",\"name\":\"Right to Repair Europe\",\"url\":\"https:\\\/\\\/repair.eu\\\/de\\\/\",\"logo\":{\"@type\":\"ImageObject\",\"inLanguage\":\"de\",\"@id\":\"https:\\\/\\\/repair.eu\\\/de\\\/#\\\/schema\\\/logo\\\/image\\\/\",\"url\":\"https:\\\/\\\/repair.eu\\\/wp-content\\\/uploads\\\/2019\\\/09\\\/Right-to-repair-logo.png\",\"contentUrl\":\"https:\\\/\\\/repair.eu\\\/wp-content\\\/uploads\\\/2019\\\/09\\\/Right-to-repair-logo.png\",\"width\":451,\"height\":62,\"caption\":\"Right to Repair Europe\"},\"image\":{\"@id\":\"https:\\\/\\\/repair.eu\\\/de\\\/#\\\/schema\\\/logo\\\/image\\\/\"},\"sameAs\":[\"https:\\\/\\\/www.facebook.com\\\/righttorepaireurope\\\/\",\"https:\\\/\\\/x.com\\\/R2REurope\",\"https:\\\/\\\/www.instagram.com\\\/R2REurope\\\/\"]}]}<\/script>\n<!-- \/ Yoast SEO plugin. -->","yoast_head_json":{"title":"Mitglied werden - Right to Repair Europe","robots":{"index":"index","follow":"follow","max-snippet":"max-snippet:-1","max-image-preview":"max-image-preview:large","max-video-preview":"max-video-preview:-1"},"canonical":"https:\/\/repair.eu\/de\/mitglied-der-kampagne-werden\/","og_locale":"de_DE","og_type":"article","og_title":"Mitglied werden - Right to Repair Europe","og_description":"Vielen Dank f\u00fcr Ihr Interesse an einer Teilnahme an der Kampagne \u201eRight to Repair Europe\u201c! Die Mitgliedschaft in der Koalition steht Gruppen und Organisationen aus ganz Europa offen, die sich f\u00fcr das universelle Recht auf Reparatur einsetzen. Dazu geh\u00f6ren unter anderem: gemeinn\u00fctzige Organisationen, Netzwerke von Reparaturinitiativen oder professionellen Reparaturbetrieben, einzelne Reparaturinitiativen und Repair Caf\u00e9s, akademische &hellip; \u201eMitglied werden\u201c weiterlesen","og_url":"https:\/\/repair.eu\/de\/mitglied-der-kampagne-werden\/","og_site_name":"Right to Repair Europe","article_publisher":"https:\/\/www.facebook.com\/righttorepaireurope\/","article_modified_time":"2025-09-10T11:06:27+00:00","og_image":[{"width":2600,"height":1950,"url":"https:\/\/repair.eu\/wp-content\/uploads\/2021\/07\/image.jpeg","type":"image\/jpeg"}],"twitter_card":"summary_large_image","twitter_site":"@R2REurope","twitter_misc":{"Gesch\u00e4tzte Lesezeit":"1\u00a0Minute"},"schema":{"@context":"https:\/\/schema.org","@graph":[{"@type":"WebPage","@id":"https:\/\/repair.eu\/de\/mitglied-der-kampagne-werden\/","url":"https:\/\/repair.eu\/de\/mitglied-der-kampagne-werden\/","name":"Mitglied werden - Right to Repair Europe","isPartOf":{"@id":"https:\/\/repair.eu\/de\/#website"},"primaryImageOfPage":{"@id":"https:\/\/repair.eu\/de\/mitglied-der-kampagne-werden\/#primaryimage"},"image":{"@id":"https:\/\/repair.eu\/de\/mitglied-der-kampagne-werden\/#primaryimage"},"thumbnailUrl":"https:\/\/repair.eu\/wp-content\/uploads\/2021\/07\/image-1024x768.jpeg","datePublished":"2020-09-01T13:46:19+00:00","dateModified":"2025-09-10T11:06:27+00:00","breadcrumb":{"@id":"https:\/\/repair.eu\/de\/mitglied-der-kampagne-werden\/#breadcrumb"},"inLanguage":"de","potentialAction":[{"@type":"ReadAction","target":["https:\/\/repair.eu\/de\/mitglied-der-kampagne-werden\/"]}]},{"@type":"ImageObject","inLanguage":"de","@id":"https:\/\/repair.eu\/de\/mitglied-der-kampagne-werden\/#primaryimage","url":"https:\/\/repair.eu\/wp-content\/uploads\/2021\/07\/image-1024x768.jpeg","contentUrl":"https:\/\/repair.eu\/wp-content\/uploads\/2021\/07\/image-1024x768.jpeg"},{"@type":"BreadcrumbList","@id":"https:\/\/repair.eu\/de\/mitglied-der-kampagne-werden\/#breadcrumb","itemListElement":[{"@type":"ListItem","position":1,"name":"Home","item":"https:\/\/repair.eu\/de\/"},{"@type":"ListItem","position":2,"name":"Mitglied werden"}]},{"@type":"WebSite","@id":"https:\/\/repair.eu\/de\/#website","url":"https:\/\/repair.eu\/de\/","name":"Right to Repair Europe","description":"","publisher":{"@id":"https:\/\/repair.eu\/de\/#organization"},"potentialAction":[{"@type":"SearchAction","target":{"@type":"EntryPoint","urlTemplate":"https:\/\/repair.eu\/de\/?s={search_term_string}"},"query-input":{"@type":"PropertyValueSpecification","valueRequired":true,"valueName":"search_term_string"}}],"inLanguage":"de"},{"@type":"Organization","@id":"https:\/\/repair.eu\/de\/#organization","name":"Right to Repair Europe","url":"https:\/\/repair.eu\/de\/","logo":{"@type":"ImageObject","inLanguage":"de","@id":"https:\/\/repair.eu\/de\/#\/schema\/logo\/image\/","url":"https:\/\/repair.eu\/wp-content\/uploads\/2019\/09\/Right-to-repair-logo.png","contentUrl":"https:\/\/repair.eu\/wp-content\/uploads\/2019\/09\/Right-to-repair-logo.png","width":451,"height":62,"caption":"Right to Repair Europe"},"image":{"@id":"https:\/\/repair.eu\/de\/#\/schema\/logo\/image\/"},"sameAs":["https:\/\/www.facebook.com\/righttorepaireurope\/","https:\/\/x.com\/R2REurope","https:\/\/www.instagram.com\/R2REurope\/"]}]}},"_links":{"self":[{"href":"https:\/\/repair.eu\/de\/wp-json\/wp\/v2\/pages\/1768","targetHints":{"allow":["GET"]}}],"collection":[{"href":"https:\/\/repair.eu\/de\/wp-json\/wp\/v2\/pages"}],"about":[{"href":"https:\/\/repair.eu\/de\/wp-json\/wp\/v2\/types\/page"}],"author":[{"embeddable":true,"href":"https:\/\/repair.eu\/de\/wp-json\/wp\/v2\/users\/2"}],"replies":[{"embeddable":true,"href":"https:\/\/repair.eu\/de\/wp-json\/wp\/v2\/comments?post=1768"}],"version-history":[{"count":10,"href":"https:\/\/repair.eu\/de\/wp-json\/wp\/v2\/pages\/1768\/revisions"}],"predecessor-version":[{"id":7924,"href":"https:\/\/repair.eu\/de\/wp-json\/wp\/v2\/pages\/1768\/revisions\/7924"}],"wp:attachment":[{"href":"https:\/\/repair.eu\/de\/wp-json\/wp\/v2\/media?parent=1768"}],"curies":[{"name":"wp","href":"https:\/\/api.w.org\/{rel}","templated":true}]}}