{"id":1788,"date":"2020-09-02T12:51:03","date_gmt":"2020-09-02T10:51:03","guid":{"rendered":"https:\/\/repair.eu\/?page_id=1788"},"modified":"2024-01-29T13:49:31","modified_gmt":"2024-01-29T12:49:31","slug":"spenden","status":"publish","type":"page","link":"https:\/\/repair.eu\/de\/spenden\/","title":{"rendered":"Spenden"},"content":{"rendered":"\n<h3 class=\"wp-block-heading\">Die Kampagne mit einer Spende unterst\u00fctzen<\/h3>\n\n\n\n<p>Dank Ihrer Unterst\u00fctzung hat unsere Kampagne gro\u00dfe Fortschritte gemacht. Wir haben strengere EU-Vorschriften erreicht:<\/p>\n\n\n\n<ul class=\"wp-block-list\">\n<li>Mehr von Nutzer*innen austauschbare Batterien f\u00fcr k\u00fcnftige Ger\u00e4te (2027) und die Verpflichtung, sie zu &#8222;fairen&#8220; Preisen zu verkaufen;<\/li>\n\n\n\n<li>Einen Reparaturindex f\u00fcr Smartphones, 5 Jahre Software-Support und 7 Jahre Verf\u00fcgbarkeit von Ersatzteilen f\u00fcr k\u00fcnftige Ger\u00e4te (2025);<\/li>\n<\/ul>\n\n\n\n<p>Aber der Kampf ist noch lange nicht vorbei! Mit Ihrer Spende unterst\u00fctzen Sie uns in unseren Bem\u00fchungen, daf\u00fcr zu sorgen, dass die EU weiter auf eine Kreislaufwirtschaft hinarbeitet und dass wir in Europa vollst\u00e4ndig reparierbare Produkte erreichen.<\/p>\n\n\n\n<p>Bitte setzen Sie sich <a href=\"info@repair.eu\" target=\"_blank\" rel=\"noreferrer noopener\">mit uns<\/a> in Verbindung, wenn Sie per Bank\u00fcberweisung spenden m\u00f6chten. Paypal-Nutzer*innen k\u00f6nnen sich in ihr Konto einloggen und eine \u00dcberweisung an\u00a0<a href=\"mailto:info@repair.eu\" target=\"_blank\" rel=\"noreferrer noopener\">info@repair.eu<\/a>\u00a0vornehmen. Wenn Sie ein Unternehmen oder eine andere Organisation vertreten, die bereit ist, die Arbeit der Kampagne zu unterst\u00fctzen, nehmen Sie gerne <a href=\"info@repair.eu\" target=\"_blank\" rel=\"noreferrer noopener\">Kontakt mit uns auf<\/a>.<\/p>\n\n\n\n<script src=\"https:\/\/actionnetwork.org\/widgets\/v3\/fundraising\/test-donate-to-right-to-repair-europe?format=js&amp;source=widget&amp;css=whitelabel&amp;style=full\"><\/script><div id=\"can-fundraising-area-test-donate-to-right-to-repair-europe\" style=\"width: 100%\"><!-- this div is the target for our HTML insertion --><\/div>\n\n\n\n<p><\/p>\n","protected":false},"excerpt":{"rendered":"<p>Die Kampagne mit einer Spende unterst\u00fctzen Dank Ihrer Unterst\u00fctzung hat unsere Kampagne gro\u00dfe Fortschritte gemacht. Wir haben strengere EU-Vorschriften erreicht: Aber der Kampf ist noch lange nicht vorbei! Mit Ihrer Spende unterst\u00fctzen Sie uns in unseren Bem\u00fchungen, daf\u00fcr zu sorgen, dass die EU weiter auf eine Kreislaufwirtschaft hinarbeitet und dass wir in Europa vollst\u00e4ndig reparierbare &hellip; <\/p>\n<p class=\"link-more\"><a href=\"https:\/\/repair.eu\/de\/spenden\/\" class=\"more-link\"><span class=\"screen-reader-text\">\u201eSpenden\u201c <\/span>weiterlesen<\/a><\/p>\n","protected":false},"author":2,"featured_media":0,"parent":0,"menu_order":0,"comment_status":"closed","ping_status":"closed","template":"","meta":{"_acf_changed":false,"footnotes":""},"class_list":["post-1788","page","type-page","status-publish","hentry","entry"],"acf":[],"yoast_head":"<!-- This site is optimized with the Yoast SEO plugin v27.3 - https:\/\/yoast.com\/product\/yoast-seo-wordpress\/ -->\n<title>Spenden - Right to Repair Europe<\/title>\n<meta name=\"robots\" content=\"index, follow, max-snippet:-1, max-image-preview:large, max-video-preview:-1\" \/>\n<link rel=\"canonical\" href=\"https:\/\/repair.eu\/de\/spenden\/\" \/>\n<meta property=\"og:locale\" content=\"de_DE\" \/>\n<meta property=\"og:type\" content=\"article\" \/>\n<meta property=\"og:title\" content=\"Spenden - Right to Repair Europe\" \/>\n<meta property=\"og:description\" content=\"Die Kampagne mit einer Spende unterst\u00fctzen Dank Ihrer Unterst\u00fctzung hat unsere Kampagne gro\u00dfe Fortschritte gemacht. Wir haben strengere EU-Vorschriften erreicht: Aber der Kampf ist noch lange nicht vorbei! Mit Ihrer Spende unterst\u00fctzen Sie uns in unseren Bem\u00fchungen, daf\u00fcr zu sorgen, dass die EU weiter auf eine Kreislaufwirtschaft hinarbeitet und dass wir in Europa vollst\u00e4ndig reparierbare &hellip; \u201eSpenden\u201c weiterlesen\" \/>\n<meta property=\"og:url\" content=\"https:\/\/repair.eu\/de\/spenden\/\" \/>\n<meta property=\"og:site_name\" content=\"Right to Repair Europe\" \/>\n<meta property=\"article:publisher\" content=\"https:\/\/www.facebook.com\/righttorepaireurope\/\" \/>\n<meta property=\"article:modified_time\" content=\"2024-01-29T12:49:31+00:00\" \/>\n<meta property=\"og:image\" content=\"https:\/\/repair.eu\/wp-content\/uploads\/2019\/09\/R2RFacebookImage.png\" \/>\n\t<meta property=\"og:image:width\" content=\"1200\" \/>\n\t<meta property=\"og:image:height\" content=\"630\" \/>\n\t<meta property=\"og:image:type\" content=\"image\/png\" \/>\n<meta name=\"twitter:card\" content=\"summary_large_image\" \/>\n<meta name=\"twitter:site\" content=\"@R2REurope\" \/>\n<meta name=\"twitter:label1\" content=\"Gesch\u00e4tzte Lesezeit\" \/>\n\t<meta name=\"twitter:data1\" content=\"1\u00a0Minute\" \/>\n<script type=\"application\/ld+json\" class=\"yoast-schema-graph\">{\"@context\":\"https:\\\/\\\/schema.org\",\"@graph\":[{\"@type\":\"WebPage\",\"@id\":\"https:\\\/\\\/repair.eu\\\/de\\\/spenden\\\/\",\"url\":\"https:\\\/\\\/repair.eu\\\/de\\\/spenden\\\/\",\"name\":\"Spenden - Right to Repair Europe\",\"isPartOf\":{\"@id\":\"https:\\\/\\\/repair.eu\\\/de\\\/#website\"},\"datePublished\":\"2020-09-02T10:51:03+00:00\",\"dateModified\":\"2024-01-29T12:49:31+00:00\",\"breadcrumb\":{\"@id\":\"https:\\\/\\\/repair.eu\\\/de\\\/spenden\\\/#breadcrumb\"},\"inLanguage\":\"de\",\"potentialAction\":[{\"@type\":\"ReadAction\",\"target\":[\"https:\\\/\\\/repair.eu\\\/de\\\/spenden\\\/\"]}]},{\"@type\":\"BreadcrumbList\",\"@id\":\"https:\\\/\\\/repair.eu\\\/de\\\/spenden\\\/#breadcrumb\",\"itemListElement\":[{\"@type\":\"ListItem\",\"position\":1,\"name\":\"Home\",\"item\":\"https:\\\/\\\/repair.eu\\\/de\\\/\"},{\"@type\":\"ListItem\",\"position\":2,\"name\":\"Spenden\"}]},{\"@type\":\"WebSite\",\"@id\":\"https:\\\/\\\/repair.eu\\\/de\\\/#website\",\"url\":\"https:\\\/\\\/repair.eu\\\/de\\\/\",\"name\":\"Right to Repair Europe\",\"description\":\"\",\"publisher\":{\"@id\":\"https:\\\/\\\/repair.eu\\\/de\\\/#organization\"},\"potentialAction\":[{\"@type\":\"SearchAction\",\"target\":{\"@type\":\"EntryPoint\",\"urlTemplate\":\"https:\\\/\\\/repair.eu\\\/de\\\/?s={search_term_string}\"},\"query-input\":{\"@type\":\"PropertyValueSpecification\",\"valueRequired\":true,\"valueName\":\"search_term_string\"}}],\"inLanguage\":\"de\"},{\"@type\":\"Organization\",\"@id\":\"https:\\\/\\\/repair.eu\\\/de\\\/#organization\",\"name\":\"Right to Repair Europe\",\"url\":\"https:\\\/\\\/repair.eu\\\/de\\\/\",\"logo\":{\"@type\":\"ImageObject\",\"inLanguage\":\"de\",\"@id\":\"https:\\\/\\\/repair.eu\\\/de\\\/#\\\/schema\\\/logo\\\/image\\\/\",\"url\":\"https:\\\/\\\/repair.eu\\\/wp-content\\\/uploads\\\/2019\\\/09\\\/Right-to-repair-logo.png\",\"contentUrl\":\"https:\\\/\\\/repair.eu\\\/wp-content\\\/uploads\\\/2019\\\/09\\\/Right-to-repair-logo.png\",\"width\":451,\"height\":62,\"caption\":\"Right to Repair Europe\"},\"image\":{\"@id\":\"https:\\\/\\\/repair.eu\\\/de\\\/#\\\/schema\\\/logo\\\/image\\\/\"},\"sameAs\":[\"https:\\\/\\\/www.facebook.com\\\/righttorepaireurope\\\/\",\"https:\\\/\\\/x.com\\\/R2REurope\",\"https:\\\/\\\/www.instagram.com\\\/R2REurope\\\/\"]}]}<\/script>\n<!-- \/ Yoast SEO plugin. -->","yoast_head_json":{"title":"Spenden - Right to Repair Europe","robots":{"index":"index","follow":"follow","max-snippet":"max-snippet:-1","max-image-preview":"max-image-preview:large","max-video-preview":"max-video-preview:-1"},"canonical":"https:\/\/repair.eu\/de\/spenden\/","og_locale":"de_DE","og_type":"article","og_title":"Spenden - Right to Repair Europe","og_description":"Die Kampagne mit einer Spende unterst\u00fctzen Dank Ihrer Unterst\u00fctzung hat unsere Kampagne gro\u00dfe Fortschritte gemacht. Wir haben strengere EU-Vorschriften erreicht: Aber der Kampf ist noch lange nicht vorbei! Mit Ihrer Spende unterst\u00fctzen Sie uns in unseren Bem\u00fchungen, daf\u00fcr zu sorgen, dass die EU weiter auf eine Kreislaufwirtschaft hinarbeitet und dass wir in Europa vollst\u00e4ndig reparierbare &hellip; \u201eSpenden\u201c weiterlesen","og_url":"https:\/\/repair.eu\/de\/spenden\/","og_site_name":"Right to Repair Europe","article_publisher":"https:\/\/www.facebook.com\/righttorepaireurope\/","article_modified_time":"2024-01-29T12:49:31+00:00","og_image":[{"width":1200,"height":630,"url":"https:\/\/repair.eu\/wp-content\/uploads\/2019\/09\/R2RFacebookImage.png","type":"image\/png"}],"twitter_card":"summary_large_image","twitter_site":"@R2REurope","twitter_misc":{"Gesch\u00e4tzte Lesezeit":"1\u00a0Minute"},"schema":{"@context":"https:\/\/schema.org","@graph":[{"@type":"WebPage","@id":"https:\/\/repair.eu\/de\/spenden\/","url":"https:\/\/repair.eu\/de\/spenden\/","name":"Spenden - Right to Repair Europe","isPartOf":{"@id":"https:\/\/repair.eu\/de\/#website"},"datePublished":"2020-09-02T10:51:03+00:00","dateModified":"2024-01-29T12:49:31+00:00","breadcrumb":{"@id":"https:\/\/repair.eu\/de\/spenden\/#breadcrumb"},"inLanguage":"de","potentialAction":[{"@type":"ReadAction","target":["https:\/\/repair.eu\/de\/spenden\/"]}]},{"@type":"BreadcrumbList","@id":"https:\/\/repair.eu\/de\/spenden\/#breadcrumb","itemListElement":[{"@type":"ListItem","position":1,"name":"Home","item":"https:\/\/repair.eu\/de\/"},{"@type":"ListItem","position":2,"name":"Spenden"}]},{"@type":"WebSite","@id":"https:\/\/repair.eu\/de\/#website","url":"https:\/\/repair.eu\/de\/","name":"Right to Repair Europe","description":"","publisher":{"@id":"https:\/\/repair.eu\/de\/#organization"},"potentialAction":[{"@type":"SearchAction","target":{"@type":"EntryPoint","urlTemplate":"https:\/\/repair.eu\/de\/?s={search_term_string}"},"query-input":{"@type":"PropertyValueSpecification","valueRequired":true,"valueName":"search_term_string"}}],"inLanguage":"de"},{"@type":"Organization","@id":"https:\/\/repair.eu\/de\/#organization","name":"Right to Repair Europe","url":"https:\/\/repair.eu\/de\/","logo":{"@type":"ImageObject","inLanguage":"de","@id":"https:\/\/repair.eu\/de\/#\/schema\/logo\/image\/","url":"https:\/\/repair.eu\/wp-content\/uploads\/2019\/09\/Right-to-repair-logo.png","contentUrl":"https:\/\/repair.eu\/wp-content\/uploads\/2019\/09\/Right-to-repair-logo.png","width":451,"height":62,"caption":"Right to Repair Europe"},"image":{"@id":"https:\/\/repair.eu\/de\/#\/schema\/logo\/image\/"},"sameAs":["https:\/\/www.facebook.com\/righttorepaireurope\/","https:\/\/x.com\/R2REurope","https:\/\/www.instagram.com\/R2REurope\/"]}]}},"_links":{"self":[{"href":"https:\/\/repair.eu\/de\/wp-json\/wp\/v2\/pages\/1788","targetHints":{"allow":["GET"]}}],"collection":[{"href":"https:\/\/repair.eu\/de\/wp-json\/wp\/v2\/pages"}],"about":[{"href":"https:\/\/repair.eu\/de\/wp-json\/wp\/v2\/types\/page"}],"author":[{"embeddable":true,"href":"https:\/\/repair.eu\/de\/wp-json\/wp\/v2\/users\/2"}],"replies":[{"embeddable":true,"href":"https:\/\/repair.eu\/de\/wp-json\/wp\/v2\/comments?post=1788"}],"version-history":[{"count":4,"href":"https:\/\/repair.eu\/de\/wp-json\/wp\/v2\/pages\/1788\/revisions"}],"predecessor-version":[{"id":6303,"href":"https:\/\/repair.eu\/de\/wp-json\/wp\/v2\/pages\/1788\/revisions\/6303"}],"wp:attachment":[{"href":"https:\/\/repair.eu\/de\/wp-json\/wp\/v2\/media?parent=1788"}],"curies":[{"name":"wp","href":"https:\/\/api.w.org\/{rel}","templated":true}]}}