{"id":6509,"date":"2024-02-19T12:04:53","date_gmt":"2024-02-19T11:04:53","guid":{"rendered":"https:\/\/repair.eu\/?page_id=6509"},"modified":"2024-02-19T12:04:55","modified_gmt":"2024-02-19T11:04:55","slug":"was-wir-wollen","status":"publish","type":"page","link":"https:\/\/repair.eu\/de\/was-wir-wollen\/","title":{"rendered":"Was wir wollen"},"content":{"rendered":"\n<h2 class=\"wp-block-heading\"><strong>Setzen Sie sich f\u00fcr Ihr allgemeines Recht auf Reparatur ein!<\/strong><\/h2>\n\n\n\n<p><strong>Was erwarten wir von politischen Entscheidungstr\u00e4gern?<\/strong><\/p>\n\n\n\n<p>Eine ganze Menge. Wir haben hohe Erwartungen \u2013 schlie\u00dflich geht es hier um die Zukunft unseres Planeten! Auf dieser Seite finden Sie unsere wichtigsten Forderungen. Falls Sie lieber unsere detaillierten Positionen lesen m\u00f6chten, finden Sie diese hier.&nbsp;<\/p>\n\n\n\n<p><strong>Gutes Design<\/strong><\/p>\n\n\n\n<p>Produkte sollten nicht nur leistungsf\u00e4hig, sondern auch langlebig und reparierbar gestaltet sein. Reparierbare Produkte m\u00fcssen so gestaltet sein, dass man sie leicht auseinandernehmen kann.&nbsp;&nbsp;<\/p>\n\n\n\n<p><em>Unser kurzfristiges Ziel: Die EU-Gesetzgebung legt horizontale Mindestanforderungen an die Produktgestaltung fest, um eine einfache Demontage und den Austausch von Schl\u00fcsselkomponenten in allen Produkten zu gew\u00e4hrleisten.<\/em><\/p>\n\n\n\n<p><strong>Universeller und fairer Zugang zu Ersatzteilen, Reparaturanleitungen und Diagnosewerkzeugen<\/strong><\/p>\n\n\n\n<p>Reparaturen sollten zug\u00e4nglich, erschwinglich und gel\u00e4ufig sein. Das bedeutet, dass die Reparatur eines Produkts nicht teurer sein sollte als der Kauf eines neuen Produkts. Rechtliche H\u00fcrden sollten Einzelpersonen, unabh\u00e4ngige ReparateurInnen und kommunale Reparaturgruppen nicht daran hindern, defekte Produkte zu reparieren. Wir wollen ein allgemeines Recht auf Reparatur: Jede*r soll w\u00e4hrend der gesamten Lebensdauer eines Produkts Zugang zu Ersatzteilen und Reparaturanleitungen haben.<\/p>\n\n\n\n<p><em>Unser kurzfristiges Ziel: Der EU-Rechtsrahmen gibt jedem, der reparieren will, Zugang zu Ersatzteilen, Reparaturinformationen und Diagnosewerkzeugen f\u00fcr alle Produktkategorien.<\/em><\/p>\n\n\n\n<p><strong>Informierte VerbraucherInnen<\/strong><\/p>\n\n\n\n<p>B\u00fcrgerInnen wollen wissen, ob ihre Produkte repariert werden k\u00f6nnen oder ob sie weggeworfen werden m\u00fcssen, sobald sie kaputt gehen. Informationen \u00fcber die Reparierbarkeit von Produkten sollten sowohl den B\u00fcrgerInnen als auch den Reparaturbetrieben beim Kauf zur Verf\u00fcgung gestellt werden.&nbsp;&nbsp;&nbsp;<\/p>\n\n\n\n<p><em>Unser kurzfristiges Ziel: Die EU soll ein Bewertungssystem f\u00fcr Reparierbarkeit (Reparaturindex) als Teil der bestehenden Energieverbrauchskennzeichnung f\u00fcr alle energiebetriebenen Produkte einf\u00fchren.<\/em><\/p>\n\n\n\n<p><strong>Erschwinglichkeit und Transparenz von Reparaturen<\/strong><\/p>\n\n\n\n<p>Angesichts steigender Lebenshaltungskosten und den jahrelangen Forderungen von B\u00fcrgerInnen nach zug\u00e4nglicher Elektronik-Reparatur ist die Erschwinglichkeit von Reparaturen ein wichtiges Thema. Reparaturen m\u00fcssen erschwinglich sein, um zu einer attraktiven oder \u00fcberhaupt machbaren Alternative zu werden. Daf\u00fcr brauchen wir insbesondere Zugang zu Ersatzteilen zu angemessenen Preisen und Lieferzeiten, mindestens f\u00fcr die gesamte erwartete Lebensdauer des Produkts.&nbsp;<\/p>\n\n\n\n<p><em>Unser kurzfristiges Ziel: Die EU-Gesetzgebung garantiert einen wettbewerbsf\u00e4higen Reparaturmarkt, einschlie\u00dflich des Einsatzes von gebrauchten Ersatzteilen und Ersatzteilen von Drittanbietern, macht Ersatzteile erschwinglich und deren Preis zu einem Kriterium f\u00fcr den EU-Reparaturindex.&nbsp;<\/em><\/p>\n\n\n\n<p>Die EU-Institutionen k\u00f6nnten die Erschwinglichkeit von Reparaturen weiter sicherstellen, indem sie finanzielle Anreize zur Preissenkung schaffen. Wir haben hier ausf\u00fchrlich \u00fcber die Erfolgsgeschichten von EU-Mitgliedstaaten geschrieben, die sich daf\u00fcr entschieden haben, Anreize f\u00fcr Reparaturen durch finanzielle Ma\u00dfnahmen zu schaffen.<\/p>\n\n\n\n<p><strong>Verbot eines breiten Spektrums reparaturfeindlicher Praktiken<\/strong><\/p>\n\n\n\n<p>Praktiken, die eine Reparatur \u00fcber die von den Herstellern zugelassenen Netze hinaus verhindern oder einschr\u00e4nken, m\u00fcssen verboten werden. Dazu geh\u00f6ren insbesondere Designs, bei denen der Originalhersteller den Austausch eines Teils aus der Ferne genehmigen muss, bevor die volle Funktionalit\u00e4t wiederhergestellt ist (\u201cpart pairing\u201d\/Serialisierung).<\/p>\n\n\n\n<p><em>Unser kurzfristiges Ziel: Verbot von vertraglichen, hardware-, firmware- oder softwarebasierten reparaturfeindlichen Praktiken auf dem EU-Markt.<\/em><\/p>\n","protected":false},"excerpt":{"rendered":"<p>Setzen Sie sich f\u00fcr Ihr allgemeines Recht auf Reparatur ein! Was erwarten wir von politischen Entscheidungstr\u00e4gern? Eine ganze Menge. Wir haben hohe Erwartungen \u2013 schlie\u00dflich geht es hier um die Zukunft unseres Planeten! Auf dieser Seite finden Sie unsere wichtigsten Forderungen. Falls Sie lieber unsere detaillierten Positionen lesen m\u00f6chten, finden Sie diese hier.&nbsp; Gutes Design &hellip; <\/p>\n<p class=\"link-more\"><a href=\"https:\/\/repair.eu\/de\/was-wir-wollen\/\" class=\"more-link\"><span class=\"screen-reader-text\">\u201eWas wir wollen\u201c <\/span>weiterlesen<\/a><\/p>\n","protected":false},"author":19,"featured_media":0,"parent":0,"menu_order":0,"comment_status":"closed","ping_status":"closed","template":"","meta":{"_acf_changed":false,"footnotes":""},"class_list":["post-6509","page","type-page","status-publish","hentry","entry"],"acf":[],"yoast_head":"<!-- This site is optimized with the Yoast SEO plugin v27.4 - https:\/\/yoast.com\/product\/yoast-seo-wordpress\/ -->\n<title>Was wir wollen - Right to Repair Europe<\/title>\n<meta name=\"robots\" content=\"index, follow, max-snippet:-1, max-image-preview:large, max-video-preview:-1\" \/>\n<link rel=\"canonical\" href=\"https:\/\/repair.eu\/de\/was-wir-wollen\/\" \/>\n<meta property=\"og:locale\" content=\"de_DE\" \/>\n<meta property=\"og:type\" content=\"article\" \/>\n<meta property=\"og:title\" content=\"Was wir wollen - Right to Repair Europe\" \/>\n<meta property=\"og:description\" content=\"Setzen Sie sich f\u00fcr Ihr allgemeines Recht auf Reparatur ein! Was erwarten wir von politischen Entscheidungstr\u00e4gern? Eine ganze Menge. Wir haben hohe Erwartungen \u2013 schlie\u00dflich geht es hier um die Zukunft unseres Planeten! Auf dieser Seite finden Sie unsere wichtigsten Forderungen. Falls Sie lieber unsere detaillierten Positionen lesen m\u00f6chten, finden Sie diese hier.&nbsp; Gutes Design &hellip; \u201eWas wir wollen\u201c weiterlesen\" \/>\n<meta property=\"og:url\" content=\"https:\/\/repair.eu\/de\/was-wir-wollen\/\" \/>\n<meta property=\"og:site_name\" content=\"Right to Repair Europe\" \/>\n<meta property=\"article:publisher\" content=\"https:\/\/www.facebook.com\/righttorepaireurope\/\" \/>\n<meta property=\"article:modified_time\" content=\"2024-02-19T11:04:55+00:00\" \/>\n<meta property=\"og:image\" content=\"https:\/\/repair.eu\/wp-content\/uploads\/2019\/09\/R2RFacebookImage.png\" \/>\n\t<meta property=\"og:image:width\" content=\"1200\" \/>\n\t<meta property=\"og:image:height\" content=\"630\" \/>\n\t<meta property=\"og:image:type\" content=\"image\/png\" \/>\n<meta name=\"twitter:card\" content=\"summary_large_image\" \/>\n<meta name=\"twitter:site\" content=\"@R2REurope\" \/>\n<meta name=\"twitter:label1\" content=\"Gesch\u00e4tzte Lesezeit\" \/>\n\t<meta name=\"twitter:data1\" content=\"2\u00a0Minuten\" \/>\n<script type=\"application\/ld+json\" class=\"yoast-schema-graph\">{\"@context\":\"https:\\\/\\\/schema.org\",\"@graph\":[{\"@type\":\"WebPage\",\"@id\":\"https:\\\/\\\/repair.eu\\\/de\\\/was-wir-wollen\\\/\",\"url\":\"https:\\\/\\\/repair.eu\\\/de\\\/was-wir-wollen\\\/\",\"name\":\"Was wir wollen - Right to Repair Europe\",\"isPartOf\":{\"@id\":\"https:\\\/\\\/repair.eu\\\/de\\\/#website\"},\"datePublished\":\"2024-02-19T11:04:53+00:00\",\"dateModified\":\"2024-02-19T11:04:55+00:00\",\"breadcrumb\":{\"@id\":\"https:\\\/\\\/repair.eu\\\/de\\\/was-wir-wollen\\\/#breadcrumb\"},\"inLanguage\":\"de\",\"potentialAction\":[{\"@type\":\"ReadAction\",\"target\":[\"https:\\\/\\\/repair.eu\\\/de\\\/was-wir-wollen\\\/\"]}]},{\"@type\":\"BreadcrumbList\",\"@id\":\"https:\\\/\\\/repair.eu\\\/de\\\/was-wir-wollen\\\/#breadcrumb\",\"itemListElement\":[{\"@type\":\"ListItem\",\"position\":1,\"name\":\"Home\",\"item\":\"https:\\\/\\\/repair.eu\\\/de\\\/\"},{\"@type\":\"ListItem\",\"position\":2,\"name\":\"Was wir wollen\"}]},{\"@type\":\"WebSite\",\"@id\":\"https:\\\/\\\/repair.eu\\\/de\\\/#website\",\"url\":\"https:\\\/\\\/repair.eu\\\/de\\\/\",\"name\":\"Right to Repair Europe\",\"description\":\"\",\"publisher\":{\"@id\":\"https:\\\/\\\/repair.eu\\\/de\\\/#organization\"},\"potentialAction\":[{\"@type\":\"SearchAction\",\"target\":{\"@type\":\"EntryPoint\",\"urlTemplate\":\"https:\\\/\\\/repair.eu\\\/de\\\/?s={search_term_string}\"},\"query-input\":{\"@type\":\"PropertyValueSpecification\",\"valueRequired\":true,\"valueName\":\"search_term_string\"}}],\"inLanguage\":\"de\"},{\"@type\":\"Organization\",\"@id\":\"https:\\\/\\\/repair.eu\\\/de\\\/#organization\",\"name\":\"Right to Repair Europe\",\"url\":\"https:\\\/\\\/repair.eu\\\/de\\\/\",\"logo\":{\"@type\":\"ImageObject\",\"inLanguage\":\"de\",\"@id\":\"https:\\\/\\\/repair.eu\\\/de\\\/#\\\/schema\\\/logo\\\/image\\\/\",\"url\":\"https:\\\/\\\/repair.eu\\\/wp-content\\\/uploads\\\/2019\\\/09\\\/Right-to-repair-logo.png\",\"contentUrl\":\"https:\\\/\\\/repair.eu\\\/wp-content\\\/uploads\\\/2019\\\/09\\\/Right-to-repair-logo.png\",\"width\":451,\"height\":62,\"caption\":\"Right to Repair Europe\"},\"image\":{\"@id\":\"https:\\\/\\\/repair.eu\\\/de\\\/#\\\/schema\\\/logo\\\/image\\\/\"},\"sameAs\":[\"https:\\\/\\\/www.facebook.com\\\/righttorepaireurope\\\/\",\"https:\\\/\\\/x.com\\\/R2REurope\",\"https:\\\/\\\/www.instagram.com\\\/R2REurope\\\/\"]}]}<\/script>\n<!-- \/ Yoast SEO plugin. -->","yoast_head_json":{"title":"Was wir wollen - Right to Repair Europe","robots":{"index":"index","follow":"follow","max-snippet":"max-snippet:-1","max-image-preview":"max-image-preview:large","max-video-preview":"max-video-preview:-1"},"canonical":"https:\/\/repair.eu\/de\/was-wir-wollen\/","og_locale":"de_DE","og_type":"article","og_title":"Was wir wollen - Right to Repair Europe","og_description":"Setzen Sie sich f\u00fcr Ihr allgemeines Recht auf Reparatur ein! Was erwarten wir von politischen Entscheidungstr\u00e4gern? Eine ganze Menge. Wir haben hohe Erwartungen \u2013 schlie\u00dflich geht es hier um die Zukunft unseres Planeten! Auf dieser Seite finden Sie unsere wichtigsten Forderungen. Falls Sie lieber unsere detaillierten Positionen lesen m\u00f6chten, finden Sie diese hier.&nbsp; Gutes Design &hellip; \u201eWas wir wollen\u201c weiterlesen","og_url":"https:\/\/repair.eu\/de\/was-wir-wollen\/","og_site_name":"Right to Repair Europe","article_publisher":"https:\/\/www.facebook.com\/righttorepaireurope\/","article_modified_time":"2024-02-19T11:04:55+00:00","og_image":[{"width":1200,"height":630,"url":"https:\/\/repair.eu\/wp-content\/uploads\/2019\/09\/R2RFacebookImage.png","type":"image\/png"}],"twitter_card":"summary_large_image","twitter_site":"@R2REurope","twitter_misc":{"Gesch\u00e4tzte Lesezeit":"2\u00a0Minuten"},"schema":{"@context":"https:\/\/schema.org","@graph":[{"@type":"WebPage","@id":"https:\/\/repair.eu\/de\/was-wir-wollen\/","url":"https:\/\/repair.eu\/de\/was-wir-wollen\/","name":"Was wir wollen - Right to Repair Europe","isPartOf":{"@id":"https:\/\/repair.eu\/de\/#website"},"datePublished":"2024-02-19T11:04:53+00:00","dateModified":"2024-02-19T11:04:55+00:00","breadcrumb":{"@id":"https:\/\/repair.eu\/de\/was-wir-wollen\/#breadcrumb"},"inLanguage":"de","potentialAction":[{"@type":"ReadAction","target":["https:\/\/repair.eu\/de\/was-wir-wollen\/"]}]},{"@type":"BreadcrumbList","@id":"https:\/\/repair.eu\/de\/was-wir-wollen\/#breadcrumb","itemListElement":[{"@type":"ListItem","position":1,"name":"Home","item":"https:\/\/repair.eu\/de\/"},{"@type":"ListItem","position":2,"name":"Was wir wollen"}]},{"@type":"WebSite","@id":"https:\/\/repair.eu\/de\/#website","url":"https:\/\/repair.eu\/de\/","name":"Right to Repair Europe","description":"","publisher":{"@id":"https:\/\/repair.eu\/de\/#organization"},"potentialAction":[{"@type":"SearchAction","target":{"@type":"EntryPoint","urlTemplate":"https:\/\/repair.eu\/de\/?s={search_term_string}"},"query-input":{"@type":"PropertyValueSpecification","valueRequired":true,"valueName":"search_term_string"}}],"inLanguage":"de"},{"@type":"Organization","@id":"https:\/\/repair.eu\/de\/#organization","name":"Right to Repair Europe","url":"https:\/\/repair.eu\/de\/","logo":{"@type":"ImageObject","inLanguage":"de","@id":"https:\/\/repair.eu\/de\/#\/schema\/logo\/image\/","url":"https:\/\/repair.eu\/wp-content\/uploads\/2019\/09\/Right-to-repair-logo.png","contentUrl":"https:\/\/repair.eu\/wp-content\/uploads\/2019\/09\/Right-to-repair-logo.png","width":451,"height":62,"caption":"Right to Repair Europe"},"image":{"@id":"https:\/\/repair.eu\/de\/#\/schema\/logo\/image\/"},"sameAs":["https:\/\/www.facebook.com\/righttorepaireurope\/","https:\/\/x.com\/R2REurope","https:\/\/www.instagram.com\/R2REurope\/"]}]}},"_links":{"self":[{"href":"https:\/\/repair.eu\/de\/wp-json\/wp\/v2\/pages\/6509","targetHints":{"allow":["GET"]}}],"collection":[{"href":"https:\/\/repair.eu\/de\/wp-json\/wp\/v2\/pages"}],"about":[{"href":"https:\/\/repair.eu\/de\/wp-json\/wp\/v2\/types\/page"}],"author":[{"embeddable":true,"href":"https:\/\/repair.eu\/de\/wp-json\/wp\/v2\/users\/19"}],"replies":[{"embeddable":true,"href":"https:\/\/repair.eu\/de\/wp-json\/wp\/v2\/comments?post=6509"}],"version-history":[{"count":1,"href":"https:\/\/repair.eu\/de\/wp-json\/wp\/v2\/pages\/6509\/revisions"}],"predecessor-version":[{"id":6510,"href":"https:\/\/repair.eu\/de\/wp-json\/wp\/v2\/pages\/6509\/revisions\/6510"}],"wp:attachment":[{"href":"https:\/\/repair.eu\/de\/wp-json\/wp\/v2\/media?parent=6509"}],"curies":[{"name":"wp","href":"https:\/\/api.w.org\/{rel}","templated":true}]}}