{"id":755,"date":"2019-12-12T11:23:54","date_gmt":"2019-12-12T10:23:54","guid":{"rendered":"https:\/\/repair.eu\/?page_id=755"},"modified":"2024-02-19T12:01:48","modified_gmt":"2024-02-19T11:01:48","slug":"ueber-uns","status":"publish","type":"page","link":"https:\/\/repair.eu\/de\/ueber-uns\/","title":{"rendered":"\u00dcber uns"},"content":{"rendered":"\n<section class=\"block block__hero block__full-width block__hero--image-full-width\" style=\"background-color: ;\">\n\n\t<div class=\" block__hero--inner\">\n\n\t\t\n\t\t\t<picture class=\"block__hero--image\">\n\t\t\t\t<source media=\"(min-width: 768px)\" srcset=\"https:\/\/repair.eu\/wp-content\/uploads\/2020\/03\/SmartphoneCrimeScene@x2-scaled.jpg\">\n\t\t\t\t<source srcset=\"https:\/\/repair.eu\/wp-content\/uploads\/2020\/03\/SmartphoneCrimeSceneMOB@x2.jpg\">\t\t\t\n\t\t\t\t\n\t\t\t\t<img decoding=\"async\" src=\"https:\/\/repair.eu\/wp-content\/uploads\/2020\/03\/SmartphoneCrimeScene@x2-scaled.jpg\" alt=\"We believe in the right to repair\">\n\t\t\t<\/picture>\n\n\t\t\t\n\t<\/div>\t\n\n<\/section>\n\n\n\n\n<h2 class=\"wp-block-heading\">Wer sind wir<\/h2>\n\n\n\n<p><strong>Wir sind Menschen, wir sind ReparateurInnen, wir sind UmweltaktivistInnen, wir sind eine Gemeinschaft.<\/strong><br><\/p>\n\n\n\n<p>Die Koalition Right to Repair Europe vertritt \u00fcber 100 Organisationen aus 21 europ\u00e4ischen L\u00e4ndern. Sie vertritt Umweltverb\u00e4nde und Reparaturakteure wie kommunale Reparaturgruppen, Akteure der Sozialwirtschaft, Ersatzteilh\u00e4ndler, SelbstreparateurInnen, Reparatur- und Sanierungsunternehmen sowie alle B\u00fcrgerInnen, die sich f\u00fcr ihr Recht auf Reparatur einsetzen m\u00f6chten. Es handelt sich um eine schnell wachsende Bewegung, deren Ziel, Reparaturen erschwinglich, zug\u00e4nglich und allgemein zug\u00e4nglich zu machen, mit den Zielen des europ\u00e4ischen Green Deal und des EU-Aktionsplans f\u00fcr die Kreislaufwirtschaft \u00fcbereinstimmt. <a href=\"https:\/\/repair.eu\/de\/unser-netzwerk\/\" target=\"_blank\" rel=\"noreferrer noopener\">Hier<\/a> finden Sie alle unsere Mitgliedsorganisationen nach L\u00e4ndern geordnet.<\/p>\n\n\n\n<p>Wir k\u00e4mpfen f\u00fcr die Beseitigung der Hindernisse f\u00fcr die Reparatur, damit unsere Produkte l\u00e4nger halten k\u00f6nnen. Wieso?&nbsp;<\/p>\n\n\n\n<p>Das Problem ist einfach. Die Produkte, die wir t\u00e4glich benutzen, sind immer schwerer zu reparieren. Elektroschrott ist einer der am schnellsten wachsenden Abfallstr\u00f6me der Welt, denn die Hersteller von Handys und Laptops erschweren die Reparatur ihrer Produkte. Und es geht nicht nur um digitale Ger\u00e4te &#8211; auch die Zahl der Haushaltsger\u00e4te, die innerhalb von 5 Jahren nach dem Kauf kaputt gehen, steigt sprunghaft an.&nbsp;<\/p>\n\n\n\n<p>Wir haben genug. Es kann in jeder Hinsicht &#8211; Emissionen, soziale Auswirkungen, Abfall &#8211; so nicht weitergehen. Also haben wir uns entschlossen, etwas dagegen zu tun. Wir wollen das Recht auf Reparatur<\/p>\n\n\n\n<h2 class=\"wp-block-heading\">Mitglieder der Leitungsgruppe<\/h2>\n\n\n\n<div class=\"wp-block-columns has-2-columns one-third-two-thirds is-layout-flex wp-container-core-columns-is-layout-9d6595d7 wp-block-columns-is-layout-flex\">\n<div class=\"wp-block-column is-layout-flow wp-block-column-is-layout-flow\"><div class=\"wp-block-image\">\n<figure class=\"alignleft size-large\"><img loading=\"lazy\" decoding=\"async\" width=\"842\" height=\"688\" src=\"https:\/\/repair.eu\/wp-content\/uploads\/2021\/03\/Logo-Vertical-Color.png\" alt=\"\" class=\"wp-image-2474\" srcset=\"https:\/\/repair.eu\/wp-content\/uploads\/2021\/03\/Logo-Vertical-Color.png 842w, https:\/\/repair.eu\/wp-content\/uploads\/2021\/03\/Logo-Vertical-Color-300x245.png 300w, https:\/\/repair.eu\/wp-content\/uploads\/2021\/03\/Logo-Vertical-Color-768x628.png 768w\" sizes=\"auto, (max-width: 842px) 100vw, 842px\" \/><\/figure>\n<\/div><\/div>\n\n\n\n<div class=\"wp-block-column is-layout-flow wp-block-column-is-layout-flow\">\n<p><em>ECOS ist eine internationale NRO mit einem Netzwerk von Mitgliedern und Experten und setzt sich f\u00fcr umweltfreundliche technische Normen, Richtlinien und Gesetze ein. Wir stellen sicher, dass Umweltinteressen bei ihrer Entwicklung geh\u00f6rt werden und wir treiben Wandel voran, indem wir politischen Entscheidungstr\u00e4gern und Industrievertretern Fachwissen bereitstellen, um somit strenge Umweltprinzipien durchzusetzen.<\/em><\/p>\n\n\n\n<p><em>Sitz in: Belgien<\/em><\/p>\n<\/div>\n<\/div>\n\n\n\n<div style=\"height:20px\" aria-hidden=\"true\" class=\"wp-block-spacer\"><\/div>\n\n\n\n<div class=\"wp-block-columns has-2-columns one-third-two-thirds is-layout-flex wp-container-core-columns-is-layout-9d6595d7 wp-block-columns-is-layout-flex\">\n<div class=\"wp-block-column is-layout-flow wp-block-column-is-layout-flow\"><div class=\"wp-block-image\">\n<figure class=\"alignleft\"><a href=\"https:\/\/eeb.org\/\" target=\"_blank\" rel=\"noreferrer noopener\"><img loading=\"lazy\" decoding=\"async\" width=\"300\" height=\"215\" src=\"https:\/\/repair.eu\/wp-content\/uploads\/2019\/09\/EEB-logo-on-white-blue-text-rgb.jpg\" alt=\"\" class=\"wp-image-602\"\/><\/a><\/figure>\n<\/div><\/div>\n\n\n\n<div class=\"wp-block-column is-layout-flow wp-block-column-is-layout-flow\">\n<p><em>Das Europ\u00e4ische Umweltb\u00fcro (EEB) ist Europas gr\u00f6\u00dftes Netzwerk von Umweltorganisationen mit rund 140 Organisationen in mehr als 30 L\u00e4ndern.<\/em><\/p>\n\n\n\n<p><em>Sitz in: Belgien<\/em><\/p>\n<\/div>\n<\/div>\n\n\n\n<div style=\"height:20px\" aria-hidden=\"true\" class=\"wp-block-spacer\"><\/div>\n\n\n\n<div class=\"wp-block-columns has-2-columns one-third-two-thirds is-layout-flex wp-container-core-columns-is-layout-9d6595d7 wp-block-columns-is-layout-flex\">\n<div class=\"wp-block-column is-layout-flow wp-block-column-is-layout-flow\"><div class=\"wp-block-image\">\n<figure class=\"alignleft\"><a href=\"https:\/\/www.ifixit.com\/\" target=\"_blank\" rel=\"noreferrer noopener\"><img loading=\"lazy\" decoding=\"async\" width=\"300\" height=\"108\" src=\"https:\/\/repair.eu\/wp-content\/uploads\/2019\/09\/iFixit-logo.jpg\" alt=\"\" class=\"wp-image-604\"\/><\/a><\/figure>\n<\/div><\/div>\n\n\n\n<div class=\"wp-block-column is-layout-flow wp-block-column-is-layout-flow\">\n<p><em>iFixit Europe ist das kostenlose, \u00f6ffentlich zug\u00e4ngliche Online-Reparaturhandbuch f\u00fcr fast alles. Mit mehr als 50.000 Anleitungen erm\u00f6glichen wir es 10 Millionen monatlichen Besuchern, ihre Sachen zu reparieren. Unsere Mission ist es, Menschen in die Lage zu versetzen, ihre Sachen zu reparieren, dabei Geld zu sparen und gleichzeitig Elektroschrott zu vermeiden.<\/em><\/p>\n\n\n\n<p><em>Sitz in: Deutschland<\/em><\/p>\n<\/div>\n<\/div>\n\n\n\n<div style=\"height:20px\" aria-hidden=\"true\" class=\"wp-block-spacer\"><\/div>\n\n\n\n<div class=\"wp-block-columns has-2-columns one-third-two-thirds is-layout-flex wp-container-core-columns-is-layout-9d6595d7 wp-block-columns-is-layout-flex\">\n<div class=\"wp-block-column is-layout-flow wp-block-column-is-layout-flow\"><div class=\"wp-block-image\">\n<figure class=\"alignleft\"><a href=\"https:\/\/runder-tisch-reparatur.de\/\" target=\"_blank\" rel=\"noreferrer noopener\"><img loading=\"lazy\" decoding=\"async\" width=\"300\" height=\"126\" src=\"https:\/\/repair.eu\/wp-content\/uploads\/2019\/09\/RTR1_300dpi.jpg\" alt=\"\" class=\"wp-image-605\"\/><\/a><\/figure>\n<\/div><\/div>\n\n\n\n<div class=\"wp-block-column is-layout-flow wp-block-column-is-layout-flow\">\n<p><em>Der Runde Tisch Reparatur setzt sich aus VertreterInnen aus Reparaturhandwerk, Umwelt- und Verbraucherorganisationen, Wissenschaft, Beh\u00f6rden und Reparaturinitiativen zusammen. Wir setzen uns f\u00fcr die St\u00e4rkung der Reparatur, Senkung des Ressourcenverbrauchs und lokale Wirtschaftsf\u00f6rderung ein.<\/em><\/p>\n\n\n\n<p><em>Sitz in: Deutschland<\/em><\/p>\n<\/div>\n<\/div>\n\n\n\n<div style=\"height:20px\" aria-hidden=\"true\" class=\"wp-block-spacer\"><\/div>\n\n\n\n<div class=\"wp-block-columns has-2-columns one-third-two-thirds is-layout-flex wp-container-core-columns-is-layout-9d6595d7 wp-block-columns-is-layout-flex\">\n<div class=\"wp-block-column is-layout-flow wp-block-column-is-layout-flow\"><div class=\"wp-block-image\">\n<figure class=\"alignleft\"><a href=\"https:\/\/therestartproject.org\" target=\"_blank\" rel=\"noreferrer noopener\"><img loading=\"lazy\" decoding=\"async\" width=\"300\" height=\"108\" src=\"https:\/\/repair.eu\/wp-content\/uploads\/2019\/09\/restart.jpg\" alt=\"\" class=\"wp-image-606\"\/><\/a><\/figure>\n<\/div><\/div>\n\n\n\n<div class=\"wp-block-column is-layout-flow wp-block-column-is-layout-flow\">\n<p><em>Das Restart Project ist ein Sozialunternehmen, das darauf abzielt, unser Verh\u00e4ltnis zur Elektronik zu verbessern. Wir veranstalten regelm\u00e4\u00dfig Restart Partys, bei denen sich die Teilnehmer selbst beibringen, wie sie ihre kaputten und langsamen Ger\u00e4te reparieren k\u00f6nnen. Wir verwenden die von uns gesammelten Daten und Geschichten, um bessere und nachhaltigere Elektronik f\u00fcr alle zu fordern.<\/em><\/p>\n\n\n\n<p><em>Sitz in: Vereinigtes K\u00f6nigreich<\/em><\/p>\n<\/div>\n<\/div>\n\n\n\n<div class=\"wp-block-columns has-2-columns one-third-two-thirds is-layout-flex wp-container-core-columns-is-layout-9d6595d7 wp-block-columns-is-layout-flex\">\n<div class=\"wp-block-column is-layout-flow wp-block-column-is-layout-flow\">\n<figure class=\"wp-block-image size-full\"><a href=\"https:\/\/swappie.com\/\" target=\"_blank\" rel=\"noreferrer noopener\"><img decoding=\"async\" src=\"https:\/\/repair.eu\/wp-content\/uploads\/2022\/12\/001_Swappie_Logo_Black-1-1024x389.png\" alt=\"\" class=\"wp-image-6499\"\/><\/a><\/figure>\n<\/div>\n\n\n\n<div class=\"wp-block-column is-layout-flow wp-block-column-is-layout-flow\">\n<p><em>Swappie ist ein europ\u00e4isches Scale-up-Unternehmen, das sich zum Ziel gesetzt hat, wiederaufbereitete Ger\u00e4te zum Mainstream zu machen, und die f\u00fchrende Online-Plattform f\u00fcr den Kauf und Verkauf wiederaufbereiteter iPhones in Europa. Im Jahr 2022 wurde das Unternehmen von der Financial Times zum am schnellsten wachsenden Unternehmen in Europa ernannt. Swappie glaubt an ein starkes und unabh\u00e4ngiges Recht auf Reparatur, um langlebige Ger\u00e4te und erschwingliche, qualitativ hochwertige Reparaturen f\u00fcr alle zu gew\u00e4hrleisten.<\/em><\/p>\n\n\n\n<p><em>Sitz in: <\/em>Finnland<\/p>\n<\/div>\n<\/div>\n\n\n\n<div class=\"wp-block-columns has-2-columns one-third-two-thirds is-layout-flex wp-container-core-columns-is-layout-9d6595d7 wp-block-columns-is-layout-flex\">\n<div class=\"wp-block-column is-layout-flow wp-block-column-is-layout-flow\"><div class=\"wp-block-image\">\n<figure class=\"alignleft size-full\"><img loading=\"lazy\" decoding=\"async\" width=\"299\" height=\"96\" src=\"https:\/\/repair.eu\/wp-content\/uploads\/2021\/04\/back_market_logo1.png\" alt=\"\" class=\"wp-image-2562\"\/><\/figure>\n<\/div><\/div>\n\n\n\n<div class=\"wp-block-column is-layout-flow wp-block-column-is-layout-flow\">\n<p><em>Back Market ist der f\u00fchrende Marktplatz f\u00fcr wiederaufbereitete Elektronik. Das Unternehmen, das derzeit in Europa, Nordamerika und Asien t\u00e4tig ist, hat es sich zur Aufgabe gemacht, Menschen zu bef\u00e4higen, durch Kreislaufwirtschaft und Reparatur Technik zu sparen. Back Market setzt sich f\u00fcr Regelungen ein, die die Kreislaufwirtschaft unterst\u00fctzen und erm\u00f6glichen, darunter das Recht auf Reparatur<\/em>.<\/p>\n\n\n\n<p><em>Sitz in: Frankreich<\/em><\/p>\n<\/div>\n<\/div>\n\n\n\n<div style=\"height:30px\" aria-hidden=\"true\" class=\"wp-block-spacer\"><\/div>\n\n\n\n<h2 class=\"wp-block-heading\">Unsere Vision und Mission<\/h2>\n\n\n\n<p><strong>Mit der Right to Repair Kampagne fordern wir:<\/strong><\/p>\n\n\n\n<p><em>Ein umfassendes und inklusives Recht auf Reparatur durch:<\/em><\/p>\n\n\n\n<ul class=\"wp-block-list\">\n<li>Aufkl\u00e4rung von B\u00fcrgerInnen und VerbraucherInnen \u00fcber M\u00f6glichkeiten und Hindernisse ihres Rechts auf Reparatur<\/li>\n\n\n\n<li>Einbindung in die Kampagne, damit wir alle erkennen, dass wir die Kraft haben, einen positiven Wandel f\u00fcr den Planeten und die Gesellschaft herbeizuf\u00fchren<\/li>\n<\/ul>\n\n\n\n<p><em>Ein universelles Recht auf Reparatur und ambitionierte politische Ma\u00dfnahmen, um dies zu erreichen:<\/em><\/p>\n\n\n\n<ul class=\"wp-block-list\">\n<li>Wir fordern Zugang zu Reparaturinformationen und Ersatzteilen f\u00fcr alle &#8211; nicht nur f\u00fcr Fachleute<\/li>\n\n\n\n<li>Wir verdeutlichen politischen Entscheidungstr\u00e4gerInnen die Dringlichkeit und Notwendigkeit reparierbarer und langlebiger Produkte auf europ\u00e4ischer und nationaler Ebene&nbsp;<\/li>\n\n\n\n<li>Wir fordern ein EU-weites Reparaturlabel, anhand dessen VerbraucherInnen langlebige, reparierbare Produkte erkennen<\/li>\n\n\n\n<li>Wir st\u00e4rken unser Netzwerk unterst\u00fctzender Mitgliedstaaten und Gesch\u00e4ftspartner<\/li>\n\n\n\n<li>Wir fordern mehr Reparatur auch au\u00dferhalb der EU, um die Markttransformation auf globaler Ebene zu beschleunigen<\/li>\n<\/ul>\n\n\n\n<p><em>Ein besseres Image und Einbettung der Reparatur in gr\u00f6\u00dfere Debatten:<\/em><\/p>\n\n\n\n<ul class=\"wp-block-list\">\n<li>Klimaschutz, Kreislaufwirtschaft, Umweltgerechtigkeit, sozio\u00f6konomische Ungleichheit und Ziele der Nachhaltigen Entwicklung<\/li>\n\n\n\n<li>Potential freisetzen f\u00fcr neue gr\u00fcne Arbeitspl\u00e4tze in der Sozial- und der konventionellen Wirtschaft<\/li>\n<\/ul>\n","protected":false},"excerpt":{"rendered":"<p>Wer sind wir Wir sind Menschen, wir sind ReparateurInnen, wir sind UmweltaktivistInnen, wir sind eine Gemeinschaft. Die Koalition Right to Repair Europe vertritt \u00fcber 100 Organisationen aus 21 europ\u00e4ischen L\u00e4ndern. Sie vertritt Umweltverb\u00e4nde und Reparaturakteure wie kommunale Reparaturgruppen, Akteure der Sozialwirtschaft, Ersatzteilh\u00e4ndler, SelbstreparateurInnen, Reparatur- und Sanierungsunternehmen sowie alle B\u00fcrgerInnen, die sich f\u00fcr ihr Recht auf &hellip; <\/p>\n<p class=\"link-more\"><a href=\"https:\/\/repair.eu\/de\/ueber-uns\/\" class=\"more-link\"><span class=\"screen-reader-text\">\u201e\u00dcber uns\u201c <\/span>weiterlesen<\/a><\/p>\n","protected":false},"author":2,"featured_media":0,"parent":0,"menu_order":0,"comment_status":"closed","ping_status":"closed","template":"","meta":{"_acf_changed":false,"footnotes":""},"class_list":["post-755","page","type-page","status-publish","hentry","entry"],"acf":[],"yoast_head":"<!-- This site is optimized with the Yoast SEO plugin v27.4 - https:\/\/yoast.com\/product\/yoast-seo-wordpress\/ -->\n<title>\u00dcber uns - Right to Repair Europe<\/title>\n<meta name=\"robots\" content=\"index, follow, max-snippet:-1, max-image-preview:large, max-video-preview:-1\" \/>\n<link rel=\"canonical\" href=\"https:\/\/repair.eu\/de\/ueber-uns\/\" \/>\n<meta property=\"og:locale\" content=\"de_DE\" \/>\n<meta property=\"og:type\" content=\"article\" \/>\n<meta property=\"og:title\" content=\"\u00dcber uns - Right to Repair Europe\" \/>\n<meta property=\"og:description\" content=\"Wer sind wir Wir sind Menschen, wir sind ReparateurInnen, wir sind UmweltaktivistInnen, wir sind eine Gemeinschaft. Die Koalition Right to Repair Europe vertritt \u00fcber 100 Organisationen aus 21 europ\u00e4ischen L\u00e4ndern. Sie vertritt Umweltverb\u00e4nde und Reparaturakteure wie kommunale Reparaturgruppen, Akteure der Sozialwirtschaft, Ersatzteilh\u00e4ndler, SelbstreparateurInnen, Reparatur- und Sanierungsunternehmen sowie alle B\u00fcrgerInnen, die sich f\u00fcr ihr Recht auf &hellip; \u201e\u00dcber uns\u201c weiterlesen\" \/>\n<meta property=\"og:url\" content=\"https:\/\/repair.eu\/de\/ueber-uns\/\" \/>\n<meta property=\"og:site_name\" content=\"Right to Repair Europe\" \/>\n<meta property=\"article:publisher\" content=\"https:\/\/www.facebook.com\/righttorepaireurope\/\" \/>\n<meta property=\"article:modified_time\" content=\"2024-02-19T11:01:48+00:00\" \/>\n<meta property=\"og:image\" content=\"https:\/\/repair.eu\/wp-content\/uploads\/2021\/03\/Logo-Vertical-Color.png\" \/>\n<meta name=\"twitter:card\" content=\"summary_large_image\" \/>\n<meta name=\"twitter:site\" content=\"@R2REurope\" \/>\n<meta name=\"twitter:label1\" content=\"Gesch\u00e4tzte Lesezeit\" \/>\n\t<meta name=\"twitter:data1\" content=\"5\u00a0Minuten\" \/>\n<script type=\"application\/ld+json\" class=\"yoast-schema-graph\">{\"@context\":\"https:\\\/\\\/schema.org\",\"@graph\":[{\"@type\":\"WebPage\",\"@id\":\"https:\\\/\\\/repair.eu\\\/de\\\/ueber-uns\\\/\",\"url\":\"https:\\\/\\\/repair.eu\\\/de\\\/ueber-uns\\\/\",\"name\":\"\u00dcber uns - Right to Repair Europe\",\"isPartOf\":{\"@id\":\"https:\\\/\\\/repair.eu\\\/de\\\/#website\"},\"primaryImageOfPage\":{\"@id\":\"https:\\\/\\\/repair.eu\\\/de\\\/ueber-uns\\\/#primaryimage\"},\"image\":{\"@id\":\"https:\\\/\\\/repair.eu\\\/de\\\/ueber-uns\\\/#primaryimage\"},\"thumbnailUrl\":\"https:\\\/\\\/repair.eu\\\/wp-content\\\/uploads\\\/2021\\\/03\\\/Logo-Vertical-Color.png\",\"datePublished\":\"2019-12-12T10:23:54+00:00\",\"dateModified\":\"2024-02-19T11:01:48+00:00\",\"breadcrumb\":{\"@id\":\"https:\\\/\\\/repair.eu\\\/de\\\/ueber-uns\\\/#breadcrumb\"},\"inLanguage\":\"de\",\"potentialAction\":[{\"@type\":\"ReadAction\",\"target\":[\"https:\\\/\\\/repair.eu\\\/de\\\/ueber-uns\\\/\"]}]},{\"@type\":\"ImageObject\",\"inLanguage\":\"de\",\"@id\":\"https:\\\/\\\/repair.eu\\\/de\\\/ueber-uns\\\/#primaryimage\",\"url\":\"https:\\\/\\\/repair.eu\\\/wp-content\\\/uploads\\\/2021\\\/03\\\/Logo-Vertical-Color.png\",\"contentUrl\":\"https:\\\/\\\/repair.eu\\\/wp-content\\\/uploads\\\/2021\\\/03\\\/Logo-Vertical-Color.png\"},{\"@type\":\"BreadcrumbList\",\"@id\":\"https:\\\/\\\/repair.eu\\\/de\\\/ueber-uns\\\/#breadcrumb\",\"itemListElement\":[{\"@type\":\"ListItem\",\"position\":1,\"name\":\"Home\",\"item\":\"https:\\\/\\\/repair.eu\\\/de\\\/\"},{\"@type\":\"ListItem\",\"position\":2,\"name\":\"\u00dcber uns\"}]},{\"@type\":\"WebSite\",\"@id\":\"https:\\\/\\\/repair.eu\\\/de\\\/#website\",\"url\":\"https:\\\/\\\/repair.eu\\\/de\\\/\",\"name\":\"Right to Repair Europe\",\"description\":\"\",\"publisher\":{\"@id\":\"https:\\\/\\\/repair.eu\\\/de\\\/#organization\"},\"potentialAction\":[{\"@type\":\"SearchAction\",\"target\":{\"@type\":\"EntryPoint\",\"urlTemplate\":\"https:\\\/\\\/repair.eu\\\/de\\\/?s={search_term_string}\"},\"query-input\":{\"@type\":\"PropertyValueSpecification\",\"valueRequired\":true,\"valueName\":\"search_term_string\"}}],\"inLanguage\":\"de\"},{\"@type\":\"Organization\",\"@id\":\"https:\\\/\\\/repair.eu\\\/de\\\/#organization\",\"name\":\"Right to Repair Europe\",\"url\":\"https:\\\/\\\/repair.eu\\\/de\\\/\",\"logo\":{\"@type\":\"ImageObject\",\"inLanguage\":\"de\",\"@id\":\"https:\\\/\\\/repair.eu\\\/de\\\/#\\\/schema\\\/logo\\\/image\\\/\",\"url\":\"https:\\\/\\\/repair.eu\\\/wp-content\\\/uploads\\\/2019\\\/09\\\/Right-to-repair-logo.png\",\"contentUrl\":\"https:\\\/\\\/repair.eu\\\/wp-content\\\/uploads\\\/2019\\\/09\\\/Right-to-repair-logo.png\",\"width\":451,\"height\":62,\"caption\":\"Right to Repair Europe\"},\"image\":{\"@id\":\"https:\\\/\\\/repair.eu\\\/de\\\/#\\\/schema\\\/logo\\\/image\\\/\"},\"sameAs\":[\"https:\\\/\\\/www.facebook.com\\\/righttorepaireurope\\\/\",\"https:\\\/\\\/x.com\\\/R2REurope\",\"https:\\\/\\\/www.instagram.com\\\/R2REurope\\\/\"]}]}<\/script>\n<!-- \/ Yoast SEO plugin. -->","yoast_head_json":{"title":"\u00dcber uns - Right to Repair Europe","robots":{"index":"index","follow":"follow","max-snippet":"max-snippet:-1","max-image-preview":"max-image-preview:large","max-video-preview":"max-video-preview:-1"},"canonical":"https:\/\/repair.eu\/de\/ueber-uns\/","og_locale":"de_DE","og_type":"article","og_title":"\u00dcber uns - Right to Repair Europe","og_description":"Wer sind wir Wir sind Menschen, wir sind ReparateurInnen, wir sind UmweltaktivistInnen, wir sind eine Gemeinschaft. Die Koalition Right to Repair Europe vertritt \u00fcber 100 Organisationen aus 21 europ\u00e4ischen L\u00e4ndern. Sie vertritt Umweltverb\u00e4nde und Reparaturakteure wie kommunale Reparaturgruppen, Akteure der Sozialwirtschaft, Ersatzteilh\u00e4ndler, SelbstreparateurInnen, Reparatur- und Sanierungsunternehmen sowie alle B\u00fcrgerInnen, die sich f\u00fcr ihr Recht auf &hellip; \u201e\u00dcber uns\u201c weiterlesen","og_url":"https:\/\/repair.eu\/de\/ueber-uns\/","og_site_name":"Right to Repair Europe","article_publisher":"https:\/\/www.facebook.com\/righttorepaireurope\/","article_modified_time":"2024-02-19T11:01:48+00:00","og_image":[{"url":"https:\/\/repair.eu\/wp-content\/uploads\/2021\/03\/Logo-Vertical-Color.png","type":"","width":"","height":""}],"twitter_card":"summary_large_image","twitter_site":"@R2REurope","twitter_misc":{"Gesch\u00e4tzte Lesezeit":"5\u00a0Minuten"},"schema":{"@context":"https:\/\/schema.org","@graph":[{"@type":"WebPage","@id":"https:\/\/repair.eu\/de\/ueber-uns\/","url":"https:\/\/repair.eu\/de\/ueber-uns\/","name":"\u00dcber uns - Right to Repair Europe","isPartOf":{"@id":"https:\/\/repair.eu\/de\/#website"},"primaryImageOfPage":{"@id":"https:\/\/repair.eu\/de\/ueber-uns\/#primaryimage"},"image":{"@id":"https:\/\/repair.eu\/de\/ueber-uns\/#primaryimage"},"thumbnailUrl":"https:\/\/repair.eu\/wp-content\/uploads\/2021\/03\/Logo-Vertical-Color.png","datePublished":"2019-12-12T10:23:54+00:00","dateModified":"2024-02-19T11:01:48+00:00","breadcrumb":{"@id":"https:\/\/repair.eu\/de\/ueber-uns\/#breadcrumb"},"inLanguage":"de","potentialAction":[{"@type":"ReadAction","target":["https:\/\/repair.eu\/de\/ueber-uns\/"]}]},{"@type":"ImageObject","inLanguage":"de","@id":"https:\/\/repair.eu\/de\/ueber-uns\/#primaryimage","url":"https:\/\/repair.eu\/wp-content\/uploads\/2021\/03\/Logo-Vertical-Color.png","contentUrl":"https:\/\/repair.eu\/wp-content\/uploads\/2021\/03\/Logo-Vertical-Color.png"},{"@type":"BreadcrumbList","@id":"https:\/\/repair.eu\/de\/ueber-uns\/#breadcrumb","itemListElement":[{"@type":"ListItem","position":1,"name":"Home","item":"https:\/\/repair.eu\/de\/"},{"@type":"ListItem","position":2,"name":"\u00dcber uns"}]},{"@type":"WebSite","@id":"https:\/\/repair.eu\/de\/#website","url":"https:\/\/repair.eu\/de\/","name":"Right to Repair Europe","description":"","publisher":{"@id":"https:\/\/repair.eu\/de\/#organization"},"potentialAction":[{"@type":"SearchAction","target":{"@type":"EntryPoint","urlTemplate":"https:\/\/repair.eu\/de\/?s={search_term_string}"},"query-input":{"@type":"PropertyValueSpecification","valueRequired":true,"valueName":"search_term_string"}}],"inLanguage":"de"},{"@type":"Organization","@id":"https:\/\/repair.eu\/de\/#organization","name":"Right to Repair Europe","url":"https:\/\/repair.eu\/de\/","logo":{"@type":"ImageObject","inLanguage":"de","@id":"https:\/\/repair.eu\/de\/#\/schema\/logo\/image\/","url":"https:\/\/repair.eu\/wp-content\/uploads\/2019\/09\/Right-to-repair-logo.png","contentUrl":"https:\/\/repair.eu\/wp-content\/uploads\/2019\/09\/Right-to-repair-logo.png","width":451,"height":62,"caption":"Right to Repair Europe"},"image":{"@id":"https:\/\/repair.eu\/de\/#\/schema\/logo\/image\/"},"sameAs":["https:\/\/www.facebook.com\/righttorepaireurope\/","https:\/\/x.com\/R2REurope","https:\/\/www.instagram.com\/R2REurope\/"]}]}},"_links":{"self":[{"href":"https:\/\/repair.eu\/de\/wp-json\/wp\/v2\/pages\/755","targetHints":{"allow":["GET"]}}],"collection":[{"href":"https:\/\/repair.eu\/de\/wp-json\/wp\/v2\/pages"}],"about":[{"href":"https:\/\/repair.eu\/de\/wp-json\/wp\/v2\/types\/page"}],"author":[{"embeddable":true,"href":"https:\/\/repair.eu\/de\/wp-json\/wp\/v2\/users\/2"}],"replies":[{"embeddable":true,"href":"https:\/\/repair.eu\/de\/wp-json\/wp\/v2\/comments?post=755"}],"version-history":[{"count":11,"href":"https:\/\/repair.eu\/de\/wp-json\/wp\/v2\/pages\/755\/revisions"}],"predecessor-version":[{"id":6508,"href":"https:\/\/repair.eu\/de\/wp-json\/wp\/v2\/pages\/755\/revisions\/6508"}],"wp:attachment":[{"href":"https:\/\/repair.eu\/de\/wp-json\/wp\/v2\/media?parent=755"}],"curies":[{"name":"wp","href":"https:\/\/api.w.org\/{rel}","templated":true}]}}