{"id":757,"date":"2019-12-12T11:33:35","date_gmt":"2019-12-12T10:33:35","guid":{"rendered":"https:\/\/repair.eu\/?page_id=757"},"modified":"2024-11-19T14:02:29","modified_gmt":"2024-11-19T13:02:29","slug":"home","status":"publish","type":"page","link":"https:\/\/repair.eu\/de\/","title":{"rendered":"Home"},"content":{"rendered":"\n<section class=\"block block__cta-strip block__full-width--smaller-screens\" >\n\n\t<div class=\"block__inner block__cta-strip--inner\" >\n\n\t\t<p>Entdecken Sie unseren \u00dcberblick \u00fcber den <a href=\"https:\/\/repair.eu\/whats-my-right-to-repair\/\">aktuellen Stand des EU-Rechts auf Reparatur<\/a>!<\/p>\n\n\t<\/div>\t\n\n<\/section>\n\n\n\n\n<section class=\"block block__hero block__full-width \" style=\"background-color: #42389E;\">\n\n\t<div class=\"block__inner block__hero--inner\">\n\n\t\t\n\t\t\t<picture class=\"block__hero--image\">\n\t\t\t\t<source media=\"(min-width: 768px)\" srcset=\"https:\/\/repair.eu\/wp-content\/uploads\/2019\/11\/Hero-home-desktop.png\">\n\t\t\t\t<source srcset=\"https:\/\/repair.eu\/wp-content\/uploads\/2019\/11\/Hero-home-mobile.png\">\t\t\t\n\t\t\t\t\n\t\t\t\t<img decoding=\"async\" src=\"https:\/\/repair.eu\/wp-content\/uploads\/2019\/11\/Hero-home-desktop.png\" alt=\"We believe in the right to repair\">\n\t\t\t<\/picture>\n\n\t\t\t\n\t<\/div>\t\n\n<\/section>\n\n\n\n\n<p><strong>Wir sind Menschen, wir sind ReparateurInnen, wir sind UmweltaktivistInnen, wir sind eine Gemeinschaft.<\/strong><\/p>\n\n\n\n<p>Wir sind \u00fcberzeugt, dass Produkte l\u00e4nger halten m\u00fcssen und deshalb repariert werden sollten, wenn sie kaputt gehen. Damit das m\u00f6glich ist, m\u00fcssen Produkte reparierbar gestaltet und ReparateurInnen unterst\u00fctzt werden.<\/p>\n\n\n\n<p><strong>Wir fordern das Recht auf Reparatur.<\/strong><\/p>\n\n\n\n<figure class=\"wp-block-embed is-type-video is-provider-youtube wp-block-embed-youtube wp-embed-aspect-16-9 wp-has-aspect-ratio\"><div class=\"wp-block-embed__wrapper\">\n<iframe loading=\"lazy\" title=\"Wer hat heute das Recht auf Reparatur?\" width=\"640\" height=\"360\" src=\"https:\/\/www.youtube.com\/embed\/NVWkrxO0eIg?feature=oembed\" frameborder=\"0\" allow=\"accelerometer; autoplay; clipboard-write; encrypted-media; gyroscope; picture-in-picture; web-share\" referrerpolicy=\"strict-origin-when-cross-origin\" allowfullscreen><\/iframe>\n<\/div><\/figure>\n\n\n\n<section class=\"block block__action-network-form block__full-width bgcolor-green\" id=\"take-action\">\n\n\t<div class=\"block__inner block__action-network-form--inner\">\n\n\t\t\n\t\t\t\t<h2 class=\"block_title block__action-network-form--title\">Sei von Anfang an dabei! Werde Teil der Bewegung f\u00fcr ein universelles Recht auf Reparatur<\/h2>\n\n\t\t\t\n\t\t\n\t\t\t\t<div class=\"block__action-network-form--shortcode\">\n\t\t\t\t\t<link href='https:\/\/actionnetwork.org\/css\/style-embed-whitelabel-v3.css' rel='stylesheet' type='text\/css' \/><script src='https:\/\/actionnetwork.org\/widgets\/v3\/form\/join-the-right-to-repair-movement?format=js&#038;source=widget'><\/script><div id='can-form-area-join-the-right-to-repair-movement' style='width: 100%'><!-- this div is the target for our HTML insertion --><\/div>\t\t\t\t<\/div>\n\n\t\t\t\n\t<\/div>\n\n<\/section>\n\n\n\n\n<div class=\"wp-block-cover alignfull bottom-aligned-content eightypercent-screenheight smaller-h3-on-mobile\"><span aria-hidden=\"true\" class=\"wp-block-cover__background has-background-dim-0 has-background-dim\"><\/span><img loading=\"lazy\" decoding=\"async\" width=\"2000\" height=\"1178\" class=\"wp-block-cover__image-background wp-image-376\" alt=\"\" src=\"https:\/\/repair.eu\/wp-content\/uploads\/2019\/11\/Homepage-who-we-are.jpg\" data-object-fit=\"cover\" srcset=\"https:\/\/repair.eu\/wp-content\/uploads\/2019\/11\/Homepage-who-we-are.jpg 2000w, https:\/\/repair.eu\/wp-content\/uploads\/2019\/11\/Homepage-who-we-are-300x177.jpg 300w, https:\/\/repair.eu\/wp-content\/uploads\/2019\/11\/Homepage-who-we-are-768x452.jpg 768w, https:\/\/repair.eu\/wp-content\/uploads\/2019\/11\/Homepage-who-we-are-1024x603.jpg 1024w, https:\/\/repair.eu\/wp-content\/uploads\/2019\/11\/Homepage-who-we-are-1568x924.jpg 1568w\" sizes=\"auto, (max-width: 2000px) 100vw, 2000px\" \/><div class=\"wp-block-cover__inner-container is-layout-flow wp-block-cover-is-layout-flow\">\n<div class=\"wp-block-columns is-layout-flex wp-container-core-columns-is-layout-9d6595d7 wp-block-columns-is-layout-flex\">\n<div class=\"wp-block-column is-layout-flow wp-block-column-is-layout-flow\" style=\"flex-basis:66.66%\">\n<h3 class=\"wp-block-heading bgcolor-black-opacity50\">Wir sind ein B\u00fcndnis europ\u00e4ischer Organisationen, die sich f\u00fcr einen Systemwandel rund um die Reparatur einsetzen.<\/h3>\n\n\n\n<h3 class=\"wp-block-heading bgcolor-black-opacity50 has-white-color has-text-color\"><strong><a href=\"https:\/\/repair.eu\/de\/mitglied-der-kampagne-werden\/\"><mark style=\"background-color:rgba(0, 0, 0, 0)\" class=\"has-inline-color has-white-color\">Unterst\u00fctzen Sie die Kampagne<\/mark><\/a><mark style=\"background-color:rgba(0, 0, 0, 0)\" class=\"has-inline-color has-white-color\"> <\/mark><\/strong><\/h3>\n\n\n\n<p><\/p>\n<\/div>\n\n\n\n<div class=\"wp-block-column is-layout-flow wp-block-column-is-layout-flow\" style=\"flex-basis:33.33%\"><\/div>\n<\/div>\n<\/div><\/div>\n\n\n\n<section class=\"block block__icon-text block__full-width\" style=\"background-color: #42389E;\">\n\n\t<div class=\"block__inner block__icon-text--inner\">\n\n\t\t\n\t\t\t<div class=\"block__icon-text--columns\">\n\n\t\t\t\t\t\t\t\t\t<div class=\"block__icon-text--column\">\n\n\t\t\t\t\t\t<div class=\"block__icon-text--image\">\n\t\t\t\t\t\t\t<img decoding=\"async\" src=\"https:\/\/repair.eu\/wp-content\/uploads\/2019\/09\/Broken-phone.png\">\n\t\t\t\t\t\t<\/div>\n\t\t\t\t\t\t\n\t\t\t\t\t\t<div class=\"block__icon-text--text\">\n\t\t\t\t\t\t\tElektroschrott ist der am schnellsten wachsende Abfallstrom weltweit. Nur 15-20% wird recycelt\t\t\t\t\t\t<\/div>\n\n\t\t\t\t\t<\/div>\n\n\t\t\t\t\t\t\t\t\t\t<div class=\"block__icon-text--column\">\n\n\t\t\t\t\t\t<div class=\"block__icon-text--image\">\n\t\t\t\t\t\t\t<img decoding=\"async\" src=\"https:\/\/repair.eu\/wp-content\/uploads\/2019\/09\/Frustrated-face.png\">\n\t\t\t\t\t\t<\/div>\n\t\t\t\t\t\t\n\t\t\t\t\t\t<div class=\"block__icon-text--text\">\n\t\t\t\t\t\t\tWir produzieren jedes Jahr 53 Millionen Tonnen Elektroschrott. Das entspricht mehr als 4500 Eiffelt\u00fcrmen\t\t\t\t\t\t<\/div>\n\n\t\t\t\t\t<\/div>\n\n\t\t\t\t\t\t\t\t\t\t<div class=\"block__icon-text--column\">\n\n\t\t\t\t\t\t<div class=\"block__icon-text--image\">\n\t\t\t\t\t\t\t<img decoding=\"async\" src=\"https:\/\/repair.eu\/wp-content\/uploads\/2019\/09\/Happy-face.png\">\n\t\t\t\t\t\t<\/div>\n\t\t\t\t\t\t\n\t\t\t\t\t\t<div class=\"block__icon-text--text\">\n\t\t\t\t\t\t\tReparaturinitiativen vermeiden M\u00fcll, sparen CO2 und heilen auch Herzen.\t\t\t\t\t\t<\/div>\n\n\t\t\t\t\t<\/div>\n\n\t\t\t\t\t\t\t\t<\/div>\n\n\t\t\t\t\t\n\t<\/div>\t\n\n<\/section>\n\n\n\n\n<section class=\"block block__icon-text block__full-width\" style=\"background-color: ;\">\n\n\t<div class=\"block__inner block__icon-text--inner\">\n\n\t\t\t\t\n\t<\/div>\t\n\n<\/section>\n\n\n\n\n<section class=\"block block__latest-posts\">\n\n\t\n\t\t\t\t<h2 class=\"block_title block__latest-posts--title\">News<\/h2>\n\n\t\t\t\n<article class=\"block__latest-posts--teaser\">\n\n\t<div class=\"block__latest-posts--image\">\n\t\t<a href=\"https:\/\/repair.eu\/de\/news\/a-smarter-way-to-drill-cutting-the-carbon-emissions-from-power-tools\/\" class=\"post__teaser-image-link\">\n\t\t\t<img loading=\"lazy\" decoding=\"async\" width=\"700\" height=\"440\" src=\"https:\/\/repair.eu\/wp-content\/uploads\/2026\/03\/smarter-way-to-drill-2-700x440.png\" class=\"attachment-rtr-post-teaser-img size-rtr-post-teaser-img wp-post-image\" alt=\"\" srcset=\"https:\/\/repair.eu\/wp-content\/uploads\/2026\/03\/smarter-way-to-drill-2-700x440.png 700w, https:\/\/repair.eu\/wp-content\/uploads\/2026\/03\/smarter-way-to-drill-2-300x190.png 300w\" sizes=\"auto, (max-width: 34.9rem) calc(100vw - 2rem), (max-width: 53rem) calc(8 * (100vw \/ 12)), (min-width: 53rem) calc(6 * (100vw \/ 12)), 100vw\" \/>\t\t<\/a>\n\t<\/div>\n\n\t<div class=\"block__latest-posts--details\">\n\n\t\t27. M\u00e4rz 2026\n\t\t<a class=\"block__latest-posts--link\" href=\"https:\/\/repair.eu\/de\/news\/a-smarter-way-to-drill-cutting-the-carbon-emissions-from-power-tools\/\">\n\t\t\t<h3 class=\"block__latest-posts--teaser-title post__teaser-title\">A Smarter Way to Drill: Cutting the Carbon Emissions from Power Tools<\/h3>\n\t\t<\/a>\n\n\t\t<div class=\"block__latest-posts--excerpt\">\n\n\t\t\t<p>Tournevie is the only tool library in Brussels. Co-founder, Thomas Opsomer talked to us about their work and power tool repairability labelling.<\/p>\n\n\t\t<\/div>\n\n\t<\/div>\n\n<\/article>\n\n<article class=\"block__latest-posts--teaser\">\n\n\t<div class=\"block__latest-posts--image\">\n\t\t<a href=\"https:\/\/repair.eu\/de\/news\/introducing-our-new-campaign-manager-ines-alberico\/\" class=\"post__teaser-image-link\">\n\t\t\t<img loading=\"lazy\" decoding=\"async\" width=\"700\" height=\"440\" src=\"https:\/\/repair.eu\/wp-content\/uploads\/2026\/03\/Ines-intro-700x440.png\" class=\"attachment-rtr-post-teaser-img size-rtr-post-teaser-img wp-post-image\" alt=\"\" srcset=\"https:\/\/repair.eu\/wp-content\/uploads\/2026\/03\/Ines-intro-700x440.png 700w, https:\/\/repair.eu\/wp-content\/uploads\/2026\/03\/Ines-intro-300x190.png 300w\" sizes=\"auto, (max-width: 34.9rem) calc(100vw - 2rem), (max-width: 53rem) calc(8 * (100vw \/ 12)), (min-width: 53rem) calc(6 * (100vw \/ 12)), 100vw\" \/>\t\t<\/a>\n\t<\/div>\n\n\t<div class=\"block__latest-posts--details\">\n\n\t\t2. M\u00e4rz 2026\n\t\t<a class=\"block__latest-posts--link\" href=\"https:\/\/repair.eu\/de\/news\/introducing-our-new-campaign-manager-ines-alberico\/\">\n\t\t\t<h3 class=\"block__latest-posts--teaser-title post__teaser-title\">Introducing our new Campaign Manager, In\u00e9s Alberico<\/h3>\n\t\t<\/a>\n\n\t\t<div class=\"block__latest-posts--excerpt\">\n\n\t\t\t<p>Say hello to the new Campaign Manager for Right to Repair Europe, In\u00e9s Alberico. <\/p>\n\n\t\t<\/div>\n\n\t<\/div>\n\n<\/article>\n\n<article class=\"block__latest-posts--teaser\">\n\n\t<div class=\"block__latest-posts--image\">\n\t\t<a href=\"https:\/\/repair.eu\/de\/news\/the-state-of-right-to-repair-in-2026\/\" class=\"post__teaser-image-link\">\n\t\t\t<img loading=\"lazy\" decoding=\"async\" width=\"700\" height=\"440\" src=\"https:\/\/repair.eu\/wp-content\/uploads\/2026\/02\/R2R-wrapped-blog-700x440.png\" class=\"attachment-rtr-post-teaser-img size-rtr-post-teaser-img wp-post-image\" alt=\"\" srcset=\"https:\/\/repair.eu\/wp-content\/uploads\/2026\/02\/R2R-wrapped-blog-700x440.png 700w, https:\/\/repair.eu\/wp-content\/uploads\/2026\/02\/R2R-wrapped-blog-300x190.png 300w\" sizes=\"auto, (max-width: 34.9rem) calc(100vw - 2rem), (max-width: 53rem) calc(8 * (100vw \/ 12)), (min-width: 53rem) calc(6 * (100vw \/ 12)), 100vw\" \/>\t\t<\/a>\n\t<\/div>\n\n\t<div class=\"block__latest-posts--details\">\n\n\t\t16. Februar 2026\n\t\t<a class=\"block__latest-posts--link\" href=\"https:\/\/repair.eu\/de\/news\/the-state-of-right-to-repair-in-2026\/\">\n\t\t\t<h3 class=\"block__latest-posts--teaser-title post__teaser-title\">The state of Right to Repair in 2026\u00a0(and a recap of our work last year)<\/h3>\n\t\t<\/a>\n\n\t\t<div class=\"block__latest-posts--excerpt\">\n\n\t\t\t<p>As a campaign, we look ahead to the challenges and opportunities for right to repair in 2026, as well as celebrating some of the work we did last year. <\/p>\n\n\t\t<\/div>\n\n\t<\/div>\n\n<\/article>\n\n\t<p style=\"margin: 3rem auto; text-align: center\"><a href=\"\/news\"><button>Read more news updates<\/button><\/a><\/p>\n\n<\/section>\n\n","protected":false},"excerpt":{"rendered":"<p>Wir sind Menschen, wir sind ReparateurInnen, wir sind UmweltaktivistInnen, wir sind eine Gemeinschaft. Wir sind \u00fcberzeugt, dass Produkte l\u00e4nger halten m\u00fcssen und deshalb repariert werden sollten, wenn sie kaputt gehen. Damit das m\u00f6glich ist, m\u00fcssen Produkte reparierbar gestaltet und ReparateurInnen unterst\u00fctzt werden. Wir fordern das Recht auf Reparatur.<\/p>\n","protected":false},"author":2,"featured_media":0,"parent":0,"menu_order":0,"comment_status":"closed","ping_status":"closed","template":"","meta":{"_acf_changed":false,"footnotes":""},"class_list":["post-757","page","type-page","status-publish","hentry","entry"],"acf":[],"yoast_head":"<!-- This site is optimized with the Yoast SEO plugin v27.3 - https:\/\/yoast.com\/product\/yoast-seo-wordpress\/ -->\n<title>Home - Right to Repair Europe<\/title>\n<meta name=\"robots\" content=\"index, follow, max-snippet:-1, max-image-preview:large, max-video-preview:-1\" \/>\n<link rel=\"canonical\" href=\"https:\/\/repair.eu\/de\/\" \/>\n<meta property=\"og:locale\" content=\"de_DE\" \/>\n<meta property=\"og:type\" content=\"article\" \/>\n<meta property=\"og:title\" content=\"Home - Right to Repair Europe\" \/>\n<meta property=\"og:description\" content=\"Wir sind Menschen, wir sind ReparateurInnen, wir sind UmweltaktivistInnen, wir sind eine Gemeinschaft. Wir sind \u00fcberzeugt, dass Produkte l\u00e4nger halten m\u00fcssen und deshalb repariert werden sollten, wenn sie kaputt gehen. Damit das m\u00f6glich ist, m\u00fcssen Produkte reparierbar gestaltet und ReparateurInnen unterst\u00fctzt werden. Wir fordern das Recht auf Reparatur.\" \/>\n<meta property=\"og:url\" content=\"https:\/\/repair.eu\/de\/\" \/>\n<meta property=\"og:site_name\" content=\"Right to Repair Europe\" \/>\n<meta property=\"article:publisher\" content=\"https:\/\/www.facebook.com\/righttorepaireurope\/\" \/>\n<meta property=\"article:modified_time\" content=\"2024-11-19T13:02:29+00:00\" \/>\n<meta property=\"og:image\" content=\"https:\/\/repair.eu\/wp-content\/uploads\/2019\/11\/Homepage-who-we-are.jpg\" \/>\n<meta name=\"twitter:card\" content=\"summary_large_image\" \/>\n<meta name=\"twitter:site\" content=\"@R2REurope\" \/>\n<meta name=\"twitter:label1\" content=\"Gesch\u00e4tzte Lesezeit\" \/>\n\t<meta name=\"twitter:data1\" content=\"1\u00a0Minute\" \/>\n<script type=\"application\/ld+json\" class=\"yoast-schema-graph\">{\"@context\":\"https:\\\/\\\/schema.org\",\"@graph\":[{\"@type\":\"WebPage\",\"@id\":\"https:\\\/\\\/repair.eu\\\/de\\\/\",\"url\":\"https:\\\/\\\/repair.eu\\\/de\\\/\",\"name\":\"Home - Right to Repair Europe\",\"isPartOf\":{\"@id\":\"https:\\\/\\\/repair.eu\\\/de\\\/#website\"},\"primaryImageOfPage\":{\"@id\":\"https:\\\/\\\/repair.eu\\\/de\\\/#primaryimage\"},\"image\":{\"@id\":\"https:\\\/\\\/repair.eu\\\/de\\\/#primaryimage\"},\"thumbnailUrl\":\"https:\\\/\\\/repair.eu\\\/wp-content\\\/uploads\\\/2019\\\/11\\\/Homepage-who-we-are.jpg\",\"datePublished\":\"2019-12-12T10:33:35+00:00\",\"dateModified\":\"2024-11-19T13:02:29+00:00\",\"breadcrumb\":{\"@id\":\"https:\\\/\\\/repair.eu\\\/de\\\/#breadcrumb\"},\"inLanguage\":\"de\",\"potentialAction\":[{\"@type\":\"ReadAction\",\"target\":[\"https:\\\/\\\/repair.eu\\\/de\\\/\"]}]},{\"@type\":\"ImageObject\",\"inLanguage\":\"de\",\"@id\":\"https:\\\/\\\/repair.eu\\\/de\\\/#primaryimage\",\"url\":\"https:\\\/\\\/repair.eu\\\/wp-content\\\/uploads\\\/2019\\\/11\\\/Homepage-who-we-are.jpg\",\"contentUrl\":\"https:\\\/\\\/repair.eu\\\/wp-content\\\/uploads\\\/2019\\\/11\\\/Homepage-who-we-are.jpg\"},{\"@type\":\"BreadcrumbList\",\"@id\":\"https:\\\/\\\/repair.eu\\\/de\\\/#breadcrumb\",\"itemListElement\":[{\"@type\":\"ListItem\",\"position\":1,\"name\":\"Home\",\"item\":\"https:\\\/\\\/repair.eu\\\/de\\\/\"},{\"@type\":\"ListItem\",\"position\":2,\"name\":\"Home\"}]},{\"@type\":\"WebSite\",\"@id\":\"https:\\\/\\\/repair.eu\\\/de\\\/#website\",\"url\":\"https:\\\/\\\/repair.eu\\\/de\\\/\",\"name\":\"Right to Repair Europe\",\"description\":\"\",\"publisher\":{\"@id\":\"https:\\\/\\\/repair.eu\\\/de\\\/#organization\"},\"potentialAction\":[{\"@type\":\"SearchAction\",\"target\":{\"@type\":\"EntryPoint\",\"urlTemplate\":\"https:\\\/\\\/repair.eu\\\/de\\\/?s={search_term_string}\"},\"query-input\":{\"@type\":\"PropertyValueSpecification\",\"valueRequired\":true,\"valueName\":\"search_term_string\"}}],\"inLanguage\":\"de\"},{\"@type\":\"Organization\",\"@id\":\"https:\\\/\\\/repair.eu\\\/de\\\/#organization\",\"name\":\"Right to Repair Europe\",\"url\":\"https:\\\/\\\/repair.eu\\\/de\\\/\",\"logo\":{\"@type\":\"ImageObject\",\"inLanguage\":\"de\",\"@id\":\"https:\\\/\\\/repair.eu\\\/de\\\/#\\\/schema\\\/logo\\\/image\\\/\",\"url\":\"https:\\\/\\\/repair.eu\\\/wp-content\\\/uploads\\\/2019\\\/09\\\/Right-to-repair-logo.png\",\"contentUrl\":\"https:\\\/\\\/repair.eu\\\/wp-content\\\/uploads\\\/2019\\\/09\\\/Right-to-repair-logo.png\",\"width\":451,\"height\":62,\"caption\":\"Right to Repair Europe\"},\"image\":{\"@id\":\"https:\\\/\\\/repair.eu\\\/de\\\/#\\\/schema\\\/logo\\\/image\\\/\"},\"sameAs\":[\"https:\\\/\\\/www.facebook.com\\\/righttorepaireurope\\\/\",\"https:\\\/\\\/x.com\\\/R2REurope\",\"https:\\\/\\\/www.instagram.com\\\/R2REurope\\\/\"]}]}<\/script>\n<!-- \/ Yoast SEO plugin. -->","yoast_head_json":{"title":"Home - Right to Repair Europe","robots":{"index":"index","follow":"follow","max-snippet":"max-snippet:-1","max-image-preview":"max-image-preview:large","max-video-preview":"max-video-preview:-1"},"canonical":"https:\/\/repair.eu\/de\/","og_locale":"de_DE","og_type":"article","og_title":"Home - Right to Repair Europe","og_description":"Wir sind Menschen, wir sind ReparateurInnen, wir sind UmweltaktivistInnen, wir sind eine Gemeinschaft. Wir sind \u00fcberzeugt, dass Produkte l\u00e4nger halten m\u00fcssen und deshalb repariert werden sollten, wenn sie kaputt gehen. Damit das m\u00f6glich ist, m\u00fcssen Produkte reparierbar gestaltet und ReparateurInnen unterst\u00fctzt werden. Wir fordern das Recht auf Reparatur.","og_url":"https:\/\/repair.eu\/de\/","og_site_name":"Right to Repair Europe","article_publisher":"https:\/\/www.facebook.com\/righttorepaireurope\/","article_modified_time":"2024-11-19T13:02:29+00:00","og_image":[{"url":"https:\/\/repair.eu\/wp-content\/uploads\/2019\/11\/Homepage-who-we-are.jpg","type":"","width":"","height":""}],"twitter_card":"summary_large_image","twitter_site":"@R2REurope","twitter_misc":{"Gesch\u00e4tzte Lesezeit":"1\u00a0Minute"},"schema":{"@context":"https:\/\/schema.org","@graph":[{"@type":"WebPage","@id":"https:\/\/repair.eu\/de\/","url":"https:\/\/repair.eu\/de\/","name":"Home - Right to Repair Europe","isPartOf":{"@id":"https:\/\/repair.eu\/de\/#website"},"primaryImageOfPage":{"@id":"https:\/\/repair.eu\/de\/#primaryimage"},"image":{"@id":"https:\/\/repair.eu\/de\/#primaryimage"},"thumbnailUrl":"https:\/\/repair.eu\/wp-content\/uploads\/2019\/11\/Homepage-who-we-are.jpg","datePublished":"2019-12-12T10:33:35+00:00","dateModified":"2024-11-19T13:02:29+00:00","breadcrumb":{"@id":"https:\/\/repair.eu\/de\/#breadcrumb"},"inLanguage":"de","potentialAction":[{"@type":"ReadAction","target":["https:\/\/repair.eu\/de\/"]}]},{"@type":"ImageObject","inLanguage":"de","@id":"https:\/\/repair.eu\/de\/#primaryimage","url":"https:\/\/repair.eu\/wp-content\/uploads\/2019\/11\/Homepage-who-we-are.jpg","contentUrl":"https:\/\/repair.eu\/wp-content\/uploads\/2019\/11\/Homepage-who-we-are.jpg"},{"@type":"BreadcrumbList","@id":"https:\/\/repair.eu\/de\/#breadcrumb","itemListElement":[{"@type":"ListItem","position":1,"name":"Home","item":"https:\/\/repair.eu\/de\/"},{"@type":"ListItem","position":2,"name":"Home"}]},{"@type":"WebSite","@id":"https:\/\/repair.eu\/de\/#website","url":"https:\/\/repair.eu\/de\/","name":"Right to Repair Europe","description":"","publisher":{"@id":"https:\/\/repair.eu\/de\/#organization"},"potentialAction":[{"@type":"SearchAction","target":{"@type":"EntryPoint","urlTemplate":"https:\/\/repair.eu\/de\/?s={search_term_string}"},"query-input":{"@type":"PropertyValueSpecification","valueRequired":true,"valueName":"search_term_string"}}],"inLanguage":"de"},{"@type":"Organization","@id":"https:\/\/repair.eu\/de\/#organization","name":"Right to Repair Europe","url":"https:\/\/repair.eu\/de\/","logo":{"@type":"ImageObject","inLanguage":"de","@id":"https:\/\/repair.eu\/de\/#\/schema\/logo\/image\/","url":"https:\/\/repair.eu\/wp-content\/uploads\/2019\/09\/Right-to-repair-logo.png","contentUrl":"https:\/\/repair.eu\/wp-content\/uploads\/2019\/09\/Right-to-repair-logo.png","width":451,"height":62,"caption":"Right to Repair Europe"},"image":{"@id":"https:\/\/repair.eu\/de\/#\/schema\/logo\/image\/"},"sameAs":["https:\/\/www.facebook.com\/righttorepaireurope\/","https:\/\/x.com\/R2REurope","https:\/\/www.instagram.com\/R2REurope\/"]}]}},"_links":{"self":[{"href":"https:\/\/repair.eu\/de\/wp-json\/wp\/v2\/pages\/757","targetHints":{"allow":["GET"]}}],"collection":[{"href":"https:\/\/repair.eu\/de\/wp-json\/wp\/v2\/pages"}],"about":[{"href":"https:\/\/repair.eu\/de\/wp-json\/wp\/v2\/types\/page"}],"author":[{"embeddable":true,"href":"https:\/\/repair.eu\/de\/wp-json\/wp\/v2\/users\/2"}],"replies":[{"embeddable":true,"href":"https:\/\/repair.eu\/de\/wp-json\/wp\/v2\/comments?post=757"}],"version-history":[{"count":70,"href":"https:\/\/repair.eu\/de\/wp-json\/wp\/v2\/pages\/757\/revisions"}],"predecessor-version":[{"id":7293,"href":"https:\/\/repair.eu\/de\/wp-json\/wp\/v2\/pages\/757\/revisions\/7293"}],"wp:attachment":[{"href":"https:\/\/repair.eu\/de\/wp-json\/wp\/v2\/media?parent=757"}],"curies":[{"name":"wp","href":"https:\/\/api.w.org\/{rel}","templated":true}]}}