{"id":1876,"date":"2020-10-27T15:26:21","date_gmt":"2020-10-27T14:26:21","guid":{"rendered":"https:\/\/repair.eu\/?page_id=1876"},"modified":"2021-03-17T09:51:48","modified_gmt":"2021-03-17T08:51:48","slug":"quienes-somos","status":"publish","type":"page","link":"https:\/\/repair.eu\/es\/quienes-somos\/","title":{"rendered":"\u00bfQui\u00e9nes somos?"},"content":{"rendered":"\n<section class=\"block block__hero block__full-width block__hero--image-full-width\" style=\"background-color: ;\">\n\n\t<div class=\" block__hero--inner\">\n\n\t\t\n\t\t\t<picture class=\"block__hero--image\">\n\t\t\t\t<source media=\"(min-width: 768px)\" srcset=\"https:\/\/repair.eu\/wp-content\/uploads\/2020\/03\/SmartphoneCrimeScene@x2-scaled.jpg\">\n\t\t\t\t<source srcset=\"https:\/\/repair.eu\/wp-content\/uploads\/2020\/03\/SmartphoneCrimeSceneMOB@x2.jpg\">\t\t\t\n\t\t\t\t\n\t\t\t\t<img decoding=\"async\" src=\"https:\/\/repair.eu\/wp-content\/uploads\/2020\/03\/SmartphoneCrimeScene@x2-scaled.jpg\" alt=\"We believe in the right to repair\">\n\t\t\t<\/picture>\n\n\t\t\t\n\t<\/div>\t\n\n<\/section>\n\n\n\n\n<h1 class=\"entry-title wp-block-heading\"><strong>\u00bfQui\u00e9nes somos?<\/strong><\/h1>\n\n\n\n<p><strong>Somos una coalici\u00f3n de organizaciones europeas que lucha a favor de la reparaci\u00f3n.<\/strong><\/p>\n\n\n\n<p>Con sede en diferentes pa\u00edses europeos, representamos grupos de reparaci\u00f3n local, actores de la econom\u00eda social, la autorreparaci\u00f3n y cualquier persona que exija su derecho a reparar<\/p>\n\n\n\n<div style=\"height:30px\" aria-hidden=\"true\" class=\"wp-block-spacer\"><\/div>\n\n\n\n<h2 class=\"wp-block-heading\">Miembros del comit\u00e9 directivo<\/h2>\n\n\n\n<div class=\"wp-block-columns has-2-columns one-third-two-thirds is-layout-flex wp-container-core-columns-is-layout-9d6595d7 wp-block-columns-is-layout-flex\">\n<div class=\"wp-block-column is-layout-flow wp-block-column-is-layout-flow\">\n<div class=\"wp-block-image\"><figure class=\"alignleft size-large\"><img loading=\"lazy\" decoding=\"async\" width=\"842\" height=\"688\" src=\"https:\/\/repair.eu\/wp-content\/uploads\/2021\/03\/Logo-Vertical-Color.png\" alt=\"\" class=\"wp-image-2475\" srcset=\"https:\/\/repair.eu\/wp-content\/uploads\/2021\/03\/Logo-Vertical-Color.png 842w, https:\/\/repair.eu\/wp-content\/uploads\/2021\/03\/Logo-Vertical-Color-300x245.png 300w, https:\/\/repair.eu\/wp-content\/uploads\/2021\/03\/Logo-Vertical-Color-768x628.png 768w\" sizes=\"auto, (max-width: 842px) 100vw, 842px\" \/><\/figure><\/div>\n<\/div>\n\n\n\n<div class=\"wp-block-column is-layout-flow wp-block-column-is-layout-flow\">\n<p><br>ECOS es una ONG internacional formada por una red de miembros y expertos que abogan por normas t\u00e9cnicas, pol\u00edticas y leyes respetuosas con el medio ambiente. Nos aseguramos de que se escuche la voz del planeta cuando se elaboran tales instrumentos e impulsamos el cambio ofreciendo nuestros conocimientos t\u00e9cnicos a los responsables pol\u00edticos y a los representantes de la industria, con el objetivo de que los principios medioambientales se apliquen de manera robusta.<\/p>\n\n\n\n<p>Con sede en: B\u00e9lgica<\/p>\n<\/div>\n<\/div>\n\n\n\n<div style=\"height:20px\" aria-hidden=\"true\" class=\"wp-block-spacer\"><\/div>\n\n\n\n<div class=\"wp-block-columns has-2-columns one-third-two-thirds is-layout-flex wp-container-core-columns-is-layout-9d6595d7 wp-block-columns-is-layout-flex\">\n<div class=\"wp-block-column is-layout-flow wp-block-column-is-layout-flow\">\n<div class=\"wp-block-image\"><figure class=\"alignleft\"><a href=\"https:\/\/eeb.org\/\" target=\"_blank\" rel=\"noreferrer noopener\"><img loading=\"lazy\" decoding=\"async\" width=\"300\" height=\"215\" src=\"https:\/\/repair.eu\/wp-content\/uploads\/2019\/09\/EEB-logo-on-white-blue-text-rgb.jpg\" alt=\"\" class=\"wp-image-1881\"\/><\/a><\/figure><\/div>\n<\/div>\n\n\n\n<div class=\"wp-block-column is-layout-flow wp-block-column-is-layout-flow\">\n<p><br>La Oficina Europea del Medio Ambiente (EEB) es la principal red europea de organizaciones ciudadanas ecologistas, con m\u00e1s de 140 entidadesprovenientes de m\u00e1s de 30 pa\u00edses.<\/p>\n\n\n\n<p>Con sede en: B\u00e9lgica<\/p>\n<\/div>\n<\/div>\n\n\n\n<div style=\"height:20px\" aria-hidden=\"true\" class=\"wp-block-spacer\"><\/div>\n\n\n\n<div class=\"wp-block-columns has-2-columns one-third-two-thirds is-layout-flex wp-container-core-columns-is-layout-9d6595d7 wp-block-columns-is-layout-flex\">\n<div class=\"wp-block-column is-layout-flow wp-block-column-is-layout-flow\">\n<div class=\"wp-block-image\"><figure class=\"alignleft\"><a href=\"https:\/\/www.ifixit.com\/\" target=\"_blank\" rel=\"noreferrer noopener\"><img loading=\"lazy\" decoding=\"async\" width=\"300\" height=\"108\" src=\"https:\/\/repair.eu\/wp-content\/uploads\/2019\/09\/iFixit-logo.jpg\" alt=\"\" class=\"wp-image-1883\"\/><\/a><\/figure><\/div>\n<\/div>\n\n\n\n<div class=\"wp-block-column is-layout-flow wp-block-column-is-layout-flow\">\n<p><br>iFixit Europe es la gu\u00eda en l\u00ednea de reparaci\u00f3n gratuita y editable digitalmente, que sirve para pr\u00e1cticamente todo. Con m\u00e1s de 50.000 manuales, cada mes ayudamos a 10 millones de visitantesa arreglar sus aparatos. Nuestra misi\u00f3n es empoderar a la gentepara que arregle sus aparatos, para que ahorre dinero y evite que sus productos electr\u00f3nicos acaben en los vertederos<\/p>\n\n\n\n<p>Con sede en: Alemania<\/p>\n<\/div>\n<\/div>\n\n\n\n<div style=\"height:20px\" aria-hidden=\"true\" class=\"wp-block-spacer\"><\/div>\n\n\n\n<div class=\"wp-block-columns has-2-columns one-third-two-thirds is-layout-flex wp-container-core-columns-is-layout-9d6595d7 wp-block-columns-is-layout-flex\">\n<div class=\"wp-block-column is-layout-flow wp-block-column-is-layout-flow\">\n<div class=\"wp-block-image\"><figure class=\"alignleft\"><a href=\"https:\/\/runder-tisch-reparatur.de\/\" target=\"_blank\" rel=\"noreferrer noopener\"><img loading=\"lazy\" decoding=\"async\" width=\"300\" height=\"126\" src=\"https:\/\/repair.eu\/wp-content\/uploads\/2019\/09\/RTR1_300dpi.jpg\" alt=\"\" class=\"wp-image-1884\"\/><\/a><\/figure><\/div>\n<\/div>\n\n\n\n<div class=\"wp-block-column is-layout-flow wp-block-column-is-layout-flow\">\n<p>Activos desde 2015, las personas socias de RundirTisch Reparatur vienen de la industria de la reparaci\u00f3n, las organizaciones ecologistas y de defensa de los consumidoresy consumidoras, el mundo de la ciencia y las iniciativas locales. Hablamos del futuro de la reparaci\u00f3n y podemos apoyar a las industrias de la reparaci\u00f3n y a las personas consumidoras a buscar productos reparables. <\/p>\n\n\n\n<p>Con sede en: Alemania<\/p>\n<\/div>\n<\/div>\n\n\n\n<div style=\"height:20px\" aria-hidden=\"true\" class=\"wp-block-spacer\"><\/div>\n\n\n\n<div class=\"wp-block-columns has-2-columns one-third-two-thirds is-layout-flex wp-container-core-columns-is-layout-9d6595d7 wp-block-columns-is-layout-flex\">\n<div class=\"wp-block-column is-layout-flow wp-block-column-is-layout-flow\">\n<div class=\"wp-block-image\"><figure class=\"alignleft\"><a href=\"https:\/\/therestartproject.org\" target=\"_blank\" rel=\"noreferrer noopener\"><img loading=\"lazy\" decoding=\"async\" width=\"300\" height=\"108\" src=\"https:\/\/repair.eu\/wp-content\/uploads\/2019\/09\/restart.jpg\" alt=\"\" class=\"wp-image-1885\"\/><\/a><\/figure><\/div>\n<\/div>\n\n\n\n<div class=\"wp-block-column is-layout-flow wp-block-column-is-layout-flow\">\n<p>The Restart Project es una iniciativa socialimpulsada por la ciudadan\u00eda, y quiere arreglar la relaci\u00f3n que tenemos con los productos electr\u00f3nicos. Organizamos restart parties donde las personas se ense\u00f1an las unas a las otras a arreglar productos que no funcionan o que van lentos. Aprovechamos la informaci\u00f3n y las historias que surgen para exigir productos mejores y m\u00e1s sostenibles para todo el mundo.<\/p>\n\n\n\n<p>Con sede en: Reino Unido<\/p>\n<\/div>\n<\/div>\n\n\n\n<div style=\"height:30px\" aria-hidden=\"true\" class=\"wp-block-spacer\"><\/div>\n\n\n\n<h2 class=\"wp-block-heading\"><strong>Nuestra visi\u00f3n y misi\u00f3n<\/strong><\/h2>\n\n\n\n<p><strong>Con la campa\u00f1a por el derecho a reparar, queremos:<\/strong><\/p>\n\n\n\n<p><strong>Conseguir que el derecho a reparar sea tan generalizado e inclusivo como sea posible. \u00bfC\u00f3mo?<\/strong><\/p>\n\n\n\n<ul class=\"wp-block-list\"><li>Informamos a la ciudadan\u00eda y a los consumidoressobre las oportunidades y los obst\u00e1culos en lo que se refiere a su derecho a reparar.<\/li><li>Incluimos a la ciudadan\u00eda en la campa\u00f1a y ayudamos a la gente a reconocer que tiene el poder de impulsar cambios positivos para el planeta y para las comunidades<\/li><\/ul>\n\n\n\n<p><strong>Pedirel derecho universal a reparar y unas medidas pol\u00edticas ambiciosas para conseguirlo. \u00bfC\u00f3mo?<\/strong><\/p>\n\n\n\n<ul class=\"wp-block-list\"><li>Pedimosacceso a la informaci\u00f3n sobre la reparaci\u00f3n y las piezas de repuesto para todo el mundo, no solo para quien se dedica profesionalmente.<\/li><li>Transmitimos a los legisladores la urgencia de asegurar productos m\u00e1s duraderos y reparables a escala nacional y europea<\/li><li>Pedimos un sistema de etiquetado de alcance europeo que indique a los consumidores y consumidoras cu\u00e1les son los productos m\u00e1s duraderos y reparables.<\/li><li>Reforzamos nuestra red de estados miembros colaboradores y empresas asociadas.<\/li><li>Promovemos la reparaci\u00f3n m\u00e1s all\u00e1 de la Uni\u00f3n Europea para acelerar las transformaciones en el mercado a escala global.<\/li><\/ul>\n\n\n\n<p><strong>Elevar el perfil de la reparaci\u00f3n e incluirla en debates m\u00e1s amplios, como por ejemplo:<\/strong><\/p>\n\n\n\n<ul class=\"wp-block-list\"><li>La reducci\u00f3ndel cambio clim\u00e1tico, la transici\u00f3n a una econom\u00eda circular, la justicia medioambiental, la desigualdad socioecon\u00f3micay los Objetivos de Desarrollo Sostenible.<\/li><li>El potencial de la creaci\u00f3n de ocupaci\u00f3n verde tanto en la econom\u00eda social como en la convencional.<\/li><\/ul>\n\n\n\n<div style=\"height:30px\" aria-hidden=\"true\" class=\"wp-block-spacer\"><\/div>\n","protected":false},"excerpt":{"rendered":"<p>\u00bfQui\u00e9nes somos? Somos una coalici\u00f3n de organizaciones europeas que lucha a favor de la reparaci\u00f3n. Con sede en diferentes pa\u00edses europeos, representamos grupos de reparaci\u00f3n local, actores de la econom\u00eda social, la autorreparaci\u00f3n y cualquier persona que exija su derecho a reparar Miembros del comit\u00e9 directivo ECOS es una ONG internacional formada por una red &hellip; <\/p>\n<p class=\"link-more\"><a href=\"https:\/\/repair.eu\/es\/quienes-somos\/\" class=\"more-link\">Seguir leyendo<span class=\"screen-reader-text\"> \u00ab\u00bfQui\u00e9nes somos?\u00bb<\/span><\/a><\/p>\n","protected":false},"author":2,"featured_media":0,"parent":0,"menu_order":0,"comment_status":"closed","ping_status":"closed","template":"","meta":{"_acf_changed":false,"footnotes":""},"class_list":["post-1876","page","type-page","status-publish","hentry","entry"],"acf":[],"yoast_head":"<!-- This site is optimized with the Yoast SEO plugin v27.3 - https:\/\/yoast.com\/product\/yoast-seo-wordpress\/ -->\n<title>\u00bfQui\u00e9nes somos? - Right to Repair Europe<\/title>\n<meta name=\"robots\" content=\"index, follow, max-snippet:-1, max-image-preview:large, max-video-preview:-1\" \/>\n<link rel=\"canonical\" href=\"https:\/\/repair.eu\/es\/quienes-somos\/\" \/>\n<meta property=\"og:locale\" content=\"es_ES\" \/>\n<meta property=\"og:type\" content=\"article\" \/>\n<meta property=\"og:title\" content=\"\u00bfQui\u00e9nes somos? - Right to Repair Europe\" \/>\n<meta property=\"og:description\" content=\"\u00bfQui\u00e9nes somos? Somos una coalici\u00f3n de organizaciones europeas que lucha a favor de la reparaci\u00f3n. Con sede en diferentes pa\u00edses europeos, representamos grupos de reparaci\u00f3n local, actores de la econom\u00eda social, la autorreparaci\u00f3n y cualquier persona que exija su derecho a reparar Miembros del comit\u00e9 directivo ECOS es una ONG internacional formada por una red &hellip; Seguir leyendo \u00ab\u00bfQui\u00e9nes somos?\u00bb\" \/>\n<meta property=\"og:url\" content=\"https:\/\/repair.eu\/es\/quienes-somos\/\" \/>\n<meta property=\"og:site_name\" content=\"Right to Repair Europe\" \/>\n<meta property=\"article:publisher\" content=\"https:\/\/www.facebook.com\/righttorepaireurope\/\" \/>\n<meta property=\"article:modified_time\" content=\"2021-03-17T08:51:48+00:00\" \/>\n<meta property=\"og:image\" content=\"https:\/\/repair.eu\/wp-content\/uploads\/2021\/03\/Logo-Vertical-Color.png\" \/>\n<meta name=\"twitter:card\" content=\"summary_large_image\" \/>\n<meta name=\"twitter:site\" content=\"@R2REurope\" \/>\n<meta name=\"twitter:label1\" content=\"Tiempo de lectura\" \/>\n\t<meta name=\"twitter:data1\" content=\"4 minutos\" \/>\n<script type=\"application\/ld+json\" class=\"yoast-schema-graph\">{\"@context\":\"https:\\\/\\\/schema.org\",\"@graph\":[{\"@type\":\"WebPage\",\"@id\":\"https:\\\/\\\/repair.eu\\\/es\\\/quienes-somos\\\/\",\"url\":\"https:\\\/\\\/repair.eu\\\/es\\\/quienes-somos\\\/\",\"name\":\"\u00bfQui\u00e9nes somos? - Right to Repair Europe\",\"isPartOf\":{\"@id\":\"https:\\\/\\\/repair.eu\\\/es\\\/#website\"},\"primaryImageOfPage\":{\"@id\":\"https:\\\/\\\/repair.eu\\\/es\\\/quienes-somos\\\/#primaryimage\"},\"image\":{\"@id\":\"https:\\\/\\\/repair.eu\\\/es\\\/quienes-somos\\\/#primaryimage\"},\"thumbnailUrl\":\"https:\\\/\\\/repair.eu\\\/wp-content\\\/uploads\\\/2021\\\/03\\\/Logo-Vertical-Color.png\",\"datePublished\":\"2020-10-27T14:26:21+00:00\",\"dateModified\":\"2021-03-17T08:51:48+00:00\",\"breadcrumb\":{\"@id\":\"https:\\\/\\\/repair.eu\\\/es\\\/quienes-somos\\\/#breadcrumb\"},\"inLanguage\":\"es\",\"potentialAction\":[{\"@type\":\"ReadAction\",\"target\":[\"https:\\\/\\\/repair.eu\\\/es\\\/quienes-somos\\\/\"]}]},{\"@type\":\"ImageObject\",\"inLanguage\":\"es\",\"@id\":\"https:\\\/\\\/repair.eu\\\/es\\\/quienes-somos\\\/#primaryimage\",\"url\":\"https:\\\/\\\/repair.eu\\\/wp-content\\\/uploads\\\/2021\\\/03\\\/Logo-Vertical-Color.png\",\"contentUrl\":\"https:\\\/\\\/repair.eu\\\/wp-content\\\/uploads\\\/2021\\\/03\\\/Logo-Vertical-Color.png\"},{\"@type\":\"BreadcrumbList\",\"@id\":\"https:\\\/\\\/repair.eu\\\/es\\\/quienes-somos\\\/#breadcrumb\",\"itemListElement\":[{\"@type\":\"ListItem\",\"position\":1,\"name\":\"Home\",\"item\":\"https:\\\/\\\/repair.eu\\\/es\\\/\"},{\"@type\":\"ListItem\",\"position\":2,\"name\":\"\u00bfQui\u00e9nes somos?\"}]},{\"@type\":\"WebSite\",\"@id\":\"https:\\\/\\\/repair.eu\\\/es\\\/#website\",\"url\":\"https:\\\/\\\/repair.eu\\\/es\\\/\",\"name\":\"Right to Repair Europe\",\"description\":\"\",\"publisher\":{\"@id\":\"https:\\\/\\\/repair.eu\\\/es\\\/#organization\"},\"potentialAction\":[{\"@type\":\"SearchAction\",\"target\":{\"@type\":\"EntryPoint\",\"urlTemplate\":\"https:\\\/\\\/repair.eu\\\/es\\\/?s={search_term_string}\"},\"query-input\":{\"@type\":\"PropertyValueSpecification\",\"valueRequired\":true,\"valueName\":\"search_term_string\"}}],\"inLanguage\":\"es\"},{\"@type\":\"Organization\",\"@id\":\"https:\\\/\\\/repair.eu\\\/es\\\/#organization\",\"name\":\"Right to Repair Europe\",\"url\":\"https:\\\/\\\/repair.eu\\\/es\\\/\",\"logo\":{\"@type\":\"ImageObject\",\"inLanguage\":\"es\",\"@id\":\"https:\\\/\\\/repair.eu\\\/es\\\/#\\\/schema\\\/logo\\\/image\\\/\",\"url\":\"https:\\\/\\\/repair.eu\\\/wp-content\\\/uploads\\\/2019\\\/09\\\/Right-to-repair-logo.png\",\"contentUrl\":\"https:\\\/\\\/repair.eu\\\/wp-content\\\/uploads\\\/2019\\\/09\\\/Right-to-repair-logo.png\",\"width\":451,\"height\":62,\"caption\":\"Right to Repair Europe\"},\"image\":{\"@id\":\"https:\\\/\\\/repair.eu\\\/es\\\/#\\\/schema\\\/logo\\\/image\\\/\"},\"sameAs\":[\"https:\\\/\\\/www.facebook.com\\\/righttorepaireurope\\\/\",\"https:\\\/\\\/x.com\\\/R2REurope\",\"https:\\\/\\\/www.instagram.com\\\/R2REurope\\\/\"]}]}<\/script>\n<!-- \/ Yoast SEO plugin. -->","yoast_head_json":{"title":"\u00bfQui\u00e9nes somos? - Right to Repair Europe","robots":{"index":"index","follow":"follow","max-snippet":"max-snippet:-1","max-image-preview":"max-image-preview:large","max-video-preview":"max-video-preview:-1"},"canonical":"https:\/\/repair.eu\/es\/quienes-somos\/","og_locale":"es_ES","og_type":"article","og_title":"\u00bfQui\u00e9nes somos? - Right to Repair Europe","og_description":"\u00bfQui\u00e9nes somos? Somos una coalici\u00f3n de organizaciones europeas que lucha a favor de la reparaci\u00f3n. Con sede en diferentes pa\u00edses europeos, representamos grupos de reparaci\u00f3n local, actores de la econom\u00eda social, la autorreparaci\u00f3n y cualquier persona que exija su derecho a reparar Miembros del comit\u00e9 directivo ECOS es una ONG internacional formada por una red &hellip; Seguir leyendo \u00ab\u00bfQui\u00e9nes somos?\u00bb","og_url":"https:\/\/repair.eu\/es\/quienes-somos\/","og_site_name":"Right to Repair Europe","article_publisher":"https:\/\/www.facebook.com\/righttorepaireurope\/","article_modified_time":"2021-03-17T08:51:48+00:00","og_image":[{"url":"https:\/\/repair.eu\/wp-content\/uploads\/2021\/03\/Logo-Vertical-Color.png","type":"","width":"","height":""}],"twitter_card":"summary_large_image","twitter_site":"@R2REurope","twitter_misc":{"Tiempo de lectura":"4 minutos"},"schema":{"@context":"https:\/\/schema.org","@graph":[{"@type":"WebPage","@id":"https:\/\/repair.eu\/es\/quienes-somos\/","url":"https:\/\/repair.eu\/es\/quienes-somos\/","name":"\u00bfQui\u00e9nes somos? - Right to Repair Europe","isPartOf":{"@id":"https:\/\/repair.eu\/es\/#website"},"primaryImageOfPage":{"@id":"https:\/\/repair.eu\/es\/quienes-somos\/#primaryimage"},"image":{"@id":"https:\/\/repair.eu\/es\/quienes-somos\/#primaryimage"},"thumbnailUrl":"https:\/\/repair.eu\/wp-content\/uploads\/2021\/03\/Logo-Vertical-Color.png","datePublished":"2020-10-27T14:26:21+00:00","dateModified":"2021-03-17T08:51:48+00:00","breadcrumb":{"@id":"https:\/\/repair.eu\/es\/quienes-somos\/#breadcrumb"},"inLanguage":"es","potentialAction":[{"@type":"ReadAction","target":["https:\/\/repair.eu\/es\/quienes-somos\/"]}]},{"@type":"ImageObject","inLanguage":"es","@id":"https:\/\/repair.eu\/es\/quienes-somos\/#primaryimage","url":"https:\/\/repair.eu\/wp-content\/uploads\/2021\/03\/Logo-Vertical-Color.png","contentUrl":"https:\/\/repair.eu\/wp-content\/uploads\/2021\/03\/Logo-Vertical-Color.png"},{"@type":"BreadcrumbList","@id":"https:\/\/repair.eu\/es\/quienes-somos\/#breadcrumb","itemListElement":[{"@type":"ListItem","position":1,"name":"Home","item":"https:\/\/repair.eu\/es\/"},{"@type":"ListItem","position":2,"name":"\u00bfQui\u00e9nes somos?"}]},{"@type":"WebSite","@id":"https:\/\/repair.eu\/es\/#website","url":"https:\/\/repair.eu\/es\/","name":"Right to Repair Europe","description":"","publisher":{"@id":"https:\/\/repair.eu\/es\/#organization"},"potentialAction":[{"@type":"SearchAction","target":{"@type":"EntryPoint","urlTemplate":"https:\/\/repair.eu\/es\/?s={search_term_string}"},"query-input":{"@type":"PropertyValueSpecification","valueRequired":true,"valueName":"search_term_string"}}],"inLanguage":"es"},{"@type":"Organization","@id":"https:\/\/repair.eu\/es\/#organization","name":"Right to Repair Europe","url":"https:\/\/repair.eu\/es\/","logo":{"@type":"ImageObject","inLanguage":"es","@id":"https:\/\/repair.eu\/es\/#\/schema\/logo\/image\/","url":"https:\/\/repair.eu\/wp-content\/uploads\/2019\/09\/Right-to-repair-logo.png","contentUrl":"https:\/\/repair.eu\/wp-content\/uploads\/2019\/09\/Right-to-repair-logo.png","width":451,"height":62,"caption":"Right to Repair Europe"},"image":{"@id":"https:\/\/repair.eu\/es\/#\/schema\/logo\/image\/"},"sameAs":["https:\/\/www.facebook.com\/righttorepaireurope\/","https:\/\/x.com\/R2REurope","https:\/\/www.instagram.com\/R2REurope\/"]}]}},"_links":{"self":[{"href":"https:\/\/repair.eu\/es\/wp-json\/wp\/v2\/pages\/1876","targetHints":{"allow":["GET"]}}],"collection":[{"href":"https:\/\/repair.eu\/es\/wp-json\/wp\/v2\/pages"}],"about":[{"href":"https:\/\/repair.eu\/es\/wp-json\/wp\/v2\/types\/page"}],"author":[{"embeddable":true,"href":"https:\/\/repair.eu\/es\/wp-json\/wp\/v2\/users\/2"}],"replies":[{"embeddable":true,"href":"https:\/\/repair.eu\/es\/wp-json\/wp\/v2\/comments?post=1876"}],"version-history":[{"count":4,"href":"https:\/\/repair.eu\/es\/wp-json\/wp\/v2\/pages\/1876\/revisions"}],"predecessor-version":[{"id":2479,"href":"https:\/\/repair.eu\/es\/wp-json\/wp\/v2\/pages\/1876\/revisions\/2479"}],"wp:attachment":[{"href":"https:\/\/repair.eu\/es\/wp-json\/wp\/v2\/media?parent=1876"}],"curies":[{"name":"wp","href":"https:\/\/api.w.org\/{rel}","templated":true}]}}