{"id":1913,"date":"2020-10-27T15:56:54","date_gmt":"2020-10-27T14:56:54","guid":{"rendered":"https:\/\/repair.eu\/?page_id=1913"},"modified":"2024-01-29T12:03:58","modified_gmt":"2024-01-29T11:03:58","slug":"dona","status":"publish","type":"page","link":"https:\/\/repair.eu\/es\/dona\/","title":{"rendered":"Dona"},"content":{"rendered":"\n<h3 class=\"wp-block-heading\">Ay\u00fadanos con tu donativo<\/h3>\n\n\n\n<p>Gracias a tu apoyo, nuestra campa\u00f1a ha logrado muchos avances. Hemos alcanzado regulaciones europeas m\u00e1s estrictas en relaci\u00f3n con:<\/p>\n\n\n\n<ul class=\"wp-block-list\">\n<li>Bater\u00edas f\u00e1cilmente reemplazables por el usuario para futuros dispositivos (2027) y la obligaci\u00f3n de venderlas a precios \u00abjustos\u00bb;<\/li>\n\n\n\n<li>Un \u00edndice de reparaci\u00f3n para tel\u00e9fonos celulares, 5 a\u00f1os de soporte de software y 7 a\u00f1os de disponibilidad de refacciones para futuros dispositivos (2025);<\/li>\n<\/ul>\n\n\n\n<p>\u00a1Pero la lucha no ha terminado! Tu donaci\u00f3n respaldar\u00e1 nuestros esfuerzos para asegurarnos de que la UE siga trabajando hacia la circularidad y que alcancemos productos totalmente reparables en Europa.<\/p>\n\n\n\n<p>\u00bfRepresentas a una compa\u00f1\u00eda o a una organizaci\u00f3n dispuesta a apoyarno? \u00bfNo tienes tarjeta de cr\u00e9dito y quieres hacer una donaci\u00f3n por transferencia bancaria? <a href=\"mailto:info@repair.eu\" target=\"_blank\" rel=\"noreferrer noopener\">Cont\u00e1ctanos<\/a>. Si quieres hacer una donaci\u00f3n por Paypal puedes enviar tu transferencia a <a href=\"mailto:info@repair.eu\" target=\"_blank\" rel=\"noreferrer noopener\">info@repair.eu<\/a>.<\/p>\n\n\n\n<script src=\"https:\/\/actionnetwork.org\/widgets\/v3\/fundraising\/test-donate-to-right-to-repair-europe?format=js&amp;source=widget&amp;css=whitelabel&amp;style=full\"><\/script><div id=\"can-fundraising-area-test-donate-to-right-to-repair-europe\" style=\"width: 100%\"><!-- this div is the target for our HTML insertion --><\/div>\n\n\n\n<p><\/p>\n","protected":false},"excerpt":{"rendered":"<p>Ay\u00fadanos con tu donativo Gracias a tu apoyo, nuestra campa\u00f1a ha logrado muchos avances. Hemos alcanzado regulaciones europeas m\u00e1s estrictas en relaci\u00f3n con: \u00a1Pero la lucha no ha terminado! Tu donaci\u00f3n respaldar\u00e1 nuestros esfuerzos para asegurarnos de que la UE siga trabajando hacia la circularidad y que alcancemos productos totalmente reparables en Europa. \u00bfRepresentas a &hellip; <\/p>\n<p class=\"link-more\"><a href=\"https:\/\/repair.eu\/es\/dona\/\" class=\"more-link\">Seguir leyendo<span class=\"screen-reader-text\"> \u00abDona\u00bb<\/span><\/a><\/p>\n","protected":false},"author":2,"featured_media":0,"parent":0,"menu_order":0,"comment_status":"closed","ping_status":"closed","template":"","meta":{"_acf_changed":false,"footnotes":""},"class_list":["post-1913","page","type-page","status-publish","hentry","entry"],"acf":[],"yoast_head":"<!-- This site is optimized with the Yoast SEO plugin v27.3 - https:\/\/yoast.com\/product\/yoast-seo-wordpress\/ -->\n<title>Dona - Right to Repair Europe<\/title>\n<meta name=\"robots\" content=\"index, follow, max-snippet:-1, max-image-preview:large, max-video-preview:-1\" \/>\n<link rel=\"canonical\" href=\"https:\/\/repair.eu\/es\/dona\/\" \/>\n<meta property=\"og:locale\" content=\"es_ES\" \/>\n<meta property=\"og:type\" content=\"article\" \/>\n<meta property=\"og:title\" content=\"Dona - Right to Repair Europe\" \/>\n<meta property=\"og:description\" content=\"Ay\u00fadanos con tu donativo Gracias a tu apoyo, nuestra campa\u00f1a ha logrado muchos avances. Hemos alcanzado regulaciones europeas m\u00e1s estrictas en relaci\u00f3n con: \u00a1Pero la lucha no ha terminado! Tu donaci\u00f3n respaldar\u00e1 nuestros esfuerzos para asegurarnos de que la UE siga trabajando hacia la circularidad y que alcancemos productos totalmente reparables en Europa. \u00bfRepresentas a &hellip; Seguir leyendo \u00abDona\u00bb\" \/>\n<meta property=\"og:url\" content=\"https:\/\/repair.eu\/es\/dona\/\" \/>\n<meta property=\"og:site_name\" content=\"Right to Repair Europe\" \/>\n<meta property=\"article:publisher\" content=\"https:\/\/www.facebook.com\/righttorepaireurope\/\" \/>\n<meta property=\"article:modified_time\" content=\"2024-01-29T11:03:58+00:00\" \/>\n<meta property=\"og:image\" content=\"https:\/\/repair.eu\/wp-content\/uploads\/2019\/09\/R2RFacebookImage.png\" \/>\n\t<meta property=\"og:image:width\" content=\"1200\" \/>\n\t<meta property=\"og:image:height\" content=\"630\" \/>\n\t<meta property=\"og:image:type\" content=\"image\/png\" \/>\n<meta name=\"twitter:card\" content=\"summary_large_image\" \/>\n<meta name=\"twitter:site\" content=\"@R2REurope\" \/>\n<meta name=\"twitter:label1\" content=\"Tiempo de lectura\" \/>\n\t<meta name=\"twitter:data1\" content=\"1 minuto\" \/>\n<script type=\"application\/ld+json\" class=\"yoast-schema-graph\">{\"@context\":\"https:\\\/\\\/schema.org\",\"@graph\":[{\"@type\":\"WebPage\",\"@id\":\"https:\\\/\\\/repair.eu\\\/es\\\/dona\\\/\",\"url\":\"https:\\\/\\\/repair.eu\\\/es\\\/dona\\\/\",\"name\":\"Dona - Right to Repair Europe\",\"isPartOf\":{\"@id\":\"https:\\\/\\\/repair.eu\\\/es\\\/#website\"},\"datePublished\":\"2020-10-27T14:56:54+00:00\",\"dateModified\":\"2024-01-29T11:03:58+00:00\",\"breadcrumb\":{\"@id\":\"https:\\\/\\\/repair.eu\\\/es\\\/dona\\\/#breadcrumb\"},\"inLanguage\":\"es\",\"potentialAction\":[{\"@type\":\"ReadAction\",\"target\":[\"https:\\\/\\\/repair.eu\\\/es\\\/dona\\\/\"]}]},{\"@type\":\"BreadcrumbList\",\"@id\":\"https:\\\/\\\/repair.eu\\\/es\\\/dona\\\/#breadcrumb\",\"itemListElement\":[{\"@type\":\"ListItem\",\"position\":1,\"name\":\"Home\",\"item\":\"https:\\\/\\\/repair.eu\\\/es\\\/\"},{\"@type\":\"ListItem\",\"position\":2,\"name\":\"Dona\"}]},{\"@type\":\"WebSite\",\"@id\":\"https:\\\/\\\/repair.eu\\\/es\\\/#website\",\"url\":\"https:\\\/\\\/repair.eu\\\/es\\\/\",\"name\":\"Right to Repair Europe\",\"description\":\"\",\"publisher\":{\"@id\":\"https:\\\/\\\/repair.eu\\\/es\\\/#organization\"},\"potentialAction\":[{\"@type\":\"SearchAction\",\"target\":{\"@type\":\"EntryPoint\",\"urlTemplate\":\"https:\\\/\\\/repair.eu\\\/es\\\/?s={search_term_string}\"},\"query-input\":{\"@type\":\"PropertyValueSpecification\",\"valueRequired\":true,\"valueName\":\"search_term_string\"}}],\"inLanguage\":\"es\"},{\"@type\":\"Organization\",\"@id\":\"https:\\\/\\\/repair.eu\\\/es\\\/#organization\",\"name\":\"Right to Repair Europe\",\"url\":\"https:\\\/\\\/repair.eu\\\/es\\\/\",\"logo\":{\"@type\":\"ImageObject\",\"inLanguage\":\"es\",\"@id\":\"https:\\\/\\\/repair.eu\\\/es\\\/#\\\/schema\\\/logo\\\/image\\\/\",\"url\":\"https:\\\/\\\/repair.eu\\\/wp-content\\\/uploads\\\/2019\\\/09\\\/Right-to-repair-logo.png\",\"contentUrl\":\"https:\\\/\\\/repair.eu\\\/wp-content\\\/uploads\\\/2019\\\/09\\\/Right-to-repair-logo.png\",\"width\":451,\"height\":62,\"caption\":\"Right to Repair Europe\"},\"image\":{\"@id\":\"https:\\\/\\\/repair.eu\\\/es\\\/#\\\/schema\\\/logo\\\/image\\\/\"},\"sameAs\":[\"https:\\\/\\\/www.facebook.com\\\/righttorepaireurope\\\/\",\"https:\\\/\\\/x.com\\\/R2REurope\",\"https:\\\/\\\/www.instagram.com\\\/R2REurope\\\/\"]}]}<\/script>\n<!-- \/ Yoast SEO plugin. -->","yoast_head_json":{"title":"Dona - Right to Repair Europe","robots":{"index":"index","follow":"follow","max-snippet":"max-snippet:-1","max-image-preview":"max-image-preview:large","max-video-preview":"max-video-preview:-1"},"canonical":"https:\/\/repair.eu\/es\/dona\/","og_locale":"es_ES","og_type":"article","og_title":"Dona - Right to Repair Europe","og_description":"Ay\u00fadanos con tu donativo Gracias a tu apoyo, nuestra campa\u00f1a ha logrado muchos avances. Hemos alcanzado regulaciones europeas m\u00e1s estrictas en relaci\u00f3n con: \u00a1Pero la lucha no ha terminado! Tu donaci\u00f3n respaldar\u00e1 nuestros esfuerzos para asegurarnos de que la UE siga trabajando hacia la circularidad y que alcancemos productos totalmente reparables en Europa. \u00bfRepresentas a &hellip; Seguir leyendo \u00abDona\u00bb","og_url":"https:\/\/repair.eu\/es\/dona\/","og_site_name":"Right to Repair Europe","article_publisher":"https:\/\/www.facebook.com\/righttorepaireurope\/","article_modified_time":"2024-01-29T11:03:58+00:00","og_image":[{"width":1200,"height":630,"url":"https:\/\/repair.eu\/wp-content\/uploads\/2019\/09\/R2RFacebookImage.png","type":"image\/png"}],"twitter_card":"summary_large_image","twitter_site":"@R2REurope","twitter_misc":{"Tiempo de lectura":"1 minuto"},"schema":{"@context":"https:\/\/schema.org","@graph":[{"@type":"WebPage","@id":"https:\/\/repair.eu\/es\/dona\/","url":"https:\/\/repair.eu\/es\/dona\/","name":"Dona - Right to Repair Europe","isPartOf":{"@id":"https:\/\/repair.eu\/es\/#website"},"datePublished":"2020-10-27T14:56:54+00:00","dateModified":"2024-01-29T11:03:58+00:00","breadcrumb":{"@id":"https:\/\/repair.eu\/es\/dona\/#breadcrumb"},"inLanguage":"es","potentialAction":[{"@type":"ReadAction","target":["https:\/\/repair.eu\/es\/dona\/"]}]},{"@type":"BreadcrumbList","@id":"https:\/\/repair.eu\/es\/dona\/#breadcrumb","itemListElement":[{"@type":"ListItem","position":1,"name":"Home","item":"https:\/\/repair.eu\/es\/"},{"@type":"ListItem","position":2,"name":"Dona"}]},{"@type":"WebSite","@id":"https:\/\/repair.eu\/es\/#website","url":"https:\/\/repair.eu\/es\/","name":"Right to Repair Europe","description":"","publisher":{"@id":"https:\/\/repair.eu\/es\/#organization"},"potentialAction":[{"@type":"SearchAction","target":{"@type":"EntryPoint","urlTemplate":"https:\/\/repair.eu\/es\/?s={search_term_string}"},"query-input":{"@type":"PropertyValueSpecification","valueRequired":true,"valueName":"search_term_string"}}],"inLanguage":"es"},{"@type":"Organization","@id":"https:\/\/repair.eu\/es\/#organization","name":"Right to Repair Europe","url":"https:\/\/repair.eu\/es\/","logo":{"@type":"ImageObject","inLanguage":"es","@id":"https:\/\/repair.eu\/es\/#\/schema\/logo\/image\/","url":"https:\/\/repair.eu\/wp-content\/uploads\/2019\/09\/Right-to-repair-logo.png","contentUrl":"https:\/\/repair.eu\/wp-content\/uploads\/2019\/09\/Right-to-repair-logo.png","width":451,"height":62,"caption":"Right to Repair Europe"},"image":{"@id":"https:\/\/repair.eu\/es\/#\/schema\/logo\/image\/"},"sameAs":["https:\/\/www.facebook.com\/righttorepaireurope\/","https:\/\/x.com\/R2REurope","https:\/\/www.instagram.com\/R2REurope\/"]}]}},"_links":{"self":[{"href":"https:\/\/repair.eu\/es\/wp-json\/wp\/v2\/pages\/1913","targetHints":{"allow":["GET"]}}],"collection":[{"href":"https:\/\/repair.eu\/es\/wp-json\/wp\/v2\/pages"}],"about":[{"href":"https:\/\/repair.eu\/es\/wp-json\/wp\/v2\/types\/page"}],"author":[{"embeddable":true,"href":"https:\/\/repair.eu\/es\/wp-json\/wp\/v2\/users\/2"}],"replies":[{"embeddable":true,"href":"https:\/\/repair.eu\/es\/wp-json\/wp\/v2\/comments?post=1913"}],"version-history":[{"count":3,"href":"https:\/\/repair.eu\/es\/wp-json\/wp\/v2\/pages\/1913\/revisions"}],"predecessor-version":[{"id":6301,"href":"https:\/\/repair.eu\/es\/wp-json\/wp\/v2\/pages\/1913\/revisions\/6301"}],"wp:attachment":[{"href":"https:\/\/repair.eu\/es\/wp-json\/wp\/v2\/media?parent=1913"}],"curies":[{"name":"wp","href":"https:\/\/api.w.org\/{rel}","templated":true}]}}