{"id":472,"date":"2019-11-21T10:31:54","date_gmt":"2019-11-21T09:31:54","guid":{"rendered":"https:\/\/repair.eu\/?page_id=472"},"modified":"2023-06-07T13:41:25","modified_gmt":"2023-06-07T11:41:25","slug":"a-propos","status":"publish","type":"page","link":"https:\/\/repair.eu\/fr\/a-propos\/","title":{"rendered":"A propos"},"content":{"rendered":"\n<section class=\"block block__hero block__full-width block__hero--image-full-width\" style=\"background-color: ;\">\n\n\t<div class=\" block__hero--inner\">\n\n\t\t\n\t\t\t<picture class=\"block__hero--image\">\n\t\t\t\t<source media=\"(min-width: 768px)\" srcset=\"https:\/\/repair.eu\/wp-content\/uploads\/2020\/03\/SmartphoneCrimeScene@x2-scaled.jpg\">\n\t\t\t\t<source srcset=\"https:\/\/repair.eu\/wp-content\/uploads\/2020\/03\/SmartphoneCrimeSceneMOB@x2.jpg\">\t\t\t\n\t\t\t\t\n\t\t\t\t<img decoding=\"async\" src=\"https:\/\/repair.eu\/wp-content\/uploads\/2020\/03\/SmartphoneCrimeScene@x2-scaled.jpg\" alt=\"We believe in the right to repair\">\n\t\t\t<\/picture>\n\n\t\t\t\n\t<\/div>\t\n\n<\/section>\n\n\n\n\n<h1 class=\"wp-block-heading entry-title\"><strong>Qui sommes nous? <\/strong><\/h1>\n\n\n\n<p><strong>Nous sommes des individus, nous sommes des r\u00e9parateurs, nous sommes des activistes pour l\u2019environnement, et avant tout, nous sommes une communaut\u00e9.<\/strong><\/p>\n\n\n\n<p>La coalition Right to Repair Europe repr\u00e9sente plus de 100 organisations provenant de 21 pays europ\u00e9ens. Elle inclut ONGs environnementalistes, et acteurs de la r\u00e9parateurs, comme groupes de r\u00e9paration, entreprises qui s&rsquo;occupent de r\u00e9paration et remise \u00e0 neuf, et toustes les citoyen.ne.s qui sont int\u00e9ress\u00e9.e.s par la lutte au droit \u00e0 la r\u00e9paration. Il s&rsquo;agit d&rsquo;un mouvement qui est en train de cro\u00eetre rapidement, et son objectif de rendre la r\u00e9paration abordable, accessible et commune est en ligne avec les objectifs du European Green Deal et le Circular Economy Action Plan. Consulte tous les organisations membres par pays <a href=\"https:\/\/repair.eu\/fr\/notre-reseau\/\" target=\"_blank\" rel=\"noreferrer noopener\">ici<\/a>.<\/p>\n\n\n\n<p>On se bat pour enlever les barri\u00e8res qui nous emp\u00eachent de r\u00e9parer nos produits, pour qu&rsquo;ils durent plus longtemps. Pourquoi?<\/p>\n\n\n\n<p>Le probl\u00e8me est simple. Les produits qu&rsquo;on utilise tous les jours sont en train de devenir de plus en plus difficiles \u00e0 r\u00e9parer. Les d\u00e9chets \u00e9lectroniques sont une des cat\u00e9gories de d\u00e9chets lesquelles sont en train d&rsquo;augmenter le plus rapidement. et au m^me temps les fabricants rendent leurs produits plus difficiles \u00e0 r\u00e9parer. Et il ne s&rsquo;agit pas seulement d&rsquo;appareils digitaux: la quantit\u00e9 d&rsquo;appareils domestiques qui cassent dans les premiers 5 ans apr\u00e8s leur acquis est en train d&rsquo;exploser \u00e9galement.<\/p>\n\n\n\n<p>On en a marre. De tous les points de vues &#8211; emissions, impact social, d\u00e9chets &#8211; ce ne peut pas continuer comme \u00e7a. Pour cette raison on s&rsquo;engage \u00e0 agir. On veut un Droit \u00e0 la R\u00e9paration.<\/p>\n\n\n\n<div style=\"height:30px\" aria-hidden=\"true\" class=\"wp-block-spacer\"><\/div>\n\n\n\n<h2 class=\"wp-block-heading\">Membres coordinateurs<\/h2>\n\n\n\n<p><\/p>\n\n\n\n<div class=\"wp-block-columns has-2-columns one-third-two-thirds is-layout-flex wp-container-core-columns-is-layout-9d6595d7 wp-block-columns-is-layout-flex\">\n<div class=\"wp-block-column is-layout-flow wp-block-column-is-layout-flow\"><div class=\"wp-block-image\">\n<figure class=\"alignleft size-large\"><a href=\"https:\/\/ecostandard.org\/\" target=\"_blank\" rel=\"noreferrer noopener\"><img loading=\"lazy\" decoding=\"async\" width=\"842\" height=\"688\" src=\"https:\/\/repair.eu\/wp-content\/uploads\/2021\/03\/Logo-Vertical-Color.png\" alt=\"\" class=\"wp-image-2471\" srcset=\"https:\/\/repair.eu\/wp-content\/uploads\/2021\/03\/Logo-Vertical-Color.png 842w, https:\/\/repair.eu\/wp-content\/uploads\/2021\/03\/Logo-Vertical-Color-300x245.png 300w, https:\/\/repair.eu\/wp-content\/uploads\/2021\/03\/Logo-Vertical-Color-768x628.png 768w\" sizes=\"auto, (max-width: 842px) 100vw, 842px\" \/><\/a><\/figure>\n<\/div><\/div>\n\n\n\n<div class=\"wp-block-column is-layout-flow wp-block-column-is-layout-flow\">\n<p><br>ECOS est une ONG internationale avec un r\u00e9seau de membres et expert.e.s qui luttent pour des lois et mesures \u00e9co-responsables. On s&rsquo;assure que la voix de l&rsquo;environnement soit \u00e9cout\u00e9e pendant les d\u00e9veloppement des lois environnementales et on guide la transition en fournissant notre expertise aux autorit\u00e9s et les diff\u00e9rents agents pr\u00e9sents dans le march\u00e9, pour assurer une impl\u00e9mentation rigoureuse des principes environnementaux.<\/p>\n\n\n\n<p>Bas\u00e9e en: Belgique<\/p>\n<\/div>\n<\/div>\n\n\n\n<div class=\"wp-block-columns has-2-columns one-third-two-thirds is-layout-flex wp-container-core-columns-is-layout-9d6595d7 wp-block-columns-is-layout-flex\">\n<div class=\"wp-block-column is-layout-flow wp-block-column-is-layout-flow\">\n<figure class=\"wp-block-image\"><a href=\"https:\/\/eeb.org\/\" target=\"_blank\" rel=\"noreferrer noopener\"><img loading=\"lazy\" decoding=\"async\" width=\"300\" height=\"215\" src=\"https:\/\/repair.eu\/wp-content\/uploads\/2019\/09\/EEB-logo-on-white-blue-text-rgb.jpg\" alt=\"\" class=\"wp-image-147\"\/><\/a><\/figure>\n<\/div>\n\n\n\n<div class=\"wp-block-column is-layout-flow wp-block-column-is-layout-flow\">\n<p>Le European Environmental Bureau (EEB) est le r\u00e9seau d&rsquo;organisations citoyennes environnementales le plus grand d&rsquo;Europe, avec environ 140 organisations dans plus de 30 pays.<\/p>\n\n\n\n<p>Bas\u00e9e en: Belgique<\/p>\n<\/div>\n<\/div>\n\n\n\n<div class=\"wp-block-columns has-2-columns one-third-two-thirds is-layout-flex wp-container-core-columns-is-layout-9d6595d7 wp-block-columns-is-layout-flex\">\n<div class=\"wp-block-column is-layout-flow wp-block-column-is-layout-flow\">\n<figure class=\"wp-block-image size-full is-resized\"><a href=\"https:\/\/www.halteobsolescence.org\/\" target=\"_blank\" rel=\"noreferrer noopener\"><img loading=\"lazy\" decoding=\"async\" src=\"https:\/\/repair.eu\/wp-content\/uploads\/2022\/12\/Logo-HOP-carre2-4.png\" alt=\"\" class=\"wp-image-4257\" width=\"210\" height=\"210\" srcset=\"https:\/\/repair.eu\/wp-content\/uploads\/2022\/12\/Logo-HOP-carre2-4.png 566w, https:\/\/repair.eu\/wp-content\/uploads\/2022\/12\/Logo-HOP-carre2-4-300x300.png 300w, https:\/\/repair.eu\/wp-content\/uploads\/2022\/12\/Logo-HOP-carre2-4-150x150.png 150w\" sizes=\"auto, (max-width: 210px) 100vw, 210px\" \/><\/a><\/figure>\n<\/div>\n\n\n\n<div class=\"wp-block-column is-layout-flow wp-block-column-is-layout-flow\">\n<p>HOP (Halte \u00e0 l\u2019obsolescence programm\u00e9e) est une ONG fran\u00e7aise qui lutte pour des produits durable et r\u00e9parable \u00e0 travers la sensibilisation, d\u00e9fense et actions l\u00e9gales. HOP a \u00e9t\u00e9 cr\u00e9e en 2015 pour faire entendre la voix des consommatrices et consommateurs et de l&rsquo;environnement en mati\u00e8re de production et consommation durable. <\/p>\n\n\n\n<p>Bas\u00e9e en: France<\/p>\n<\/div>\n<\/div>\n\n\n\n<div class=\"wp-block-columns has-2-columns one-third-two-thirds is-layout-flex wp-container-core-columns-is-layout-9d6595d7 wp-block-columns-is-layout-flex\">\n<div class=\"wp-block-column is-layout-flow wp-block-column-is-layout-flow\">\n<figure class=\"wp-block-image\"><a href=\"https:\/\/www.ifixit.com\/\" target=\"_blank\" rel=\"noreferrer noopener\"><img loading=\"lazy\" decoding=\"async\" width=\"300\" height=\"108\" src=\"https:\/\/repair.eu\/wp-content\/uploads\/2019\/09\/iFixit-logo.jpg\" alt=\"\" class=\"wp-image-149\"\/><\/a><\/figure>\n<\/div>\n\n\n\n<div class=\"wp-block-column is-layout-flow wp-block-column-is-layout-flow\">\n<p>iFixit Europe is the free, publicly editable online repair manual for almost anything. With more than 50 000 manuals we empower 10 million monthly visitors to fix their stuff. Our mission is to empower people to fix their stuff and save money while keeping electronics out of landfills.<\/p>\n\n\n\n<p>Based in: Germany<\/p>\n<\/div>\n<\/div>\n\n\n\n<div class=\"wp-block-columns has-2-columns one-third-two-thirds is-layout-flex wp-container-core-columns-is-layout-9d6595d7 wp-block-columns-is-layout-flex\">\n<div class=\"wp-block-column is-layout-flow wp-block-column-is-layout-flow\">\n<figure class=\"wp-block-image\"><a href=\"https:\/\/runder-tisch-reparatur.de\/\" target=\"_blank\" rel=\"noreferrer noopener\"><img loading=\"lazy\" decoding=\"async\" width=\"300\" height=\"126\" src=\"https:\/\/repair.eu\/wp-content\/uploads\/2019\/09\/RTR1_300dpi.jpg\" alt=\"\" class=\"wp-image-155\"\/><\/a><\/figure>\n<\/div>\n\n\n\n<div class=\"wp-block-column is-layout-flow wp-block-column-is-layout-flow\">\n<p>Active since 2015, Runder Tisch Reparatur\u2019s&nbsp; members come from repair industries, environmental and consumer protection organizations, science and local Initiatives. We discuss the future of repair and how we can support repair industries and consumers longing for repairable products.&nbsp;<\/p>\n\n\n\n<p>Based in: Germany<\/p>\n<\/div>\n<\/div>\n\n\n\n<div style=\"height:20px\" aria-hidden=\"true\" class=\"wp-block-spacer\"><\/div>\n\n\n\n<div class=\"wp-block-columns has-2-columns one-third-two-thirds is-layout-flex wp-container-core-columns-is-layout-9d6595d7 wp-block-columns-is-layout-flex\">\n<div class=\"wp-block-column is-layout-flow wp-block-column-is-layout-flow\"><div class=\"wp-block-image\">\n<figure class=\"alignleft is-resized\"><a href=\"https:\/\/therestartproject.org\" target=\"_blank\" rel=\"noreferrer noopener\"><img loading=\"lazy\" decoding=\"async\" src=\"https:\/\/repair.eu\/wp-content\/uploads\/2019\/09\/restart.jpg\" alt=\"\" class=\"wp-image-158\" width=\"260\" height=\"93\"\/><\/a><\/figure>\n<\/div><\/div>\n\n\n\n<div class=\"wp-block-column is-layout-flow wp-block-column-is-layout-flow\">\n<p>The Restart Project is a people-powered social enterprise that aims to fix our relationship with electronics. We run regular Restart Parties where people teach each other how to repair their broken and slow devices. And we use the data and stories we collect to help demand better, more sustainable electronics for all.<\/p>\n\n\n\n<p>Based in: UK <br><\/p>\n<\/div>\n<\/div>\n\n\n\n<div class=\"wp-block-columns has-2-columns one-third-two-thirds is-layout-flex wp-container-core-columns-is-layout-9d6595d7 wp-block-columns-is-layout-flex\">\n<div class=\"wp-block-column is-layout-flow wp-block-column-is-layout-flow\"><div class=\"wp-block-image\">\n<figure class=\"alignleft size-full\"><a href=\"https:\/\/www.backmarket.fr\/\" target=\"_blank\" rel=\"noreferrer noopener\"><img loading=\"lazy\" decoding=\"async\" width=\"299\" height=\"96\" src=\"https:\/\/repair.eu\/wp-content\/uploads\/2021\/04\/back_market_logo1.png\" alt=\"\" class=\"wp-image-2559\"\/><\/a><\/figure>\n<\/div><\/div>\n\n\n\n<div class=\"wp-block-column is-layout-flow wp-block-column-is-layout-flow\">\n<p>Back Market is the leading dedicated refurbished electronics marketplace. Currently operating in Europe, North America, and Asia, the company\u2019s mission is to empower people to save tech through circularity and repair. Back Market advocates for regulations that support and enable the circular economy, including Right to Repair.<\/p>\n\n\n\n<p>Based in: France<\/p>\n\n\n\n<p><\/p>\n<\/div>\n<\/div>\n\n\n\n<div class=\"wp-block-columns has-2-columns one-third-two-thirds is-layout-flex wp-container-core-columns-is-layout-9d6595d7 wp-block-columns-is-layout-flex\">\n<div class=\"wp-block-column is-layout-flow wp-block-column-is-layout-flow\"><div class=\"wp-block-image\">\n<figure class=\"alignleft size-large\"><a href=\"https:\/\/swappie.com\/\" target=\"_blank\" rel=\"noreferrer noopener\"><img loading=\"lazy\" decoding=\"async\" width=\"1024\" height=\"389\" src=\"https:\/\/repair.eu\/wp-content\/uploads\/2022\/12\/001_Swappie_Logo_Black-1-1024x389.png\" alt=\"\" class=\"wp-image-4263\" srcset=\"https:\/\/repair.eu\/wp-content\/uploads\/2022\/12\/001_Swappie_Logo_Black-1-1024x389.png 1024w, https:\/\/repair.eu\/wp-content\/uploads\/2022\/12\/001_Swappie_Logo_Black-1-300x114.png 300w, https:\/\/repair.eu\/wp-content\/uploads\/2022\/12\/001_Swappie_Logo_Black-1-768x291.png 768w, https:\/\/repair.eu\/wp-content\/uploads\/2022\/12\/001_Swappie_Logo_Black-1-1536x583.png 1536w, https:\/\/repair.eu\/wp-content\/uploads\/2022\/12\/001_Swappie_Logo_Black-1-2048x777.png 2048w, https:\/\/repair.eu\/wp-content\/uploads\/2022\/12\/001_Swappie_Logo_Black-1-1300x493.png 1300w, https:\/\/repair.eu\/wp-content\/uploads\/2022\/12\/001_Swappie_Logo_Black-1-1568x595.png 1568w\" sizes=\"auto, (max-width: 1024px) 100vw, 1024px\" \/><\/a><\/figure>\n<\/div><\/div>\n\n\n\n<div class=\"wp-block-column is-layout-flow wp-block-column-is-layout-flow\">\n<p>Swappie is a \u200bEuropean scale-up on a mission to make refurbished mainstream and the leading end-to-end online destination for buying and selling refurbished iPhones\u200b in Europe. In 2022 the company was named Europe&rsquo;s fastest growing company according \u200bto the Financial Times. Swappie believes in a strong and independent right to repair to ensure long-lasting devices and affordable high quality repairs for all.<\/p>\n\n\n\n<p>Based in: Finland<\/p>\n<\/div>\n<\/div>\n\n\n\n<div class=\"wp-block-columns has-2-columns one-third-two-thirds is-layout-flex wp-container-core-columns-is-layout-9d6595d7 wp-block-columns-is-layout-flex\">\n<div class=\"wp-block-column is-layout-flow wp-block-column-is-layout-flow\"><div class=\"wp-block-image\">\n<figure class=\"alignleft size-full\"><a href=\"https:\/\/rreuse.org\/\" target=\"_blank\" rel=\"noreferrer noopener\"><img loading=\"lazy\" decoding=\"async\" width=\"300\" height=\"100\" src=\"https:\/\/repair.eu\/wp-content\/uploads\/2022\/12\/Design-ohne-Titel.png\" alt=\"\" class=\"wp-image-4304\"\/><\/a><\/figure>\n<\/div><\/div>\n\n\n\n<div class=\"wp-block-column is-layout-flow wp-block-column-is-layout-flow\">\n<p>RREUSE is an international network representing social enterprises active in re-use, repair and recycling.&nbsp;Their&nbsp;members employ people at risk of socio-economic exclusion to enable the reuse of 25 different material streams, facilitating the inclusion of people into the labour market while also advancing the transition towards a more circular economy. <\/p>\n\n\n\n<p>Based in: Belgium<\/p>\n<\/div>\n<\/div>\n","protected":false},"excerpt":{"rendered":"<p>Qui sommes nous? Nous sommes des individus, nous sommes des r\u00e9parateurs, nous sommes des activistes pour l\u2019environnement, et avant tout, nous sommes une communaut\u00e9. La coalition Right to Repair Europe repr\u00e9sente plus de 100 organisations provenant de 21 pays europ\u00e9ens. Elle inclut ONGs environnementalistes, et acteurs de la r\u00e9parateurs, comme groupes de r\u00e9paration, entreprises qui &hellip; <\/p>\n<p class=\"link-more\"><a href=\"https:\/\/repair.eu\/fr\/a-propos\/\" class=\"more-link\">Continuer la lecture <span class=\"screen-reader-text\"> \u00ab\u00a0A propos\u00a0\u00bb<\/span><\/a><\/p>\n","protected":false},"author":2,"featured_media":0,"parent":0,"menu_order":0,"comment_status":"closed","ping_status":"closed","template":"","meta":{"_acf_changed":false,"footnotes":""},"class_list":["post-472","page","type-page","status-publish","hentry","entry"],"acf":[],"yoast_head":"<!-- This site is optimized with the Yoast SEO plugin v27.4 - https:\/\/yoast.com\/product\/yoast-seo-wordpress\/ -->\n<title>A propos - Right to Repair Europe<\/title>\n<meta name=\"description\" content=\"Nous sommes convaincus que nos produits doivent durer plus longtemps et \u00eatre r\u00e9parables. Nous demandons le droit \u00e0 la r\u00e9paration en Europe. Rejoignez nous!\" \/>\n<meta name=\"robots\" content=\"index, follow, max-snippet:-1, max-image-preview:large, max-video-preview:-1\" \/>\n<link rel=\"canonical\" href=\"https:\/\/repair.eu\/fr\/a-propos\/\" \/>\n<meta property=\"og:locale\" content=\"fr_FR\" \/>\n<meta property=\"og:type\" content=\"article\" \/>\n<meta property=\"og:title\" content=\"A propos - Right to Repair Europe\" \/>\n<meta property=\"og:description\" content=\"Nous sommes convaincus que nos produits doivent durer plus longtemps et \u00eatre r\u00e9parables. Nous demandons le droit \u00e0 la r\u00e9paration en Europe. Rejoignez nous!\" \/>\n<meta property=\"og:url\" content=\"https:\/\/repair.eu\/fr\/a-propos\/\" \/>\n<meta property=\"og:site_name\" content=\"Right to Repair Europe\" \/>\n<meta property=\"article:publisher\" content=\"https:\/\/www.facebook.com\/righttorepaireurope\/\" \/>\n<meta property=\"article:modified_time\" content=\"2023-06-07T11:41:25+00:00\" \/>\n<meta property=\"og:image\" content=\"https:\/\/repair.eu\/wp-content\/uploads\/2021\/03\/Logo-Vertical-Color.png\" \/>\n<meta name=\"twitter:card\" content=\"summary_large_image\" \/>\n<meta name=\"twitter:site\" content=\"@R2REurope\" \/>\n<meta name=\"twitter:label1\" content=\"Dur\u00e9e de lecture estim\u00e9e\" \/>\n\t<meta name=\"twitter:data1\" content=\"5 minutes\" \/>\n<script type=\"application\/ld+json\" class=\"yoast-schema-graph\">{\"@context\":\"https:\\\/\\\/schema.org\",\"@graph\":[{\"@type\":\"WebPage\",\"@id\":\"https:\\\/\\\/repair.eu\\\/fr\\\/a-propos\\\/\",\"url\":\"https:\\\/\\\/repair.eu\\\/fr\\\/a-propos\\\/\",\"name\":\"A propos - Right to Repair Europe\",\"isPartOf\":{\"@id\":\"https:\\\/\\\/repair.eu\\\/fr\\\/#website\"},\"primaryImageOfPage\":{\"@id\":\"https:\\\/\\\/repair.eu\\\/fr\\\/a-propos\\\/#primaryimage\"},\"image\":{\"@id\":\"https:\\\/\\\/repair.eu\\\/fr\\\/a-propos\\\/#primaryimage\"},\"thumbnailUrl\":\"https:\\\/\\\/repair.eu\\\/wp-content\\\/uploads\\\/2021\\\/03\\\/Logo-Vertical-Color.png\",\"datePublished\":\"2019-11-21T09:31:54+00:00\",\"dateModified\":\"2023-06-07T11:41:25+00:00\",\"description\":\"Nous sommes convaincus que nos produits doivent durer plus longtemps et \u00eatre r\u00e9parables. Nous demandons le droit \u00e0 la r\u00e9paration en Europe. Rejoignez nous!\",\"breadcrumb\":{\"@id\":\"https:\\\/\\\/repair.eu\\\/fr\\\/a-propos\\\/#breadcrumb\"},\"inLanguage\":\"fr-FR\",\"potentialAction\":[{\"@type\":\"ReadAction\",\"target\":[\"https:\\\/\\\/repair.eu\\\/fr\\\/a-propos\\\/\"]}]},{\"@type\":\"ImageObject\",\"inLanguage\":\"fr-FR\",\"@id\":\"https:\\\/\\\/repair.eu\\\/fr\\\/a-propos\\\/#primaryimage\",\"url\":\"https:\\\/\\\/repair.eu\\\/wp-content\\\/uploads\\\/2021\\\/03\\\/Logo-Vertical-Color.png\",\"contentUrl\":\"https:\\\/\\\/repair.eu\\\/wp-content\\\/uploads\\\/2021\\\/03\\\/Logo-Vertical-Color.png\"},{\"@type\":\"BreadcrumbList\",\"@id\":\"https:\\\/\\\/repair.eu\\\/fr\\\/a-propos\\\/#breadcrumb\",\"itemListElement\":[{\"@type\":\"ListItem\",\"position\":1,\"name\":\"Home\",\"item\":\"https:\\\/\\\/repair.eu\\\/fr\\\/\"},{\"@type\":\"ListItem\",\"position\":2,\"name\":\"A propos\"}]},{\"@type\":\"WebSite\",\"@id\":\"https:\\\/\\\/repair.eu\\\/fr\\\/#website\",\"url\":\"https:\\\/\\\/repair.eu\\\/fr\\\/\",\"name\":\"Right to Repair Europe\",\"description\":\"\",\"publisher\":{\"@id\":\"https:\\\/\\\/repair.eu\\\/fr\\\/#organization\"},\"potentialAction\":[{\"@type\":\"SearchAction\",\"target\":{\"@type\":\"EntryPoint\",\"urlTemplate\":\"https:\\\/\\\/repair.eu\\\/fr\\\/?s={search_term_string}\"},\"query-input\":{\"@type\":\"PropertyValueSpecification\",\"valueRequired\":true,\"valueName\":\"search_term_string\"}}],\"inLanguage\":\"fr-FR\"},{\"@type\":\"Organization\",\"@id\":\"https:\\\/\\\/repair.eu\\\/fr\\\/#organization\",\"name\":\"Right to Repair Europe\",\"url\":\"https:\\\/\\\/repair.eu\\\/fr\\\/\",\"logo\":{\"@type\":\"ImageObject\",\"inLanguage\":\"fr-FR\",\"@id\":\"https:\\\/\\\/repair.eu\\\/fr\\\/#\\\/schema\\\/logo\\\/image\\\/\",\"url\":\"https:\\\/\\\/repair.eu\\\/wp-content\\\/uploads\\\/2019\\\/09\\\/Right-to-repair-logo.png\",\"contentUrl\":\"https:\\\/\\\/repair.eu\\\/wp-content\\\/uploads\\\/2019\\\/09\\\/Right-to-repair-logo.png\",\"width\":451,\"height\":62,\"caption\":\"Right to Repair Europe\"},\"image\":{\"@id\":\"https:\\\/\\\/repair.eu\\\/fr\\\/#\\\/schema\\\/logo\\\/image\\\/\"},\"sameAs\":[\"https:\\\/\\\/www.facebook.com\\\/righttorepaireurope\\\/\",\"https:\\\/\\\/x.com\\\/R2REurope\",\"https:\\\/\\\/www.instagram.com\\\/R2REurope\\\/\"]}]}<\/script>\n<!-- \/ Yoast SEO plugin. -->","yoast_head_json":{"title":"A propos - Right to Repair Europe","description":"Nous sommes convaincus que nos produits doivent durer plus longtemps et \u00eatre r\u00e9parables. Nous demandons le droit \u00e0 la r\u00e9paration en Europe. Rejoignez nous!","robots":{"index":"index","follow":"follow","max-snippet":"max-snippet:-1","max-image-preview":"max-image-preview:large","max-video-preview":"max-video-preview:-1"},"canonical":"https:\/\/repair.eu\/fr\/a-propos\/","og_locale":"fr_FR","og_type":"article","og_title":"A propos - Right to Repair Europe","og_description":"Nous sommes convaincus que nos produits doivent durer plus longtemps et \u00eatre r\u00e9parables. Nous demandons le droit \u00e0 la r\u00e9paration en Europe. Rejoignez nous!","og_url":"https:\/\/repair.eu\/fr\/a-propos\/","og_site_name":"Right to Repair Europe","article_publisher":"https:\/\/www.facebook.com\/righttorepaireurope\/","article_modified_time":"2023-06-07T11:41:25+00:00","og_image":[{"url":"https:\/\/repair.eu\/wp-content\/uploads\/2021\/03\/Logo-Vertical-Color.png","type":"","width":"","height":""}],"twitter_card":"summary_large_image","twitter_site":"@R2REurope","twitter_misc":{"Dur\u00e9e de lecture estim\u00e9e":"5 minutes"},"schema":{"@context":"https:\/\/schema.org","@graph":[{"@type":"WebPage","@id":"https:\/\/repair.eu\/fr\/a-propos\/","url":"https:\/\/repair.eu\/fr\/a-propos\/","name":"A propos - Right to Repair Europe","isPartOf":{"@id":"https:\/\/repair.eu\/fr\/#website"},"primaryImageOfPage":{"@id":"https:\/\/repair.eu\/fr\/a-propos\/#primaryimage"},"image":{"@id":"https:\/\/repair.eu\/fr\/a-propos\/#primaryimage"},"thumbnailUrl":"https:\/\/repair.eu\/wp-content\/uploads\/2021\/03\/Logo-Vertical-Color.png","datePublished":"2019-11-21T09:31:54+00:00","dateModified":"2023-06-07T11:41:25+00:00","description":"Nous sommes convaincus que nos produits doivent durer plus longtemps et \u00eatre r\u00e9parables. Nous demandons le droit \u00e0 la r\u00e9paration en Europe. Rejoignez nous!","breadcrumb":{"@id":"https:\/\/repair.eu\/fr\/a-propos\/#breadcrumb"},"inLanguage":"fr-FR","potentialAction":[{"@type":"ReadAction","target":["https:\/\/repair.eu\/fr\/a-propos\/"]}]},{"@type":"ImageObject","inLanguage":"fr-FR","@id":"https:\/\/repair.eu\/fr\/a-propos\/#primaryimage","url":"https:\/\/repair.eu\/wp-content\/uploads\/2021\/03\/Logo-Vertical-Color.png","contentUrl":"https:\/\/repair.eu\/wp-content\/uploads\/2021\/03\/Logo-Vertical-Color.png"},{"@type":"BreadcrumbList","@id":"https:\/\/repair.eu\/fr\/a-propos\/#breadcrumb","itemListElement":[{"@type":"ListItem","position":1,"name":"Home","item":"https:\/\/repair.eu\/fr\/"},{"@type":"ListItem","position":2,"name":"A propos"}]},{"@type":"WebSite","@id":"https:\/\/repair.eu\/fr\/#website","url":"https:\/\/repair.eu\/fr\/","name":"Right to Repair Europe","description":"","publisher":{"@id":"https:\/\/repair.eu\/fr\/#organization"},"potentialAction":[{"@type":"SearchAction","target":{"@type":"EntryPoint","urlTemplate":"https:\/\/repair.eu\/fr\/?s={search_term_string}"},"query-input":{"@type":"PropertyValueSpecification","valueRequired":true,"valueName":"search_term_string"}}],"inLanguage":"fr-FR"},{"@type":"Organization","@id":"https:\/\/repair.eu\/fr\/#organization","name":"Right to Repair Europe","url":"https:\/\/repair.eu\/fr\/","logo":{"@type":"ImageObject","inLanguage":"fr-FR","@id":"https:\/\/repair.eu\/fr\/#\/schema\/logo\/image\/","url":"https:\/\/repair.eu\/wp-content\/uploads\/2019\/09\/Right-to-repair-logo.png","contentUrl":"https:\/\/repair.eu\/wp-content\/uploads\/2019\/09\/Right-to-repair-logo.png","width":451,"height":62,"caption":"Right to Repair Europe"},"image":{"@id":"https:\/\/repair.eu\/fr\/#\/schema\/logo\/image\/"},"sameAs":["https:\/\/www.facebook.com\/righttorepaireurope\/","https:\/\/x.com\/R2REurope","https:\/\/www.instagram.com\/R2REurope\/"]}]}},"_links":{"self":[{"href":"https:\/\/repair.eu\/fr\/wp-json\/wp\/v2\/pages\/472","targetHints":{"allow":["GET"]}}],"collection":[{"href":"https:\/\/repair.eu\/fr\/wp-json\/wp\/v2\/pages"}],"about":[{"href":"https:\/\/repair.eu\/fr\/wp-json\/wp\/v2\/types\/page"}],"author":[{"embeddable":true,"href":"https:\/\/repair.eu\/fr\/wp-json\/wp\/v2\/users\/2"}],"replies":[{"embeddable":true,"href":"https:\/\/repair.eu\/fr\/wp-json\/wp\/v2\/comments?post=472"}],"version-history":[{"count":31,"href":"https:\/\/repair.eu\/fr\/wp-json\/wp\/v2\/pages\/472\/revisions"}],"predecessor-version":[{"id":5121,"href":"https:\/\/repair.eu\/fr\/wp-json\/wp\/v2\/pages\/472\/revisions\/5121"}],"wp:attachment":[{"href":"https:\/\/repair.eu\/fr\/wp-json\/wp\/v2\/media?parent=472"}],"curies":[{"name":"wp","href":"https:\/\/api.w.org\/{rel}","templated":true}]}}