{"id":5616,"date":"2023-08-23T11:10:39","date_gmt":"2023-08-23T09:10:39","guid":{"rendered":"https:\/\/repair.eu\/?page_id=5616"},"modified":"2025-09-10T12:50:44","modified_gmt":"2025-09-10T10:50:44","slug":"rejoignez-la-campagne","status":"publish","type":"page","link":"https:\/\/repair.eu\/fr\/rejoignez-la-campagne\/","title":{"rendered":"Rejoignez la campagne"},"content":{"rendered":"\n<p><strong>Merci pour votre int\u00e9r\u00eat envers la campagne et votre volont\u00e9 de vous impliquer! <\/strong><br><br>Merci de votre int\u00e9r\u00eat pour la campagne Right to Repair Europe ! L&rsquo;adh\u00e9sion \u00e0 la coalition est ouverte \u00e0 tous les groupes et organisations europ\u00e9ens qui soutiennent et s&rsquo;engagent en faveur du droit universel \u00e0 la r\u00e9paration. Il s&rsquo;agit notamment d&rsquo;organisations \u00e0 but non lucratif, de r\u00e9seaux de repair caf\u00e9s ou de r\u00e9parateurs professionnels, d&rsquo;institutions acad\u00e9miques, d&rsquo;entreprises de r\u00e9paration et d&rsquo;autres entreprises, de cabinets de conseil, etc.<\/p>\n\n\n\n<ul class=\"wp-block-list\">\n<li><strong>Pour les organisations \u00e0 but non lucratif<\/strong> : les repair caf\u00e9s et les petites ONG environnementales peuvent adh\u00e9rer gratuitement.<\/li>\n\n\n\n<li><strong>Pour les organisations \u00e0 but lucratif<\/strong> : nous demandons aux organisations \u00e0 but lucratif de contribuer financi\u00e8rement en versant une cotisation annuelle calcul\u00e9e en fonction de la taille de l&rsquo;organisation.<\/li>\n<\/ul>\n\n\n\n<p>Veuillez remplir le formulaire ci-dessous. En fonction de votre organisation, votre adh\u00e9sion \u00e0 la coalition sera soit automatiquement approuv\u00e9e, soit soumise \u00e0 l&rsquo;examen du groupe de pilotage, ce qui peut prendre jusqu&rsquo;\u00e0 4 semaines.<\/p>\n\n\n\n<div class=\"block block__overview-table\">\n\n    \n    <div class=\"overview-table__intro-text overview-table__intro-text--shown-table\">\n            <\/div>\n\n            <div class=\"overview-table__intro-text--hidden-table\">\n            <p style=\"text-align: left\">Pour en savoir plus sur les diff\u00e9rentes options d&rsquo;adh\u00e9sion, t\u00e9l\u00e9chargez notre tableau:<\/p>\n<p style=\"text-align: center\"><a href=\"\/wp-content\/uploads\/2025\/09\/R2R-Join-the-coalition-benefits-table_fr.pdf\">Types d&rsquo;adh\u00e9sion et avantages<\/a> (PDF)<\/p>\n        <\/div>      \n        \n        <div class=\"overview-table--table large-screen-only  full-width-table\">\n        \n<table id=\"tablepress-5\" class=\"tablepress tablepress-id-5 table--black-border table--bold-first-column table--remove-header-highlight table--wrap-text table--inherit-font\">\n<thead>\n<tr class=\"row-1\">\n\t<th class=\"column-1\">Type d\u2019adh\u00e9sion<\/th><th class=\"column-2\">Adh\u00e9rent<\/th><th class=\"column-3\">Membre<\/th><th class=\"column-4\">Champion<\/th>\n<\/tr>\n<\/thead>\n<tbody>\n<tr class=\"row-2\">\n\t<td class=\"column-1\">Benefits<\/td><td class=\"column-2\">&#8211; Appara\u00eetre sur notre site web sous la rubrique \u00ab Notre r\u00e9seau \u00bb<br \/>\n<br \/>\n&#8211; Acc\u00e8s aux ressources de la campagne (graphiques, kits d&rsquo;information, documents sur les politiques et les campagnes, etc.) <br \/>\n<br \/>\n&#8211; Newsletter interne<\/td><td class=\"column-3\">Tous les avantages r\u00e9serv\u00e9s aux <em>adh\u00e9rents<\/em> + <br \/>\n<br \/>\n<br \/>\n&#8211; Acc\u00e8s \u00e0 la plateforme Slack de la campagne<br \/>\n&#8211; Canaux g\u00e9n\u00e9raux : pour les actualit\u00e9s, les communications, les \u00e9v\u00e9nements et les discussions <br \/>\n&#8211; Canaux sp\u00e9cifiques : pour les dossiers relatifs \u00e0 l&rsquo;\u00e9coconception, \u00e0 la r\u00e9paration et \u00e0 la politique en mati\u00e8re de d\u00e9chets <br \/>\n&#8211; Communiquez, \u00e9changez et r\u00e9seautez avec plus de 180 autres organisations membres <br \/>\n<br \/>\n<br \/>\n&#8211; Contribuez \u00e0 orienter les politiques europ\u00e9ennes et internationales en mati\u00e8re de r\u00e9paration, telles que : les exigences en mati\u00e8re d&rsquo;\u00e9coconception, les r\u00e8gles de r\u00e9paration (prix et disponibilit\u00e9 des pi\u00e8ces de rechange, acc\u00e8s et obligations en mati\u00e8re de r\u00e9paration, interdiction des pratiques anti-r\u00e9paration), les mesures nationales (fonds de r\u00e9paration, REP)<br \/>\n<\/td><td class=\"column-4\">Tous les avantages r\u00e9serv\u00e9s aux <em>membres<\/em> + <br \/>\n<br \/>\n&#8211; Possibilit\u00e9 d&rsquo;appara\u00eetre dans des \u00e9tudes de cas et des articles de blog<br \/>\n&#8211; Possibilit\u00e9 d&rsquo;intervenir lors de webinaires et de conf\u00e9rences<br \/>\n&#8211; Possibilit\u00e9 de fournir des citations pour des communiqu\u00e9s de presse et d&rsquo;accorder des interviews<br \/>\n&#8211; Possibilit\u00e9 de rejoindre notre groupe de pilotage<br \/>\n<\/td>\n<\/tr>\n<tr class=\"row-3\">\n\t<td class=\"column-1\">Sur notre site web<\/td><td class=\"column-2\">Nom + lien<\/td><td class=\"column-3\">Logo + lien<\/td><td class=\"column-4\">Logo + lien<\/td>\n<\/tr>\n<tr class=\"row-4\">\n\t<td class=\"column-1\">Quota d\u2019adh\u00e9sion annuelle<\/td><td class=\"column-2\">250\u20ac<\/td><td class=\"column-3\">\u00c0 partir de 500 \u20ac et augmentant en fonction de la taille<\/td><td class=\"column-4\">\u00c0 partir de 3 500 \u20ac<br \/>\net augmentant en fonction de la taille<br \/>\n(les frais doublent lorsque vous rejoignez le groupe de pilotage)<\/td>\n<\/tr>\n<tr class=\"row-5\">\n\t<td class=\"column-1\">Conseill\u00e9 pour<\/td><td class=\"column-2\">Entreprises de r\u00e9paration et petites start-ups (jusqu&rsquo;\u00e0 5 employ\u00e9s)<\/td><td class=\"column-3\">Petites et moyennes organisations<\/td><td class=\"column-4\">Organisations <br \/>\nmoyennes et grandes<\/td>\n<\/tr>\n<\/tbody>\n<\/table>\n<!-- #tablepress-5 from cache -->    <\/div>\n\n        \n<\/div>\n\n\n\n<div class=\"wp-block-buttons is-layout-flex wp-block-buttons-is-layout-flex\">\n<div class=\"wp-block-button\"><a class=\"wp-block-button__link has-dark-gray-color has-text-color has-background wp-element-button\" href=\"https:\/\/repair.eu\/fr\/rejoindre-la-campagne-en-tant-quorganisation\/\" style=\"background-color:#ffcd00\">Rejoindre la campagne en tant qu&rsquo;organisation<\/a><\/div>\n<\/div>\n\n\n\n<p>Si vous \u00eates un individu et voulez rester inform\u00e9 des actualit\u00e9s de la campagne et de comment vous impliquer, inscrivez vous \u00e0 notre newsletter ici.<\/p>\n\n\n\n<div class=\"wp-block-group make-one-col\"><div class=\"wp-block-group__inner-container is-layout-flow wp-block-group-is-layout-flow\"><link href='https:\/\/actionnetwork.org\/css\/style-embed-whitelabel-v3.css' rel='stylesheet' type='text\/css' \/><script src='https:\/\/actionnetwork.org\/widgets\/v3\/form\/rejoignez-le-mouvement-pour-le-droit-a-la-reparation?format=js&source=widget'><\/script><div id='can-form-area-rejoignez-le-mouvement-pour-le-droit-a-la-reparation' style='width: 100%'><!-- this div is the target for our HTML insertion --><\/div>\n<\/div><\/div>\n","protected":false},"excerpt":{"rendered":"<p>Merci pour votre int\u00e9r\u00eat envers la campagne et votre volont\u00e9 de vous impliquer! Merci de votre int\u00e9r\u00eat pour la campagne Right to Repair Europe ! L&rsquo;adh\u00e9sion \u00e0 la coalition est ouverte \u00e0 tous les groupes et organisations europ\u00e9ens qui soutiennent et s&rsquo;engagent en faveur du droit universel \u00e0 la r\u00e9paration. Il s&rsquo;agit notamment d&rsquo;organisations \u00e0 &hellip; <\/p>\n<p class=\"link-more\"><a href=\"https:\/\/repair.eu\/fr\/rejoignez-la-campagne\/\" class=\"more-link\">Continuer la lecture <span class=\"screen-reader-text\"> \u00ab\u00a0Rejoignez la campagne\u00a0\u00bb<\/span><\/a><\/p>\n","protected":false},"author":19,"featured_media":0,"parent":0,"menu_order":0,"comment_status":"closed","ping_status":"closed","template":"","meta":{"_acf_changed":false,"footnotes":""},"class_list":["post-5616","page","type-page","status-publish","hentry","entry"],"acf":[],"yoast_head":"<!-- This site is optimized with the Yoast SEO plugin v27.4 - https:\/\/yoast.com\/product\/yoast-seo-wordpress\/ -->\n<title>Rejoignez la campagne - Right to Repair Europe<\/title>\n<meta name=\"robots\" content=\"index, follow, max-snippet:-1, max-image-preview:large, max-video-preview:-1\" \/>\n<link rel=\"canonical\" href=\"https:\/\/repair.eu\/fr\/rejoignez-la-campagne\/\" \/>\n<meta property=\"og:locale\" content=\"fr_FR\" \/>\n<meta property=\"og:type\" content=\"article\" \/>\n<meta property=\"og:title\" content=\"Rejoignez la campagne - Right to Repair Europe\" \/>\n<meta property=\"og:description\" content=\"Merci pour votre int\u00e9r\u00eat envers la campagne et votre volont\u00e9 de vous impliquer! Merci de votre int\u00e9r\u00eat pour la campagne Right to Repair Europe ! L&rsquo;adh\u00e9sion \u00e0 la coalition est ouverte \u00e0 tous les groupes et organisations europ\u00e9ens qui soutiennent et s&rsquo;engagent en faveur du droit universel \u00e0 la r\u00e9paration. Il s&rsquo;agit notamment d&rsquo;organisations \u00e0 &hellip; Continuer la lecture \u00ab\u00a0Rejoignez la campagne\u00a0\u00bb\" \/>\n<meta property=\"og:url\" content=\"https:\/\/repair.eu\/fr\/rejoignez-la-campagne\/\" \/>\n<meta property=\"og:site_name\" content=\"Right to Repair Europe\" \/>\n<meta property=\"article:publisher\" content=\"https:\/\/www.facebook.com\/righttorepaireurope\/\" \/>\n<meta property=\"article:modified_time\" content=\"2025-09-10T10:50:44+00:00\" \/>\n<meta property=\"og:image\" content=\"https:\/\/repair.eu\/wp-content\/uploads\/2019\/09\/R2RFacebookImage.png\" \/>\n\t<meta property=\"og:image:width\" content=\"1200\" \/>\n\t<meta property=\"og:image:height\" content=\"630\" \/>\n\t<meta property=\"og:image:type\" content=\"image\/png\" \/>\n<meta name=\"twitter:card\" content=\"summary_large_image\" \/>\n<meta name=\"twitter:site\" content=\"@R2REurope\" \/>\n<meta name=\"twitter:label1\" content=\"Dur\u00e9e de lecture estim\u00e9e\" \/>\n\t<meta name=\"twitter:data1\" content=\"1 minute\" \/>\n<script type=\"application\/ld+json\" class=\"yoast-schema-graph\">{\"@context\":\"https:\\\/\\\/schema.org\",\"@graph\":[{\"@type\":\"WebPage\",\"@id\":\"https:\\\/\\\/repair.eu\\\/fr\\\/rejoignez-la-campagne\\\/\",\"url\":\"https:\\\/\\\/repair.eu\\\/fr\\\/rejoignez-la-campagne\\\/\",\"name\":\"Rejoignez la campagne - Right to Repair Europe\",\"isPartOf\":{\"@id\":\"https:\\\/\\\/repair.eu\\\/fr\\\/#website\"},\"datePublished\":\"2023-08-23T09:10:39+00:00\",\"dateModified\":\"2025-09-10T10:50:44+00:00\",\"breadcrumb\":{\"@id\":\"https:\\\/\\\/repair.eu\\\/fr\\\/rejoignez-la-campagne\\\/#breadcrumb\"},\"inLanguage\":\"fr-FR\",\"potentialAction\":[{\"@type\":\"ReadAction\",\"target\":[\"https:\\\/\\\/repair.eu\\\/fr\\\/rejoignez-la-campagne\\\/\"]}]},{\"@type\":\"BreadcrumbList\",\"@id\":\"https:\\\/\\\/repair.eu\\\/fr\\\/rejoignez-la-campagne\\\/#breadcrumb\",\"itemListElement\":[{\"@type\":\"ListItem\",\"position\":1,\"name\":\"Home\",\"item\":\"https:\\\/\\\/repair.eu\\\/fr\\\/\"},{\"@type\":\"ListItem\",\"position\":2,\"name\":\"Rejoignez la campagne\"}]},{\"@type\":\"WebSite\",\"@id\":\"https:\\\/\\\/repair.eu\\\/fr\\\/#website\",\"url\":\"https:\\\/\\\/repair.eu\\\/fr\\\/\",\"name\":\"Right to Repair Europe\",\"description\":\"\",\"publisher\":{\"@id\":\"https:\\\/\\\/repair.eu\\\/fr\\\/#organization\"},\"potentialAction\":[{\"@type\":\"SearchAction\",\"target\":{\"@type\":\"EntryPoint\",\"urlTemplate\":\"https:\\\/\\\/repair.eu\\\/fr\\\/?s={search_term_string}\"},\"query-input\":{\"@type\":\"PropertyValueSpecification\",\"valueRequired\":true,\"valueName\":\"search_term_string\"}}],\"inLanguage\":\"fr-FR\"},{\"@type\":\"Organization\",\"@id\":\"https:\\\/\\\/repair.eu\\\/fr\\\/#organization\",\"name\":\"Right to Repair Europe\",\"url\":\"https:\\\/\\\/repair.eu\\\/fr\\\/\",\"logo\":{\"@type\":\"ImageObject\",\"inLanguage\":\"fr-FR\",\"@id\":\"https:\\\/\\\/repair.eu\\\/fr\\\/#\\\/schema\\\/logo\\\/image\\\/\",\"url\":\"https:\\\/\\\/repair.eu\\\/wp-content\\\/uploads\\\/2019\\\/09\\\/Right-to-repair-logo.png\",\"contentUrl\":\"https:\\\/\\\/repair.eu\\\/wp-content\\\/uploads\\\/2019\\\/09\\\/Right-to-repair-logo.png\",\"width\":451,\"height\":62,\"caption\":\"Right to Repair Europe\"},\"image\":{\"@id\":\"https:\\\/\\\/repair.eu\\\/fr\\\/#\\\/schema\\\/logo\\\/image\\\/\"},\"sameAs\":[\"https:\\\/\\\/www.facebook.com\\\/righttorepaireurope\\\/\",\"https:\\\/\\\/x.com\\\/R2REurope\",\"https:\\\/\\\/www.instagram.com\\\/R2REurope\\\/\"]}]}<\/script>\n<!-- \/ Yoast SEO plugin. -->","yoast_head_json":{"title":"Rejoignez la campagne - Right to Repair Europe","robots":{"index":"index","follow":"follow","max-snippet":"max-snippet:-1","max-image-preview":"max-image-preview:large","max-video-preview":"max-video-preview:-1"},"canonical":"https:\/\/repair.eu\/fr\/rejoignez-la-campagne\/","og_locale":"fr_FR","og_type":"article","og_title":"Rejoignez la campagne - Right to Repair Europe","og_description":"Merci pour votre int\u00e9r\u00eat envers la campagne et votre volont\u00e9 de vous impliquer! Merci de votre int\u00e9r\u00eat pour la campagne Right to Repair Europe ! L&rsquo;adh\u00e9sion \u00e0 la coalition est ouverte \u00e0 tous les groupes et organisations europ\u00e9ens qui soutiennent et s&rsquo;engagent en faveur du droit universel \u00e0 la r\u00e9paration. Il s&rsquo;agit notamment d&rsquo;organisations \u00e0 &hellip; Continuer la lecture \u00ab\u00a0Rejoignez la campagne\u00a0\u00bb","og_url":"https:\/\/repair.eu\/fr\/rejoignez-la-campagne\/","og_site_name":"Right to Repair Europe","article_publisher":"https:\/\/www.facebook.com\/righttorepaireurope\/","article_modified_time":"2025-09-10T10:50:44+00:00","og_image":[{"width":1200,"height":630,"url":"https:\/\/repair.eu\/wp-content\/uploads\/2019\/09\/R2RFacebookImage.png","type":"image\/png"}],"twitter_card":"summary_large_image","twitter_site":"@R2REurope","twitter_misc":{"Dur\u00e9e de lecture estim\u00e9e":"1 minute"},"schema":{"@context":"https:\/\/schema.org","@graph":[{"@type":"WebPage","@id":"https:\/\/repair.eu\/fr\/rejoignez-la-campagne\/","url":"https:\/\/repair.eu\/fr\/rejoignez-la-campagne\/","name":"Rejoignez la campagne - Right to Repair Europe","isPartOf":{"@id":"https:\/\/repair.eu\/fr\/#website"},"datePublished":"2023-08-23T09:10:39+00:00","dateModified":"2025-09-10T10:50:44+00:00","breadcrumb":{"@id":"https:\/\/repair.eu\/fr\/rejoignez-la-campagne\/#breadcrumb"},"inLanguage":"fr-FR","potentialAction":[{"@type":"ReadAction","target":["https:\/\/repair.eu\/fr\/rejoignez-la-campagne\/"]}]},{"@type":"BreadcrumbList","@id":"https:\/\/repair.eu\/fr\/rejoignez-la-campagne\/#breadcrumb","itemListElement":[{"@type":"ListItem","position":1,"name":"Home","item":"https:\/\/repair.eu\/fr\/"},{"@type":"ListItem","position":2,"name":"Rejoignez la campagne"}]},{"@type":"WebSite","@id":"https:\/\/repair.eu\/fr\/#website","url":"https:\/\/repair.eu\/fr\/","name":"Right to Repair Europe","description":"","publisher":{"@id":"https:\/\/repair.eu\/fr\/#organization"},"potentialAction":[{"@type":"SearchAction","target":{"@type":"EntryPoint","urlTemplate":"https:\/\/repair.eu\/fr\/?s={search_term_string}"},"query-input":{"@type":"PropertyValueSpecification","valueRequired":true,"valueName":"search_term_string"}}],"inLanguage":"fr-FR"},{"@type":"Organization","@id":"https:\/\/repair.eu\/fr\/#organization","name":"Right to Repair Europe","url":"https:\/\/repair.eu\/fr\/","logo":{"@type":"ImageObject","inLanguage":"fr-FR","@id":"https:\/\/repair.eu\/fr\/#\/schema\/logo\/image\/","url":"https:\/\/repair.eu\/wp-content\/uploads\/2019\/09\/Right-to-repair-logo.png","contentUrl":"https:\/\/repair.eu\/wp-content\/uploads\/2019\/09\/Right-to-repair-logo.png","width":451,"height":62,"caption":"Right to Repair Europe"},"image":{"@id":"https:\/\/repair.eu\/fr\/#\/schema\/logo\/image\/"},"sameAs":["https:\/\/www.facebook.com\/righttorepaireurope\/","https:\/\/x.com\/R2REurope","https:\/\/www.instagram.com\/R2REurope\/"]}]}},"_links":{"self":[{"href":"https:\/\/repair.eu\/fr\/wp-json\/wp\/v2\/pages\/5616","targetHints":{"allow":["GET"]}}],"collection":[{"href":"https:\/\/repair.eu\/fr\/wp-json\/wp\/v2\/pages"}],"about":[{"href":"https:\/\/repair.eu\/fr\/wp-json\/wp\/v2\/types\/page"}],"author":[{"embeddable":true,"href":"https:\/\/repair.eu\/fr\/wp-json\/wp\/v2\/users\/19"}],"replies":[{"embeddable":true,"href":"https:\/\/repair.eu\/fr\/wp-json\/wp\/v2\/comments?post=5616"}],"version-history":[{"count":4,"href":"https:\/\/repair.eu\/fr\/wp-json\/wp\/v2\/pages\/5616\/revisions"}],"predecessor-version":[{"id":7912,"href":"https:\/\/repair.eu\/fr\/wp-json\/wp\/v2\/pages\/5616\/revisions\/7912"}],"wp:attachment":[{"href":"https:\/\/repair.eu\/fr\/wp-json\/wp\/v2\/media?parent=5616"}],"curies":[{"name":"wp","href":"https:\/\/api.w.org\/{rel}","templated":true}]}}