{"id":661,"date":"2019-12-04T11:58:16","date_gmt":"2019-12-04T10:58:16","guid":{"rendered":"https:\/\/repair.eu\/?page_id=661"},"modified":"2024-01-29T11:26:24","modified_gmt":"2024-01-29T10:26:24","slug":"faites-une-donation","status":"publish","type":"page","link":"https:\/\/repair.eu\/fr\/faites-une-donation\/","title":{"rendered":"Fa\u00eetes une donation"},"content":{"rendered":"\n<h3 class=\"wp-block-heading\">Soutenez la campagne avec une donation!<\/h3>\n\n\n\n<p>Gr\u00e2ce \u00e0 votre soutien, notre campagne a r\u00e9alis\u00e9 beaucoup de progr\u00e8s. Nous avons obtenu des r\u00e8glements de l&rsquo;Union Europ\u00e9enne plus strictes concernant :<\/p>\n\n\n\n<ul class=\"wp-block-list\">\n<li>Des batteries rempla\u00e7ables par l&rsquo;utilisateur pour les futurs appareils (2027) et l&rsquo;obligation de les vendre \u00e0 des prix \u00ab\u00a0\u00e9quitables\u00a0\u00bb;<\/li>\n\n\n\n<li>Un indice de r\u00e9parabilit\u00e9 pour les smartphones, 5 ans de support logiciel et 7 ans de disponibilit\u00e9 des pi\u00e8ces d\u00e9tach\u00e9es pour les futurs appareils (2025);<\/li>\n<\/ul>\n\n\n\n<p>Mais \u00e7a c&rsquo;est seulement le d\u00e9but! Votre donation soutiendra nos efforts pour nous assurer que l&rsquo;UE continue \u00e0 travailler pour la circularit\u00e9 et que nous atteignions des produits compl\u00e9tement r\u00e9parables en Europe.<\/p>\n\n\n\n<p><a href=\"mailto:info@repair.eu\">Contactez nous<\/a> si vous pr\u00e9f\u00e9rez donner par virement bancaire. Si vous souhaitez donner avec Paypal vous pouvez donner au compte <a href=\"mailto:info@repair.eu\" target=\"_blank\" rel=\"noreferrer noopener\">info@repair.eu<\/a>. Si vous repr\u00e9sentez une entreprise ou une autre organisation et souhaitez sponsoriser le travail de la campagne, merci de <a href=\"mailto:info@repair.eu\">nous contacter directement<\/a>. <\/p>\n\n\n\n<script src=\"https:\/\/actionnetwork.org\/widgets\/v3\/fundraising\/test-donate-to-right-to-repair-europe?format=js&amp;source=widget&amp;css=whitelabel&amp;style=full\"><\/script><div id=\"can-fundraising-area-test-donate-to-right-to-repair-europe\" style=\"width: 100%\"><!-- this div is the target for our HTML insertion --><\/div>\n\n\n\n<p><\/p>\n","protected":false},"excerpt":{"rendered":"<p>Soutenez la campagne avec une donation! Gr\u00e2ce \u00e0 votre soutien, notre campagne a r\u00e9alis\u00e9 beaucoup de progr\u00e8s. Nous avons obtenu des r\u00e8glements de l&rsquo;Union Europ\u00e9enne plus strictes concernant : Mais \u00e7a c&rsquo;est seulement le d\u00e9but! Votre donation soutiendra nos efforts pour nous assurer que l&rsquo;UE continue \u00e0 travailler pour la circularit\u00e9 et que nous atteignions &hellip; <\/p>\n<p class=\"link-more\"><a href=\"https:\/\/repair.eu\/fr\/faites-une-donation\/\" class=\"more-link\">Continuer la lecture <span class=\"screen-reader-text\"> \u00ab\u00a0Fa\u00eetes une donation\u00a0\u00bb<\/span><\/a><\/p>\n","protected":false},"author":2,"featured_media":0,"parent":0,"menu_order":0,"comment_status":"closed","ping_status":"closed","template":"","meta":{"_acf_changed":false,"footnotes":""},"class_list":["post-661","page","type-page","status-publish","hentry","entry"],"acf":[],"yoast_head":"<!-- This site is optimized with the Yoast SEO plugin v27.3 - https:\/\/yoast.com\/product\/yoast-seo-wordpress\/ -->\n<title>Fa\u00eetes une donation - Right to Repair Europe<\/title>\n<meta name=\"description\" content=\"Aidez nous \u00e0 faire du Droit \u00e0 la R\u00e9paration une r\u00e9alit\u00e9 en Europe! Votre don soutiendra nos efforts dans la lutte pour rendre tous les produits r\u00e9parables.\" \/>\n<meta name=\"robots\" content=\"index, follow, max-snippet:-1, max-image-preview:large, max-video-preview:-1\" \/>\n<link rel=\"canonical\" href=\"https:\/\/repair.eu\/fr\/faites-une-donation\/\" \/>\n<meta property=\"og:locale\" content=\"fr_FR\" \/>\n<meta property=\"og:type\" content=\"article\" \/>\n<meta property=\"og:title\" content=\"Fa\u00eetes une donation - Right to Repair Europe\" \/>\n<meta property=\"og:description\" content=\"Aidez nous \u00e0 faire du Droit \u00e0 la R\u00e9paration une r\u00e9alit\u00e9 en Europe! Votre don soutiendra nos efforts dans la lutte pour rendre tous les produits r\u00e9parables.\" \/>\n<meta property=\"og:url\" content=\"https:\/\/repair.eu\/fr\/faites-une-donation\/\" \/>\n<meta property=\"og:site_name\" content=\"Right to Repair Europe\" \/>\n<meta property=\"article:publisher\" content=\"https:\/\/www.facebook.com\/righttorepaireurope\/\" \/>\n<meta property=\"article:modified_time\" content=\"2024-01-29T10:26:24+00:00\" \/>\n<meta property=\"og:image\" content=\"https:\/\/repair.eu\/wp-content\/uploads\/2019\/09\/R2RFacebookImage.png\" \/>\n\t<meta property=\"og:image:width\" content=\"1200\" \/>\n\t<meta property=\"og:image:height\" content=\"630\" \/>\n\t<meta property=\"og:image:type\" content=\"image\/png\" \/>\n<meta name=\"twitter:card\" content=\"summary_large_image\" \/>\n<meta name=\"twitter:site\" content=\"@R2REurope\" \/>\n<meta name=\"twitter:label1\" content=\"Dur\u00e9e de lecture estim\u00e9e\" \/>\n\t<meta name=\"twitter:data1\" content=\"1 minute\" \/>\n<script type=\"application\/ld+json\" class=\"yoast-schema-graph\">{\"@context\":\"https:\\\/\\\/schema.org\",\"@graph\":[{\"@type\":\"WebPage\",\"@id\":\"https:\\\/\\\/repair.eu\\\/fr\\\/faites-une-donation\\\/\",\"url\":\"https:\\\/\\\/repair.eu\\\/fr\\\/faites-une-donation\\\/\",\"name\":\"Fa\u00eetes une donation - Right to Repair Europe\",\"isPartOf\":{\"@id\":\"https:\\\/\\\/repair.eu\\\/fr\\\/#website\"},\"datePublished\":\"2019-12-04T10:58:16+00:00\",\"dateModified\":\"2024-01-29T10:26:24+00:00\",\"description\":\"Aidez nous \u00e0 faire du Droit \u00e0 la R\u00e9paration une r\u00e9alit\u00e9 en Europe! Votre don soutiendra nos efforts dans la lutte pour rendre tous les produits r\u00e9parables.\",\"breadcrumb\":{\"@id\":\"https:\\\/\\\/repair.eu\\\/fr\\\/faites-une-donation\\\/#breadcrumb\"},\"inLanguage\":\"fr-FR\",\"potentialAction\":[{\"@type\":\"ReadAction\",\"target\":[\"https:\\\/\\\/repair.eu\\\/fr\\\/faites-une-donation\\\/\"]}]},{\"@type\":\"BreadcrumbList\",\"@id\":\"https:\\\/\\\/repair.eu\\\/fr\\\/faites-une-donation\\\/#breadcrumb\",\"itemListElement\":[{\"@type\":\"ListItem\",\"position\":1,\"name\":\"Home\",\"item\":\"https:\\\/\\\/repair.eu\\\/fr\\\/\"},{\"@type\":\"ListItem\",\"position\":2,\"name\":\"Fa\u00eetes une donation\"}]},{\"@type\":\"WebSite\",\"@id\":\"https:\\\/\\\/repair.eu\\\/fr\\\/#website\",\"url\":\"https:\\\/\\\/repair.eu\\\/fr\\\/\",\"name\":\"Right to Repair Europe\",\"description\":\"\",\"publisher\":{\"@id\":\"https:\\\/\\\/repair.eu\\\/fr\\\/#organization\"},\"potentialAction\":[{\"@type\":\"SearchAction\",\"target\":{\"@type\":\"EntryPoint\",\"urlTemplate\":\"https:\\\/\\\/repair.eu\\\/fr\\\/?s={search_term_string}\"},\"query-input\":{\"@type\":\"PropertyValueSpecification\",\"valueRequired\":true,\"valueName\":\"search_term_string\"}}],\"inLanguage\":\"fr-FR\"},{\"@type\":\"Organization\",\"@id\":\"https:\\\/\\\/repair.eu\\\/fr\\\/#organization\",\"name\":\"Right to Repair Europe\",\"url\":\"https:\\\/\\\/repair.eu\\\/fr\\\/\",\"logo\":{\"@type\":\"ImageObject\",\"inLanguage\":\"fr-FR\",\"@id\":\"https:\\\/\\\/repair.eu\\\/fr\\\/#\\\/schema\\\/logo\\\/image\\\/\",\"url\":\"https:\\\/\\\/repair.eu\\\/wp-content\\\/uploads\\\/2019\\\/09\\\/Right-to-repair-logo.png\",\"contentUrl\":\"https:\\\/\\\/repair.eu\\\/wp-content\\\/uploads\\\/2019\\\/09\\\/Right-to-repair-logo.png\",\"width\":451,\"height\":62,\"caption\":\"Right to Repair Europe\"},\"image\":{\"@id\":\"https:\\\/\\\/repair.eu\\\/fr\\\/#\\\/schema\\\/logo\\\/image\\\/\"},\"sameAs\":[\"https:\\\/\\\/www.facebook.com\\\/righttorepaireurope\\\/\",\"https:\\\/\\\/x.com\\\/R2REurope\",\"https:\\\/\\\/www.instagram.com\\\/R2REurope\\\/\"]}]}<\/script>\n<!-- \/ Yoast SEO plugin. -->","yoast_head_json":{"title":"Fa\u00eetes une donation - Right to Repair Europe","description":"Aidez nous \u00e0 faire du Droit \u00e0 la R\u00e9paration une r\u00e9alit\u00e9 en Europe! Votre don soutiendra nos efforts dans la lutte pour rendre tous les produits r\u00e9parables.","robots":{"index":"index","follow":"follow","max-snippet":"max-snippet:-1","max-image-preview":"max-image-preview:large","max-video-preview":"max-video-preview:-1"},"canonical":"https:\/\/repair.eu\/fr\/faites-une-donation\/","og_locale":"fr_FR","og_type":"article","og_title":"Fa\u00eetes une donation - Right to Repair Europe","og_description":"Aidez nous \u00e0 faire du Droit \u00e0 la R\u00e9paration une r\u00e9alit\u00e9 en Europe! Votre don soutiendra nos efforts dans la lutte pour rendre tous les produits r\u00e9parables.","og_url":"https:\/\/repair.eu\/fr\/faites-une-donation\/","og_site_name":"Right to Repair Europe","article_publisher":"https:\/\/www.facebook.com\/righttorepaireurope\/","article_modified_time":"2024-01-29T10:26:24+00:00","og_image":[{"width":1200,"height":630,"url":"https:\/\/repair.eu\/wp-content\/uploads\/2019\/09\/R2RFacebookImage.png","type":"image\/png"}],"twitter_card":"summary_large_image","twitter_site":"@R2REurope","twitter_misc":{"Dur\u00e9e de lecture estim\u00e9e":"1 minute"},"schema":{"@context":"https:\/\/schema.org","@graph":[{"@type":"WebPage","@id":"https:\/\/repair.eu\/fr\/faites-une-donation\/","url":"https:\/\/repair.eu\/fr\/faites-une-donation\/","name":"Fa\u00eetes une donation - Right to Repair Europe","isPartOf":{"@id":"https:\/\/repair.eu\/fr\/#website"},"datePublished":"2019-12-04T10:58:16+00:00","dateModified":"2024-01-29T10:26:24+00:00","description":"Aidez nous \u00e0 faire du Droit \u00e0 la R\u00e9paration une r\u00e9alit\u00e9 en Europe! Votre don soutiendra nos efforts dans la lutte pour rendre tous les produits r\u00e9parables.","breadcrumb":{"@id":"https:\/\/repair.eu\/fr\/faites-une-donation\/#breadcrumb"},"inLanguage":"fr-FR","potentialAction":[{"@type":"ReadAction","target":["https:\/\/repair.eu\/fr\/faites-une-donation\/"]}]},{"@type":"BreadcrumbList","@id":"https:\/\/repair.eu\/fr\/faites-une-donation\/#breadcrumb","itemListElement":[{"@type":"ListItem","position":1,"name":"Home","item":"https:\/\/repair.eu\/fr\/"},{"@type":"ListItem","position":2,"name":"Fa\u00eetes une donation"}]},{"@type":"WebSite","@id":"https:\/\/repair.eu\/fr\/#website","url":"https:\/\/repair.eu\/fr\/","name":"Right to Repair Europe","description":"","publisher":{"@id":"https:\/\/repair.eu\/fr\/#organization"},"potentialAction":[{"@type":"SearchAction","target":{"@type":"EntryPoint","urlTemplate":"https:\/\/repair.eu\/fr\/?s={search_term_string}"},"query-input":{"@type":"PropertyValueSpecification","valueRequired":true,"valueName":"search_term_string"}}],"inLanguage":"fr-FR"},{"@type":"Organization","@id":"https:\/\/repair.eu\/fr\/#organization","name":"Right to Repair Europe","url":"https:\/\/repair.eu\/fr\/","logo":{"@type":"ImageObject","inLanguage":"fr-FR","@id":"https:\/\/repair.eu\/fr\/#\/schema\/logo\/image\/","url":"https:\/\/repair.eu\/wp-content\/uploads\/2019\/09\/Right-to-repair-logo.png","contentUrl":"https:\/\/repair.eu\/wp-content\/uploads\/2019\/09\/Right-to-repair-logo.png","width":451,"height":62,"caption":"Right to Repair Europe"},"image":{"@id":"https:\/\/repair.eu\/fr\/#\/schema\/logo\/image\/"},"sameAs":["https:\/\/www.facebook.com\/righttorepaireurope\/","https:\/\/x.com\/R2REurope","https:\/\/www.instagram.com\/R2REurope\/"]}]}},"_links":{"self":[{"href":"https:\/\/repair.eu\/fr\/wp-json\/wp\/v2\/pages\/661","targetHints":{"allow":["GET"]}}],"collection":[{"href":"https:\/\/repair.eu\/fr\/wp-json\/wp\/v2\/pages"}],"about":[{"href":"https:\/\/repair.eu\/fr\/wp-json\/wp\/v2\/types\/page"}],"author":[{"embeddable":true,"href":"https:\/\/repair.eu\/fr\/wp-json\/wp\/v2\/users\/2"}],"replies":[{"embeddable":true,"href":"https:\/\/repair.eu\/fr\/wp-json\/wp\/v2\/comments?post=661"}],"version-history":[{"count":6,"href":"https:\/\/repair.eu\/fr\/wp-json\/wp\/v2\/pages\/661\/revisions"}],"predecessor-version":[{"id":6295,"href":"https:\/\/repair.eu\/fr\/wp-json\/wp\/v2\/pages\/661\/revisions\/6295"}],"wp:attachment":[{"href":"https:\/\/repair.eu\/fr\/wp-json\/wp\/v2\/media?parent=661"}],"curies":[{"name":"wp","href":"https:\/\/api.w.org\/{rel}","templated":true}]}}