{"id":3209,"date":"2022-01-17T12:23:02","date_gmt":"2022-01-17T11:23:02","guid":{"rendered":"https:\/\/repair.eu\/?page_id=3209"},"modified":"2023-06-05T08:42:17","modified_gmt":"2023-06-05T06:42:17","slug":"chi-siamo","status":"publish","type":"page","link":"https:\/\/repair.eu\/it\/chi-siamo\/","title":{"rendered":"Chi siamo?"},"content":{"rendered":"\n<section class=\"block block__hero block__full-width block__hero--image-full-width\" style=\"background-color: ;\">\n\n\t<div class=\" block__hero--inner\">\n\n\t\t\n\t\t\t<picture class=\"block__hero--image\">\n\t\t\t\t<source media=\"(min-width: 768px)\" srcset=\"https:\/\/repair.eu\/wp-content\/uploads\/2020\/03\/SmartphoneCrimeScene@x2-scaled.jpg\">\n\t\t\t\t<source srcset=\"https:\/\/repair.eu\/wp-content\/uploads\/2020\/03\/SmartphoneCrimeSceneMOB@x2.jpg\">\t\t\t\n\t\t\t\t\n\t\t\t\t<img decoding=\"async\" src=\"https:\/\/repair.eu\/wp-content\/uploads\/2020\/03\/SmartphoneCrimeScene@x2-scaled.jpg\" alt=\"We believe in the right to repair\">\n\t\t\t<\/picture>\n\n\t\t\t\n\t<\/div>\t\n\n<\/section>\n\n\n\n\n<h1 class=\"wp-block-heading entry-title\"><strong>Chi siamo?<\/strong><\/h1>\n\n\n\n<p><strong><strong>Siamo persone, siamo riparatrici e riparatori, siamo attiviste ed attivisti della sostenibilit\u00e0, siamo una comunit\u00e0<\/strong><\/strong>.<\/p>\n\n\n\n<p>La coalizione Right to Repair rappresenta pi\u00f9 di 100 organizzazioni da 21 paesi europei. I membri della campagna rappresentano gruppi di riparazione locali, attiviste ed attivisti ambientali, operatrici ed operatori dell&#8217;economia sociale, sostenitrice e sostenitori della riparazione fai-da-te e qualsiasi cittadina o cittadino che voglia ottenere il proprio diritto alla riparazione. Siamo un movimento che sta crescendo esponenzialmente, e i nostri obiettivi di rendere la riparazione abbordabile, accessibile e convenzionale \u00e8 in linea con gli obiettivi dell&#8217;European Green Deal e il Circular Economy Action Plan. Scopri tutte le organizzazioni che fanno parte della coalizione divisi per paese <a href=\"https:\/\/repair.eu\/it\/nostra-rete\/\" target=\"_blank\" rel=\"noreferrer noopener\">qui<\/a>.<\/p>\n\n\n\n<p>Lottiamo per rimuovere le barriere che ostacolano la riparazione dei nostri prodotti, in modo che possano durare pi\u00f9 a lungo. Perch\u00e9?<\/p>\n\n\n\n<p>Il problema \u00e8 semplice. I prodotti che usiamo ogni giorno stanno diventando sempre pi\u00f9 difficili da riparare. I rifiuti elettronici sono uno dei gruppi di rifiuti in pi\u00f9 rapida crescita nel mondo, con i produttori di telefoni e computer portatili che rendono i loro prodotti pi\u00f9 difficili da riparare. E non si tratta solo di dispositivi digitali &#8211; anche la quantit\u00e0 di elettrodomestici che si guastano entro 5 anni dal loro acquisto \u00e8 in crescita vertiginosa.&nbsp;<\/p>\n\n\n\n<p>Ne abbiamo abbastanza. Per ogni parametro &#8211; emissioni, impatto sociale, rifiuti &#8211; non si pu\u00f2 andare avanti cos\u00ec. Quindi ci stiamo impegnando a fare qualcosa al riguardo. Vogliamo il Diritto alla Riparazione.&nbsp;<\/p>\n\n\n\n<div style=\"height:30px\" aria-hidden=\"true\" class=\"wp-block-spacer\"><\/div>\n\n\n\n<h2 class=\"wp-block-heading\">Membri del gruppo direttivo<\/h2>\n\n\n\n<p><\/p>\n\n\n\n<div class=\"wp-block-columns has-2-columns one-third-two-thirds is-layout-flex wp-container-core-columns-is-layout-9d6595d7 wp-block-columns-is-layout-flex\">\n<div class=\"wp-block-column is-layout-flow wp-block-column-is-layout-flow\"><div class=\"wp-block-image\">\n<figure class=\"alignleft size-large\"><img loading=\"lazy\" decoding=\"async\" width=\"842\" height=\"688\" src=\"https:\/\/repair.eu\/wp-content\/uploads\/2021\/03\/Logo-Vertical-Color.png\" alt=\"\" class=\"wp-image-3238\" srcset=\"https:\/\/repair.eu\/wp-content\/uploads\/2021\/03\/Logo-Vertical-Color.png 842w, https:\/\/repair.eu\/wp-content\/uploads\/2021\/03\/Logo-Vertical-Color-300x245.png 300w, https:\/\/repair.eu\/wp-content\/uploads\/2021\/03\/Logo-Vertical-Color-768x628.png 768w\" sizes=\"auto, (max-width: 842px) 100vw, 842px\" \/><\/figure>\n<\/div><\/div>\n\n\n\n<div class=\"wp-block-column is-layout-flow wp-block-column-is-layout-flow\">\n<p><br>ECOS \u00e8 un&#8217;ONG internazionale con una rete di soci ed esperti che promuovono standard tecnici, politiche e leggi rispettose dell&#8217;ambiente. Ci assicuriamo che la voce dell&#8217;ambiente sia ascoltata quando questi standard vengono sviluppati e stimoliamo il cambiamento fornendo competenze le responsabili politiche e politicili e alle operatrici ed operatori del settore, determinando l&#8217;attuazione di forti principi ambientali.<\/p>\n\n\n\n<p>Con sede in: Belgio<\/p>\n<\/div>\n<\/div>\n\n\n\n<div style=\"height:20px\" aria-hidden=\"true\" class=\"wp-block-spacer\"><\/div>\n\n\n\n<div class=\"wp-block-columns has-2-columns one-third-two-thirds is-layout-flex wp-container-core-columns-is-layout-9d6595d7 wp-block-columns-is-layout-flex\">\n<div class=\"wp-block-column is-layout-flow wp-block-column-is-layout-flow\"><div class=\"wp-block-image\">\n<figure class=\"alignleft\"><a href=\"https:\/\/eeb.org\/\" target=\"_blank\" rel=\"noreferrer noopener\"><img loading=\"lazy\" decoding=\"async\" width=\"300\" height=\"215\" src=\"https:\/\/repair.eu\/wp-content\/uploads\/2019\/09\/EEB-logo-on-white-blue-text-rgb.jpg\" alt=\"\" class=\"wp-image-3214\"\/><\/a><\/figure>\n<\/div><\/div>\n\n\n\n<div class=\"wp-block-column is-layout-flow wp-block-column-is-layout-flow\">\n<p><br>L&#8217;European Environmental Bureau (EEB) \u00e8 la pi\u00f9 grande rete europea di organizzazioni di cittadine ambientaliste e cittadini ambientalisti con circa 140 organizzazioni in pi\u00f9 di 30 paesi.<\/p>\n\n\n\n<p>Con sede in: Belgio<\/p>\n<\/div>\n<\/div>\n\n\n\n<div style=\"height:20px\" aria-hidden=\"true\" class=\"wp-block-spacer\"><\/div>\n\n\n\n<div class=\"wp-block-columns has-2-columns one-third-two-thirds is-layout-flex wp-container-core-columns-is-layout-9d6595d7 wp-block-columns-is-layout-flex\">\n<div class=\"wp-block-column is-layout-flow wp-block-column-is-layout-flow\"><div class=\"wp-block-image\">\n<figure class=\"alignleft\"><a href=\"https:\/\/www.halteobsolescence.org\/\" target=\"_blank\" rel=\"noreferrer noopener\"><img loading=\"lazy\" decoding=\"async\" width=\"300\" height=\"300\" src=\"https:\/\/repair.eu\/wp-content\/uploads\/2023\/06\/HOP-logo-2.png\" alt=\"\" class=\"wp-image-5058\" srcset=\"https:\/\/repair.eu\/wp-content\/uploads\/2023\/06\/HOP-logo-2.png 300w, https:\/\/repair.eu\/wp-content\/uploads\/2023\/06\/HOP-logo-2-150x150.png 150w\" sizes=\"auto, (max-width: 300px) 100vw, 300px\" \/><\/a><\/figure>\n<\/div><\/div>\n\n\n\n<div class=\"wp-block-column is-layout-flow wp-block-column-is-layout-flow\">\n<p>HOP (Halte \u00e0 l&#8217;Obsolescence Programm\u00e9e) \u00e8 un&#8217; ONG francese che lotta per prodotti durabili attraverso sensibilizzazione, pressione ed azioni legali. HOP \u00e8 stata creata nel 2015 per rappresentare la voce delle consumatrici e dei consumatori e dell&#8217;ambiente nell&#8217;ambito della durabilit\u00e0 della produzione e del consumo<\/p>\n\n\n\n<p>Con sede in: Francia<\/p>\n<\/div>\n<\/div>\n\n\n\n<div style=\"height:100px\" aria-hidden=\"true\" class=\"wp-block-spacer\"><\/div>\n\n\n\n<div class=\"wp-block-columns has-2-columns one-third-two-thirds is-layout-flex wp-container-core-columns-is-layout-9d6595d7 wp-block-columns-is-layout-flex\">\n<div class=\"wp-block-column is-layout-flow wp-block-column-is-layout-flow\"><div class=\"wp-block-image\">\n<figure class=\"alignleft\"><a href=\"https:\/\/www.ifixit.com\/\" target=\"_blank\" rel=\"noreferrer noopener\"><img loading=\"lazy\" decoding=\"async\" width=\"300\" height=\"108\" src=\"https:\/\/repair.eu\/wp-content\/uploads\/2019\/09\/iFixit-logo.jpg\" alt=\"\" class=\"wp-image-3216\"\/><\/a><\/figure>\n<\/div><\/div>\n\n\n\n<div class=\"wp-block-column is-layout-flow wp-block-column-is-layout-flow\">\n<p><br>iFixit Europe \u00e8 il manuale di riparazione online, gratuito e modificabile dal pubblico, per quasi tutto. Con pi\u00f9 di 50.000 manuali permettiamo a 10 milioni di visitatrici e visitatori al mese di riparare le loro cose. La nostra missione \u00e8 quella di consentire alle persone di riparare le loro cose e risparmiare denaro, evitando che le apparecchiature elettroniche finiscano nelle discariche.<\/p>\n\n\n\n<p>Con sede in: Germania<\/p>\n<\/div>\n<\/div>\n\n\n\n<div style=\"height:20px\" aria-hidden=\"true\" class=\"wp-block-spacer\"><\/div>\n\n\n\n<div class=\"wp-block-columns has-2-columns one-third-two-thirds is-layout-flex wp-container-core-columns-is-layout-9d6595d7 wp-block-columns-is-layout-flex\">\n<div class=\"wp-block-column is-layout-flow wp-block-column-is-layout-flow\"><div class=\"wp-block-image\">\n<figure class=\"alignleft\"><a href=\"https:\/\/runder-tisch-reparatur.de\/\" target=\"_blank\" rel=\"noreferrer noopener\"><img loading=\"lazy\" decoding=\"async\" width=\"300\" height=\"126\" src=\"https:\/\/repair.eu\/wp-content\/uploads\/2019\/09\/RTR1_300dpi.jpg\" alt=\"\" class=\"wp-image-3217\"\/><\/a><\/figure>\n<\/div><\/div>\n\n\n\n<div class=\"wp-block-column is-layout-flow wp-block-column-is-layout-flow\">\n<p>Runder Tisch Reparatur \u00e8 attivo dal 2015, le sue socie ed i suoi soci provengono da imprese di riparazione, organizzazioni ambientaliste e di protezione dei consumatori, scienza e iniziative locali. Ci occupiamo del futuro della riparazione e di come possiamo sostenere le imprese di riparazione e le consumatrici ed i consumatori che desiderano prodotti riparabili.&nbsp;<\/p>\n\n\n\n<p>Con sede in: Germania<\/p>\n<\/div>\n<\/div>\n\n\n\n<div style=\"height:20px\" aria-hidden=\"true\" class=\"wp-block-spacer\"><\/div>\n\n\n\n<div class=\"wp-block-columns has-2-columns one-third-two-thirds is-layout-flex wp-container-core-columns-is-layout-9d6595d7 wp-block-columns-is-layout-flex\">\n<div class=\"wp-block-column is-layout-flow wp-block-column-is-layout-flow\"><div class=\"wp-block-image\">\n<figure class=\"alignleft\"><a href=\"https:\/\/therestartproject.org\" target=\"_blank\" rel=\"noreferrer noopener\"><img loading=\"lazy\" decoding=\"async\" width=\"300\" height=\"108\" src=\"https:\/\/repair.eu\/wp-content\/uploads\/2019\/09\/restart.jpg\" alt=\"\" class=\"wp-image-3218\"\/><\/a><\/figure>\n<\/div><\/div>\n\n\n\n<div class=\"wp-block-column is-layout-flow wp-block-column-is-layout-flow\">\n<p>Il Restart Project \u00e8 un&#8217;impresa sociale animata dalle persone, che mira a correggere il nostro rapporto con l&#8217;elettronica. Organizziamo regolarmente dei Restart Party dove le persone insegnano l&#8217;uno all&#8217;altro come riparare le loro apparecchiature guaste o lente. E usiamo i dati e le storie che raccogliamo per aiutarci a chiedere prodotti elettronici migliore e pi\u00f9 sostenibili per tutte e tutti.<\/p>\n\n\n\n<p>Con sede in: Regno Unito<\/p>\n<\/div>\n<\/div>\n\n\n\n<div style=\"height:30px\" aria-hidden=\"true\" class=\"wp-block-spacer\"><\/div>\n\n\n\n<div class=\"wp-block-columns has-2-columns one-third-two-thirds is-layout-flex wp-container-core-columns-is-layout-9d6595d7 wp-block-columns-is-layout-flex\">\n<div class=\"wp-block-column is-layout-flow wp-block-column-is-layout-flow\"><div class=\"wp-block-image\">\n<figure class=\"alignleft size-full\"><img loading=\"lazy\" decoding=\"async\" width=\"299\" height=\"96\" src=\"https:\/\/repair.eu\/wp-content\/uploads\/2021\/04\/back_market_logo1.png\" alt=\"\" class=\"wp-image-2559\"\/><\/figure>\n<\/div><\/div>\n\n\n\n<div class=\"wp-block-column is-layout-flow wp-block-column-is-layout-flow\">\n<p>Swappie \u00e8 una start up la cui missione \u00e8 rendere mainstream il mercato del ricondizionato ed \u00e8 la destinazione principale per la compravendita di iPhones ricondizionati in Europa. Nel 2022 la compagnia \u00e8 stata nominata la compagnia europea dalla crescita pi\u00f9 veloce secondo il Financial Times. Swappie crede in un diritto alla riparazione forte ed indipendente per assicurare dispositivi duraturi e riparazione di alt\u00e0 qualit\u00e0 per tutte e tutti.<\/p>\n\n\n\n<p>Con sede in: Finlandia<\/p>\n<\/div>\n<\/div>\n\n\n\n<div style=\"height:100px\" aria-hidden=\"true\" class=\"wp-block-spacer\"><\/div>\n\n\n\n<div class=\"wp-block-columns has-2-columns one-third-two-thirds is-layout-flex wp-container-core-columns-is-layout-9d6595d7 wp-block-columns-is-layout-flex\">\n<div class=\"wp-block-column is-layout-flow wp-block-column-is-layout-flow\">\n<figure class=\"wp-block-gallery alignleft has-nested-images columns-default is-cropped wp-block-gallery-1 is-layout-flex wp-block-gallery-is-layout-flex\">\n<figure class=\"wp-block-image size-large\"><a href=\"https:\/\/swappie.com\/\" target=\"_blank\" rel=\"noreferrer noopener\"><img loading=\"lazy\" decoding=\"async\" width=\"1024\" height=\"388\" data-id=\"5066\" src=\"https:\/\/repair.eu\/wp-content\/uploads\/2023\/06\/001_Swappie_Logo_Black-1-1300x493-1-1024x388.png\" alt=\"\" class=\"wp-image-5066\" srcset=\"https:\/\/repair.eu\/wp-content\/uploads\/2023\/06\/001_Swappie_Logo_Black-1-1300x493-1-1024x388.png 1024w, https:\/\/repair.eu\/wp-content\/uploads\/2023\/06\/001_Swappie_Logo_Black-1-1300x493-1-300x114.png 300w, https:\/\/repair.eu\/wp-content\/uploads\/2023\/06\/001_Swappie_Logo_Black-1-1300x493-1-768x291.png 768w, https:\/\/repair.eu\/wp-content\/uploads\/2023\/06\/001_Swappie_Logo_Black-1-1300x493-1.png 1300w\" sizes=\"auto, (max-width: 1024px) 100vw, 1024px\" \/><\/a><\/figure>\n<\/figure>\n<\/div>\n\n\n\n<div class=\"wp-block-column is-layout-flow wp-block-column-is-layout-flow\">\n<p>Repair &amp; Share \u00e8 un&#8217;iniziativa belga attiva nella parte fiamminga del paese. Ci dedichiamo a sostenere e collegare le iniziative che promuovono la riparazione e altre attivit\u00e0 di economia circolare e chiediamo, a diversi livelli politici, una maggiore durata di vita dei prodotti e un diritto alla riparabilit\u00e0.<\/p>\n\n\n\n<p>Con sede in: Belgio<\/p>\n<\/div>\n<\/div>\n\n\n\n<div style=\"height:100px\" aria-hidden=\"true\" class=\"wp-block-spacer\"><\/div>\n\n\n\n<div class=\"wp-block-columns has-2-columns one-third-two-thirds is-layout-flex wp-container-core-columns-is-layout-9d6595d7 wp-block-columns-is-layout-flex\">\n<div class=\"wp-block-column is-layout-flow wp-block-column-is-layout-flow\">\n<figure class=\"wp-block-gallery alignleft has-nested-images columns-default is-cropped wp-block-gallery-2 is-layout-flex wp-block-gallery-is-layout-flex\"><div class=\"wp-block-image\">\n<figure class=\"alignleft size-large\"><a href=\"https:\/\/swappie.com\/\" target=\"_blank\" rel=\"noreferrer noopener\"><img loading=\"lazy\" decoding=\"async\" width=\"300\" height=\"100\" data-id=\"5107\" src=\"https:\/\/repair.eu\/wp-content\/uploads\/2023\/06\/rreuse-logo.png\" alt=\"\" class=\"wp-image-5107\"\/><\/a><\/figure>\n<\/div><\/figure>\n<\/div>\n\n\n\n<div class=\"wp-block-column is-layout-flow wp-block-column-is-layout-flow\">\n<p>RREUSE \u00e8 una rete internazionale che rappresenta aziende sociali attive nel riutilizzo, nella riparazione e nel riciclo. I suoi membri assumono persone a rischio d&#8217;esclusione socio-economia per permettere il riutilizzo di 25 materiali diversi, facilitando l&#8217;inclusione delle persone nel mercato del lavoro mentre aiutano la transizione verso un&#8217;economia pi\u00f9 circolare.<\/p>\n\n\n\n<p>Con sede in: Belgio<\/p>\n<\/div>\n<\/div>\n","protected":false},"excerpt":{"rendered":"<p>Chi siamo? Siamo persone, siamo riparatrici e riparatori, siamo attiviste ed attivisti della sostenibilit\u00e0, siamo una comunit\u00e0. La coalizione Right to Repair rappresenta pi\u00f9 di 100 organizzazioni da 21 paesi europei. I membri della campagna rappresentano gruppi di riparazione locali, attiviste ed attivisti ambientali, operatrici ed operatori dell&#8217;economia sociale, sostenitrice e sostenitori della riparazione fai-da-te &hellip; <\/p>\n<p class=\"link-more\"><a href=\"https:\/\/repair.eu\/it\/chi-siamo\/\" class=\"more-link\">Leggi tutto<span class=\"screen-reader-text\"> &#8220;Chi siamo?&#8221;<\/span><\/a><\/p>\n","protected":false},"author":2,"featured_media":0,"parent":0,"menu_order":0,"comment_status":"closed","ping_status":"closed","template":"","meta":{"_acf_changed":false,"footnotes":""},"class_list":["post-3209","page","type-page","status-publish","hentry","entry"],"acf":[],"yoast_head":"<!-- This site is optimized with the Yoast SEO plugin v27.3 - https:\/\/yoast.com\/product\/yoast-seo-wordpress\/ -->\n<title>Chi siamo? - Right to Repair Europe<\/title>\n<meta name=\"robots\" content=\"index, follow, max-snippet:-1, max-image-preview:large, max-video-preview:-1\" \/>\n<link rel=\"canonical\" href=\"https:\/\/repair.eu\/it\/chi-siamo\/\" \/>\n<meta property=\"og:locale\" content=\"it_IT\" \/>\n<meta property=\"og:type\" content=\"article\" \/>\n<meta property=\"og:title\" content=\"Chi siamo? - Right to Repair Europe\" \/>\n<meta property=\"og:description\" content=\"Chi siamo? Siamo persone, siamo riparatrici e riparatori, siamo attiviste ed attivisti della sostenibilit\u00e0, siamo una comunit\u00e0. La coalizione Right to Repair rappresenta pi\u00f9 di 100 organizzazioni da 21 paesi europei. I membri della campagna rappresentano gruppi di riparazione locali, attiviste ed attivisti ambientali, operatrici ed operatori dell&#8217;economia sociale, sostenitrice e sostenitori della riparazione fai-da-te &hellip; Leggi tutto &quot;Chi siamo?&quot;\" \/>\n<meta property=\"og:url\" content=\"https:\/\/repair.eu\/it\/chi-siamo\/\" \/>\n<meta property=\"og:site_name\" content=\"Right to Repair Europe\" \/>\n<meta property=\"article:publisher\" content=\"https:\/\/www.facebook.com\/righttorepaireurope\/\" \/>\n<meta property=\"article:modified_time\" content=\"2023-06-05T06:42:17+00:00\" \/>\n<meta property=\"og:image\" content=\"https:\/\/repair.eu\/wp-content\/uploads\/2021\/03\/Logo-Vertical-Color.png\" \/>\n<meta name=\"twitter:card\" content=\"summary_large_image\" \/>\n<meta name=\"twitter:site\" content=\"@R2REurope\" \/>\n<meta name=\"twitter:label1\" content=\"Tempo di lettura stimato\" \/>\n\t<meta name=\"twitter:data1\" content=\"6 minuti\" \/>\n<script type=\"application\/ld+json\" class=\"yoast-schema-graph\">{\"@context\":\"https:\\\/\\\/schema.org\",\"@graph\":[{\"@type\":\"WebPage\",\"@id\":\"https:\\\/\\\/repair.eu\\\/it\\\/chi-siamo\\\/\",\"url\":\"https:\\\/\\\/repair.eu\\\/it\\\/chi-siamo\\\/\",\"name\":\"Chi siamo? - Right to Repair Europe\",\"isPartOf\":{\"@id\":\"https:\\\/\\\/repair.eu\\\/it\\\/#website\"},\"primaryImageOfPage\":{\"@id\":\"https:\\\/\\\/repair.eu\\\/it\\\/chi-siamo\\\/#primaryimage\"},\"image\":{\"@id\":\"https:\\\/\\\/repair.eu\\\/it\\\/chi-siamo\\\/#primaryimage\"},\"thumbnailUrl\":\"https:\\\/\\\/repair.eu\\\/wp-content\\\/uploads\\\/2021\\\/03\\\/Logo-Vertical-Color.png\",\"datePublished\":\"2022-01-17T11:23:02+00:00\",\"dateModified\":\"2023-06-05T06:42:17+00:00\",\"breadcrumb\":{\"@id\":\"https:\\\/\\\/repair.eu\\\/it\\\/chi-siamo\\\/#breadcrumb\"},\"inLanguage\":\"it-IT\",\"potentialAction\":[{\"@type\":\"ReadAction\",\"target\":[\"https:\\\/\\\/repair.eu\\\/it\\\/chi-siamo\\\/\"]}]},{\"@type\":\"ImageObject\",\"inLanguage\":\"it-IT\",\"@id\":\"https:\\\/\\\/repair.eu\\\/it\\\/chi-siamo\\\/#primaryimage\",\"url\":\"https:\\\/\\\/repair.eu\\\/wp-content\\\/uploads\\\/2021\\\/03\\\/Logo-Vertical-Color.png\",\"contentUrl\":\"https:\\\/\\\/repair.eu\\\/wp-content\\\/uploads\\\/2021\\\/03\\\/Logo-Vertical-Color.png\"},{\"@type\":\"BreadcrumbList\",\"@id\":\"https:\\\/\\\/repair.eu\\\/it\\\/chi-siamo\\\/#breadcrumb\",\"itemListElement\":[{\"@type\":\"ListItem\",\"position\":1,\"name\":\"Home\",\"item\":\"https:\\\/\\\/repair.eu\\\/it\\\/\"},{\"@type\":\"ListItem\",\"position\":2,\"name\":\"Chi siamo?\"}]},{\"@type\":\"WebSite\",\"@id\":\"https:\\\/\\\/repair.eu\\\/it\\\/#website\",\"url\":\"https:\\\/\\\/repair.eu\\\/it\\\/\",\"name\":\"Right to Repair Europe\",\"description\":\"\",\"publisher\":{\"@id\":\"https:\\\/\\\/repair.eu\\\/it\\\/#organization\"},\"potentialAction\":[{\"@type\":\"SearchAction\",\"target\":{\"@type\":\"EntryPoint\",\"urlTemplate\":\"https:\\\/\\\/repair.eu\\\/it\\\/?s={search_term_string}\"},\"query-input\":{\"@type\":\"PropertyValueSpecification\",\"valueRequired\":true,\"valueName\":\"search_term_string\"}}],\"inLanguage\":\"it-IT\"},{\"@type\":\"Organization\",\"@id\":\"https:\\\/\\\/repair.eu\\\/it\\\/#organization\",\"name\":\"Right to Repair Europe\",\"url\":\"https:\\\/\\\/repair.eu\\\/it\\\/\",\"logo\":{\"@type\":\"ImageObject\",\"inLanguage\":\"it-IT\",\"@id\":\"https:\\\/\\\/repair.eu\\\/it\\\/#\\\/schema\\\/logo\\\/image\\\/\",\"url\":\"https:\\\/\\\/repair.eu\\\/wp-content\\\/uploads\\\/2019\\\/09\\\/Right-to-repair-logo.png\",\"contentUrl\":\"https:\\\/\\\/repair.eu\\\/wp-content\\\/uploads\\\/2019\\\/09\\\/Right-to-repair-logo.png\",\"width\":451,\"height\":62,\"caption\":\"Right to Repair Europe\"},\"image\":{\"@id\":\"https:\\\/\\\/repair.eu\\\/it\\\/#\\\/schema\\\/logo\\\/image\\\/\"},\"sameAs\":[\"https:\\\/\\\/www.facebook.com\\\/righttorepaireurope\\\/\",\"https:\\\/\\\/x.com\\\/R2REurope\",\"https:\\\/\\\/www.instagram.com\\\/R2REurope\\\/\"]}]}<\/script>\n<!-- \/ Yoast SEO plugin. -->","yoast_head_json":{"title":"Chi siamo? - Right to Repair Europe","robots":{"index":"index","follow":"follow","max-snippet":"max-snippet:-1","max-image-preview":"max-image-preview:large","max-video-preview":"max-video-preview:-1"},"canonical":"https:\/\/repair.eu\/it\/chi-siamo\/","og_locale":"it_IT","og_type":"article","og_title":"Chi siamo? - Right to Repair Europe","og_description":"Chi siamo? Siamo persone, siamo riparatrici e riparatori, siamo attiviste ed attivisti della sostenibilit\u00e0, siamo una comunit\u00e0. La coalizione Right to Repair rappresenta pi\u00f9 di 100 organizzazioni da 21 paesi europei. I membri della campagna rappresentano gruppi di riparazione locali, attiviste ed attivisti ambientali, operatrici ed operatori dell&#8217;economia sociale, sostenitrice e sostenitori della riparazione fai-da-te &hellip; Leggi tutto \"Chi siamo?\"","og_url":"https:\/\/repair.eu\/it\/chi-siamo\/","og_site_name":"Right to Repair Europe","article_publisher":"https:\/\/www.facebook.com\/righttorepaireurope\/","article_modified_time":"2023-06-05T06:42:17+00:00","og_image":[{"url":"https:\/\/repair.eu\/wp-content\/uploads\/2021\/03\/Logo-Vertical-Color.png","type":"","width":"","height":""}],"twitter_card":"summary_large_image","twitter_site":"@R2REurope","twitter_misc":{"Tempo di lettura stimato":"6 minuti"},"schema":{"@context":"https:\/\/schema.org","@graph":[{"@type":"WebPage","@id":"https:\/\/repair.eu\/it\/chi-siamo\/","url":"https:\/\/repair.eu\/it\/chi-siamo\/","name":"Chi siamo? - Right to Repair Europe","isPartOf":{"@id":"https:\/\/repair.eu\/it\/#website"},"primaryImageOfPage":{"@id":"https:\/\/repair.eu\/it\/chi-siamo\/#primaryimage"},"image":{"@id":"https:\/\/repair.eu\/it\/chi-siamo\/#primaryimage"},"thumbnailUrl":"https:\/\/repair.eu\/wp-content\/uploads\/2021\/03\/Logo-Vertical-Color.png","datePublished":"2022-01-17T11:23:02+00:00","dateModified":"2023-06-05T06:42:17+00:00","breadcrumb":{"@id":"https:\/\/repair.eu\/it\/chi-siamo\/#breadcrumb"},"inLanguage":"it-IT","potentialAction":[{"@type":"ReadAction","target":["https:\/\/repair.eu\/it\/chi-siamo\/"]}]},{"@type":"ImageObject","inLanguage":"it-IT","@id":"https:\/\/repair.eu\/it\/chi-siamo\/#primaryimage","url":"https:\/\/repair.eu\/wp-content\/uploads\/2021\/03\/Logo-Vertical-Color.png","contentUrl":"https:\/\/repair.eu\/wp-content\/uploads\/2021\/03\/Logo-Vertical-Color.png"},{"@type":"BreadcrumbList","@id":"https:\/\/repair.eu\/it\/chi-siamo\/#breadcrumb","itemListElement":[{"@type":"ListItem","position":1,"name":"Home","item":"https:\/\/repair.eu\/it\/"},{"@type":"ListItem","position":2,"name":"Chi siamo?"}]},{"@type":"WebSite","@id":"https:\/\/repair.eu\/it\/#website","url":"https:\/\/repair.eu\/it\/","name":"Right to Repair Europe","description":"","publisher":{"@id":"https:\/\/repair.eu\/it\/#organization"},"potentialAction":[{"@type":"SearchAction","target":{"@type":"EntryPoint","urlTemplate":"https:\/\/repair.eu\/it\/?s={search_term_string}"},"query-input":{"@type":"PropertyValueSpecification","valueRequired":true,"valueName":"search_term_string"}}],"inLanguage":"it-IT"},{"@type":"Organization","@id":"https:\/\/repair.eu\/it\/#organization","name":"Right to Repair Europe","url":"https:\/\/repair.eu\/it\/","logo":{"@type":"ImageObject","inLanguage":"it-IT","@id":"https:\/\/repair.eu\/it\/#\/schema\/logo\/image\/","url":"https:\/\/repair.eu\/wp-content\/uploads\/2019\/09\/Right-to-repair-logo.png","contentUrl":"https:\/\/repair.eu\/wp-content\/uploads\/2019\/09\/Right-to-repair-logo.png","width":451,"height":62,"caption":"Right to Repair Europe"},"image":{"@id":"https:\/\/repair.eu\/it\/#\/schema\/logo\/image\/"},"sameAs":["https:\/\/www.facebook.com\/righttorepaireurope\/","https:\/\/x.com\/R2REurope","https:\/\/www.instagram.com\/R2REurope\/"]}]}},"_links":{"self":[{"href":"https:\/\/repair.eu\/it\/wp-json\/wp\/v2\/pages\/3209","targetHints":{"allow":["GET"]}}],"collection":[{"href":"https:\/\/repair.eu\/it\/wp-json\/wp\/v2\/pages"}],"about":[{"href":"https:\/\/repair.eu\/it\/wp-json\/wp\/v2\/types\/page"}],"author":[{"embeddable":true,"href":"https:\/\/repair.eu\/it\/wp-json\/wp\/v2\/users\/2"}],"replies":[{"embeddable":true,"href":"https:\/\/repair.eu\/it\/wp-json\/wp\/v2\/comments?post=3209"}],"version-history":[{"count":12,"href":"https:\/\/repair.eu\/it\/wp-json\/wp\/v2\/pages\/3209\/revisions"}],"predecessor-version":[{"id":5113,"href":"https:\/\/repair.eu\/it\/wp-json\/wp\/v2\/pages\/3209\/revisions\/5113"}],"wp:attachment":[{"href":"https:\/\/repair.eu\/it\/wp-json\/wp\/v2\/media?parent=3209"}],"curies":[{"name":"wp","href":"https:\/\/api.w.org\/{rel}","templated":true}]}}