{"id":3241,"date":"2022-01-17T12:23:18","date_gmt":"2022-01-17T11:23:18","guid":{"rendered":"https:\/\/repair.eu\/?page_id=3241"},"modified":"2025-08-14T12:17:08","modified_gmt":"2025-08-14T10:17:08","slug":"aderisci-alla-campagna","status":"publish","type":"page","link":"https:\/\/repair.eu\/it\/aderisci-alla-campagna\/","title":{"rendered":"Aderisci alla campagna"},"content":{"rendered":"\n<figure class=\"wp-block-image size-large\"><img loading=\"lazy\" decoding=\"async\" width=\"1024\" height=\"768\" src=\"https:\/\/repair.eu\/wp-content\/uploads\/2019\/12\/DSC_1388-1024x768.jpg\" alt=\"\" class=\"wp-image-750\" srcset=\"https:\/\/repair.eu\/wp-content\/uploads\/2019\/12\/DSC_1388-1024x768.jpg 1024w, https:\/\/repair.eu\/wp-content\/uploads\/2019\/12\/DSC_1388-300x225.jpg 300w, https:\/\/repair.eu\/wp-content\/uploads\/2019\/12\/DSC_1388-768x576.jpg 768w, https:\/\/repair.eu\/wp-content\/uploads\/2019\/12\/DSC_1388-1536x1152.jpg 1536w, https:\/\/repair.eu\/wp-content\/uploads\/2019\/12\/DSC_1388-2048x1536.jpg 2048w, https:\/\/repair.eu\/wp-content\/uploads\/2019\/12\/DSC_1388-1300x975.jpg 1300w, https:\/\/repair.eu\/wp-content\/uploads\/2019\/12\/DSC_1388-1568x1176.jpg 1568w\" sizes=\"auto, (max-width: 1024px) 100vw, 1024px\" \/><\/figure>\n\n\n\n<p><strong>Grazie per il tuo interesse a partecipare alla coalizione Right to Repair Europe!<\/strong><\/p>\n\n\n\n<p>L&#8217;adesione alla coalizione \u00e8 aperta a gruppi e organizzazioni di tutta Europa che sostengono la causa del diritto universale alla riparazione. Tra questi figurano, tra gli altri: ONG, reti di riparatori volontari, reti di riparatori professionisti, istituzioni accademiche, imprese di riparazione e altre imprese, societ\u00e0 di consulenza e altro ancora.<\/p>\n\n\n\n<ul class=\"wp-block-list\">\n<li><strong>Iscrizione per organizzazioni senza scopo di lucro<\/strong>: organizzazioni come repair caf\u00e9 e piccole ONG ambientali possono iscriversi gratuitamente.<\/li>\n\n\n\n<li><strong>Iscrizione per organizzazioni a scopo di lucro<\/strong>: chiediamo alle organizzazioni a scopo di lucro di contribuire finanziariamente con una quota associativa annuale che varia a seconda delle dimensioni dell&#8217;organizzazione.<\/li>\n<\/ul>\n\n\n\n<p>Compila il modulo sottostante. A seconda dell&#8217;organizzazione, la richiesta sar\u00e0 automaticamente approvata per entrare a far parte della coalizione, oppure la tua domanda dovr\u00e0 essere esaminata dal gruppo direttivo, il che pu\u00f2 richiedere fino a 4 settimane.<\/p>\n\n\n\n<div class=\"block block__overview-table\">\n\n    \n    <div class=\"overview-table__intro-text overview-table__intro-text--shown-table\">\n            <\/div>\n\n            <div class=\"overview-table__intro-text--hidden-table\">\n            <p style=\"text-align: left\">Scopri le varie opzioni per diventare membro scaricando la nostra tabella:<\/p>\n<p style=\"text-align: center\"><a href=\"\/wp-content\/uploads\/2025\/08\/R2R-Join-the-coalition-benefits-table_it.pdf\">Opzioni e vantaggi di diventare membro<\/a> (PDF)<\/p>\n        <\/div>      \n        \n        <div class=\"overview-table--table large-screen-only  full-width-table\">\n        \n<table id=\"tablepress-4\" class=\"tablepress tablepress-id-4 table--black-border table--bold-first-column table--remove-header-highlight table--wrap-text table--inherit-font\">\n<thead>\n<tr class=\"row-1\">\n\t<th class=\"column-1\">Tipo di affiliazione<\/th><th class=\"column-2\">Sostenitore<\/th><th class=\"column-3\">Membro<\/th><th class=\"column-4\">Campione<\/th>\n<\/tr>\n<\/thead>\n<tbody>\n<tr class=\"row-2\">\n\t<td class=\"column-1\">Benefits<\/td><td class=\"column-2\">&#8211; Essere presentati sul nostro sito web nella sezione \u201cLa nostra rete\u201d<br \/>\n<br \/>\n&#8211; Accesso alle risorse della campagna (grafiche, kit informativi, documentazione sulle politiche e sulla campagna, ecc.)  <br \/>\n<br \/>\n&#8211; Newsletter interna  <br \/>\n<\/td><td class=\"column-3\">Tutti i vantaggi riservati agli <em>Sostenitori<\/em> + <br \/>\n<br \/>\n&#8211; Accesso alla piattaforma Slack della campagna<br \/>\n&#8211; Canali generali: per notizie, comunicazioni, eventi e discussioni<br \/>\n&#8211; Canali specifici: per ecodesign, politiche in materia di riparazione e rifiuti<br \/>\n&#8211; Comunicare, scambiare opinioni e fare rete con oltre 180 altre organizzazioni membri<br \/>\n<br \/>\n&#8211; Contribuire a definire le politiche dell&#8217;UE e internazionali in materia di riparazione, quali: requisiti di ecodesign, norme di riparazione (prezzi e disponibilit\u00e0 dei pezzi di ricambio, accesso e obblighi di riparazione, divieti di pratiche anti-riparazione), misure nazionali (fondi per la riparazione, REP e implementazione della direttiva sulla riparazione)<\/td><td class=\"column-4\">Tutti i vantaggi riservati ai <em>Membri<\/em> +<br \/>\n<br \/>\n&#8211; Possibilit\u00e0 di essere inseriti nei casi di studio e nelle pubblicazioni del blog<br \/>\n<br \/>\n&#8211; Possibilit\u00e0 di intervenire in webinar e conferenze<br \/>\n<br \/>\n&#8211; Possibilit\u00e0 di fornire citazioni per comunicati stampa e rilasciare interviste<br \/>\n<br \/>\n&#8211; Possibilit\u00e0 di entrare a far parte del nostro gruppo direttivo  <br \/>\n<\/td>\n<\/tr>\n<tr class=\"row-3\">\n\t<td class=\"column-1\">Sul nostro sito web<\/td><td class=\"column-2\">Nome + link<\/td><td class=\"column-3\">Logo + link<\/td><td class=\"column-4\">Logo + link<\/td>\n<\/tr>\n<tr class=\"row-4\">\n\t<td class=\"column-1\">Quota annuale <\/td><td class=\"column-2\">250\u20ac<\/td><td class=\"column-3\">A partire da 500\u20ac <em>e crescente in base alle dimensioni<\/em><\/td><td class=\"column-4\">A partire da 3500\u20ac e crescente in base alle dimensioni (la quota raddoppia se si entra a far parte del gruppo direttivo)<br \/>\n<\/td>\n<\/tr>\n<tr class=\"row-5\">\n\t<td class=\"column-1\">Consigliato per<\/td><td class=\"column-2\">Negozi di riparazione e piccole startup (fino a 5 dipendenti)<\/td><td class=\"column-3\">Piccole e medie imprese<\/td><td class=\"column-4\">Organizzazioni di medie e grandi dimensioni<\/td>\n<\/tr>\n<\/tbody>\n<\/table>\n<!-- #tablepress-4 from cache -->    <\/div>\n\n        \n<\/div>\n\n\n\n<div class=\"wp-block-buttons is-layout-flex wp-block-buttons-is-layout-flex\">\n<div class=\"wp-block-button\"><a class=\"wp-block-button__link has-dark-gray-color has-text-color has-background wp-element-button\" href=\"https:\/\/repair.eu\/it\/aderisci-alla-campagna-come-organizzazione\/\" style=\"background-color:#ffcd00\" target=\"_blank\" rel=\"https:\/\/repair.eu\/join-the-campaign-as-an-organisation\/ noopener\">Aderisci alla campagna come organizzazione<\/a><\/div>\n<\/div>\n\n\n\n<div class=\"wp-block-group\"><div class=\"wp-block-group__inner-container is-layout-flow wp-block-group-is-layout-flow\">\n<div class=\"wp-block-group make-one-col\"><div class=\"wp-block-group__inner-container is-layout-flow wp-block-group-is-layout-flow\">\n<div class=\"wp-block-group make-one-col\"><div class=\"wp-block-group__inner-container is-layout-flow wp-block-group-is-layout-flow\">\n<div class=\"wp-block-group\"><div class=\"wp-block-group__inner-container is-layout-flow wp-block-group-is-layout-flow\">\n<div class=\"wp-block-group make-one-col\"><div class=\"wp-block-group__inner-container is-layout-flow wp-block-group-is-layout-flow\">\n<div class=\"wp-block-group\"><div class=\"wp-block-group__inner-container is-layout-flow wp-block-group-is-layout-flow\">\n<div class=\"wp-block-group\"><div class=\"wp-block-group__inner-container is-layout-flow wp-block-group-is-layout-flow\">\n<div class=\"wp-block-group\"><div class=\"wp-block-group__inner-container is-layout-flow wp-block-group-is-layout-flow\">\n<div class=\"wp-block-group make-one-col\"><div class=\"wp-block-group__inner-container is-layout-flow wp-block-group-is-layout-flow\"><link href='https:\/\/actionnetwork.org\/css\/style-embed-whitelabel-v3.css' rel='stylesheet' type='text\/css' \/><script src='https:\/\/actionnetwork.org\/widgets\/v4\/form\/unisciti-al-movimento-per-un-diritto-universale-alla-riparazione?format=js&source=widget&style=full'><\/script><div id='can-form-area-unisciti-al-movimento-per-un-diritto-universale-alla-riparazione' style='width: 100%'><!-- this div is the target for our HTML insertion --><\/div>\n<\/div><\/div>\n<\/div><\/div>\n<\/div><\/div>\n<\/div><\/div>\n<\/div><\/div>\n<\/div><\/div>\n<\/div><\/div>\n<\/div><\/div>\n<\/div><\/div>\n\n\n\n<p><\/p>\n","protected":false},"excerpt":{"rendered":"<p>Grazie per il tuo interesse a partecipare alla coalizione Right to Repair Europe! L&#8217;adesione alla coalizione \u00e8 aperta a gruppi e organizzazioni di tutta Europa che sostengono la causa del diritto universale alla riparazione. Tra questi figurano, tra gli altri: ONG, reti di riparatori volontari, reti di riparatori professionisti, istituzioni accademiche, imprese di riparazione e &hellip; <\/p>\n<p class=\"link-more\"><a href=\"https:\/\/repair.eu\/it\/aderisci-alla-campagna\/\" class=\"more-link\">Leggi tutto<span class=\"screen-reader-text\"> &#8220;Aderisci alla campagna&#8221;<\/span><\/a><\/p>\n","protected":false},"author":2,"featured_media":0,"parent":0,"menu_order":0,"comment_status":"closed","ping_status":"closed","template":"","meta":{"_acf_changed":false,"footnotes":""},"class_list":["post-3241","page","type-page","status-publish","hentry","entry"],"acf":[],"yoast_head":"<!-- This site is optimized with the Yoast SEO plugin v27.3 - https:\/\/yoast.com\/product\/yoast-seo-wordpress\/ -->\n<title>Aderisci alla campagna - Right to Repair Europe<\/title>\n<meta name=\"robots\" content=\"index, follow, max-snippet:-1, max-image-preview:large, max-video-preview:-1\" \/>\n<link rel=\"canonical\" href=\"https:\/\/repair.eu\/it\/aderisci-alla-campagna\/\" \/>\n<meta property=\"og:locale\" content=\"it_IT\" \/>\n<meta property=\"og:type\" content=\"article\" \/>\n<meta property=\"og:title\" content=\"Aderisci alla campagna - Right to Repair Europe\" \/>\n<meta property=\"og:description\" content=\"Grazie per il tuo interesse a partecipare alla coalizione Right to Repair Europe! L&#8217;adesione alla coalizione \u00e8 aperta a gruppi e organizzazioni di tutta Europa che sostengono la causa del diritto universale alla riparazione. Tra questi figurano, tra gli altri: ONG, reti di riparatori volontari, reti di riparatori professionisti, istituzioni accademiche, imprese di riparazione e &hellip; Leggi tutto &quot;Aderisci alla campagna&quot;\" \/>\n<meta property=\"og:url\" content=\"https:\/\/repair.eu\/it\/aderisci-alla-campagna\/\" \/>\n<meta property=\"og:site_name\" content=\"Right to Repair Europe\" \/>\n<meta property=\"article:publisher\" content=\"https:\/\/www.facebook.com\/righttorepaireurope\/\" \/>\n<meta property=\"article:modified_time\" content=\"2025-08-14T10:17:08+00:00\" \/>\n<meta property=\"og:image\" content=\"https:\/\/repair.eu\/wp-content\/uploads\/2019\/12\/DSC_1388-scaled.jpg\" \/>\n\t<meta property=\"og:image:width\" content=\"2600\" \/>\n\t<meta property=\"og:image:height\" content=\"1950\" \/>\n\t<meta property=\"og:image:type\" content=\"image\/jpeg\" \/>\n<meta name=\"twitter:card\" content=\"summary_large_image\" \/>\n<meta name=\"twitter:site\" content=\"@R2REurope\" \/>\n<meta name=\"twitter:label1\" content=\"Tempo di lettura stimato\" \/>\n\t<meta name=\"twitter:data1\" content=\"1 minuto\" \/>\n<script type=\"application\/ld+json\" class=\"yoast-schema-graph\">{\"@context\":\"https:\\\/\\\/schema.org\",\"@graph\":[{\"@type\":\"WebPage\",\"@id\":\"https:\\\/\\\/repair.eu\\\/it\\\/aderisci-alla-campagna\\\/\",\"url\":\"https:\\\/\\\/repair.eu\\\/it\\\/aderisci-alla-campagna\\\/\",\"name\":\"Aderisci alla campagna - Right to Repair Europe\",\"isPartOf\":{\"@id\":\"https:\\\/\\\/repair.eu\\\/it\\\/#website\"},\"primaryImageOfPage\":{\"@id\":\"https:\\\/\\\/repair.eu\\\/it\\\/aderisci-alla-campagna\\\/#primaryimage\"},\"image\":{\"@id\":\"https:\\\/\\\/repair.eu\\\/it\\\/aderisci-alla-campagna\\\/#primaryimage\"},\"thumbnailUrl\":\"https:\\\/\\\/repair.eu\\\/wp-content\\\/uploads\\\/2019\\\/12\\\/DSC_1388-1024x768.jpg\",\"datePublished\":\"2022-01-17T11:23:18+00:00\",\"dateModified\":\"2025-08-14T10:17:08+00:00\",\"breadcrumb\":{\"@id\":\"https:\\\/\\\/repair.eu\\\/it\\\/aderisci-alla-campagna\\\/#breadcrumb\"},\"inLanguage\":\"it-IT\",\"potentialAction\":[{\"@type\":\"ReadAction\",\"target\":[\"https:\\\/\\\/repair.eu\\\/it\\\/aderisci-alla-campagna\\\/\"]}]},{\"@type\":\"ImageObject\",\"inLanguage\":\"it-IT\",\"@id\":\"https:\\\/\\\/repair.eu\\\/it\\\/aderisci-alla-campagna\\\/#primaryimage\",\"url\":\"https:\\\/\\\/repair.eu\\\/wp-content\\\/uploads\\\/2019\\\/12\\\/DSC_1388-1024x768.jpg\",\"contentUrl\":\"https:\\\/\\\/repair.eu\\\/wp-content\\\/uploads\\\/2019\\\/12\\\/DSC_1388-1024x768.jpg\"},{\"@type\":\"BreadcrumbList\",\"@id\":\"https:\\\/\\\/repair.eu\\\/it\\\/aderisci-alla-campagna\\\/#breadcrumb\",\"itemListElement\":[{\"@type\":\"ListItem\",\"position\":1,\"name\":\"Home\",\"item\":\"https:\\\/\\\/repair.eu\\\/it\\\/\"},{\"@type\":\"ListItem\",\"position\":2,\"name\":\"Aderisci alla campagna\"}]},{\"@type\":\"WebSite\",\"@id\":\"https:\\\/\\\/repair.eu\\\/it\\\/#website\",\"url\":\"https:\\\/\\\/repair.eu\\\/it\\\/\",\"name\":\"Right to Repair Europe\",\"description\":\"\",\"publisher\":{\"@id\":\"https:\\\/\\\/repair.eu\\\/it\\\/#organization\"},\"potentialAction\":[{\"@type\":\"SearchAction\",\"target\":{\"@type\":\"EntryPoint\",\"urlTemplate\":\"https:\\\/\\\/repair.eu\\\/it\\\/?s={search_term_string}\"},\"query-input\":{\"@type\":\"PropertyValueSpecification\",\"valueRequired\":true,\"valueName\":\"search_term_string\"}}],\"inLanguage\":\"it-IT\"},{\"@type\":\"Organization\",\"@id\":\"https:\\\/\\\/repair.eu\\\/it\\\/#organization\",\"name\":\"Right to Repair Europe\",\"url\":\"https:\\\/\\\/repair.eu\\\/it\\\/\",\"logo\":{\"@type\":\"ImageObject\",\"inLanguage\":\"it-IT\",\"@id\":\"https:\\\/\\\/repair.eu\\\/it\\\/#\\\/schema\\\/logo\\\/image\\\/\",\"url\":\"https:\\\/\\\/repair.eu\\\/wp-content\\\/uploads\\\/2019\\\/09\\\/Right-to-repair-logo.png\",\"contentUrl\":\"https:\\\/\\\/repair.eu\\\/wp-content\\\/uploads\\\/2019\\\/09\\\/Right-to-repair-logo.png\",\"width\":451,\"height\":62,\"caption\":\"Right to Repair Europe\"},\"image\":{\"@id\":\"https:\\\/\\\/repair.eu\\\/it\\\/#\\\/schema\\\/logo\\\/image\\\/\"},\"sameAs\":[\"https:\\\/\\\/www.facebook.com\\\/righttorepaireurope\\\/\",\"https:\\\/\\\/x.com\\\/R2REurope\",\"https:\\\/\\\/www.instagram.com\\\/R2REurope\\\/\"]}]}<\/script>\n<!-- \/ Yoast SEO plugin. -->","yoast_head_json":{"title":"Aderisci alla campagna - Right to Repair Europe","robots":{"index":"index","follow":"follow","max-snippet":"max-snippet:-1","max-image-preview":"max-image-preview:large","max-video-preview":"max-video-preview:-1"},"canonical":"https:\/\/repair.eu\/it\/aderisci-alla-campagna\/","og_locale":"it_IT","og_type":"article","og_title":"Aderisci alla campagna - Right to Repair Europe","og_description":"Grazie per il tuo interesse a partecipare alla coalizione Right to Repair Europe! L&#8217;adesione alla coalizione \u00e8 aperta a gruppi e organizzazioni di tutta Europa che sostengono la causa del diritto universale alla riparazione. Tra questi figurano, tra gli altri: ONG, reti di riparatori volontari, reti di riparatori professionisti, istituzioni accademiche, imprese di riparazione e &hellip; Leggi tutto \"Aderisci alla campagna\"","og_url":"https:\/\/repair.eu\/it\/aderisci-alla-campagna\/","og_site_name":"Right to Repair Europe","article_publisher":"https:\/\/www.facebook.com\/righttorepaireurope\/","article_modified_time":"2025-08-14T10:17:08+00:00","og_image":[{"width":2600,"height":1950,"url":"https:\/\/repair.eu\/wp-content\/uploads\/2019\/12\/DSC_1388-scaled.jpg","type":"image\/jpeg"}],"twitter_card":"summary_large_image","twitter_site":"@R2REurope","twitter_misc":{"Tempo di lettura stimato":"1 minuto"},"schema":{"@context":"https:\/\/schema.org","@graph":[{"@type":"WebPage","@id":"https:\/\/repair.eu\/it\/aderisci-alla-campagna\/","url":"https:\/\/repair.eu\/it\/aderisci-alla-campagna\/","name":"Aderisci alla campagna - Right to Repair Europe","isPartOf":{"@id":"https:\/\/repair.eu\/it\/#website"},"primaryImageOfPage":{"@id":"https:\/\/repair.eu\/it\/aderisci-alla-campagna\/#primaryimage"},"image":{"@id":"https:\/\/repair.eu\/it\/aderisci-alla-campagna\/#primaryimage"},"thumbnailUrl":"https:\/\/repair.eu\/wp-content\/uploads\/2019\/12\/DSC_1388-1024x768.jpg","datePublished":"2022-01-17T11:23:18+00:00","dateModified":"2025-08-14T10:17:08+00:00","breadcrumb":{"@id":"https:\/\/repair.eu\/it\/aderisci-alla-campagna\/#breadcrumb"},"inLanguage":"it-IT","potentialAction":[{"@type":"ReadAction","target":["https:\/\/repair.eu\/it\/aderisci-alla-campagna\/"]}]},{"@type":"ImageObject","inLanguage":"it-IT","@id":"https:\/\/repair.eu\/it\/aderisci-alla-campagna\/#primaryimage","url":"https:\/\/repair.eu\/wp-content\/uploads\/2019\/12\/DSC_1388-1024x768.jpg","contentUrl":"https:\/\/repair.eu\/wp-content\/uploads\/2019\/12\/DSC_1388-1024x768.jpg"},{"@type":"BreadcrumbList","@id":"https:\/\/repair.eu\/it\/aderisci-alla-campagna\/#breadcrumb","itemListElement":[{"@type":"ListItem","position":1,"name":"Home","item":"https:\/\/repair.eu\/it\/"},{"@type":"ListItem","position":2,"name":"Aderisci alla campagna"}]},{"@type":"WebSite","@id":"https:\/\/repair.eu\/it\/#website","url":"https:\/\/repair.eu\/it\/","name":"Right to Repair Europe","description":"","publisher":{"@id":"https:\/\/repair.eu\/it\/#organization"},"potentialAction":[{"@type":"SearchAction","target":{"@type":"EntryPoint","urlTemplate":"https:\/\/repair.eu\/it\/?s={search_term_string}"},"query-input":{"@type":"PropertyValueSpecification","valueRequired":true,"valueName":"search_term_string"}}],"inLanguage":"it-IT"},{"@type":"Organization","@id":"https:\/\/repair.eu\/it\/#organization","name":"Right to Repair Europe","url":"https:\/\/repair.eu\/it\/","logo":{"@type":"ImageObject","inLanguage":"it-IT","@id":"https:\/\/repair.eu\/it\/#\/schema\/logo\/image\/","url":"https:\/\/repair.eu\/wp-content\/uploads\/2019\/09\/Right-to-repair-logo.png","contentUrl":"https:\/\/repair.eu\/wp-content\/uploads\/2019\/09\/Right-to-repair-logo.png","width":451,"height":62,"caption":"Right to Repair Europe"},"image":{"@id":"https:\/\/repair.eu\/it\/#\/schema\/logo\/image\/"},"sameAs":["https:\/\/www.facebook.com\/righttorepaireurope\/","https:\/\/x.com\/R2REurope","https:\/\/www.instagram.com\/R2REurope\/"]}]}},"_links":{"self":[{"href":"https:\/\/repair.eu\/it\/wp-json\/wp\/v2\/pages\/3241","targetHints":{"allow":["GET"]}}],"collection":[{"href":"https:\/\/repair.eu\/it\/wp-json\/wp\/v2\/pages"}],"about":[{"href":"https:\/\/repair.eu\/it\/wp-json\/wp\/v2\/types\/page"}],"author":[{"embeddable":true,"href":"https:\/\/repair.eu\/it\/wp-json\/wp\/v2\/users\/2"}],"replies":[{"embeddable":true,"href":"https:\/\/repair.eu\/it\/wp-json\/wp\/v2\/comments?post=3241"}],"version-history":[{"count":14,"href":"https:\/\/repair.eu\/it\/wp-json\/wp\/v2\/pages\/3241\/revisions"}],"predecessor-version":[{"id":7889,"href":"https:\/\/repair.eu\/it\/wp-json\/wp\/v2\/pages\/3241\/revisions\/7889"}],"wp:attachment":[{"href":"https:\/\/repair.eu\/it\/wp-json\/wp\/v2\/media?parent=3241"}],"curies":[{"name":"wp","href":"https:\/\/api.w.org\/{rel}","templated":true}]}}