{"id":3247,"date":"2022-01-17T12:22:40","date_gmt":"2022-01-17T11:22:40","guid":{"rendered":"https:\/\/repair.eu\/?page_id=3247"},"modified":"2024-01-29T11:25:38","modified_gmt":"2024-01-29T10:25:38","slug":"fai-una-donazione","status":"publish","type":"page","link":"https:\/\/repair.eu\/it\/fai-una-donazione\/","title":{"rendered":"Fai una donazione"},"content":{"rendered":"\n<h3 class=\"wp-block-heading\">Aiutaci a portare il Diritto alla Riparazione in Europa!<\/h3>\n\n\n\n<p><br>Grazie al vostro sostegno, la nostra campagna ha fatto molti progressi. Abbiamo ottenuto regolazioni europee per:<\/p>\n\n\n\n<ul class=\"wp-block-list\">\n<li>Batterie facilmente sostituibili per i futuri dispositivi (2027) e l&#8217;obbligo di venderle a prezzi accessibili;<\/li>\n\n\n\n<li>Un indice di riparabilit\u00e0 per gli smartphone, 5 anni di supporto software e 7 anni di disponibilit\u00e0 di pezzi di ricambio per i futuri dispositivi (2025)<\/li>\n<\/ul>\n\n\n\n<p>Ma la lotta continua! Una vostra donazione supporter\u00e0 i nostri sforzi per assicurarci che l&#8217;UE continui a lavorare verso la circularit\u00e0 per raggiungere la totale reparabilit\u00e0 dei prodotti in Europa.<\/p>\n\n\n\n<p>Mettiti <a href=\"mailto:info@repair.eu\">in contatto con noi<\/a> se preferisci donare tramite bonifico bancario. Potete anche pagare tramite Paypal accedendo al vostro account e effettuando un trasferimento a <a>info@repair.eu<\/a>. Se rappresenti un&#8217;azienda o un&#8217;altra organizzazione disposta a sponsorizzare il lavoro della campagna, <a href=\"mailto:info@repair.eu\">contattaci<\/a>.<\/p>\n\n\n\n<p><\/p>\n\n\n\n<script src=\"https:\/\/actionnetwork.org\/widgets\/v3\/fundraising\/test-donate-to-right-to-repair-europe?format=js&amp;source=widget&amp;css=whitelabel&amp;style=full\"><\/script><div id=\"can-fundraising-area-test-donate-to-right-to-repair-europe\" style=\"width: 100%\"><!-- this div is the target for our HTML insertion --><\/div>\n\n\n\n<p><\/p>\n","protected":false},"excerpt":{"rendered":"<p>Aiutaci a portare il Diritto alla Riparazione in Europa! Grazie al vostro sostegno, la nostra campagna ha fatto molti progressi. Abbiamo ottenuto regolazioni europee per: Ma la lotta continua! Una vostra donazione supporter\u00e0 i nostri sforzi per assicurarci che l&#8217;UE continui a lavorare verso la circularit\u00e0 per raggiungere la totale reparabilit\u00e0 dei prodotti in Europa. &hellip; <\/p>\n<p class=\"link-more\"><a href=\"https:\/\/repair.eu\/it\/fai-una-donazione\/\" class=\"more-link\">Leggi tutto<span class=\"screen-reader-text\"> &#8220;Fai una donazione&#8221;<\/span><\/a><\/p>\n","protected":false},"author":2,"featured_media":0,"parent":0,"menu_order":0,"comment_status":"closed","ping_status":"closed","template":"","meta":{"_acf_changed":false,"footnotes":""},"class_list":["post-3247","page","type-page","status-publish","hentry","entry"],"acf":[],"yoast_head":"<!-- This site is optimized with the Yoast SEO plugin v27.3 - https:\/\/yoast.com\/product\/yoast-seo-wordpress\/ -->\n<title>Fai una donazione - Right to Repair Europe<\/title>\n<meta name=\"robots\" content=\"index, follow, max-snippet:-1, max-image-preview:large, max-video-preview:-1\" \/>\n<link rel=\"canonical\" href=\"https:\/\/repair.eu\/it\/fai-una-donazione\/\" \/>\n<meta property=\"og:locale\" content=\"it_IT\" \/>\n<meta property=\"og:type\" content=\"article\" \/>\n<meta property=\"og:title\" content=\"Fai una donazione - Right to Repair Europe\" \/>\n<meta property=\"og:description\" content=\"Aiutaci a portare il Diritto alla Riparazione in Europa! Grazie al vostro sostegno, la nostra campagna ha fatto molti progressi. Abbiamo ottenuto regolazioni europee per: Ma la lotta continua! Una vostra donazione supporter\u00e0 i nostri sforzi per assicurarci che l&#8217;UE continui a lavorare verso la circularit\u00e0 per raggiungere la totale reparabilit\u00e0 dei prodotti in Europa. &hellip; Leggi tutto &quot;Fai una donazione&quot;\" \/>\n<meta property=\"og:url\" content=\"https:\/\/repair.eu\/it\/fai-una-donazione\/\" \/>\n<meta property=\"og:site_name\" content=\"Right to Repair Europe\" \/>\n<meta property=\"article:publisher\" content=\"https:\/\/www.facebook.com\/righttorepaireurope\/\" \/>\n<meta property=\"article:modified_time\" content=\"2024-01-29T10:25:38+00:00\" \/>\n<meta property=\"og:image\" content=\"https:\/\/repair.eu\/wp-content\/uploads\/2019\/09\/R2RFacebookImage.png\" \/>\n\t<meta property=\"og:image:width\" content=\"1200\" \/>\n\t<meta property=\"og:image:height\" content=\"630\" \/>\n\t<meta property=\"og:image:type\" content=\"image\/png\" \/>\n<meta name=\"twitter:card\" content=\"summary_large_image\" \/>\n<meta name=\"twitter:site\" content=\"@R2REurope\" \/>\n<meta name=\"twitter:label1\" content=\"Tempo di lettura stimato\" \/>\n\t<meta name=\"twitter:data1\" content=\"1 minuto\" \/>\n<script type=\"application\/ld+json\" class=\"yoast-schema-graph\">{\"@context\":\"https:\\\/\\\/schema.org\",\"@graph\":[{\"@type\":\"WebPage\",\"@id\":\"https:\\\/\\\/repair.eu\\\/it\\\/fai-una-donazione\\\/\",\"url\":\"https:\\\/\\\/repair.eu\\\/it\\\/fai-una-donazione\\\/\",\"name\":\"Fai una donazione - Right to Repair Europe\",\"isPartOf\":{\"@id\":\"https:\\\/\\\/repair.eu\\\/it\\\/#website\"},\"datePublished\":\"2022-01-17T11:22:40+00:00\",\"dateModified\":\"2024-01-29T10:25:38+00:00\",\"breadcrumb\":{\"@id\":\"https:\\\/\\\/repair.eu\\\/it\\\/fai-una-donazione\\\/#breadcrumb\"},\"inLanguage\":\"it-IT\",\"potentialAction\":[{\"@type\":\"ReadAction\",\"target\":[\"https:\\\/\\\/repair.eu\\\/it\\\/fai-una-donazione\\\/\"]}]},{\"@type\":\"BreadcrumbList\",\"@id\":\"https:\\\/\\\/repair.eu\\\/it\\\/fai-una-donazione\\\/#breadcrumb\",\"itemListElement\":[{\"@type\":\"ListItem\",\"position\":1,\"name\":\"Home\",\"item\":\"https:\\\/\\\/repair.eu\\\/it\\\/\"},{\"@type\":\"ListItem\",\"position\":2,\"name\":\"Fai una donazione\"}]},{\"@type\":\"WebSite\",\"@id\":\"https:\\\/\\\/repair.eu\\\/it\\\/#website\",\"url\":\"https:\\\/\\\/repair.eu\\\/it\\\/\",\"name\":\"Right to Repair Europe\",\"description\":\"\",\"publisher\":{\"@id\":\"https:\\\/\\\/repair.eu\\\/it\\\/#organization\"},\"potentialAction\":[{\"@type\":\"SearchAction\",\"target\":{\"@type\":\"EntryPoint\",\"urlTemplate\":\"https:\\\/\\\/repair.eu\\\/it\\\/?s={search_term_string}\"},\"query-input\":{\"@type\":\"PropertyValueSpecification\",\"valueRequired\":true,\"valueName\":\"search_term_string\"}}],\"inLanguage\":\"it-IT\"},{\"@type\":\"Organization\",\"@id\":\"https:\\\/\\\/repair.eu\\\/it\\\/#organization\",\"name\":\"Right to Repair Europe\",\"url\":\"https:\\\/\\\/repair.eu\\\/it\\\/\",\"logo\":{\"@type\":\"ImageObject\",\"inLanguage\":\"it-IT\",\"@id\":\"https:\\\/\\\/repair.eu\\\/it\\\/#\\\/schema\\\/logo\\\/image\\\/\",\"url\":\"https:\\\/\\\/repair.eu\\\/wp-content\\\/uploads\\\/2019\\\/09\\\/Right-to-repair-logo.png\",\"contentUrl\":\"https:\\\/\\\/repair.eu\\\/wp-content\\\/uploads\\\/2019\\\/09\\\/Right-to-repair-logo.png\",\"width\":451,\"height\":62,\"caption\":\"Right to Repair Europe\"},\"image\":{\"@id\":\"https:\\\/\\\/repair.eu\\\/it\\\/#\\\/schema\\\/logo\\\/image\\\/\"},\"sameAs\":[\"https:\\\/\\\/www.facebook.com\\\/righttorepaireurope\\\/\",\"https:\\\/\\\/x.com\\\/R2REurope\",\"https:\\\/\\\/www.instagram.com\\\/R2REurope\\\/\"]}]}<\/script>\n<!-- \/ Yoast SEO plugin. -->","yoast_head_json":{"title":"Fai una donazione - Right to Repair Europe","robots":{"index":"index","follow":"follow","max-snippet":"max-snippet:-1","max-image-preview":"max-image-preview:large","max-video-preview":"max-video-preview:-1"},"canonical":"https:\/\/repair.eu\/it\/fai-una-donazione\/","og_locale":"it_IT","og_type":"article","og_title":"Fai una donazione - Right to Repair Europe","og_description":"Aiutaci a portare il Diritto alla Riparazione in Europa! Grazie al vostro sostegno, la nostra campagna ha fatto molti progressi. Abbiamo ottenuto regolazioni europee per: Ma la lotta continua! Una vostra donazione supporter\u00e0 i nostri sforzi per assicurarci che l&#8217;UE continui a lavorare verso la circularit\u00e0 per raggiungere la totale reparabilit\u00e0 dei prodotti in Europa. &hellip; Leggi tutto \"Fai una donazione\"","og_url":"https:\/\/repair.eu\/it\/fai-una-donazione\/","og_site_name":"Right to Repair Europe","article_publisher":"https:\/\/www.facebook.com\/righttorepaireurope\/","article_modified_time":"2024-01-29T10:25:38+00:00","og_image":[{"width":1200,"height":630,"url":"https:\/\/repair.eu\/wp-content\/uploads\/2019\/09\/R2RFacebookImage.png","type":"image\/png"}],"twitter_card":"summary_large_image","twitter_site":"@R2REurope","twitter_misc":{"Tempo di lettura stimato":"1 minuto"},"schema":{"@context":"https:\/\/schema.org","@graph":[{"@type":"WebPage","@id":"https:\/\/repair.eu\/it\/fai-una-donazione\/","url":"https:\/\/repair.eu\/it\/fai-una-donazione\/","name":"Fai una donazione - Right to Repair Europe","isPartOf":{"@id":"https:\/\/repair.eu\/it\/#website"},"datePublished":"2022-01-17T11:22:40+00:00","dateModified":"2024-01-29T10:25:38+00:00","breadcrumb":{"@id":"https:\/\/repair.eu\/it\/fai-una-donazione\/#breadcrumb"},"inLanguage":"it-IT","potentialAction":[{"@type":"ReadAction","target":["https:\/\/repair.eu\/it\/fai-una-donazione\/"]}]},{"@type":"BreadcrumbList","@id":"https:\/\/repair.eu\/it\/fai-una-donazione\/#breadcrumb","itemListElement":[{"@type":"ListItem","position":1,"name":"Home","item":"https:\/\/repair.eu\/it\/"},{"@type":"ListItem","position":2,"name":"Fai una donazione"}]},{"@type":"WebSite","@id":"https:\/\/repair.eu\/it\/#website","url":"https:\/\/repair.eu\/it\/","name":"Right to Repair Europe","description":"","publisher":{"@id":"https:\/\/repair.eu\/it\/#organization"},"potentialAction":[{"@type":"SearchAction","target":{"@type":"EntryPoint","urlTemplate":"https:\/\/repair.eu\/it\/?s={search_term_string}"},"query-input":{"@type":"PropertyValueSpecification","valueRequired":true,"valueName":"search_term_string"}}],"inLanguage":"it-IT"},{"@type":"Organization","@id":"https:\/\/repair.eu\/it\/#organization","name":"Right to Repair Europe","url":"https:\/\/repair.eu\/it\/","logo":{"@type":"ImageObject","inLanguage":"it-IT","@id":"https:\/\/repair.eu\/it\/#\/schema\/logo\/image\/","url":"https:\/\/repair.eu\/wp-content\/uploads\/2019\/09\/Right-to-repair-logo.png","contentUrl":"https:\/\/repair.eu\/wp-content\/uploads\/2019\/09\/Right-to-repair-logo.png","width":451,"height":62,"caption":"Right to Repair Europe"},"image":{"@id":"https:\/\/repair.eu\/it\/#\/schema\/logo\/image\/"},"sameAs":["https:\/\/www.facebook.com\/righttorepaireurope\/","https:\/\/x.com\/R2REurope","https:\/\/www.instagram.com\/R2REurope\/"]}]}},"_links":{"self":[{"href":"https:\/\/repair.eu\/it\/wp-json\/wp\/v2\/pages\/3247","targetHints":{"allow":["GET"]}}],"collection":[{"href":"https:\/\/repair.eu\/it\/wp-json\/wp\/v2\/pages"}],"about":[{"href":"https:\/\/repair.eu\/it\/wp-json\/wp\/v2\/types\/page"}],"author":[{"embeddable":true,"href":"https:\/\/repair.eu\/it\/wp-json\/wp\/v2\/users\/2"}],"replies":[{"embeddable":true,"href":"https:\/\/repair.eu\/it\/wp-json\/wp\/v2\/comments?post=3247"}],"version-history":[{"count":4,"href":"https:\/\/repair.eu\/it\/wp-json\/wp\/v2\/pages\/3247\/revisions"}],"predecessor-version":[{"id":6294,"href":"https:\/\/repair.eu\/it\/wp-json\/wp\/v2\/pages\/3247\/revisions\/6294"}],"wp:attachment":[{"href":"https:\/\/repair.eu\/it\/wp-json\/wp\/v2\/media?parent=3247"}],"curies":[{"name":"wp","href":"https:\/\/api.w.org\/{rel}","templated":true}]}}