{"id":5040,"date":"2023-05-31T16:04:56","date_gmt":"2023-05-31T14:04:56","guid":{"rendered":"https:\/\/repair.eu\/?page_id=5040"},"modified":"2023-08-21T10:24:01","modified_gmt":"2023-08-21T08:24:01","slug":"cosa-vogliamo","status":"publish","type":"page","link":"https:\/\/repair.eu\/it\/cosa-vogliamo\/","title":{"rendered":"Cosa vogliamo?"},"content":{"rendered":"\n<h2 class=\"wp-block-heading\">Difendi il tuo Diritto Universale alla Riparazione!<\/h2>\n\n\n\n<p><strong>Cosa ci aspettiamo dalle legislatrici e dai legislatori?<\/strong><\/p>\n\n\n\n<p>Lo ammettiamo, abbiamo alte aspettative! Ci dichiariamo colpevoli di voler salvare il mondo! Come? Con una serie di richieste legislative! Qui trovate alcuni punti principali della nostra campagna. Se invece volete le nostre pubblicazioni ufficiali e dettagliate, le trovate <a href=\"https:\/\/repair.eu\/it\/archivi\/\">qui<\/a>!<\/p>\n\n\n\n<h4 class=\"wp-block-heading\">Buona progettazione<\/h4>\n\n\n\n<p>I prodotti non dovrebbero essere progettati solamente per la sua performance, ma anche per durare nel tempo ed essere riparabile quando necessario. Per creare prodotti facili da riparare abbiamo bisogno di progettazioni che ne facilitino lo smontaggio.<\/p>\n\n\n\n<p><em>Il nostro obiettivo a breve termine: che la legislazione europea stabilisca requisiti di progettazione minimi orizzontali per assicurare la facilit\u00e0 della riparazione e cambio di componenti essenziali in tutti i prodotti.<\/em><\/p>\n\n\n\n<h4 class=\"wp-block-heading\">Accesso universale e corretto a pezzi di ricambi, manuali di riparazione strumenti diagnostici<\/h4>\n\n\n\n<p>La riparazione dovrebbe essere accessibile, abbordabile e comune. Questo significa che riparare un prodotto non dovrebbe costare pi\u00f9 che comprarne uno nuovo. Barriere legali non dovrebbero impedire individui, riparatrici e riparatori individuali e collettivi autonomi di riparazioni di riparare prodotti rotti. Noi vogliamo un Diritto Universale alla Riparazione: tutte e tutti dovrebbero avere accesso a pezzi di ricambio e manuali di riparazione per tutta la vita utile di un prodotto.<\/p>\n\n\n\n<p><em>Il nostro obiettivo a breve termine: che il quadro legale europeo renda accessibili pezzi di ricambio, informazioni per la riparazione e strumenti diagnostici a chiunque voglia riparare, per tutte le categorie di prodotti.<\/em><\/p>\n\n\n\n<h4 class=\"wp-block-heading\">Consumatrici e consumatori informate ed informati<\/h4>\n\n\n\n<p>Le cittadine ed i cittadini vogliono sapere se i loro prodotti sono costruiti per essere riparati o destinati ad essere smaltiti una volta rotti. Informazioni sulla riparabilit\u00e0 dei prodotti dovrebbero essere disponibili per le cittadine ed i cittadini e per le riparatrici ed i riparatori nel momento dell&#8217;acquisto.<\/p>\n\n\n\n<p><em>Il nostro obiettivo a breve termine: che l&#8217;UE introduca un Sistema di Valutazione di Riparabilit\u00e0 facente parte del gi\u00e0 esistente classificazione energetica per tutti i prodotti a consumo energetico.<\/em><\/p>\n\n\n\n<h4 class=\"wp-block-heading\">Accessibilit\u00e0 e trasparenza della riparazione<\/h4>\n\n\n\n<p>Coi crescenti costi della vita e anni di richieste da parte delle cittadine e dei cittadini per un accesso pi\u00f9 equo alla riparazione di elettrodomestici, affrontare il tema dell&#8217;accessibilit\u00e0 della riparazione \u00e8 un problema scottante. Un accesso abbordabile alla riparazione lo renderebbe un&#8217;opzione pi\u00f9 interessante e fattibile. In particolare abbiamo bisogno che i pezzi di ricambio siano reperibili in tempi accettabili ed a prezzi modici, per un periodo equivalente almeno alla durata di vita utile prevista.<\/p>\n\n\n\n<p><em>Il nostro obiettivo a breve termine: che legislazioni europee garanticasno un mercato di riparazione competitivo che includa l&#8217;usato di seconda mando e pezzi di ricambio da terze parti, rendendo i pezzi di ricambio economicamente accessibili, e rendendo il prezzo un criterio dell&#8217;indice di riparabilit\u00e0 dell&#8217;UE.<\/em><\/p>\n\n\n\n<p>Le istituzioni europee potrebbero assicurare ulteriormente l&#8217;accesso alla riparazione provvedendo incentivi finanziari per ridurre i prezzi. Abbiamo gi\u00e0 approfondito la questione in <a href=\"https:\/\/repair.eu\/news\/there-is-life-on-mars-financial-incentives-to-make-repair-affordable\/\" target=\"_blank\" rel=\"noreferrer noopener\">questo articolo<\/a> sugli Stati dell&#8217;UE che hanno scelto di incentivare la riparazione con misure finanziarie. <\/p>\n\n\n\n<h4 class=\"wp-block-heading\">Divieto di una vasta gamma di politiche anti-riparabilit\u00e0<\/h4>\n\n\n\n<p>Sistemi che impediscono o limitano la riparazione al di fuori dei network autorizzati dai produttori devono essere vietati. Questo include tutte le progettazioni che prevedono che l&#8217;OEM debba autorizzare il ricambio di pezzi prima che il funzionamento totale sia ripristinato (<a href=\"https:\/\/repair.eu\/news\/part-pairing-a-major-threat-to-independent-repair\/\" target=\"_blank\" rel=\"noreferrer noopener\">part pairing\/serialization<\/a>).<\/p>\n\n\n\n<p><em>Il nostro obiettivo a breve termine: divieto di contractual, hardware, firmware, o software con sistemi anti-riparabilit\u00e0 nel mercato europeo.<\/em><\/p>\n","protected":false},"excerpt":{"rendered":"<p>Difendi il tuo Diritto Universale alla Riparazione! Cosa ci aspettiamo dalle legislatrici e dai legislatori? Lo ammettiamo, abbiamo alte aspettative! Ci dichiariamo colpevoli di voler salvare il mondo! Come? Con una serie di richieste legislative! Qui trovate alcuni punti principali della nostra campagna. Se invece volete le nostre pubblicazioni ufficiali e dettagliate, le trovate qui! &hellip; <\/p>\n<p class=\"link-more\"><a href=\"https:\/\/repair.eu\/it\/cosa-vogliamo\/\" class=\"more-link\">Leggi tutto<span class=\"screen-reader-text\"> &#8220;Cosa vogliamo?&#8221;<\/span><\/a><\/p>\n","protected":false},"author":19,"featured_media":0,"parent":0,"menu_order":0,"comment_status":"closed","ping_status":"closed","template":"","meta":{"_acf_changed":false,"footnotes":""},"class_list":["post-5040","page","type-page","status-publish","hentry","entry"],"acf":[],"yoast_head":"<!-- This site is optimized with the Yoast SEO plugin v27.3 - https:\/\/yoast.com\/product\/yoast-seo-wordpress\/ -->\n<title>Cosa vogliamo? - Right to Repair Europe<\/title>\n<meta name=\"robots\" content=\"index, follow, max-snippet:-1, max-image-preview:large, max-video-preview:-1\" \/>\n<link rel=\"canonical\" href=\"https:\/\/repair.eu\/it\/cosa-vogliamo\/\" \/>\n<meta property=\"og:locale\" content=\"it_IT\" \/>\n<meta property=\"og:type\" content=\"article\" \/>\n<meta property=\"og:title\" content=\"Cosa vogliamo? - Right to Repair Europe\" \/>\n<meta property=\"og:description\" content=\"Difendi il tuo Diritto Universale alla Riparazione! Cosa ci aspettiamo dalle legislatrici e dai legislatori? Lo ammettiamo, abbiamo alte aspettative! Ci dichiariamo colpevoli di voler salvare il mondo! Come? Con una serie di richieste legislative! Qui trovate alcuni punti principali della nostra campagna. Se invece volete le nostre pubblicazioni ufficiali e dettagliate, le trovate qui! &hellip; Leggi tutto &quot;Cosa vogliamo?&quot;\" \/>\n<meta property=\"og:url\" content=\"https:\/\/repair.eu\/it\/cosa-vogliamo\/\" \/>\n<meta property=\"og:site_name\" content=\"Right to Repair Europe\" \/>\n<meta property=\"article:publisher\" content=\"https:\/\/www.facebook.com\/righttorepaireurope\/\" \/>\n<meta property=\"article:modified_time\" content=\"2023-08-21T08:24:01+00:00\" \/>\n<meta property=\"og:image\" content=\"https:\/\/repair.eu\/wp-content\/uploads\/2019\/09\/R2RFacebookImage.png\" \/>\n\t<meta property=\"og:image:width\" content=\"1200\" \/>\n\t<meta property=\"og:image:height\" content=\"630\" \/>\n\t<meta property=\"og:image:type\" content=\"image\/png\" \/>\n<meta name=\"twitter:card\" content=\"summary_large_image\" \/>\n<meta name=\"twitter:site\" content=\"@R2REurope\" \/>\n<meta name=\"twitter:label1\" content=\"Tempo di lettura stimato\" \/>\n\t<meta name=\"twitter:data1\" content=\"3 minuti\" \/>\n<script type=\"application\/ld+json\" class=\"yoast-schema-graph\">{\"@context\":\"https:\\\/\\\/schema.org\",\"@graph\":[{\"@type\":\"WebPage\",\"@id\":\"https:\\\/\\\/repair.eu\\\/it\\\/cosa-vogliamo\\\/\",\"url\":\"https:\\\/\\\/repair.eu\\\/it\\\/cosa-vogliamo\\\/\",\"name\":\"Cosa vogliamo? - Right to Repair Europe\",\"isPartOf\":{\"@id\":\"https:\\\/\\\/repair.eu\\\/it\\\/#website\"},\"datePublished\":\"2023-05-31T14:04:56+00:00\",\"dateModified\":\"2023-08-21T08:24:01+00:00\",\"breadcrumb\":{\"@id\":\"https:\\\/\\\/repair.eu\\\/it\\\/cosa-vogliamo\\\/#breadcrumb\"},\"inLanguage\":\"it-IT\",\"potentialAction\":[{\"@type\":\"ReadAction\",\"target\":[\"https:\\\/\\\/repair.eu\\\/it\\\/cosa-vogliamo\\\/\"]}]},{\"@type\":\"BreadcrumbList\",\"@id\":\"https:\\\/\\\/repair.eu\\\/it\\\/cosa-vogliamo\\\/#breadcrumb\",\"itemListElement\":[{\"@type\":\"ListItem\",\"position\":1,\"name\":\"Home\",\"item\":\"https:\\\/\\\/repair.eu\\\/it\\\/\"},{\"@type\":\"ListItem\",\"position\":2,\"name\":\"Cosa vogliamo?\"}]},{\"@type\":\"WebSite\",\"@id\":\"https:\\\/\\\/repair.eu\\\/it\\\/#website\",\"url\":\"https:\\\/\\\/repair.eu\\\/it\\\/\",\"name\":\"Right to Repair Europe\",\"description\":\"\",\"publisher\":{\"@id\":\"https:\\\/\\\/repair.eu\\\/it\\\/#organization\"},\"potentialAction\":[{\"@type\":\"SearchAction\",\"target\":{\"@type\":\"EntryPoint\",\"urlTemplate\":\"https:\\\/\\\/repair.eu\\\/it\\\/?s={search_term_string}\"},\"query-input\":{\"@type\":\"PropertyValueSpecification\",\"valueRequired\":true,\"valueName\":\"search_term_string\"}}],\"inLanguage\":\"it-IT\"},{\"@type\":\"Organization\",\"@id\":\"https:\\\/\\\/repair.eu\\\/it\\\/#organization\",\"name\":\"Right to Repair Europe\",\"url\":\"https:\\\/\\\/repair.eu\\\/it\\\/\",\"logo\":{\"@type\":\"ImageObject\",\"inLanguage\":\"it-IT\",\"@id\":\"https:\\\/\\\/repair.eu\\\/it\\\/#\\\/schema\\\/logo\\\/image\\\/\",\"url\":\"https:\\\/\\\/repair.eu\\\/wp-content\\\/uploads\\\/2019\\\/09\\\/Right-to-repair-logo.png\",\"contentUrl\":\"https:\\\/\\\/repair.eu\\\/wp-content\\\/uploads\\\/2019\\\/09\\\/Right-to-repair-logo.png\",\"width\":451,\"height\":62,\"caption\":\"Right to Repair Europe\"},\"image\":{\"@id\":\"https:\\\/\\\/repair.eu\\\/it\\\/#\\\/schema\\\/logo\\\/image\\\/\"},\"sameAs\":[\"https:\\\/\\\/www.facebook.com\\\/righttorepaireurope\\\/\",\"https:\\\/\\\/x.com\\\/R2REurope\",\"https:\\\/\\\/www.instagram.com\\\/R2REurope\\\/\"]}]}<\/script>\n<!-- \/ Yoast SEO plugin. -->","yoast_head_json":{"title":"Cosa vogliamo? - Right to Repair Europe","robots":{"index":"index","follow":"follow","max-snippet":"max-snippet:-1","max-image-preview":"max-image-preview:large","max-video-preview":"max-video-preview:-1"},"canonical":"https:\/\/repair.eu\/it\/cosa-vogliamo\/","og_locale":"it_IT","og_type":"article","og_title":"Cosa vogliamo? - Right to Repair Europe","og_description":"Difendi il tuo Diritto Universale alla Riparazione! Cosa ci aspettiamo dalle legislatrici e dai legislatori? Lo ammettiamo, abbiamo alte aspettative! Ci dichiariamo colpevoli di voler salvare il mondo! Come? Con una serie di richieste legislative! Qui trovate alcuni punti principali della nostra campagna. Se invece volete le nostre pubblicazioni ufficiali e dettagliate, le trovate qui! &hellip; Leggi tutto \"Cosa vogliamo?\"","og_url":"https:\/\/repair.eu\/it\/cosa-vogliamo\/","og_site_name":"Right to Repair Europe","article_publisher":"https:\/\/www.facebook.com\/righttorepaireurope\/","article_modified_time":"2023-08-21T08:24:01+00:00","og_image":[{"width":1200,"height":630,"url":"https:\/\/repair.eu\/wp-content\/uploads\/2019\/09\/R2RFacebookImage.png","type":"image\/png"}],"twitter_card":"summary_large_image","twitter_site":"@R2REurope","twitter_misc":{"Tempo di lettura stimato":"3 minuti"},"schema":{"@context":"https:\/\/schema.org","@graph":[{"@type":"WebPage","@id":"https:\/\/repair.eu\/it\/cosa-vogliamo\/","url":"https:\/\/repair.eu\/it\/cosa-vogliamo\/","name":"Cosa vogliamo? - Right to Repair Europe","isPartOf":{"@id":"https:\/\/repair.eu\/it\/#website"},"datePublished":"2023-05-31T14:04:56+00:00","dateModified":"2023-08-21T08:24:01+00:00","breadcrumb":{"@id":"https:\/\/repair.eu\/it\/cosa-vogliamo\/#breadcrumb"},"inLanguage":"it-IT","potentialAction":[{"@type":"ReadAction","target":["https:\/\/repair.eu\/it\/cosa-vogliamo\/"]}]},{"@type":"BreadcrumbList","@id":"https:\/\/repair.eu\/it\/cosa-vogliamo\/#breadcrumb","itemListElement":[{"@type":"ListItem","position":1,"name":"Home","item":"https:\/\/repair.eu\/it\/"},{"@type":"ListItem","position":2,"name":"Cosa vogliamo?"}]},{"@type":"WebSite","@id":"https:\/\/repair.eu\/it\/#website","url":"https:\/\/repair.eu\/it\/","name":"Right to Repair Europe","description":"","publisher":{"@id":"https:\/\/repair.eu\/it\/#organization"},"potentialAction":[{"@type":"SearchAction","target":{"@type":"EntryPoint","urlTemplate":"https:\/\/repair.eu\/it\/?s={search_term_string}"},"query-input":{"@type":"PropertyValueSpecification","valueRequired":true,"valueName":"search_term_string"}}],"inLanguage":"it-IT"},{"@type":"Organization","@id":"https:\/\/repair.eu\/it\/#organization","name":"Right to Repair Europe","url":"https:\/\/repair.eu\/it\/","logo":{"@type":"ImageObject","inLanguage":"it-IT","@id":"https:\/\/repair.eu\/it\/#\/schema\/logo\/image\/","url":"https:\/\/repair.eu\/wp-content\/uploads\/2019\/09\/Right-to-repair-logo.png","contentUrl":"https:\/\/repair.eu\/wp-content\/uploads\/2019\/09\/Right-to-repair-logo.png","width":451,"height":62,"caption":"Right to Repair Europe"},"image":{"@id":"https:\/\/repair.eu\/it\/#\/schema\/logo\/image\/"},"sameAs":["https:\/\/www.facebook.com\/righttorepaireurope\/","https:\/\/x.com\/R2REurope","https:\/\/www.instagram.com\/R2REurope\/"]}]}},"_links":{"self":[{"href":"https:\/\/repair.eu\/it\/wp-json\/wp\/v2\/pages\/5040","targetHints":{"allow":["GET"]}}],"collection":[{"href":"https:\/\/repair.eu\/it\/wp-json\/wp\/v2\/pages"}],"about":[{"href":"https:\/\/repair.eu\/it\/wp-json\/wp\/v2\/types\/page"}],"author":[{"embeddable":true,"href":"https:\/\/repair.eu\/it\/wp-json\/wp\/v2\/users\/19"}],"replies":[{"embeddable":true,"href":"https:\/\/repair.eu\/it\/wp-json\/wp\/v2\/comments?post=5040"}],"version-history":[{"count":3,"href":"https:\/\/repair.eu\/it\/wp-json\/wp\/v2\/pages\/5040\/revisions"}],"predecessor-version":[{"id":5567,"href":"https:\/\/repair.eu\/it\/wp-json\/wp\/v2\/pages\/5040\/revisions\/5567"}],"wp:attachment":[{"href":"https:\/\/repair.eu\/it\/wp-json\/wp\/v2\/media?parent=5040"}],"curies":[{"name":"wp","href":"https:\/\/api.w.org\/{rel}","templated":true}]}}