{"id":6311,"date":"2024-01-31T09:39:15","date_gmt":"2024-01-31T08:39:15","guid":{"rendered":"https:\/\/repair.eu\/?page_id=6311"},"modified":"2024-02-12T11:40:09","modified_gmt":"2024-02-12T10:40:09","slug":"vad-vill-vi","status":"publish","type":"page","link":"https:\/\/repair.eu\/sv\/vad-vill-vi\/","title":{"rendered":"Vad vill vi"},"content":{"rendered":"\n<h2 class=\"wp-block-heading\">St\u00e5 upp f\u00f6r din r\u00e4tt att reparera!<\/h2>\n\n\n\n<p><strong>Vad f\u00f6rv\u00e4ntar vi oss av beslutsfattar<\/strong>na&nbsp;?<\/p>\n\n\n\n<p>En hel del saker. Vi har verkligen h\u00f6ga f\u00f6rv\u00e4ntningar. Det \u00e4r trots allt planetens framtid vi talar om! P\u00e5 den h\u00e4r sidan finns v\u00e5ra viktigaste punkter! Om du ist\u00e4llet letar efter de detaljerade st\u00e5ndpunkter som vi har sl\u00e4ppt, hittar du dem <a href=\"https:\/\/repair.https:\/\/repair.eu\/sv\/resources\/\" target=\"_blank\" rel=\"noreferrer noopener\">h\u00e4r<\/a>!<\/p>\n\n\n\n<h4 class=\"wp-block-heading\">Bra design<\/h4>\n\n\n\n<p>Produkterna ska inte bara utformas f\u00f6r att prestera, utan ocks\u00e5 f\u00f6r att h\u00e5lla och f\u00f6r att repareras n\u00e4rhelst det beh\u00f6vs. F\u00f6r att g\u00f6ra produkter som \u00e4r l\u00e4tta att reparera beh\u00f6ver vi designpraxis som underl\u00e4ttar demontering och reparation.<\/p>\n\n\n\n<p><em>V\u00e5rt kortsiktiga m\u00e5l: EU-lagstiftningen st\u00e4ller upp minimikrav p\u00e5 design f\u00f6r att s\u00e4kerst\u00e4lla enkel demontering och utbyte av nyckelkomponenter \u2013 till att b\u00f6rja med smartphones, b\u00e4rbara datorer och andra IT-produkter<\/em>.<\/p>\n\n\n\n<h4 class=\"wp-block-heading\">R\u00e4ttvis tillg\u00e5ng<\/h4>\n\n\n\n<p>Reparation ska vara tillg\u00e4ngligt, prisv\u00e4rt och enkelt. Det betyder att reparation av en produkt inte b\u00f6r kosta mer \u00e4n att k\u00f6pa en ny. Juridiska hinder b\u00f6r inte hindra individer, oberoende reparat\u00f6rer och lokala reparationsgrupper fr\u00e5n att reparera trasiga produkter. Vi vill ha en universell r\u00e4tt till reparation: alla f\u00e5r tillg\u00e5ng till reservdelar och reparationsmanualer under produktens hela livsl\u00e4ngd.<\/p>\n\n\n\n<p><em>V\u00e5rt kortsiktiga m\u00e5l: den r\u00e4ttsliga ram som ger tillg\u00e5ng till reservdelar och reparationsinformation f\u00f6r reparat\u00f6rer b\u00f6r fastst\u00e4llas i nationella register som \u00e4r r\u00e4ttvisa och inkluderande och oberoende av tillverkarna.<\/em><\/p>\n\n\n\n<h4 class=\"wp-block-heading\">Informerade konsumenter<\/h4>\n\n\n\n<p>Medborgare vill veta om deras produkter \u00e4r byggda f\u00f6r att repareras eller avsedda att vara eng\u00e5ngsbruk n\u00e4r de g\u00e5r s\u00f6nder. Information om produktens reparerbarhet b\u00f6r g\u00f6ras tillg\u00e4nglig vid ink\u00f6psst\u00e4llet f\u00f6r s\u00e5v\u00e4l medborgare som reparat\u00f6rer.<\/p>\n\n\n\n<p><em>V\u00e5rt kortsiktiga m\u00e5l: EU ska inf\u00f6ra ett po\u00e4ngsystem f\u00f6r reparationer som en del av den befintliga energim\u00e4rkningen f\u00f6r alla energif\u00f6rbrukande produkter<\/em><\/p>\n","protected":false},"excerpt":{"rendered":"<p>St\u00e5 upp f\u00f6r din r\u00e4tt att reparera! Vad f\u00f6rv\u00e4ntar vi oss av beslutsfattarna&nbsp;? En hel del saker. Vi har verkligen h\u00f6ga f\u00f6rv\u00e4ntningar. Det \u00e4r trots allt planetens framtid vi talar om! P\u00e5 den h\u00e4r sidan finns v\u00e5ra viktigaste punkter! Om du ist\u00e4llet letar efter de detaljerade st\u00e5ndpunkter som vi har sl\u00e4ppt, hittar du dem h\u00e4r! &hellip; <\/p>\n<p class=\"link-more\"><a href=\"https:\/\/repair.eu\/sv\/vad-vill-vi\/\" class=\"more-link\">Forts\u00e4tt l\u00e4sa<span class=\"screen-reader-text\"> \u201dVad vill vi\u201d<\/span><\/a><\/p>\n","protected":false},"author":19,"featured_media":0,"parent":0,"menu_order":0,"comment_status":"closed","ping_status":"closed","template":"","meta":{"_acf_changed":false,"footnotes":""},"class_list":["post-6311","page","type-page","status-publish","hentry","entry"],"acf":[],"yoast_head":"<!-- This site is optimized with the Yoast SEO plugin v27.3 - https:\/\/yoast.com\/product\/yoast-seo-wordpress\/ -->\n<title>Vad vill vi - Right to Repair Europe<\/title>\n<meta name=\"robots\" content=\"index, follow, max-snippet:-1, max-image-preview:large, max-video-preview:-1\" \/>\n<link rel=\"canonical\" href=\"https:\/\/repair.eu\/sv\/vad-vill-vi\/\" \/>\n<meta property=\"og:locale\" content=\"sv_SE\" \/>\n<meta property=\"og:type\" content=\"article\" \/>\n<meta property=\"og:title\" content=\"Vad vill vi - Right to Repair Europe\" \/>\n<meta property=\"og:description\" content=\"St\u00e5 upp f\u00f6r din r\u00e4tt att reparera! Vad f\u00f6rv\u00e4ntar vi oss av beslutsfattarna&nbsp;? En hel del saker. Vi har verkligen h\u00f6ga f\u00f6rv\u00e4ntningar. Det \u00e4r trots allt planetens framtid vi talar om! P\u00e5 den h\u00e4r sidan finns v\u00e5ra viktigaste punkter! Om du ist\u00e4llet letar efter de detaljerade st\u00e5ndpunkter som vi har sl\u00e4ppt, hittar du dem h\u00e4r! &hellip; Forts\u00e4tt l\u00e4sa \u201dVad vill vi\u201d\" \/>\n<meta property=\"og:url\" content=\"https:\/\/repair.eu\/sv\/vad-vill-vi\/\" \/>\n<meta property=\"og:site_name\" content=\"Right to Repair Europe\" \/>\n<meta property=\"article:publisher\" content=\"https:\/\/www.facebook.com\/righttorepaireurope\/\" \/>\n<meta property=\"article:modified_time\" content=\"2024-02-12T10:40:09+00:00\" \/>\n<meta property=\"og:image\" content=\"https:\/\/repair.eu\/wp-content\/uploads\/2019\/09\/R2RFacebookImage.png\" \/>\n\t<meta property=\"og:image:width\" content=\"1200\" \/>\n\t<meta property=\"og:image:height\" content=\"630\" \/>\n\t<meta property=\"og:image:type\" content=\"image\/png\" \/>\n<meta name=\"twitter:card\" content=\"summary_large_image\" \/>\n<meta name=\"twitter:site\" content=\"@R2REurope\" \/>\n<meta name=\"twitter:label1\" content=\"Ber\u00e4knad l\u00e4stid\" \/>\n\t<meta name=\"twitter:data1\" content=\"2 minuter\" \/>\n<script type=\"application\/ld+json\" class=\"yoast-schema-graph\">{\"@context\":\"https:\\\/\\\/schema.org\",\"@graph\":[{\"@type\":\"WebPage\",\"@id\":\"https:\\\/\\\/repair.eu\\\/sv\\\/vad-vill-vi\\\/\",\"url\":\"https:\\\/\\\/repair.eu\\\/sv\\\/vad-vill-vi\\\/\",\"name\":\"Vad vill vi - Right to Repair Europe\",\"isPartOf\":{\"@id\":\"https:\\\/\\\/repair.eu\\\/sv\\\/#website\"},\"datePublished\":\"2024-01-31T08:39:15+00:00\",\"dateModified\":\"2024-02-12T10:40:09+00:00\",\"breadcrumb\":{\"@id\":\"https:\\\/\\\/repair.eu\\\/sv\\\/vad-vill-vi\\\/#breadcrumb\"},\"inLanguage\":\"sv-SE\",\"potentialAction\":[{\"@type\":\"ReadAction\",\"target\":[\"https:\\\/\\\/repair.eu\\\/sv\\\/vad-vill-vi\\\/\"]}]},{\"@type\":\"BreadcrumbList\",\"@id\":\"https:\\\/\\\/repair.eu\\\/sv\\\/vad-vill-vi\\\/#breadcrumb\",\"itemListElement\":[{\"@type\":\"ListItem\",\"position\":1,\"name\":\"Home\",\"item\":\"https:\\\/\\\/repair.eu\\\/sv\\\/\"},{\"@type\":\"ListItem\",\"position\":2,\"name\":\"Vad vill vi\"}]},{\"@type\":\"WebSite\",\"@id\":\"https:\\\/\\\/repair.eu\\\/sv\\\/#website\",\"url\":\"https:\\\/\\\/repair.eu\\\/sv\\\/\",\"name\":\"Right to Repair Europe\",\"description\":\"\",\"publisher\":{\"@id\":\"https:\\\/\\\/repair.eu\\\/sv\\\/#organization\"},\"potentialAction\":[{\"@type\":\"SearchAction\",\"target\":{\"@type\":\"EntryPoint\",\"urlTemplate\":\"https:\\\/\\\/repair.eu\\\/sv\\\/?s={search_term_string}\"},\"query-input\":{\"@type\":\"PropertyValueSpecification\",\"valueRequired\":true,\"valueName\":\"search_term_string\"}}],\"inLanguage\":\"sv-SE\"},{\"@type\":\"Organization\",\"@id\":\"https:\\\/\\\/repair.eu\\\/sv\\\/#organization\",\"name\":\"Right to Repair Europe\",\"url\":\"https:\\\/\\\/repair.eu\\\/sv\\\/\",\"logo\":{\"@type\":\"ImageObject\",\"inLanguage\":\"sv-SE\",\"@id\":\"https:\\\/\\\/repair.eu\\\/sv\\\/#\\\/schema\\\/logo\\\/image\\\/\",\"url\":\"https:\\\/\\\/repair.eu\\\/wp-content\\\/uploads\\\/2019\\\/09\\\/Right-to-repair-logo.png\",\"contentUrl\":\"https:\\\/\\\/repair.eu\\\/wp-content\\\/uploads\\\/2019\\\/09\\\/Right-to-repair-logo.png\",\"width\":451,\"height\":62,\"caption\":\"Right to Repair Europe\"},\"image\":{\"@id\":\"https:\\\/\\\/repair.eu\\\/sv\\\/#\\\/schema\\\/logo\\\/image\\\/\"},\"sameAs\":[\"https:\\\/\\\/www.facebook.com\\\/righttorepaireurope\\\/\",\"https:\\\/\\\/x.com\\\/R2REurope\",\"https:\\\/\\\/www.instagram.com\\\/R2REurope\\\/\"]}]}<\/script>\n<!-- \/ Yoast SEO plugin. -->","yoast_head_json":{"title":"Vad vill vi - Right to Repair Europe","robots":{"index":"index","follow":"follow","max-snippet":"max-snippet:-1","max-image-preview":"max-image-preview:large","max-video-preview":"max-video-preview:-1"},"canonical":"https:\/\/repair.eu\/sv\/vad-vill-vi\/","og_locale":"sv_SE","og_type":"article","og_title":"Vad vill vi - Right to Repair Europe","og_description":"St\u00e5 upp f\u00f6r din r\u00e4tt att reparera! Vad f\u00f6rv\u00e4ntar vi oss av beslutsfattarna&nbsp;? En hel del saker. Vi har verkligen h\u00f6ga f\u00f6rv\u00e4ntningar. Det \u00e4r trots allt planetens framtid vi talar om! P\u00e5 den h\u00e4r sidan finns v\u00e5ra viktigaste punkter! Om du ist\u00e4llet letar efter de detaljerade st\u00e5ndpunkter som vi har sl\u00e4ppt, hittar du dem h\u00e4r! &hellip; Forts\u00e4tt l\u00e4sa \u201dVad vill vi\u201d","og_url":"https:\/\/repair.eu\/sv\/vad-vill-vi\/","og_site_name":"Right to Repair Europe","article_publisher":"https:\/\/www.facebook.com\/righttorepaireurope\/","article_modified_time":"2024-02-12T10:40:09+00:00","og_image":[{"width":1200,"height":630,"url":"https:\/\/repair.eu\/wp-content\/uploads\/2019\/09\/R2RFacebookImage.png","type":"image\/png"}],"twitter_card":"summary_large_image","twitter_site":"@R2REurope","twitter_misc":{"Ber\u00e4knad l\u00e4stid":"2 minuter"},"schema":{"@context":"https:\/\/schema.org","@graph":[{"@type":"WebPage","@id":"https:\/\/repair.eu\/sv\/vad-vill-vi\/","url":"https:\/\/repair.eu\/sv\/vad-vill-vi\/","name":"Vad vill vi - Right to Repair Europe","isPartOf":{"@id":"https:\/\/repair.eu\/sv\/#website"},"datePublished":"2024-01-31T08:39:15+00:00","dateModified":"2024-02-12T10:40:09+00:00","breadcrumb":{"@id":"https:\/\/repair.eu\/sv\/vad-vill-vi\/#breadcrumb"},"inLanguage":"sv-SE","potentialAction":[{"@type":"ReadAction","target":["https:\/\/repair.eu\/sv\/vad-vill-vi\/"]}]},{"@type":"BreadcrumbList","@id":"https:\/\/repair.eu\/sv\/vad-vill-vi\/#breadcrumb","itemListElement":[{"@type":"ListItem","position":1,"name":"Home","item":"https:\/\/repair.eu\/sv\/"},{"@type":"ListItem","position":2,"name":"Vad vill vi"}]},{"@type":"WebSite","@id":"https:\/\/repair.eu\/sv\/#website","url":"https:\/\/repair.eu\/sv\/","name":"Right to Repair Europe","description":"","publisher":{"@id":"https:\/\/repair.eu\/sv\/#organization"},"potentialAction":[{"@type":"SearchAction","target":{"@type":"EntryPoint","urlTemplate":"https:\/\/repair.eu\/sv\/?s={search_term_string}"},"query-input":{"@type":"PropertyValueSpecification","valueRequired":true,"valueName":"search_term_string"}}],"inLanguage":"sv-SE"},{"@type":"Organization","@id":"https:\/\/repair.eu\/sv\/#organization","name":"Right to Repair Europe","url":"https:\/\/repair.eu\/sv\/","logo":{"@type":"ImageObject","inLanguage":"sv-SE","@id":"https:\/\/repair.eu\/sv\/#\/schema\/logo\/image\/","url":"https:\/\/repair.eu\/wp-content\/uploads\/2019\/09\/Right-to-repair-logo.png","contentUrl":"https:\/\/repair.eu\/wp-content\/uploads\/2019\/09\/Right-to-repair-logo.png","width":451,"height":62,"caption":"Right to Repair Europe"},"image":{"@id":"https:\/\/repair.eu\/sv\/#\/schema\/logo\/image\/"},"sameAs":["https:\/\/www.facebook.com\/righttorepaireurope\/","https:\/\/x.com\/R2REurope","https:\/\/www.instagram.com\/R2REurope\/"]}]}},"_links":{"self":[{"href":"https:\/\/repair.eu\/sv\/wp-json\/wp\/v2\/pages\/6311","targetHints":{"allow":["GET"]}}],"collection":[{"href":"https:\/\/repair.eu\/sv\/wp-json\/wp\/v2\/pages"}],"about":[{"href":"https:\/\/repair.eu\/sv\/wp-json\/wp\/v2\/types\/page"}],"author":[{"embeddable":true,"href":"https:\/\/repair.eu\/sv\/wp-json\/wp\/v2\/users\/19"}],"replies":[{"embeddable":true,"href":"https:\/\/repair.eu\/sv\/wp-json\/wp\/v2\/comments?post=6311"}],"version-history":[{"count":3,"href":"https:\/\/repair.eu\/sv\/wp-json\/wp\/v2\/pages\/6311\/revisions"}],"predecessor-version":[{"id":6476,"href":"https:\/\/repair.eu\/sv\/wp-json\/wp\/v2\/pages\/6311\/revisions\/6476"}],"wp:attachment":[{"href":"https:\/\/repair.eu\/sv\/wp-json\/wp\/v2\/media?parent=6311"}],"curies":[{"name":"wp","href":"https:\/\/api.w.org\/{rel}","templated":true}]}}