{"id":6313,"date":"2024-01-31T10:03:22","date_gmt":"2024-01-31T09:03:22","guid":{"rendered":"https:\/\/repair.eu\/?page_id=6313"},"modified":"2024-11-19T14:05:41","modified_gmt":"2024-11-19T13:05:41","slug":"home","status":"publish","type":"page","link":"https:\/\/repair.eu\/sv\/","title":{"rendered":"Home"},"content":{"rendered":"\n<section class=\"block block__cta-strip block__full-width--smaller-screens\" >\n\n\t<div class=\"block__inner block__cta-strip--inner\" >\n\n\t\t<p>Utforska v\u00e5r <a href=\"https:\/\/repair.eu\/whats-my-right-to-repair\/\">\u00f6versikt \u00f6ver det aktuella l\u00e4get f\u00f6r EU:s r\u00e4tt till reparation<\/a>!<\/p>\n\n\t<\/div>\t\n\n<\/section>\n\n\n\n\n<section class=\"block block__hero block__full-width \" style=\"background-color: #42389E;\">\n\n\t<div class=\"block__inner block__hero--inner\">\n\n\t\t\n\t\t\t<picture class=\"block__hero--image\">\n\t\t\t\t<source media=\"(min-width: 768px)\" srcset=\"https:\/\/repair.eu\/wp-content\/uploads\/2019\/11\/Hero-home-desktop.png\">\n\t\t\t\t<source srcset=\"https:\/\/repair.eu\/wp-content\/uploads\/2019\/11\/Hero-home-mobile.png\">\t\t\t\n\t\t\t\t\n\t\t\t\t<img decoding=\"async\" src=\"https:\/\/repair.eu\/wp-content\/uploads\/2019\/11\/Hero-home-desktop.png\" alt=\"We believe in the right to repair\">\n\t\t\t<\/picture>\n\n\t\t\t\n\t<\/div>\t\n\n<\/section>\n\n\n\n\n<p><strong>Vi \u00e4r m\u00e4nniskor, vi \u00e4r reparat\u00f6rer, vi \u00e4r h\u00e5llbarhetsf\u00f6respr\u00e5kare, vi \u00e4r en gemenskap. Vi som konsumenter vill \u00e4ga r\u00e4tten att kunna reparera.<\/strong><\/p>\n\n\n\n<p>Vi tror p\u00e5 att produkter ska h\u00e5lla l\u00e4ngre, och d\u00e4rf\u00f6r, n\u00e4r de \u00e4r trasiga, ska de kunna bli reparerade. Det h\u00e4r kr\u00e4ver att produkter \u00e4r designade och utformade f\u00f6r reparationer s\u00e5 v\u00e4l som erbjuder st\u00f6d f\u00f6r reparat\u00f6rer, makers och fixare av alla sorter.<\/p>\n\n\n\n<p><strong>Vi kr\u00e4ver v\u00e5r r\u00e4tt att kunna reparera.<\/strong><\/p>\n\n\n\n<figure class=\"wp-block-embed is-type-video is-provider-youtube wp-block-embed-youtube wp-embed-aspect-16-9 wp-has-aspect-ratio\"><div class=\"wp-block-embed__wrapper\">\n<iframe loading=\"lazy\" title=\"Who has the Right to Repair today?\" width=\"640\" height=\"360\" src=\"https:\/\/www.youtube.com\/embed\/t1vsej9COk8?feature=oembed\" frameborder=\"0\" allow=\"accelerometer; autoplay; clipboard-write; encrypted-media; gyroscope; picture-in-picture; web-share\" referrerpolicy=\"strict-origin-when-cross-origin\" allowfullscreen><\/iframe>\n<\/div><\/figure>\n\n\n\n<section class=\"block block__action-network-form block__full-width bgcolor-green\" id=\"take-action\">\n\n\t<div class=\"block__inner block__action-network-form--inner\">\n\n\t\t\n\t\t\t\t<h2 class=\"block_title block__action-network-form--title\">Be an early adopter! Join the movement for a universal Right to Repair<\/h2>\n\n\t\t\t\n\t\t\n\t\t\t\t<div class=\"block__action-network-form--shortcode\">\n\t\t\t\t\t<link href='https:\/\/actionnetwork.org\/css\/style-embed-whitelabel-v3.css' rel='stylesheet' type='text\/css' \/><script src='https:\/\/actionnetwork.org\/widgets\/v3\/form\/join-the-right-to-repair-movement?format=js&#038;source=widget'><\/script><div id='can-form-area-join-the-right-to-repair-movement' style='width: 100%'><!-- this div is the target for our HTML insertion --><\/div>\t\t\t\t<\/div>\n\n\t\t\t\n\t<\/div>\n\n<\/section>\n\n\n\n\n<div class=\"wp-block-cover alignfull is-light bottom-aligned-content eightypercent-screenheight smaller-h3-on-mobile\"><span aria-hidden=\"true\" class=\"wp-block-cover__background has-background-dim-0 has-background-dim\"><\/span><img loading=\"lazy\" decoding=\"async\" width=\"2600\" height=\"1735\" class=\"wp-block-cover__image-background wp-image-2775\" alt=\"\" src=\"https:\/\/repair.eu\/wp-content\/uploads\/2021\/05\/Obsolescence-Programme\u0301e-\u00a9-Franc\u0327ois-Dvorak-9246-scaled.jpg\" data-object-fit=\"cover\" srcset=\"https:\/\/repair.eu\/wp-content\/uploads\/2021\/05\/Obsolescence-Programme\u0301e-\u00a9-Franc\u0327ois-Dvorak-9246-scaled.jpg 2600w, https:\/\/repair.eu\/wp-content\/uploads\/2021\/05\/Obsolescence-Programme\u0301e-\u00a9-Franc\u0327ois-Dvorak-9246-300x200.jpg 300w, https:\/\/repair.eu\/wp-content\/uploads\/2021\/05\/Obsolescence-Programme\u0301e-\u00a9-Franc\u0327ois-Dvorak-9246-1024x683.jpg 1024w, https:\/\/repair.eu\/wp-content\/uploads\/2021\/05\/Obsolescence-Programme\u0301e-\u00a9-Franc\u0327ois-Dvorak-9246-768x513.jpg 768w, https:\/\/repair.eu\/wp-content\/uploads\/2021\/05\/Obsolescence-Programme\u0301e-\u00a9-Franc\u0327ois-Dvorak-9246-1536x1025.jpg 1536w, https:\/\/repair.eu\/wp-content\/uploads\/2021\/05\/Obsolescence-Programme\u0301e-\u00a9-Franc\u0327ois-Dvorak-9246-2048x1367.jpg 2048w, https:\/\/repair.eu\/wp-content\/uploads\/2021\/05\/Obsolescence-Programme\u0301e-\u00a9-Franc\u0327ois-Dvorak-9246-1300x868.jpg 1300w, https:\/\/repair.eu\/wp-content\/uploads\/2021\/05\/Obsolescence-Programme\u0301e-\u00a9-Franc\u0327ois-Dvorak-9246-1568x1046.jpg 1568w\" sizes=\"auto, (max-width: 2600px) 100vw, 2600px\" \/><div class=\"wp-block-cover__inner-container is-layout-flow wp-block-cover-is-layout-flow\">\n<div class=\"wp-block-columns is-layout-flex wp-container-core-columns-is-layout-9d6595d7 wp-block-columns-is-layout-flex\">\n<div class=\"wp-block-column is-layout-flow wp-block-column-is-layout-flow\" style=\"flex-basis:66.66%\">\n<h3 class=\"wp-block-heading bgcolor-black-opacity50 has-white-color has-text-color\">Vi \u00e4r del av en koalition av Europeiska organisationer som driver p\u00e5 f\u00f6r en systemf\u00f6r\u00e4ndring kring reparationer.<\/h3>\n\n\n\n<h3 class=\"wp-block-heading bgcolor-black-opacity50 has-white-color has-text-color\"><a href=\"https:\/\/repair.eu\/join-the-campaign-2\/\"><mark style=\"background-color:rgba(0, 0, 0, 0)\" class=\"has-inline-color has-white-color\">G\u00e5 med i kampanje<\/mark><\/a><mark style=\"background-color:rgba(0, 0, 0, 0)\" class=\"has-inline-color has-white-color\"><a href=\"https:\/\/repair.eu\/sv\/ga-med-i-kampanjen\/\">n<\/a><\/mark><\/h3>\n<\/div>\n\n\n\n<div class=\"wp-block-column is-layout-flow wp-block-column-is-layout-flow\" style=\"flex-basis:33.33%\"><\/div>\n<\/div>\n<\/div><\/div>\n\n\n\n<section class=\"block block__icon-text block__full-width\" style=\"background-color: #42389E;\">\n\n\t<div class=\"block__inner block__icon-text--inner\">\n\n\t\t\n\t\t\t<div class=\"block__icon-text--columns\">\n\n\t\t\t\t\t\t\t\t\t<div class=\"block__icon-text--column\">\n\n\t\t\t\t\t\t<div class=\"block__icon-text--image\">\n\t\t\t\t\t\t\t<img decoding=\"async\" src=\"https:\/\/repair.eu\/wp-content\/uploads\/2019\/09\/Broken-phone.png\">\n\t\t\t\t\t\t<\/div>\n\t\t\t\t\t\t\n\t\t\t\t\t\t<div class=\"block__icon-text--text\">\n\t\t\t\t\t\t\tE-avfall \u00e4r den snabbast v\u00e4xande avfallsstr\u00f6mmen i v\u00e4rlden. Endast 15-20% \u00e5tervinns!Only 15-20% is recycled\t\t\t\t\t\t<\/div>\n\n\t\t\t\t\t<\/div>\n\n\t\t\t\t\t\t\t\t\t\t<div class=\"block__icon-text--column\">\n\n\t\t\t\t\t\t<div class=\"block__icon-text--image\">\n\t\t\t\t\t\t\t<img decoding=\"async\" src=\"https:\/\/repair.eu\/wp-content\/uploads\/2019\/09\/Frustrated-face.png\">\n\t\t\t\t\t\t<\/div>\n\t\t\t\t\t\t\n\t\t\t\t\t\t<div class=\"block__icon-text--text\">\n\t\t\t\t\t\t\t53 miljoner ton av e-avfall produceras varje \u00e5r som motsvarar 350 kryssningsfartygs v\u00e4rde av elektronik.\t\t\t\t\t\t<\/div>\n\n\t\t\t\t\t<\/div>\n\n\t\t\t\t\t\t\t\t\t\t<div class=\"block__icon-text--column\">\n\n\t\t\t\t\t\t<div class=\"block__icon-text--image\">\n\t\t\t\t\t\t\t<img decoding=\"async\" src=\"https:\/\/repair.eu\/wp-content\/uploads\/2019\/09\/Happy-face.png\">\n\t\t\t\t\t\t<\/div>\n\t\t\t\t\t\t\n\t\t\t\t\t\t<div class=\"block__icon-text--text\">\n\t\t\t\t\t\t\tGemenskapers reparationsevenemang och reparationsverkst\u00e4der f\u00f6rebygger avfall, besparar utsl\u00e4pp av v\u00e4xthusgaser och r\u00e4ddar liv.\t\t\t\t\t\t<\/div>\n\n\t\t\t\t\t<\/div>\n\n\t\t\t\t\t\t\t\t<\/div>\n\n\t\t\t\t\t\n\t<\/div>\t\n\n<\/section>\n\n\n\n\n<section class=\"block block__latest-posts\">\n\n\t\n\t\t\t\t<h2 class=\"block_title block__latest-posts--title\">News<\/h2>\n\n\t\t\t\n<article class=\"block__latest-posts--teaser\">\n\n\t<div class=\"block__latest-posts--image\">\n\t\t<a href=\"https:\/\/repair.eu\/sv\/news\/whats-going-on-with-the-right-to-repair-directive-transposition-in-germany\/\" class=\"post__teaser-image-link\">\n\t\t\t\t\t<\/a>\n\t<\/div>\n\n\t<div class=\"block__latest-posts--details\">\n\n\t\t21 april 2026\n\t\t<a class=\"block__latest-posts--link\" href=\"https:\/\/repair.eu\/sv\/news\/whats-going-on-with-the-right-to-repair-directive-transposition-in-germany\/\">\n\t\t\t<h3 class=\"block__latest-posts--teaser-title post__teaser-title\">What\u2019s Going On with the Right to Repair Directive Transposition in Germany?<\/h3>\n\t\t<\/a>\n\n\t\t<div class=\"block__latest-posts--excerpt\">\n\n\t\t\t<p>The Directive on common rules promoting the repair of goods, or as we like to call it, the Right to Repair Directive, was our big win in 2024. As summer approaches, Member States are working on the transposition into national law by 31 July 2026. We are closely following developments across Europe as the way &hellip; <\/p>\n<p class=\"link-more\"><a href=\"https:\/\/repair.eu\/sv\/news\/whats-going-on-with-the-right-to-repair-directive-transposition-in-germany\/\" class=\"more-link\">Forts\u00e4tt l\u00e4sa<span class=\"screen-reader-text\"> \u201dWhat\u2019s Going On with the Right to Repair Directive Transposition in Germany?\u201d<\/span><\/a><\/p>\n\n\t\t<\/div>\n\n\t<\/div>\n\n<\/article>\n\n<article class=\"block__latest-posts--teaser\">\n\n\t<div class=\"block__latest-posts--image\">\n\t\t<a href=\"https:\/\/repair.eu\/sv\/news\/a-smarter-way-to-drill-cutting-the-carbon-emissions-from-power-tools\/\" class=\"post__teaser-image-link\">\n\t\t\t<img loading=\"lazy\" decoding=\"async\" width=\"700\" height=\"440\" src=\"https:\/\/repair.eu\/wp-content\/uploads\/2026\/03\/smarter-way-to-drill-2-700x440.png\" class=\"attachment-rtr-post-teaser-img size-rtr-post-teaser-img wp-post-image\" alt=\"\" srcset=\"https:\/\/repair.eu\/wp-content\/uploads\/2026\/03\/smarter-way-to-drill-2-700x440.png 700w, https:\/\/repair.eu\/wp-content\/uploads\/2026\/03\/smarter-way-to-drill-2-300x190.png 300w\" sizes=\"auto, (max-width: 34.9rem) calc(100vw - 2rem), (max-width: 53rem) calc(8 * (100vw \/ 12)), (min-width: 53rem) calc(6 * (100vw \/ 12)), 100vw\" \/>\t\t<\/a>\n\t<\/div>\n\n\t<div class=\"block__latest-posts--details\">\n\n\t\t27 mars 2026\n\t\t<a class=\"block__latest-posts--link\" href=\"https:\/\/repair.eu\/sv\/news\/a-smarter-way-to-drill-cutting-the-carbon-emissions-from-power-tools\/\">\n\t\t\t<h3 class=\"block__latest-posts--teaser-title post__teaser-title\">A Smarter Way to Drill: Cutting the Carbon Emissions from Power Tools<\/h3>\n\t\t<\/a>\n\n\t\t<div class=\"block__latest-posts--excerpt\">\n\n\t\t\t<p>Tournevie is the only tool library in Brussels. Co-founder, Thomas Opsomer talked to us about their work and power tool repairability labelling.<\/p>\n\n\t\t<\/div>\n\n\t<\/div>\n\n<\/article>\n\n<article class=\"block__latest-posts--teaser\">\n\n\t<div class=\"block__latest-posts--image\">\n\t\t<a href=\"https:\/\/repair.eu\/sv\/news\/introducing-our-new-campaign-manager-ines-alberico\/\" class=\"post__teaser-image-link\">\n\t\t\t<img loading=\"lazy\" decoding=\"async\" width=\"700\" height=\"440\" src=\"https:\/\/repair.eu\/wp-content\/uploads\/2026\/03\/Ines-intro-700x440.png\" class=\"attachment-rtr-post-teaser-img size-rtr-post-teaser-img wp-post-image\" alt=\"\" srcset=\"https:\/\/repair.eu\/wp-content\/uploads\/2026\/03\/Ines-intro-700x440.png 700w, https:\/\/repair.eu\/wp-content\/uploads\/2026\/03\/Ines-intro-300x190.png 300w\" sizes=\"auto, (max-width: 34.9rem) calc(100vw - 2rem), (max-width: 53rem) calc(8 * (100vw \/ 12)), (min-width: 53rem) calc(6 * (100vw \/ 12)), 100vw\" \/>\t\t<\/a>\n\t<\/div>\n\n\t<div class=\"block__latest-posts--details\">\n\n\t\t2 mars 2026\n\t\t<a class=\"block__latest-posts--link\" href=\"https:\/\/repair.eu\/sv\/news\/introducing-our-new-campaign-manager-ines-alberico\/\">\n\t\t\t<h3 class=\"block__latest-posts--teaser-title post__teaser-title\">Introducing our new Campaign Manager, In\u00e9s Alberico<\/h3>\n\t\t<\/a>\n\n\t\t<div class=\"block__latest-posts--excerpt\">\n\n\t\t\t<p>Say hello to the new Campaign Manager for Right to Repair Europe, In\u00e9s Alberico. <\/p>\n\n\t\t<\/div>\n\n\t<\/div>\n\n<\/article>\n\n\t<p style=\"margin: 3rem auto; text-align: center\"><a href=\"\/news\"><button>Read more news updates<\/button><\/a><\/p>\n\n<\/section>\n\n","protected":false},"excerpt":{"rendered":"<p>Vi \u00e4r m\u00e4nniskor, vi \u00e4r reparat\u00f6rer, vi \u00e4r h\u00e5llbarhetsf\u00f6respr\u00e5kare, vi \u00e4r en gemenskap. Vi som konsumenter vill \u00e4ga r\u00e4tten att kunna reparera. Vi tror p\u00e5 att produkter ska h\u00e5lla l\u00e4ngre, och d\u00e4rf\u00f6r, n\u00e4r de \u00e4r trasiga, ska de kunna bli reparerade. Det h\u00e4r kr\u00e4ver att produkter \u00e4r designade och utformade f\u00f6r reparationer s\u00e5 v\u00e4l som &hellip; <\/p>\n<p class=\"link-more\"><a href=\"https:\/\/repair.eu\/sv\/\" class=\"more-link\">Forts\u00e4tt l\u00e4sa<span class=\"screen-reader-text\"> \u201dHome\u201d<\/span><\/a><\/p>\n","protected":false},"author":19,"featured_media":0,"parent":0,"menu_order":0,"comment_status":"closed","ping_status":"closed","template":"","meta":{"_acf_changed":false,"footnotes":""},"class_list":["post-6313","page","type-page","status-publish","hentry","entry"],"acf":[],"yoast_head":"<!-- This site is optimized with the Yoast SEO plugin v27.4 - https:\/\/yoast.com\/product\/yoast-seo-wordpress\/ -->\n<title>Home - Right to Repair Europe<\/title>\n<meta name=\"robots\" content=\"index, follow, max-snippet:-1, max-image-preview:large, max-video-preview:-1\" \/>\n<link rel=\"canonical\" href=\"https:\/\/repair.eu\/sv\/\" \/>\n<meta property=\"og:locale\" content=\"sv_SE\" \/>\n<meta property=\"og:type\" content=\"article\" \/>\n<meta property=\"og:title\" content=\"Home - Right to Repair Europe\" \/>\n<meta property=\"og:description\" content=\"Vi \u00e4r m\u00e4nniskor, vi \u00e4r reparat\u00f6rer, vi \u00e4r h\u00e5llbarhetsf\u00f6respr\u00e5kare, vi \u00e4r en gemenskap. Vi som konsumenter vill \u00e4ga r\u00e4tten att kunna reparera. Vi tror p\u00e5 att produkter ska h\u00e5lla l\u00e4ngre, och d\u00e4rf\u00f6r, n\u00e4r de \u00e4r trasiga, ska de kunna bli reparerade. Det h\u00e4r kr\u00e4ver att produkter \u00e4r designade och utformade f\u00f6r reparationer s\u00e5 v\u00e4l som &hellip; Forts\u00e4tt l\u00e4sa \u201dHome\u201d\" \/>\n<meta property=\"og:url\" content=\"https:\/\/repair.eu\/sv\/\" \/>\n<meta property=\"og:site_name\" content=\"Right to Repair Europe\" \/>\n<meta property=\"article:publisher\" content=\"https:\/\/www.facebook.com\/righttorepaireurope\/\" \/>\n<meta property=\"article:modified_time\" content=\"2024-11-19T13:05:41+00:00\" \/>\n<meta property=\"og:image\" content=\"https:\/\/repair.eu\/wp-content\/uploads\/2019\/09\/R2RFacebookImage.png\" \/>\n\t<meta property=\"og:image:width\" content=\"1200\" \/>\n\t<meta property=\"og:image:height\" content=\"630\" \/>\n\t<meta property=\"og:image:type\" content=\"image\/png\" \/>\n<meta name=\"twitter:card\" content=\"summary_large_image\" \/>\n<meta name=\"twitter:site\" content=\"@R2REurope\" \/>\n<meta name=\"twitter:label1\" content=\"Ber\u00e4knad l\u00e4stid\" \/>\n\t<meta name=\"twitter:data1\" content=\"1 minut\" \/>\n<script type=\"application\/ld+json\" class=\"yoast-schema-graph\">{\"@context\":\"https:\\\/\\\/schema.org\",\"@graph\":[{\"@type\":\"WebPage\",\"@id\":\"https:\\\/\\\/repair.eu\\\/sv\\\/\",\"url\":\"https:\\\/\\\/repair.eu\\\/sv\\\/\",\"name\":\"Home - Right to Repair Europe\",\"isPartOf\":{\"@id\":\"https:\\\/\\\/repair.eu\\\/sv\\\/#website\"},\"datePublished\":\"2024-01-31T09:03:22+00:00\",\"dateModified\":\"2024-11-19T13:05:41+00:00\",\"breadcrumb\":{\"@id\":\"https:\\\/\\\/repair.eu\\\/sv\\\/#breadcrumb\"},\"inLanguage\":\"sv-SE\",\"potentialAction\":[{\"@type\":\"ReadAction\",\"target\":[\"https:\\\/\\\/repair.eu\\\/sv\\\/\"]}]},{\"@type\":\"BreadcrumbList\",\"@id\":\"https:\\\/\\\/repair.eu\\\/sv\\\/#breadcrumb\",\"itemListElement\":[{\"@type\":\"ListItem\",\"position\":1,\"name\":\"Home\",\"item\":\"https:\\\/\\\/repair.eu\\\/sv\\\/\"},{\"@type\":\"ListItem\",\"position\":2,\"name\":\"Home\"}]},{\"@type\":\"WebSite\",\"@id\":\"https:\\\/\\\/repair.eu\\\/sv\\\/#website\",\"url\":\"https:\\\/\\\/repair.eu\\\/sv\\\/\",\"name\":\"Right to Repair Europe\",\"description\":\"\",\"publisher\":{\"@id\":\"https:\\\/\\\/repair.eu\\\/sv\\\/#organization\"},\"potentialAction\":[{\"@type\":\"SearchAction\",\"target\":{\"@type\":\"EntryPoint\",\"urlTemplate\":\"https:\\\/\\\/repair.eu\\\/sv\\\/?s={search_term_string}\"},\"query-input\":{\"@type\":\"PropertyValueSpecification\",\"valueRequired\":true,\"valueName\":\"search_term_string\"}}],\"inLanguage\":\"sv-SE\"},{\"@type\":\"Organization\",\"@id\":\"https:\\\/\\\/repair.eu\\\/sv\\\/#organization\",\"name\":\"Right to Repair Europe\",\"url\":\"https:\\\/\\\/repair.eu\\\/sv\\\/\",\"logo\":{\"@type\":\"ImageObject\",\"inLanguage\":\"sv-SE\",\"@id\":\"https:\\\/\\\/repair.eu\\\/sv\\\/#\\\/schema\\\/logo\\\/image\\\/\",\"url\":\"https:\\\/\\\/repair.eu\\\/wp-content\\\/uploads\\\/2019\\\/09\\\/Right-to-repair-logo.png\",\"contentUrl\":\"https:\\\/\\\/repair.eu\\\/wp-content\\\/uploads\\\/2019\\\/09\\\/Right-to-repair-logo.png\",\"width\":451,\"height\":62,\"caption\":\"Right to Repair Europe\"},\"image\":{\"@id\":\"https:\\\/\\\/repair.eu\\\/sv\\\/#\\\/schema\\\/logo\\\/image\\\/\"},\"sameAs\":[\"https:\\\/\\\/www.facebook.com\\\/righttorepaireurope\\\/\",\"https:\\\/\\\/x.com\\\/R2REurope\",\"https:\\\/\\\/www.instagram.com\\\/R2REurope\\\/\"]}]}<\/script>\n<!-- \/ Yoast SEO plugin. -->","yoast_head_json":{"title":"Home - Right to Repair Europe","robots":{"index":"index","follow":"follow","max-snippet":"max-snippet:-1","max-image-preview":"max-image-preview:large","max-video-preview":"max-video-preview:-1"},"canonical":"https:\/\/repair.eu\/sv\/","og_locale":"sv_SE","og_type":"article","og_title":"Home - Right to Repair Europe","og_description":"Vi \u00e4r m\u00e4nniskor, vi \u00e4r reparat\u00f6rer, vi \u00e4r h\u00e5llbarhetsf\u00f6respr\u00e5kare, vi \u00e4r en gemenskap. Vi som konsumenter vill \u00e4ga r\u00e4tten att kunna reparera. Vi tror p\u00e5 att produkter ska h\u00e5lla l\u00e4ngre, och d\u00e4rf\u00f6r, n\u00e4r de \u00e4r trasiga, ska de kunna bli reparerade. Det h\u00e4r kr\u00e4ver att produkter \u00e4r designade och utformade f\u00f6r reparationer s\u00e5 v\u00e4l som &hellip; Forts\u00e4tt l\u00e4sa \u201dHome\u201d","og_url":"https:\/\/repair.eu\/sv\/","og_site_name":"Right to Repair Europe","article_publisher":"https:\/\/www.facebook.com\/righttorepaireurope\/","article_modified_time":"2024-11-19T13:05:41+00:00","og_image":[{"width":1200,"height":630,"url":"https:\/\/repair.eu\/wp-content\/uploads\/2019\/09\/R2RFacebookImage.png","type":"image\/png"}],"twitter_card":"summary_large_image","twitter_site":"@R2REurope","twitter_misc":{"Ber\u00e4knad l\u00e4stid":"1 minut"},"schema":{"@context":"https:\/\/schema.org","@graph":[{"@type":"WebPage","@id":"https:\/\/repair.eu\/sv\/","url":"https:\/\/repair.eu\/sv\/","name":"Home - Right to Repair Europe","isPartOf":{"@id":"https:\/\/repair.eu\/sv\/#website"},"datePublished":"2024-01-31T09:03:22+00:00","dateModified":"2024-11-19T13:05:41+00:00","breadcrumb":{"@id":"https:\/\/repair.eu\/sv\/#breadcrumb"},"inLanguage":"sv-SE","potentialAction":[{"@type":"ReadAction","target":["https:\/\/repair.eu\/sv\/"]}]},{"@type":"BreadcrumbList","@id":"https:\/\/repair.eu\/sv\/#breadcrumb","itemListElement":[{"@type":"ListItem","position":1,"name":"Home","item":"https:\/\/repair.eu\/sv\/"},{"@type":"ListItem","position":2,"name":"Home"}]},{"@type":"WebSite","@id":"https:\/\/repair.eu\/sv\/#website","url":"https:\/\/repair.eu\/sv\/","name":"Right to Repair Europe","description":"","publisher":{"@id":"https:\/\/repair.eu\/sv\/#organization"},"potentialAction":[{"@type":"SearchAction","target":{"@type":"EntryPoint","urlTemplate":"https:\/\/repair.eu\/sv\/?s={search_term_string}"},"query-input":{"@type":"PropertyValueSpecification","valueRequired":true,"valueName":"search_term_string"}}],"inLanguage":"sv-SE"},{"@type":"Organization","@id":"https:\/\/repair.eu\/sv\/#organization","name":"Right to Repair Europe","url":"https:\/\/repair.eu\/sv\/","logo":{"@type":"ImageObject","inLanguage":"sv-SE","@id":"https:\/\/repair.eu\/sv\/#\/schema\/logo\/image\/","url":"https:\/\/repair.eu\/wp-content\/uploads\/2019\/09\/Right-to-repair-logo.png","contentUrl":"https:\/\/repair.eu\/wp-content\/uploads\/2019\/09\/Right-to-repair-logo.png","width":451,"height":62,"caption":"Right to Repair Europe"},"image":{"@id":"https:\/\/repair.eu\/sv\/#\/schema\/logo\/image\/"},"sameAs":["https:\/\/www.facebook.com\/righttorepaireurope\/","https:\/\/x.com\/R2REurope","https:\/\/www.instagram.com\/R2REurope\/"]}]}},"_links":{"self":[{"href":"https:\/\/repair.eu\/sv\/wp-json\/wp\/v2\/pages\/6313","targetHints":{"allow":["GET"]}}],"collection":[{"href":"https:\/\/repair.eu\/sv\/wp-json\/wp\/v2\/pages"}],"about":[{"href":"https:\/\/repair.eu\/sv\/wp-json\/wp\/v2\/types\/page"}],"author":[{"embeddable":true,"href":"https:\/\/repair.eu\/sv\/wp-json\/wp\/v2\/users\/19"}],"replies":[{"embeddable":true,"href":"https:\/\/repair.eu\/sv\/wp-json\/wp\/v2\/comments?post=6313"}],"version-history":[{"count":11,"href":"https:\/\/repair.eu\/sv\/wp-json\/wp\/v2\/pages\/6313\/revisions"}],"predecessor-version":[{"id":7297,"href":"https:\/\/repair.eu\/sv\/wp-json\/wp\/v2\/pages\/6313\/revisions\/7297"}],"wp:attachment":[{"href":"https:\/\/repair.eu\/sv\/wp-json\/wp\/v2\/media?parent=6313"}],"curies":[{"name":"wp","href":"https:\/\/api.w.org\/{rel}","templated":true}]}}