{"id":6316,"date":"2024-01-31T10:17:26","date_gmt":"2024-01-31T09:17:26","guid":{"rendered":"https:\/\/repair.eu\/?page_id=6316"},"modified":"2024-02-12T11:28:49","modified_gmt":"2024-02-12T10:28:49","slug":"vilka-vi-ar","status":"publish","type":"page","link":"https:\/\/repair.eu\/sv\/vilka-vi-ar\/","title":{"rendered":"Vilka vi \u00e4r"},"content":{"rendered":"\n<h1 class=\"wp-block-heading\" id=\"vilka-vi-ar\"><\/h1>\n\n\n\n<p><strong>Vi \u00e4r m\u00e4nniskor, vi \u00e4r reparat\u00f6rer, vi \u00e4r h\u00e5llbarhetsaktivister, vi \u00e4r en gemenskap.<\/strong><\/p>\n\n\n\n<p>Koalitionen Right to Repair Europe representerar \u00f6ver 100 organisationer fr\u00e5n 21 europeiska l\u00e4nder. Den representerar icke-statliga milj\u00f6organisationer och reparationsakt\u00f6rer s\u00e5som lokala reparationsgrupper, akt\u00f6rer inom den sociala ekonomin, reservdelsdistribut\u00f6rer, sj\u00e4lvreparat\u00f6rer, reparations- och renoveringsf\u00f6retag samt alla medborgare som vill f\u00f6respr\u00e5ka sin r\u00e4tt till reparation. Detta \u00e4r en snabbt v\u00e4xande r\u00f6relse, och dess m\u00e5l att g\u00f6ra reparationer \u00f6verkomliga, tillg\u00e4ngliga och vanliga ligger i linje med m\u00e5len f\u00f6r den europeiska gr\u00f6na given och handlingsplanen f\u00f6r den cirkul\u00e4ra ekonomin. Bl\u00e4ddra bland alla v\u00e5ra medlemsorganisationer efter land <a href=\"https:\/\/repair.eu\/our-network\/\" target=\"_blank\" rel=\"noreferrer noopener\">h\u00e4r<\/a>.<\/p>\n\n\n\n<p>Vi k\u00e4mpar f\u00f6r att ta bort barri\u00e4rerna f\u00f6r att reparera v\u00e5ra produkter, s\u00e5 att de kan h\u00e5lla l\u00e4ngre. Varf\u00f6r?<\/p>\n\n\n\n<p>Problemet \u00e4r enkelt. Produkterna vi anv\u00e4nder varje dag blir sv\u00e5rare och sv\u00e5rare att reparera. E-avfall \u00e4r en av de snabbast v\u00e4xande avfallsstr\u00f6mmarna i v\u00e4rlden, d\u00e4r tillverkare av telefoner och b\u00e4rbara datorer g\u00f6r sina produkter sv\u00e5rare att fixa. Och det \u00e4r inte bara digitala enheter \u2013 m\u00e4ngden hush\u00e5llsapparater som g\u00e5r s\u00f6nder inom 5 \u00e5r efter k\u00f6pet har ocks\u00e5 skjutit i h\u00f6jden.<\/p>\n\n\n\n<p>Vi har f\u00e5tt nog. P\u00e5 varje m\u00e4tv\u00e4rde \u2013 utsl\u00e4pp, social p\u00e5verkan, avfall \u2013 kan detta inte forts\u00e4tta. S\u00e5 vi f\u00f6rbinder oss att g\u00f6ra n\u00e5got \u00e5t \u200b\u200bdet. Vi vill ha r\u00e4tten att reparera.<\/p>\n\n\n\n<h2 class=\"wp-block-heading\">Styrgruppsmedlemmar<\/h2>\n\n\n\n<div class=\"wp-block-columns has-2-columns one-third-two-thirds is-layout-flex wp-container-core-columns-is-layout-9d6595d7 wp-block-columns-is-layout-flex\">\n<div class=\"wp-block-column is-layout-flow wp-block-column-is-layout-flow\"><div class=\"wp-block-image\">\n<figure class=\"alignleft size-large\"><a href=\"https:\/\/ecostandard.org\/\" target=\"_blank\" rel=\"noreferrer noopener\"><img loading=\"lazy\" decoding=\"async\" width=\"842\" height=\"688\" src=\"https:\/\/repair.eu\/wp-content\/uploads\/2021\/03\/Logo-Vertical-Color.png\" alt=\"\" class=\"wp-image-2471\" srcset=\"https:\/\/repair.eu\/wp-content\/uploads\/2021\/03\/Logo-Vertical-Color.png 842w, https:\/\/repair.eu\/wp-content\/uploads\/2021\/03\/Logo-Vertical-Color-300x245.png 300w, https:\/\/repair.eu\/wp-content\/uploads\/2021\/03\/Logo-Vertical-Color-768x628.png 768w\" sizes=\"auto, (max-width: 842px) 100vw, 842px\" \/><\/a><\/figure>\n<\/div><\/div>\n\n\n\n<div class=\"wp-block-column is-layout-flow wp-block-column-is-layout-flow\">\n<p>ECOS \u00e4r en internationell NGO med ett n\u00e4tverk av medlemmar och experter som f\u00f6respr\u00e5kar milj\u00f6v\u00e4nliga tekniska standarder, policyer och lagar. Vi s\u00e4kerst\u00e4ller att milj\u00f6r\u00f6sten h\u00f6rs n\u00e4r de utvecklas och driver f\u00f6r\u00e4ndring genom att tillhandah\u00e5lla expertis till beslutsfattare och branschakt\u00f6rer, vilket leder till implementering av starka milj\u00f6principer.<\/p>\n\n\n\n<p>Baserad i: Belgien<\/p>\n<\/div>\n<\/div>\n\n\n\n<div class=\"wp-block-columns has-2-columns one-third-two-thirds is-layout-flex wp-container-core-columns-is-layout-9d6595d7 wp-block-columns-is-layout-flex\">\n<div class=\"wp-block-column is-layout-flow wp-block-column-is-layout-flow\">\n<figure class=\"wp-block-image alignwide\"><a href=\"https:\/\/eeb.org\/\" target=\"_blank\" rel=\"noreferrer noopener\"><img loading=\"lazy\" decoding=\"async\" width=\"300\" height=\"215\" src=\"https:\/\/repair.eu\/wp-content\/uploads\/2019\/09\/EEB-logo-on-white-blue-text-rgb.jpg\" alt=\"\" class=\"wp-image-147\"\/><\/a><\/figure>\n<\/div>\n\n\n\n<div class=\"wp-block-column is-layout-flow wp-block-column-is-layout-flow\">\n<p>European Environmental Bureau (EEB) \u00e4r Europas st\u00f6rsta n\u00e4tverk av milj\u00f6medborgarorganisationer med cirka 140 organisationer i mer \u00e4n 30 l\u00e4nder.<\/p>\n\n\n\n<p>Baserad i: Belgien<\/p>\n<\/div>\n<\/div>\n\n\n\n<div class=\"wp-block-columns has-2-columns one-third-two-thirds is-layout-flex wp-container-core-columns-is-layout-9d6595d7 wp-block-columns-is-layout-flex\">\n<div class=\"wp-block-column is-layout-flow wp-block-column-is-layout-flow\"><div class=\"wp-block-image\">\n<figure class=\"alignleft size-full is-resized\"><a href=\"https:\/\/www.halteobsolescence.org\/\" target=\"_blank\" rel=\"noreferrer noopener\"><img loading=\"lazy\" decoding=\"async\" width=\"566\" height=\"566\" src=\"https:\/\/repair.eu\/wp-content\/uploads\/2022\/12\/Logo-HOP-carre2-4.png\" alt=\"\" class=\"wp-image-4257\" style=\"width:210px;height:210px\" srcset=\"https:\/\/repair.eu\/wp-content\/uploads\/2022\/12\/Logo-HOP-carre2-4.png 566w, https:\/\/repair.eu\/wp-content\/uploads\/2022\/12\/Logo-HOP-carre2-4-300x300.png 300w, https:\/\/repair.eu\/wp-content\/uploads\/2022\/12\/Logo-HOP-carre2-4-150x150.png 150w\" sizes=\"auto, (max-width: 566px) 100vw, 566px\" \/><\/a><\/figure>\n<\/div><\/div>\n\n\n\n<div class=\"wp-block-column is-layout-flow wp-block-column-is-layout-flow\">\n<p>HOP (Halte \u00e0 l\u2019obsolescence programm\u00e9e) is a French NGO that campaigns for durable and repairable products, through awareness raising, advocacy and legal actions. It was created in 2015 to speak out for consumers and the environment in matters of durable production and consumption.<\/p>\n\n\n\n<p>Based in: France<\/p>\n<\/div>\n<\/div>\n\n\n\n<div class=\"wp-block-columns has-2-columns one-third-two-thirds is-layout-flex wp-container-core-columns-is-layout-9d6595d7 wp-block-columns-is-layout-flex\">\n<div class=\"wp-block-column is-layout-flow wp-block-column-is-layout-flow\">\n<figure class=\"wp-block-image alignwide\"><a href=\"https:\/\/www.ifixit.com\/\" target=\"_blank\" rel=\"noreferrer noopener\"><img loading=\"lazy\" decoding=\"async\" width=\"300\" height=\"108\" src=\"https:\/\/repair.eu\/wp-content\/uploads\/2019\/09\/iFixit-logo.jpg\" alt=\"\" class=\"wp-image-149\"\/><\/a><\/figure>\n<\/div>\n\n\n\n<div class=\"wp-block-column is-layout-flow wp-block-column-is-layout-flow\">\n<p>iFixit Europe \u00e4r den kostnadsfria, offentligt redigerbara reparationsmanualen online f\u00f6r n\u00e4stan vad som helst. Med mer \u00e4n 50 000 manualer ger vi 10 miljoner m\u00e5natliga bes\u00f6kare m\u00f6jlighet att fixa sina grejer. V\u00e5rt uppdrag \u00e4r att ge m\u00e4nniskor m\u00f6jlighet att fixa sina grejer och spara pengar samtidigt som de h\u00e5ller elektronik borta fr\u00e5n soptippar.<\/p>\n\n\n\n<p>Baserad i: Tyskland<\/p>\n<\/div>\n<\/div>\n\n\n\n<div class=\"wp-block-columns has-2-columns one-third-two-thirds is-layout-flex wp-container-core-columns-is-layout-9d6595d7 wp-block-columns-is-layout-flex\">\n<div class=\"wp-block-column is-layout-flow wp-block-column-is-layout-flow\"><div class=\"wp-block-image\">\n<figure class=\"alignleft\"><a href=\"https:\/\/runder-tisch-reparatur.de\/\" target=\"_blank\" rel=\"noreferrer noopener\"><img loading=\"lazy\" decoding=\"async\" width=\"300\" height=\"126\" src=\"https:\/\/repair.eu\/wp-content\/uploads\/2019\/09\/RTR1_300dpi.jpg\" alt=\"\" class=\"wp-image-155\"\/><\/a><\/figure>\n<\/div><\/div>\n\n\n\n<div class=\"wp-block-column is-layout-flow wp-block-column-is-layout-flow\">\n<p>Verksamma sedan 2015, Runder Tisch Reparaturs medlemmar kommer fr\u00e5n reparationsindustrier, milj\u00f6- och konsumentskyddsorganisationer, vetenskap och lokala initiativ. Vi diskuterar reparationens framtid och hur vi kan st\u00f6dja reparationsindustrier och konsumenter som l\u00e4ngtar efter reparationsbara produkter.<\/p>\n\n\n\n<p>Baserad i: Tyskland<\/p>\n<\/div>\n<\/div>\n\n\n\n<div style=\"height:20px\" aria-hidden=\"true\" class=\"wp-block-spacer\"><\/div>\n\n\n\n<div class=\"wp-block-columns has-2-columns one-third-two-thirds is-layout-flex wp-container-core-columns-is-layout-9d6595d7 wp-block-columns-is-layout-flex\">\n<div class=\"wp-block-column is-layout-flow wp-block-column-is-layout-flow\"><div class=\"wp-block-image\">\n<figure class=\"alignleft\"><a href=\"https:\/\/therestartproject.org\" target=\"_blank\" rel=\"noreferrer noopener\"><img loading=\"lazy\" decoding=\"async\" width=\"300\" height=\"108\" src=\"https:\/\/repair.eu\/wp-content\/uploads\/2019\/09\/restart.jpg\" alt=\"\" class=\"wp-image-158\"\/><\/a><\/figure>\n<\/div><\/div>\n\n\n\n<div class=\"wp-block-column is-layout-flow wp-block-column-is-layout-flow\">\n<p>The Restart Project \u00e4r ett folkdrivet socialt f\u00f6retag som syftar till att fixa v\u00e5rt f\u00f6rh\u00e5llande till elektronik. Vi k\u00f6r regelbundna omstartsfester d\u00e4r m\u00e4nniskor l\u00e4r varandra hur man reparerar sina trasiga och l\u00e5ngsamma enheter. Och vi anv\u00e4nder data och ber\u00e4ttelser vi samlar in f\u00f6r att hj\u00e4lpa till att kr\u00e4va b\u00e4ttre och mer h\u00e5llbar elektronik f\u00f6r alla.<\/p>\n\n\n\n<p>Baserad i: Storbritannien<\/p>\n<\/div>\n<\/div>\n\n\n\n<div class=\"wp-block-columns has-2-columns one-third-two-thirds is-layout-flex wp-container-core-columns-is-layout-9d6595d7 wp-block-columns-is-layout-flex\">\n<div class=\"wp-block-column is-layout-flow wp-block-column-is-layout-flow\"><div class=\"wp-block-image\">\n<figure class=\"alignleft size-full\"><a href=\"https:\/\/www.backmarket.fr\/\" target=\"_blank\" rel=\"noreferrer noopener\"><img loading=\"lazy\" decoding=\"async\" width=\"299\" height=\"96\" src=\"https:\/\/repair.eu\/wp-content\/uploads\/2021\/04\/back_market_logo1.png\" alt=\"\" class=\"wp-image-2559\"\/><\/a><\/figure>\n<\/div><\/div>\n\n\n\n<div class=\"wp-block-column is-layout-flow wp-block-column-is-layout-flow\">\n<p>Back Market \u00e4r den ledande dedikerade marknadsplatsen f\u00f6r renoverad elektronik. F\u00f6r n\u00e4rvarande \u00e4r f\u00f6retaget verksamt i Europa, Nordamerika och Asien, och f\u00f6retagets uppdrag \u00e4r att ge m\u00e4nniskor m\u00f6jlighet att spara teknik genom cirkularitet och reparation. Back Market f\u00f6respr\u00e5kar regelverk som st\u00f6djer och m\u00f6jligg\u00f6r den cirkul\u00e4ra ekonomin, inklusive Right to Repair.<\/p>\n\n\n\n<p>Baserad i: Frankrike<\/p>\n\n\n\n<p><\/p>\n<\/div>\n<\/div>\n\n\n\n<div class=\"wp-block-columns has-2-columns one-third-two-thirds is-layout-flex wp-container-core-columns-is-layout-9d6595d7 wp-block-columns-is-layout-flex\">\n<div class=\"wp-block-column is-layout-flow wp-block-column-is-layout-flow\"><div class=\"wp-block-image\">\n<figure class=\"aligncenter size-large\"><a href=\"https:\/\/swappie.com\/\" target=\"_blank\" rel=\"noreferrer noopener\"><img loading=\"lazy\" decoding=\"async\" width=\"1024\" height=\"389\" src=\"https:\/\/repair.eu\/wp-content\/uploads\/2022\/12\/001_Swappie_Logo_Black-1-1024x389.png\" alt=\"\" class=\"wp-image-4263\" srcset=\"https:\/\/repair.eu\/wp-content\/uploads\/2022\/12\/001_Swappie_Logo_Black-1-1024x389.png 1024w, https:\/\/repair.eu\/wp-content\/uploads\/2022\/12\/001_Swappie_Logo_Black-1-300x114.png 300w, https:\/\/repair.eu\/wp-content\/uploads\/2022\/12\/001_Swappie_Logo_Black-1-768x291.png 768w, https:\/\/repair.eu\/wp-content\/uploads\/2022\/12\/001_Swappie_Logo_Black-1-1536x583.png 1536w, https:\/\/repair.eu\/wp-content\/uploads\/2022\/12\/001_Swappie_Logo_Black-1-2048x777.png 2048w, https:\/\/repair.eu\/wp-content\/uploads\/2022\/12\/001_Swappie_Logo_Black-1-1300x493.png 1300w, https:\/\/repair.eu\/wp-content\/uploads\/2022\/12\/001_Swappie_Logo_Black-1-1568x595.png 1568w\" sizes=\"auto, (max-width: 1024px) 100vw, 1024px\" \/><\/a><\/figure>\n<\/div><\/div>\n\n\n\n<div class=\"wp-block-column is-layout-flow wp-block-column-is-layout-flow\">\n<p>Swappie is a \u200bEuropean scale-up on a mission to make refurbished mainstream and the leading end-to-end online destination for buying and selling refurbished iPhones\u200b in Europe. In 2022 the company was named Europe&#8217;s fastest growing company according \u200bto the Financial Times. Swappie believes in a strong and independent right to repair to ensure long-lasting devices and affordable high quality repairs for all.<\/p>\n\n\n\n<p>Based in: Finland<\/p>\n<\/div>\n<\/div>\n\n\n\n<div class=\"wp-block-columns has-2-columns one-third-two-thirds is-layout-flex wp-container-core-columns-is-layout-9d6595d7 wp-block-columns-is-layout-flex\">\n<div class=\"wp-block-column is-layout-flow wp-block-column-is-layout-flow\"><div class=\"wp-block-image\">\n<figure class=\"aligncenter size-full\"><a href=\"https:\/\/rreuse.org\/\" target=\"_blank\" rel=\"noreferrer noopener\"><img loading=\"lazy\" decoding=\"async\" width=\"300\" height=\"100\" src=\"https:\/\/repair.eu\/wp-content\/uploads\/2022\/12\/Design-ohne-Titel.png\" alt=\"\" class=\"wp-image-4304\"\/><\/a><\/figure>\n<\/div><\/div>\n\n\n\n<div class=\"wp-block-column is-layout-flow wp-block-column-is-layout-flow\">\n<p>RREUSE is an international network representing social enterprises active in re-use, repair and recycling.&nbsp;Their&nbsp;members employ people at risk of socio-economic exclusion to enable the reuse of 25 different material streams, facilitating the inclusion of people into the labour market while also advancing the transition towards a more circular economy. <\/p>\n\n\n\n<p>Based in: Belgium<\/p>\n<\/div>\n<\/div>\n","protected":false},"excerpt":{"rendered":"<p>Vi \u00e4r m\u00e4nniskor, vi \u00e4r reparat\u00f6rer, vi \u00e4r h\u00e5llbarhetsaktivister, vi \u00e4r en gemenskap. Koalitionen Right to Repair Europe representerar \u00f6ver 100 organisationer fr\u00e5n 21 europeiska l\u00e4nder. Den representerar icke-statliga milj\u00f6organisationer och reparationsakt\u00f6rer s\u00e5som lokala reparationsgrupper, akt\u00f6rer inom den sociala ekonomin, reservdelsdistribut\u00f6rer, sj\u00e4lvreparat\u00f6rer, reparations- och renoveringsf\u00f6retag samt alla medborgare som vill f\u00f6respr\u00e5ka sin r\u00e4tt till reparation. &hellip; <\/p>\n<p class=\"link-more\"><a href=\"https:\/\/repair.eu\/sv\/vilka-vi-ar\/\" class=\"more-link\">Forts\u00e4tt l\u00e4sa<span class=\"screen-reader-text\"> \u201dVilka vi \u00e4r\u201d<\/span><\/a><\/p>\n","protected":false},"author":19,"featured_media":0,"parent":0,"menu_order":0,"comment_status":"closed","ping_status":"closed","template":"","meta":{"_acf_changed":false,"footnotes":""},"class_list":["post-6316","page","type-page","status-publish","hentry","entry"],"acf":[],"yoast_head":"<!-- This site is optimized with the Yoast SEO plugin v27.3 - https:\/\/yoast.com\/product\/yoast-seo-wordpress\/ -->\n<title>Vilka vi \u00e4r - Right to Repair Europe<\/title>\n<meta name=\"robots\" content=\"index, follow, max-snippet:-1, max-image-preview:large, max-video-preview:-1\" \/>\n<link rel=\"canonical\" href=\"https:\/\/repair.eu\/sv\/vilka-vi-ar\/\" \/>\n<meta property=\"og:locale\" content=\"sv_SE\" \/>\n<meta property=\"og:type\" content=\"article\" \/>\n<meta property=\"og:title\" content=\"Vilka vi \u00e4r - Right to Repair Europe\" \/>\n<meta property=\"og:description\" content=\"Vi \u00e4r m\u00e4nniskor, vi \u00e4r reparat\u00f6rer, vi \u00e4r h\u00e5llbarhetsaktivister, vi \u00e4r en gemenskap. Koalitionen Right to Repair Europe representerar \u00f6ver 100 organisationer fr\u00e5n 21 europeiska l\u00e4nder. Den representerar icke-statliga milj\u00f6organisationer och reparationsakt\u00f6rer s\u00e5som lokala reparationsgrupper, akt\u00f6rer inom den sociala ekonomin, reservdelsdistribut\u00f6rer, sj\u00e4lvreparat\u00f6rer, reparations- och renoveringsf\u00f6retag samt alla medborgare som vill f\u00f6respr\u00e5ka sin r\u00e4tt till reparation. &hellip; Forts\u00e4tt l\u00e4sa \u201dVilka vi \u00e4r\u201d\" \/>\n<meta property=\"og:url\" content=\"https:\/\/repair.eu\/sv\/vilka-vi-ar\/\" \/>\n<meta property=\"og:site_name\" content=\"Right to Repair Europe\" \/>\n<meta property=\"article:publisher\" content=\"https:\/\/www.facebook.com\/righttorepaireurope\/\" \/>\n<meta property=\"article:modified_time\" content=\"2024-02-12T10:28:49+00:00\" \/>\n<meta property=\"og:image\" content=\"https:\/\/repair.eu\/wp-content\/uploads\/2021\/03\/Logo-Vertical-Color.png\" \/>\n<meta name=\"twitter:card\" content=\"summary_large_image\" \/>\n<meta name=\"twitter:site\" content=\"@R2REurope\" \/>\n<meta name=\"twitter:label1\" content=\"Ber\u00e4knad l\u00e4stid\" \/>\n\t<meta name=\"twitter:data1\" content=\"5 minuter\" \/>\n<script type=\"application\/ld+json\" class=\"yoast-schema-graph\">{\"@context\":\"https:\\\/\\\/schema.org\",\"@graph\":[{\"@type\":\"WebPage\",\"@id\":\"https:\\\/\\\/repair.eu\\\/sv\\\/vilka-vi-ar\\\/\",\"url\":\"https:\\\/\\\/repair.eu\\\/sv\\\/vilka-vi-ar\\\/\",\"name\":\"Vilka vi \u00e4r - Right to Repair Europe\",\"isPartOf\":{\"@id\":\"https:\\\/\\\/repair.eu\\\/sv\\\/#website\"},\"primaryImageOfPage\":{\"@id\":\"https:\\\/\\\/repair.eu\\\/sv\\\/vilka-vi-ar\\\/#primaryimage\"},\"image\":{\"@id\":\"https:\\\/\\\/repair.eu\\\/sv\\\/vilka-vi-ar\\\/#primaryimage\"},\"thumbnailUrl\":\"https:\\\/\\\/repair.eu\\\/wp-content\\\/uploads\\\/2021\\\/03\\\/Logo-Vertical-Color.png\",\"datePublished\":\"2024-01-31T09:17:26+00:00\",\"dateModified\":\"2024-02-12T10:28:49+00:00\",\"breadcrumb\":{\"@id\":\"https:\\\/\\\/repair.eu\\\/sv\\\/vilka-vi-ar\\\/#breadcrumb\"},\"inLanguage\":\"sv-SE\",\"potentialAction\":[{\"@type\":\"ReadAction\",\"target\":[\"https:\\\/\\\/repair.eu\\\/sv\\\/vilka-vi-ar\\\/\"]}]},{\"@type\":\"ImageObject\",\"inLanguage\":\"sv-SE\",\"@id\":\"https:\\\/\\\/repair.eu\\\/sv\\\/vilka-vi-ar\\\/#primaryimage\",\"url\":\"https:\\\/\\\/repair.eu\\\/wp-content\\\/uploads\\\/2021\\\/03\\\/Logo-Vertical-Color.png\",\"contentUrl\":\"https:\\\/\\\/repair.eu\\\/wp-content\\\/uploads\\\/2021\\\/03\\\/Logo-Vertical-Color.png\"},{\"@type\":\"BreadcrumbList\",\"@id\":\"https:\\\/\\\/repair.eu\\\/sv\\\/vilka-vi-ar\\\/#breadcrumb\",\"itemListElement\":[{\"@type\":\"ListItem\",\"position\":1,\"name\":\"Home\",\"item\":\"https:\\\/\\\/repair.eu\\\/sv\\\/\"},{\"@type\":\"ListItem\",\"position\":2,\"name\":\"Vilka vi \u00e4r\"}]},{\"@type\":\"WebSite\",\"@id\":\"https:\\\/\\\/repair.eu\\\/sv\\\/#website\",\"url\":\"https:\\\/\\\/repair.eu\\\/sv\\\/\",\"name\":\"Right to Repair Europe\",\"description\":\"\",\"publisher\":{\"@id\":\"https:\\\/\\\/repair.eu\\\/sv\\\/#organization\"},\"potentialAction\":[{\"@type\":\"SearchAction\",\"target\":{\"@type\":\"EntryPoint\",\"urlTemplate\":\"https:\\\/\\\/repair.eu\\\/sv\\\/?s={search_term_string}\"},\"query-input\":{\"@type\":\"PropertyValueSpecification\",\"valueRequired\":true,\"valueName\":\"search_term_string\"}}],\"inLanguage\":\"sv-SE\"},{\"@type\":\"Organization\",\"@id\":\"https:\\\/\\\/repair.eu\\\/sv\\\/#organization\",\"name\":\"Right to Repair Europe\",\"url\":\"https:\\\/\\\/repair.eu\\\/sv\\\/\",\"logo\":{\"@type\":\"ImageObject\",\"inLanguage\":\"sv-SE\",\"@id\":\"https:\\\/\\\/repair.eu\\\/sv\\\/#\\\/schema\\\/logo\\\/image\\\/\",\"url\":\"https:\\\/\\\/repair.eu\\\/wp-content\\\/uploads\\\/2019\\\/09\\\/Right-to-repair-logo.png\",\"contentUrl\":\"https:\\\/\\\/repair.eu\\\/wp-content\\\/uploads\\\/2019\\\/09\\\/Right-to-repair-logo.png\",\"width\":451,\"height\":62,\"caption\":\"Right to Repair Europe\"},\"image\":{\"@id\":\"https:\\\/\\\/repair.eu\\\/sv\\\/#\\\/schema\\\/logo\\\/image\\\/\"},\"sameAs\":[\"https:\\\/\\\/www.facebook.com\\\/righttorepaireurope\\\/\",\"https:\\\/\\\/x.com\\\/R2REurope\",\"https:\\\/\\\/www.instagram.com\\\/R2REurope\\\/\"]}]}<\/script>\n<!-- \/ Yoast SEO plugin. -->","yoast_head_json":{"title":"Vilka vi \u00e4r - Right to Repair Europe","robots":{"index":"index","follow":"follow","max-snippet":"max-snippet:-1","max-image-preview":"max-image-preview:large","max-video-preview":"max-video-preview:-1"},"canonical":"https:\/\/repair.eu\/sv\/vilka-vi-ar\/","og_locale":"sv_SE","og_type":"article","og_title":"Vilka vi \u00e4r - Right to Repair Europe","og_description":"Vi \u00e4r m\u00e4nniskor, vi \u00e4r reparat\u00f6rer, vi \u00e4r h\u00e5llbarhetsaktivister, vi \u00e4r en gemenskap. Koalitionen Right to Repair Europe representerar \u00f6ver 100 organisationer fr\u00e5n 21 europeiska l\u00e4nder. Den representerar icke-statliga milj\u00f6organisationer och reparationsakt\u00f6rer s\u00e5som lokala reparationsgrupper, akt\u00f6rer inom den sociala ekonomin, reservdelsdistribut\u00f6rer, sj\u00e4lvreparat\u00f6rer, reparations- och renoveringsf\u00f6retag samt alla medborgare som vill f\u00f6respr\u00e5ka sin r\u00e4tt till reparation. &hellip; Forts\u00e4tt l\u00e4sa \u201dVilka vi \u00e4r\u201d","og_url":"https:\/\/repair.eu\/sv\/vilka-vi-ar\/","og_site_name":"Right to Repair Europe","article_publisher":"https:\/\/www.facebook.com\/righttorepaireurope\/","article_modified_time":"2024-02-12T10:28:49+00:00","og_image":[{"url":"https:\/\/repair.eu\/wp-content\/uploads\/2021\/03\/Logo-Vertical-Color.png","type":"","width":"","height":""}],"twitter_card":"summary_large_image","twitter_site":"@R2REurope","twitter_misc":{"Ber\u00e4knad l\u00e4stid":"5 minuter"},"schema":{"@context":"https:\/\/schema.org","@graph":[{"@type":"WebPage","@id":"https:\/\/repair.eu\/sv\/vilka-vi-ar\/","url":"https:\/\/repair.eu\/sv\/vilka-vi-ar\/","name":"Vilka vi \u00e4r - Right to Repair Europe","isPartOf":{"@id":"https:\/\/repair.eu\/sv\/#website"},"primaryImageOfPage":{"@id":"https:\/\/repair.eu\/sv\/vilka-vi-ar\/#primaryimage"},"image":{"@id":"https:\/\/repair.eu\/sv\/vilka-vi-ar\/#primaryimage"},"thumbnailUrl":"https:\/\/repair.eu\/wp-content\/uploads\/2021\/03\/Logo-Vertical-Color.png","datePublished":"2024-01-31T09:17:26+00:00","dateModified":"2024-02-12T10:28:49+00:00","breadcrumb":{"@id":"https:\/\/repair.eu\/sv\/vilka-vi-ar\/#breadcrumb"},"inLanguage":"sv-SE","potentialAction":[{"@type":"ReadAction","target":["https:\/\/repair.eu\/sv\/vilka-vi-ar\/"]}]},{"@type":"ImageObject","inLanguage":"sv-SE","@id":"https:\/\/repair.eu\/sv\/vilka-vi-ar\/#primaryimage","url":"https:\/\/repair.eu\/wp-content\/uploads\/2021\/03\/Logo-Vertical-Color.png","contentUrl":"https:\/\/repair.eu\/wp-content\/uploads\/2021\/03\/Logo-Vertical-Color.png"},{"@type":"BreadcrumbList","@id":"https:\/\/repair.eu\/sv\/vilka-vi-ar\/#breadcrumb","itemListElement":[{"@type":"ListItem","position":1,"name":"Home","item":"https:\/\/repair.eu\/sv\/"},{"@type":"ListItem","position":2,"name":"Vilka vi \u00e4r"}]},{"@type":"WebSite","@id":"https:\/\/repair.eu\/sv\/#website","url":"https:\/\/repair.eu\/sv\/","name":"Right to Repair Europe","description":"","publisher":{"@id":"https:\/\/repair.eu\/sv\/#organization"},"potentialAction":[{"@type":"SearchAction","target":{"@type":"EntryPoint","urlTemplate":"https:\/\/repair.eu\/sv\/?s={search_term_string}"},"query-input":{"@type":"PropertyValueSpecification","valueRequired":true,"valueName":"search_term_string"}}],"inLanguage":"sv-SE"},{"@type":"Organization","@id":"https:\/\/repair.eu\/sv\/#organization","name":"Right to Repair Europe","url":"https:\/\/repair.eu\/sv\/","logo":{"@type":"ImageObject","inLanguage":"sv-SE","@id":"https:\/\/repair.eu\/sv\/#\/schema\/logo\/image\/","url":"https:\/\/repair.eu\/wp-content\/uploads\/2019\/09\/Right-to-repair-logo.png","contentUrl":"https:\/\/repair.eu\/wp-content\/uploads\/2019\/09\/Right-to-repair-logo.png","width":451,"height":62,"caption":"Right to Repair Europe"},"image":{"@id":"https:\/\/repair.eu\/sv\/#\/schema\/logo\/image\/"},"sameAs":["https:\/\/www.facebook.com\/righttorepaireurope\/","https:\/\/x.com\/R2REurope","https:\/\/www.instagram.com\/R2REurope\/"]}]}},"_links":{"self":[{"href":"https:\/\/repair.eu\/sv\/wp-json\/wp\/v2\/pages\/6316","targetHints":{"allow":["GET"]}}],"collection":[{"href":"https:\/\/repair.eu\/sv\/wp-json\/wp\/v2\/pages"}],"about":[{"href":"https:\/\/repair.eu\/sv\/wp-json\/wp\/v2\/types\/page"}],"author":[{"embeddable":true,"href":"https:\/\/repair.eu\/sv\/wp-json\/wp\/v2\/users\/19"}],"replies":[{"embeddable":true,"href":"https:\/\/repair.eu\/sv\/wp-json\/wp\/v2\/comments?post=6316"}],"version-history":[{"count":3,"href":"https:\/\/repair.eu\/sv\/wp-json\/wp\/v2\/pages\/6316\/revisions"}],"predecessor-version":[{"id":6464,"href":"https:\/\/repair.eu\/sv\/wp-json\/wp\/v2\/pages\/6316\/revisions\/6464"}],"wp:attachment":[{"href":"https:\/\/repair.eu\/sv\/wp-json\/wp\/v2\/media?parent=6316"}],"curies":[{"name":"wp","href":"https:\/\/api.w.org\/{rel}","templated":true}]}}