{"id":6364,"date":"2024-01-31T10:52:41","date_gmt":"2024-01-31T09:52:41","guid":{"rendered":"https:\/\/repair.eu\/?page_id=6364"},"modified":"2024-02-12T11:32:24","modified_gmt":"2024-02-12T10:32:24","slug":"donera","status":"publish","type":"page","link":"https:\/\/repair.eu\/sv\/donera\/","title":{"rendered":"Donera"},"content":{"rendered":"\n<h2 class=\"wp-block-heading\">Hj\u00e4lp oss att inf\u00f6ra R\u00e4tten att Reparera i Europa!<\/h2>\n\n\n\n<p>Tack vare ditt st\u00f6d har v\u00e5r kampanj gjort stora framsteg. Vi uppn\u00e5dde starkare EU-regler mot:<\/p>\n\n\n\n<p>Fler batterier som kan bytas ut av anv\u00e4ndaren f\u00f6r framtida enheter (2027) och skyldighet att s\u00e4lja dem till &#8221;rimliga&#8221; priser;<\/p>\n\n\n\n<p>Ett reparationsindex f\u00f6r smartphones, 5 \u00e5rs mjukvarusupport och 7 \u00e5rs tillg\u00e4nglighet av reservdelar f\u00f6r framtida enheter (2025);<\/p>\n\n\n\n<p><strong>Men kampen \u00e4r l\u00e5ngt ifr\u00e5n \u00f6ver! Din donation kommer att st\u00f6dja v\u00e5ra anstr\u00e4ngningar f\u00f6r att se till att EU forts\u00e4tter att arbeta mot cirkularitet och att vi n\u00e5r helt reparerbara produkter i Europa.<\/strong><\/p>\n\n\n\n<p>V\u00e4nligen <a href=\"mailto:info@repair.eu\">kontakta oss<\/a> om du f\u00f6redrar att donera via bank\u00f6verf\u00f6ring. Paypal-anv\u00e4ndare kan logga in p\u00e5 sitt konto och g\u00f6ra en \u00f6verf\u00f6ring till info@repair.eu. Om du representerar ett f\u00f6retag eller annan organisation som \u00e4r villig att sponsra kampanjens arbete, v\u00e4nligen <a href=\"mailto:info@repair.eu\" target=\"_blank\" rel=\"noreferrer noopener\">kontakta oss<\/a>.<\/p>\n\n\n\n<script src=\"https:\/\/actionnetwork.org\/widgets\/v3\/fundraising\/test-donate-to-right-to-repair-europe?format=js&amp;source=widget&amp;css=whitelabel&amp;style=full\"><\/script><div id=\"can-fundraising-area-test-donate-to-right-to-repair-europe\" style=\"width: 100%\"><!-- this div is the target for our HTML insertion --><\/div>\n","protected":false},"excerpt":{"rendered":"<p>Hj\u00e4lp oss att inf\u00f6ra R\u00e4tten att Reparera i Europa! Tack vare ditt st\u00f6d har v\u00e5r kampanj gjort stora framsteg. Vi uppn\u00e5dde starkare EU-regler mot: Fler batterier som kan bytas ut av anv\u00e4ndaren f\u00f6r framtida enheter (2027) och skyldighet att s\u00e4lja dem till &#8221;rimliga&#8221; priser; Ett reparationsindex f\u00f6r smartphones, 5 \u00e5rs mjukvarusupport och 7 \u00e5rs tillg\u00e4nglighet &hellip; <\/p>\n<p class=\"link-more\"><a href=\"https:\/\/repair.eu\/sv\/donera\/\" class=\"more-link\">Forts\u00e4tt l\u00e4sa<span class=\"screen-reader-text\"> \u201dDonera\u201d<\/span><\/a><\/p>\n","protected":false},"author":19,"featured_media":0,"parent":0,"menu_order":0,"comment_status":"closed","ping_status":"closed","template":"","meta":{"_acf_changed":false,"footnotes":""},"class_list":["post-6364","page","type-page","status-publish","hentry","entry"],"acf":[],"yoast_head":"<!-- This site is optimized with the Yoast SEO plugin v27.3 - https:\/\/yoast.com\/product\/yoast-seo-wordpress\/ -->\n<title>Donera - Right to Repair Europe<\/title>\n<meta name=\"robots\" content=\"index, follow, max-snippet:-1, max-image-preview:large, max-video-preview:-1\" \/>\n<link rel=\"canonical\" href=\"https:\/\/repair.eu\/sv\/donera\/\" \/>\n<meta property=\"og:locale\" content=\"sv_SE\" \/>\n<meta property=\"og:type\" content=\"article\" \/>\n<meta property=\"og:title\" content=\"Donera - Right to Repair Europe\" \/>\n<meta property=\"og:description\" content=\"Hj\u00e4lp oss att inf\u00f6ra R\u00e4tten att Reparera i Europa! Tack vare ditt st\u00f6d har v\u00e5r kampanj gjort stora framsteg. Vi uppn\u00e5dde starkare EU-regler mot: Fler batterier som kan bytas ut av anv\u00e4ndaren f\u00f6r framtida enheter (2027) och skyldighet att s\u00e4lja dem till &#8221;rimliga&#8221; priser; Ett reparationsindex f\u00f6r smartphones, 5 \u00e5rs mjukvarusupport och 7 \u00e5rs tillg\u00e4nglighet &hellip; Forts\u00e4tt l\u00e4sa \u201dDonera\u201d\" \/>\n<meta property=\"og:url\" content=\"https:\/\/repair.eu\/sv\/donera\/\" \/>\n<meta property=\"og:site_name\" content=\"Right to Repair Europe\" \/>\n<meta property=\"article:publisher\" content=\"https:\/\/www.facebook.com\/righttorepaireurope\/\" \/>\n<meta property=\"article:modified_time\" content=\"2024-02-12T10:32:24+00:00\" \/>\n<meta property=\"og:image\" content=\"https:\/\/repair.eu\/wp-content\/uploads\/2019\/09\/R2RFacebookImage.png\" \/>\n\t<meta property=\"og:image:width\" content=\"1200\" \/>\n\t<meta property=\"og:image:height\" content=\"630\" \/>\n\t<meta property=\"og:image:type\" content=\"image\/png\" \/>\n<meta name=\"twitter:card\" content=\"summary_large_image\" \/>\n<meta name=\"twitter:site\" content=\"@R2REurope\" \/>\n<meta name=\"twitter:label1\" content=\"Ber\u00e4knad l\u00e4stid\" \/>\n\t<meta name=\"twitter:data1\" content=\"1 minut\" \/>\n<script type=\"application\/ld+json\" class=\"yoast-schema-graph\">{\"@context\":\"https:\\\/\\\/schema.org\",\"@graph\":[{\"@type\":\"WebPage\",\"@id\":\"https:\\\/\\\/repair.eu\\\/sv\\\/donera\\\/\",\"url\":\"https:\\\/\\\/repair.eu\\\/sv\\\/donera\\\/\",\"name\":\"Donera - Right to Repair Europe\",\"isPartOf\":{\"@id\":\"https:\\\/\\\/repair.eu\\\/sv\\\/#website\"},\"datePublished\":\"2024-01-31T09:52:41+00:00\",\"dateModified\":\"2024-02-12T10:32:24+00:00\",\"breadcrumb\":{\"@id\":\"https:\\\/\\\/repair.eu\\\/sv\\\/donera\\\/#breadcrumb\"},\"inLanguage\":\"sv-SE\",\"potentialAction\":[{\"@type\":\"ReadAction\",\"target\":[\"https:\\\/\\\/repair.eu\\\/sv\\\/donera\\\/\"]}]},{\"@type\":\"BreadcrumbList\",\"@id\":\"https:\\\/\\\/repair.eu\\\/sv\\\/donera\\\/#breadcrumb\",\"itemListElement\":[{\"@type\":\"ListItem\",\"position\":1,\"name\":\"Home\",\"item\":\"https:\\\/\\\/repair.eu\\\/sv\\\/\"},{\"@type\":\"ListItem\",\"position\":2,\"name\":\"Donera\"}]},{\"@type\":\"WebSite\",\"@id\":\"https:\\\/\\\/repair.eu\\\/sv\\\/#website\",\"url\":\"https:\\\/\\\/repair.eu\\\/sv\\\/\",\"name\":\"Right to Repair Europe\",\"description\":\"\",\"publisher\":{\"@id\":\"https:\\\/\\\/repair.eu\\\/sv\\\/#organization\"},\"potentialAction\":[{\"@type\":\"SearchAction\",\"target\":{\"@type\":\"EntryPoint\",\"urlTemplate\":\"https:\\\/\\\/repair.eu\\\/sv\\\/?s={search_term_string}\"},\"query-input\":{\"@type\":\"PropertyValueSpecification\",\"valueRequired\":true,\"valueName\":\"search_term_string\"}}],\"inLanguage\":\"sv-SE\"},{\"@type\":\"Organization\",\"@id\":\"https:\\\/\\\/repair.eu\\\/sv\\\/#organization\",\"name\":\"Right to Repair Europe\",\"url\":\"https:\\\/\\\/repair.eu\\\/sv\\\/\",\"logo\":{\"@type\":\"ImageObject\",\"inLanguage\":\"sv-SE\",\"@id\":\"https:\\\/\\\/repair.eu\\\/sv\\\/#\\\/schema\\\/logo\\\/image\\\/\",\"url\":\"https:\\\/\\\/repair.eu\\\/wp-content\\\/uploads\\\/2019\\\/09\\\/Right-to-repair-logo.png\",\"contentUrl\":\"https:\\\/\\\/repair.eu\\\/wp-content\\\/uploads\\\/2019\\\/09\\\/Right-to-repair-logo.png\",\"width\":451,\"height\":62,\"caption\":\"Right to Repair Europe\"},\"image\":{\"@id\":\"https:\\\/\\\/repair.eu\\\/sv\\\/#\\\/schema\\\/logo\\\/image\\\/\"},\"sameAs\":[\"https:\\\/\\\/www.facebook.com\\\/righttorepaireurope\\\/\",\"https:\\\/\\\/x.com\\\/R2REurope\",\"https:\\\/\\\/www.instagram.com\\\/R2REurope\\\/\"]}]}<\/script>\n<!-- \/ Yoast SEO plugin. -->","yoast_head_json":{"title":"Donera - Right to Repair Europe","robots":{"index":"index","follow":"follow","max-snippet":"max-snippet:-1","max-image-preview":"max-image-preview:large","max-video-preview":"max-video-preview:-1"},"canonical":"https:\/\/repair.eu\/sv\/donera\/","og_locale":"sv_SE","og_type":"article","og_title":"Donera - Right to Repair Europe","og_description":"Hj\u00e4lp oss att inf\u00f6ra R\u00e4tten att Reparera i Europa! Tack vare ditt st\u00f6d har v\u00e5r kampanj gjort stora framsteg. Vi uppn\u00e5dde starkare EU-regler mot: Fler batterier som kan bytas ut av anv\u00e4ndaren f\u00f6r framtida enheter (2027) och skyldighet att s\u00e4lja dem till &#8221;rimliga&#8221; priser; Ett reparationsindex f\u00f6r smartphones, 5 \u00e5rs mjukvarusupport och 7 \u00e5rs tillg\u00e4nglighet &hellip; Forts\u00e4tt l\u00e4sa \u201dDonera\u201d","og_url":"https:\/\/repair.eu\/sv\/donera\/","og_site_name":"Right to Repair Europe","article_publisher":"https:\/\/www.facebook.com\/righttorepaireurope\/","article_modified_time":"2024-02-12T10:32:24+00:00","og_image":[{"width":1200,"height":630,"url":"https:\/\/repair.eu\/wp-content\/uploads\/2019\/09\/R2RFacebookImage.png","type":"image\/png"}],"twitter_card":"summary_large_image","twitter_site":"@R2REurope","twitter_misc":{"Ber\u00e4knad l\u00e4stid":"1 minut"},"schema":{"@context":"https:\/\/schema.org","@graph":[{"@type":"WebPage","@id":"https:\/\/repair.eu\/sv\/donera\/","url":"https:\/\/repair.eu\/sv\/donera\/","name":"Donera - Right to Repair Europe","isPartOf":{"@id":"https:\/\/repair.eu\/sv\/#website"},"datePublished":"2024-01-31T09:52:41+00:00","dateModified":"2024-02-12T10:32:24+00:00","breadcrumb":{"@id":"https:\/\/repair.eu\/sv\/donera\/#breadcrumb"},"inLanguage":"sv-SE","potentialAction":[{"@type":"ReadAction","target":["https:\/\/repair.eu\/sv\/donera\/"]}]},{"@type":"BreadcrumbList","@id":"https:\/\/repair.eu\/sv\/donera\/#breadcrumb","itemListElement":[{"@type":"ListItem","position":1,"name":"Home","item":"https:\/\/repair.eu\/sv\/"},{"@type":"ListItem","position":2,"name":"Donera"}]},{"@type":"WebSite","@id":"https:\/\/repair.eu\/sv\/#website","url":"https:\/\/repair.eu\/sv\/","name":"Right to Repair Europe","description":"","publisher":{"@id":"https:\/\/repair.eu\/sv\/#organization"},"potentialAction":[{"@type":"SearchAction","target":{"@type":"EntryPoint","urlTemplate":"https:\/\/repair.eu\/sv\/?s={search_term_string}"},"query-input":{"@type":"PropertyValueSpecification","valueRequired":true,"valueName":"search_term_string"}}],"inLanguage":"sv-SE"},{"@type":"Organization","@id":"https:\/\/repair.eu\/sv\/#organization","name":"Right to Repair Europe","url":"https:\/\/repair.eu\/sv\/","logo":{"@type":"ImageObject","inLanguage":"sv-SE","@id":"https:\/\/repair.eu\/sv\/#\/schema\/logo\/image\/","url":"https:\/\/repair.eu\/wp-content\/uploads\/2019\/09\/Right-to-repair-logo.png","contentUrl":"https:\/\/repair.eu\/wp-content\/uploads\/2019\/09\/Right-to-repair-logo.png","width":451,"height":62,"caption":"Right to Repair Europe"},"image":{"@id":"https:\/\/repair.eu\/sv\/#\/schema\/logo\/image\/"},"sameAs":["https:\/\/www.facebook.com\/righttorepaireurope\/","https:\/\/x.com\/R2REurope","https:\/\/www.instagram.com\/R2REurope\/"]}]}},"_links":{"self":[{"href":"https:\/\/repair.eu\/sv\/wp-json\/wp\/v2\/pages\/6364","targetHints":{"allow":["GET"]}}],"collection":[{"href":"https:\/\/repair.eu\/sv\/wp-json\/wp\/v2\/pages"}],"about":[{"href":"https:\/\/repair.eu\/sv\/wp-json\/wp\/v2\/types\/page"}],"author":[{"embeddable":true,"href":"https:\/\/repair.eu\/sv\/wp-json\/wp\/v2\/users\/19"}],"replies":[{"embeddable":true,"href":"https:\/\/repair.eu\/sv\/wp-json\/wp\/v2\/comments?post=6364"}],"version-history":[{"count":4,"href":"https:\/\/repair.eu\/sv\/wp-json\/wp\/v2\/pages\/6364\/revisions"}],"predecessor-version":[{"id":6468,"href":"https:\/\/repair.eu\/sv\/wp-json\/wp\/v2\/pages\/6364\/revisions\/6468"}],"wp:attachment":[{"href":"https:\/\/repair.eu\/sv\/wp-json\/wp\/v2\/media?parent=6364"}],"curies":[{"name":"wp","href":"https:\/\/api.w.org\/{rel}","templated":true}]}}