{"id":6366,"date":"2024-01-31T10:57:56","date_gmt":"2024-01-31T09:57:56","guid":{"rendered":"https:\/\/repair.eu\/?page_id=6366"},"modified":"2025-08-07T17:02:42","modified_gmt":"2025-08-07T15:02:42","slug":"ga-med-i-kampanjen","status":"publish","type":"page","link":"https:\/\/repair.eu\/sv\/ga-med-i-kampanjen\/","title":{"rendered":"G\u00e5 med i kampanjen"},"content":{"rendered":"\n<figure class=\"wp-block-image size-large\"><img loading=\"lazy\" decoding=\"async\" width=\"1024\" height=\"768\" src=\"https:\/\/repair.eu\/wp-content\/uploads\/2019\/12\/DSC_1388-1024x768.jpg\" alt=\"\" class=\"wp-image-750\" srcset=\"https:\/\/repair.eu\/wp-content\/uploads\/2019\/12\/DSC_1388-1024x768.jpg 1024w, https:\/\/repair.eu\/wp-content\/uploads\/2019\/12\/DSC_1388-300x225.jpg 300w, https:\/\/repair.eu\/wp-content\/uploads\/2019\/12\/DSC_1388-768x576.jpg 768w, https:\/\/repair.eu\/wp-content\/uploads\/2019\/12\/DSC_1388-1536x1152.jpg 1536w, https:\/\/repair.eu\/wp-content\/uploads\/2019\/12\/DSC_1388-2048x1536.jpg 2048w, https:\/\/repair.eu\/wp-content\/uploads\/2019\/12\/DSC_1388-1300x975.jpg 1300w, https:\/\/repair.eu\/wp-content\/uploads\/2019\/12\/DSC_1388-1568x1176.jpg 1568w\" sizes=\"auto, (max-width: 1024px) 100vw, 1024px\" \/><\/figure>\n\n\n\n<p><strong>Tack f\u00f6r ditt intresse att engagera dig i den europeiska kampanjen Right to Repair!<\/strong><\/p>\n\n\n\n<p>Medlemskap i koalitionen \u00e4r \u00f6ppet f\u00f6r grupper och organisationer fr\u00e5n hela Europa som st\u00f6der och engagerar sig f\u00f6r en universell r\u00e4tt till reparation. Dessa inkluderar bland annat: icke-vinstdrivande organisationer, n\u00e4tverk av lokala reparationsinitiativ eller professionella reparat\u00f6rer, reparationskaf\u00e9er, akademiska institutioner, reparationsf\u00f6retag och andra f\u00f6retag, konsultf\u00f6retag och mer.<\/p>\n\n\n\n<ul class=\"wp-block-list\">\n<li><strong>Medlemskap f\u00f6r icke-vinstdrivande organisationer<\/strong>: organisationer som reparationskaf\u00e9er och sm\u00e5 milj\u00f6organisationer kan ansluta sig gratis.<\/li>\n\n\n\n<li><strong>Medlemskap f\u00f6r vinstdrivande organisationer<\/strong>: vi ber vinstdrivande organisationer att bidra ekonomiskt med en \u00e5rlig medlemsavgift beroende p\u00e5 organisationens storlek.<\/li>\n<\/ul>\n\n\n\n<p>Fyll i formul\u00e4ret nedan. Beroende p\u00e5 din organisation kommer du antingen att godk\u00e4nnas automatiskt f\u00f6r medlemskap i koalitionen, eller s\u00e5 kommer din ans\u00f6kan att granskas av styrgruppen, vilket kan ta upp till fyra veckor.<\/p>\n\n\n\n<div class=\"wp-block-buttons is-layout-flex wp-block-buttons-is-layout-flex\">\n<div class=\"wp-block-button\"><a class=\"wp-block-button__link has-dark-gray-color has-text-color has-background wp-element-button\" href=\"https:\/\/repair.eu\/join-the-campaign-as-an-organisation\/\" style=\"background-color:#ffcd00\" rel=\"https:\/\/repair.eu\/join-the-campaign-as-an-organisation\/\">G\u00e5 med i kampanjen som organisation<\/a><\/div>\n<\/div>\n\n\n<link href='https:\/\/actionnetwork.org\/css\/style-embed-whitelabel-v3.css' rel='stylesheet' type='text\/css' \/><script src='https:\/\/actionnetwork.org\/widgets\/v3\/form\/join-the-right-to-repair-movement?format=js&source=widget&style=full'><\/script><div id='can-form-area-join-the-right-to-repair-movement' style='width: 100%'><!-- this div is the target for our HTML insertion --><\/div>\n","protected":false},"excerpt":{"rendered":"<p>Tack f\u00f6r ditt intresse att engagera dig i den europeiska kampanjen Right to Repair! Medlemskap i koalitionen \u00e4r \u00f6ppet f\u00f6r grupper och organisationer fr\u00e5n hela Europa som st\u00f6der och engagerar sig f\u00f6r en universell r\u00e4tt till reparation. Dessa inkluderar bland annat: icke-vinstdrivande organisationer, n\u00e4tverk av lokala reparationsinitiativ eller professionella reparat\u00f6rer, reparationskaf\u00e9er, akademiska institutioner, reparationsf\u00f6retag och &hellip; <\/p>\n<p class=\"link-more\"><a href=\"https:\/\/repair.eu\/sv\/ga-med-i-kampanjen\/\" class=\"more-link\">Forts\u00e4tt l\u00e4sa<span class=\"screen-reader-text\"> \u201dG\u00e5 med i kampanjen\u201d<\/span><\/a><\/p>\n","protected":false},"author":19,"featured_media":0,"parent":0,"menu_order":0,"comment_status":"closed","ping_status":"closed","template":"","meta":{"_acf_changed":false,"footnotes":""},"class_list":["post-6366","page","type-page","status-publish","hentry","entry"],"acf":[],"yoast_head":"<!-- This site is optimized with the Yoast SEO plugin v27.3 - https:\/\/yoast.com\/product\/yoast-seo-wordpress\/ -->\n<title>G\u00e5 med i kampanjen - Right to Repair Europe<\/title>\n<meta name=\"robots\" content=\"index, follow, max-snippet:-1, max-image-preview:large, max-video-preview:-1\" \/>\n<link rel=\"canonical\" href=\"https:\/\/repair.eu\/sv\/ga-med-i-kampanjen\/\" \/>\n<meta property=\"og:locale\" content=\"sv_SE\" \/>\n<meta property=\"og:type\" content=\"article\" \/>\n<meta property=\"og:title\" content=\"G\u00e5 med i kampanjen - Right to Repair Europe\" \/>\n<meta property=\"og:description\" content=\"Tack f\u00f6r ditt intresse att engagera dig i den europeiska kampanjen Right to Repair! Medlemskap i koalitionen \u00e4r \u00f6ppet f\u00f6r grupper och organisationer fr\u00e5n hela Europa som st\u00f6der och engagerar sig f\u00f6r en universell r\u00e4tt till reparation. Dessa inkluderar bland annat: icke-vinstdrivande organisationer, n\u00e4tverk av lokala reparationsinitiativ eller professionella reparat\u00f6rer, reparationskaf\u00e9er, akademiska institutioner, reparationsf\u00f6retag och &hellip; Forts\u00e4tt l\u00e4sa \u201dG\u00e5 med i kampanjen\u201d\" \/>\n<meta property=\"og:url\" content=\"https:\/\/repair.eu\/sv\/ga-med-i-kampanjen\/\" \/>\n<meta property=\"og:site_name\" content=\"Right to Repair Europe\" \/>\n<meta property=\"article:publisher\" content=\"https:\/\/www.facebook.com\/righttorepaireurope\/\" \/>\n<meta property=\"article:modified_time\" content=\"2025-08-07T15:02:42+00:00\" \/>\n<meta property=\"og:image\" content=\"https:\/\/repair.eu\/wp-content\/uploads\/2019\/12\/DSC_1388-scaled.jpg\" \/>\n\t<meta property=\"og:image:width\" content=\"2600\" \/>\n\t<meta property=\"og:image:height\" content=\"1950\" \/>\n\t<meta property=\"og:image:type\" content=\"image\/jpeg\" \/>\n<meta name=\"twitter:card\" content=\"summary_large_image\" \/>\n<meta name=\"twitter:site\" content=\"@R2REurope\" \/>\n<meta name=\"twitter:label1\" content=\"Ber\u00e4knad l\u00e4stid\" \/>\n\t<meta name=\"twitter:data1\" content=\"1 minut\" \/>\n<script type=\"application\/ld+json\" class=\"yoast-schema-graph\">{\"@context\":\"https:\\\/\\\/schema.org\",\"@graph\":[{\"@type\":\"WebPage\",\"@id\":\"https:\\\/\\\/repair.eu\\\/sv\\\/ga-med-i-kampanjen\\\/\",\"url\":\"https:\\\/\\\/repair.eu\\\/sv\\\/ga-med-i-kampanjen\\\/\",\"name\":\"G\u00e5 med i kampanjen - Right to Repair Europe\",\"isPartOf\":{\"@id\":\"https:\\\/\\\/repair.eu\\\/sv\\\/#website\"},\"primaryImageOfPage\":{\"@id\":\"https:\\\/\\\/repair.eu\\\/sv\\\/ga-med-i-kampanjen\\\/#primaryimage\"},\"image\":{\"@id\":\"https:\\\/\\\/repair.eu\\\/sv\\\/ga-med-i-kampanjen\\\/#primaryimage\"},\"thumbnailUrl\":\"https:\\\/\\\/repair.eu\\\/wp-content\\\/uploads\\\/2019\\\/12\\\/DSC_1388-1024x768.jpg\",\"datePublished\":\"2024-01-31T09:57:56+00:00\",\"dateModified\":\"2025-08-07T15:02:42+00:00\",\"breadcrumb\":{\"@id\":\"https:\\\/\\\/repair.eu\\\/sv\\\/ga-med-i-kampanjen\\\/#breadcrumb\"},\"inLanguage\":\"sv-SE\",\"potentialAction\":[{\"@type\":\"ReadAction\",\"target\":[\"https:\\\/\\\/repair.eu\\\/sv\\\/ga-med-i-kampanjen\\\/\"]}]},{\"@type\":\"ImageObject\",\"inLanguage\":\"sv-SE\",\"@id\":\"https:\\\/\\\/repair.eu\\\/sv\\\/ga-med-i-kampanjen\\\/#primaryimage\",\"url\":\"https:\\\/\\\/repair.eu\\\/wp-content\\\/uploads\\\/2019\\\/12\\\/DSC_1388-1024x768.jpg\",\"contentUrl\":\"https:\\\/\\\/repair.eu\\\/wp-content\\\/uploads\\\/2019\\\/12\\\/DSC_1388-1024x768.jpg\"},{\"@type\":\"BreadcrumbList\",\"@id\":\"https:\\\/\\\/repair.eu\\\/sv\\\/ga-med-i-kampanjen\\\/#breadcrumb\",\"itemListElement\":[{\"@type\":\"ListItem\",\"position\":1,\"name\":\"Home\",\"item\":\"https:\\\/\\\/repair.eu\\\/sv\\\/\"},{\"@type\":\"ListItem\",\"position\":2,\"name\":\"G\u00e5 med i kampanjen\"}]},{\"@type\":\"WebSite\",\"@id\":\"https:\\\/\\\/repair.eu\\\/sv\\\/#website\",\"url\":\"https:\\\/\\\/repair.eu\\\/sv\\\/\",\"name\":\"Right to Repair Europe\",\"description\":\"\",\"publisher\":{\"@id\":\"https:\\\/\\\/repair.eu\\\/sv\\\/#organization\"},\"potentialAction\":[{\"@type\":\"SearchAction\",\"target\":{\"@type\":\"EntryPoint\",\"urlTemplate\":\"https:\\\/\\\/repair.eu\\\/sv\\\/?s={search_term_string}\"},\"query-input\":{\"@type\":\"PropertyValueSpecification\",\"valueRequired\":true,\"valueName\":\"search_term_string\"}}],\"inLanguage\":\"sv-SE\"},{\"@type\":\"Organization\",\"@id\":\"https:\\\/\\\/repair.eu\\\/sv\\\/#organization\",\"name\":\"Right to Repair Europe\",\"url\":\"https:\\\/\\\/repair.eu\\\/sv\\\/\",\"logo\":{\"@type\":\"ImageObject\",\"inLanguage\":\"sv-SE\",\"@id\":\"https:\\\/\\\/repair.eu\\\/sv\\\/#\\\/schema\\\/logo\\\/image\\\/\",\"url\":\"https:\\\/\\\/repair.eu\\\/wp-content\\\/uploads\\\/2019\\\/09\\\/Right-to-repair-logo.png\",\"contentUrl\":\"https:\\\/\\\/repair.eu\\\/wp-content\\\/uploads\\\/2019\\\/09\\\/Right-to-repair-logo.png\",\"width\":451,\"height\":62,\"caption\":\"Right to Repair Europe\"},\"image\":{\"@id\":\"https:\\\/\\\/repair.eu\\\/sv\\\/#\\\/schema\\\/logo\\\/image\\\/\"},\"sameAs\":[\"https:\\\/\\\/www.facebook.com\\\/righttorepaireurope\\\/\",\"https:\\\/\\\/x.com\\\/R2REurope\",\"https:\\\/\\\/www.instagram.com\\\/R2REurope\\\/\"]}]}<\/script>\n<!-- \/ Yoast SEO plugin. -->","yoast_head_json":{"title":"G\u00e5 med i kampanjen - Right to Repair Europe","robots":{"index":"index","follow":"follow","max-snippet":"max-snippet:-1","max-image-preview":"max-image-preview:large","max-video-preview":"max-video-preview:-1"},"canonical":"https:\/\/repair.eu\/sv\/ga-med-i-kampanjen\/","og_locale":"sv_SE","og_type":"article","og_title":"G\u00e5 med i kampanjen - Right to Repair Europe","og_description":"Tack f\u00f6r ditt intresse att engagera dig i den europeiska kampanjen Right to Repair! Medlemskap i koalitionen \u00e4r \u00f6ppet f\u00f6r grupper och organisationer fr\u00e5n hela Europa som st\u00f6der och engagerar sig f\u00f6r en universell r\u00e4tt till reparation. Dessa inkluderar bland annat: icke-vinstdrivande organisationer, n\u00e4tverk av lokala reparationsinitiativ eller professionella reparat\u00f6rer, reparationskaf\u00e9er, akademiska institutioner, reparationsf\u00f6retag och &hellip; Forts\u00e4tt l\u00e4sa \u201dG\u00e5 med i kampanjen\u201d","og_url":"https:\/\/repair.eu\/sv\/ga-med-i-kampanjen\/","og_site_name":"Right to Repair Europe","article_publisher":"https:\/\/www.facebook.com\/righttorepaireurope\/","article_modified_time":"2025-08-07T15:02:42+00:00","og_image":[{"width":2600,"height":1950,"url":"https:\/\/repair.eu\/wp-content\/uploads\/2019\/12\/DSC_1388-scaled.jpg","type":"image\/jpeg"}],"twitter_card":"summary_large_image","twitter_site":"@R2REurope","twitter_misc":{"Ber\u00e4knad l\u00e4stid":"1 minut"},"schema":{"@context":"https:\/\/schema.org","@graph":[{"@type":"WebPage","@id":"https:\/\/repair.eu\/sv\/ga-med-i-kampanjen\/","url":"https:\/\/repair.eu\/sv\/ga-med-i-kampanjen\/","name":"G\u00e5 med i kampanjen - Right to Repair Europe","isPartOf":{"@id":"https:\/\/repair.eu\/sv\/#website"},"primaryImageOfPage":{"@id":"https:\/\/repair.eu\/sv\/ga-med-i-kampanjen\/#primaryimage"},"image":{"@id":"https:\/\/repair.eu\/sv\/ga-med-i-kampanjen\/#primaryimage"},"thumbnailUrl":"https:\/\/repair.eu\/wp-content\/uploads\/2019\/12\/DSC_1388-1024x768.jpg","datePublished":"2024-01-31T09:57:56+00:00","dateModified":"2025-08-07T15:02:42+00:00","breadcrumb":{"@id":"https:\/\/repair.eu\/sv\/ga-med-i-kampanjen\/#breadcrumb"},"inLanguage":"sv-SE","potentialAction":[{"@type":"ReadAction","target":["https:\/\/repair.eu\/sv\/ga-med-i-kampanjen\/"]}]},{"@type":"ImageObject","inLanguage":"sv-SE","@id":"https:\/\/repair.eu\/sv\/ga-med-i-kampanjen\/#primaryimage","url":"https:\/\/repair.eu\/wp-content\/uploads\/2019\/12\/DSC_1388-1024x768.jpg","contentUrl":"https:\/\/repair.eu\/wp-content\/uploads\/2019\/12\/DSC_1388-1024x768.jpg"},{"@type":"BreadcrumbList","@id":"https:\/\/repair.eu\/sv\/ga-med-i-kampanjen\/#breadcrumb","itemListElement":[{"@type":"ListItem","position":1,"name":"Home","item":"https:\/\/repair.eu\/sv\/"},{"@type":"ListItem","position":2,"name":"G\u00e5 med i kampanjen"}]},{"@type":"WebSite","@id":"https:\/\/repair.eu\/sv\/#website","url":"https:\/\/repair.eu\/sv\/","name":"Right to Repair Europe","description":"","publisher":{"@id":"https:\/\/repair.eu\/sv\/#organization"},"potentialAction":[{"@type":"SearchAction","target":{"@type":"EntryPoint","urlTemplate":"https:\/\/repair.eu\/sv\/?s={search_term_string}"},"query-input":{"@type":"PropertyValueSpecification","valueRequired":true,"valueName":"search_term_string"}}],"inLanguage":"sv-SE"},{"@type":"Organization","@id":"https:\/\/repair.eu\/sv\/#organization","name":"Right to Repair Europe","url":"https:\/\/repair.eu\/sv\/","logo":{"@type":"ImageObject","inLanguage":"sv-SE","@id":"https:\/\/repair.eu\/sv\/#\/schema\/logo\/image\/","url":"https:\/\/repair.eu\/wp-content\/uploads\/2019\/09\/Right-to-repair-logo.png","contentUrl":"https:\/\/repair.eu\/wp-content\/uploads\/2019\/09\/Right-to-repair-logo.png","width":451,"height":62,"caption":"Right to Repair Europe"},"image":{"@id":"https:\/\/repair.eu\/sv\/#\/schema\/logo\/image\/"},"sameAs":["https:\/\/www.facebook.com\/righttorepaireurope\/","https:\/\/x.com\/R2REurope","https:\/\/www.instagram.com\/R2REurope\/"]}]}},"_links":{"self":[{"href":"https:\/\/repair.eu\/sv\/wp-json\/wp\/v2\/pages\/6366","targetHints":{"allow":["GET"]}}],"collection":[{"href":"https:\/\/repair.eu\/sv\/wp-json\/wp\/v2\/pages"}],"about":[{"href":"https:\/\/repair.eu\/sv\/wp-json\/wp\/v2\/types\/page"}],"author":[{"embeddable":true,"href":"https:\/\/repair.eu\/sv\/wp-json\/wp\/v2\/users\/19"}],"replies":[{"embeddable":true,"href":"https:\/\/repair.eu\/sv\/wp-json\/wp\/v2\/comments?post=6366"}],"version-history":[{"count":2,"href":"https:\/\/repair.eu\/sv\/wp-json\/wp\/v2\/pages\/6366\/revisions"}],"predecessor-version":[{"id":7849,"href":"https:\/\/repair.eu\/sv\/wp-json\/wp\/v2\/pages\/6366\/revisions\/7849"}],"wp:attachment":[{"href":"https:\/\/repair.eu\/sv\/wp-json\/wp\/v2\/media?parent=6366"}],"curies":[{"name":"wp","href":"https:\/\/api.w.org\/{rel}","templated":true}]}}